{"id":72517,"date":"2022-01-22T20:59:02","date_gmt":"2022-01-22T19:59:02","guid":{"rendered":"https:\/\/demoweb.info\/sexshop001\/producto\/ataduras-bondange-con-suspension-color-negro\/"},"modified":"2022-01-22T20:59:25","modified_gmt":"2022-01-22T19:59:25","slug":"ataduras-bondange-con-suspension-color-negro","status":"publish","type":"product","link":"https:\/\/demoweb.info\/sexshop001\/producto\/ataduras-bondange-con-suspension-color-negro\/","title":{"rendered":"ATADURAS BONDANGE CON SUSPENSION COLOR NEGRO"},"content":{"rendered":"<p><strong>SUSPENSION WRIST BONDAGE HANDCUFFS BLACK<\/strong><\/p>\n<p>\u00a1Mant\u00e9n a tu sumiso con estas ESPOSAS DE ATADURA DE SUSPENSI\u00d3N PARA LAS MU\u00d1ECAS de cuero real y duradero! Elaborado de cuero genuino, estas esposas de atadura sadomasoquista proporcionan una gran comodidad mientras tienes a tu esclavo suspendido y a\u00f1orando m\u00e1s. Gracias a las hebillas ajustables, se deslizan por cualquier mu\u00f1eca para brindar un buen ajuste restrictivo. Estas esposas pueden adherirse f\u00e1cilmente a cualquier taco grande o gancho con 2 aros incorporados.<\/p>\n<p>Las esposas se ajustan a mu\u00f1ecas desde 15,5 cm (6,1\u201d) hasta 25 cm (9,85\u201d) de circunferencia y pesan 340 gramos (12 onzas)<\/p>\n","protected":false},"excerpt":{"rendered":"<p>SUSPENSION WRIST BONDAGE HANDCUFFS BLACK \u00a1Mant\u00e9n a tu sumiso con estas ESPOSAS DE ATADURA DE SUSPENSI\u00d3N PARA LAS MU\u00d1ECAS de<\/p>\n","protected":false},"featured_media":72518,"comment_status":"open","ping_status":"open","template":"","meta":[],"product_cat":[508],"product_tag":[307,302],"class_list":["post-72517","product","type-product","status-publish","has-post-thumbnail","hentry","product_cat-cuero","product_tag-ouch","product_tag-shots"],"bundled_by":[],"bundle_stock_status":"instock","bundle_stock_quantity":2,"bundle_virtual":false,"bundle_layout":"","bundle_add_to_cart_form_location":"","bundle_editable_in_cart":false,"bundle_sold_individually_context":"","bundle_item_grouping":"","bundle_min_size":"","bundle_max_size":"","bundled_items":[],"yoast_head":"<!-- This site is optimized with the Yoast SEO plugin v20.6 - https:\/\/yoast.com\/wordpress\/plugins\/seo\/ -->\n<title>ATADURAS BONDANGE CON SUSPENSION COLOR NEGRO - Tienda Er\u00f3tica<\/title>\n<meta name=\"robots\" content=\"noindex, follow, max-snippet:-1, max-image-preview:large, max-video-preview:-1\" \/>\n<meta property=\"og:locale\" content=\"es_ES\" \/>\n<meta property=\"og:type\" content=\"article\" \/>\n<meta property=\"og:title\" content=\"ATADURAS BONDANGE CON SUSPENSION COLOR NEGRO - Tienda Er\u00f3tica\" \/>\n<meta property=\"og:description\" content=\"SUSPENSION WRIST BONDAGE HANDCUFFS BLACK \u00a1Mant\u00e9n a tu sumiso con estas ESPOSAS DE ATADURA DE SUSPENSI\u00d3N PARA LAS MU\u00d1ECAS de\" \/>\n<meta property=\"og:url\" content=\"https:\/\/demoweb.info\/sexshop001\/producto\/ataduras-bondange-con-suspension-color-negro\/\" \/>\n<meta property=\"og:site_name\" content=\"Tienda Er\u00f3tica\" \/>\n<meta property=\"article:modified_time\" content=\"2022-01-22T19:59:25+00:00\" \/>\n<meta property=\"og:image\" content=\"https:\/\/demoweb.info\/sexshop001\/wp-content\/uploads\/2022\/01\/ATADURAS-BONDANGE-CON-SUSPENSION-COLOR-NEGRO.jpg\" \/>\n\t<meta property=\"og:image:width\" content=\"550\" \/>\n\t<meta property=\"og:image:height\" content=\"550\" \/>\n\t<meta property=\"og:image:type\" content=\"image\/jpeg\" \/>\n<meta name=\"twitter:card\" content=\"summary_large_image\" \/>\n<meta name=\"twitter:label1\" content=\"Tiempo de lectura\" \/>\n\t<meta name=\"twitter:data1\" content=\"1 minuto\" \/>\n<script type=\"application\/ld+json\" class=\"yoast-schema-graph\">{\"@context\":\"https:\/\/schema.org\",\"@graph\":[{\"@type\":\"WebPage\",\"@id\":\"https:\/\/demoweb.info\/sexshop001\/producto\/ataduras-bondange-con-suspension-color-negro\/\",\"url\":\"https:\/\/demoweb.info\/sexshop001\/producto\/ataduras-bondange-con-suspension-color-negro\/\",\"name\":\"ATADURAS BONDANGE CON SUSPENSION COLOR NEGRO - Tienda Er\u00f3tica\",\"isPartOf\":{\"@id\":\"https:\/\/demoweb.info\/sexshop001\/#website\"},\"datePublished\":\"2022-01-22T19:59:02+00:00\",\"dateModified\":\"2022-01-22T19:59:25+00:00\",\"breadcrumb\":{\"@id\":\"https:\/\/demoweb.info\/sexshop001\/producto\/ataduras-bondange-con-suspension-color-negro\/#breadcrumb\"},\"inLanguage\":\"es\",\"potentialAction\":[{\"@type\":\"ReadAction\",\"target\":[\"https:\/\/demoweb.info\/sexshop001\/producto\/ataduras-bondange-con-suspension-color-negro\/\"]}]},{\"@type\":\"BreadcrumbList\",\"@id\":\"https:\/\/demoweb.info\/sexshop001\/producto\/ataduras-bondange-con-suspension-color-negro\/#breadcrumb\",\"itemListElement\":[{\"@type\":\"ListItem\",\"position\":1,\"name\":\"Portada\",\"item\":\"https:\/\/demoweb.info\/sexshop001\/\"},{\"@type\":\"ListItem\",\"position\":2,\"name\":\"Tienda\",\"item\":\"https:\/\/demoweb.info\/sexshop001\/tienda\/\"},{\"@type\":\"ListItem\",\"position\":3,\"name\":\"ATADURAS BONDANGE CON SUSPENSION COLOR NEGRO\"}]},{\"@type\":\"WebSite\",\"@id\":\"https:\/\/demoweb.info\/sexshop001\/#website\",\"url\":\"https:\/\/demoweb.info\/sexshop001\/\",\"name\":\"Tienda Er\u00f3tica\",\"description\":\"DEMOWEB SL\",\"potentialAction\":[{\"@type\":\"SearchAction\",\"target\":{\"@type\":\"EntryPoint\",\"urlTemplate\":\"https:\/\/demoweb.info\/sexshop001\/?s={search_term_string}\"},\"query-input\":\"required name=search_term_string\"}],\"inLanguage\":\"es\"}]}<\/script>\n<!-- \/ Yoast SEO plugin. -->","yoast_head_json":{"title":"ATADURAS BONDANGE CON SUSPENSION COLOR NEGRO - Tienda Er\u00f3tica","robots":{"index":"noindex","follow":"follow","max-snippet":"max-snippet:-1","max-image-preview":"max-image-preview:large","max-video-preview":"max-video-preview:-1"},"og_locale":"es_ES","og_type":"article","og_title":"ATADURAS BONDANGE CON SUSPENSION COLOR NEGRO - Tienda Er\u00f3tica","og_description":"SUSPENSION WRIST BONDAGE HANDCUFFS BLACK \u00a1Mant\u00e9n a tu sumiso con estas ESPOSAS DE ATADURA DE SUSPENSI\u00d3N PARA LAS MU\u00d1ECAS de","og_url":"https:\/\/demoweb.info\/sexshop001\/producto\/ataduras-bondange-con-suspension-color-negro\/","og_site_name":"Tienda Er\u00f3tica","article_modified_time":"2022-01-22T19:59:25+00:00","og_image":[{"width":550,"height":550,"url":"https:\/\/demoweb.info\/sexshop001\/wp-content\/uploads\/2022\/01\/ATADURAS-BONDANGE-CON-SUSPENSION-COLOR-NEGRO.jpg","type":"image\/jpeg"}],"twitter_card":"summary_large_image","twitter_misc":{"Tiempo de lectura":"1 minuto"},"schema":{"@context":"https:\/\/schema.org","@graph":[{"@type":"WebPage","@id":"https:\/\/demoweb.info\/sexshop001\/producto\/ataduras-bondange-con-suspension-color-negro\/","url":"https:\/\/demoweb.info\/sexshop001\/producto\/ataduras-bondange-con-suspension-color-negro\/","name":"ATADURAS BONDANGE CON SUSPENSION COLOR NEGRO - Tienda Er\u00f3tica","isPartOf":{"@id":"https:\/\/demoweb.info\/sexshop001\/#website"},"datePublished":"2022-01-22T19:59:02+00:00","dateModified":"2022-01-22T19:59:25+00:00","breadcrumb":{"@id":"https:\/\/demoweb.info\/sexshop001\/producto\/ataduras-bondange-con-suspension-color-negro\/#breadcrumb"},"inLanguage":"es","potentialAction":[{"@type":"ReadAction","target":["https:\/\/demoweb.info\/sexshop001\/producto\/ataduras-bondange-con-suspension-color-negro\/"]}]},{"@type":"BreadcrumbList","@id":"https:\/\/demoweb.info\/sexshop001\/producto\/ataduras-bondange-con-suspension-color-negro\/#breadcrumb","itemListElement":[{"@type":"ListItem","position":1,"name":"Portada","item":"https:\/\/demoweb.info\/sexshop001\/"},{"@type":"ListItem","position":2,"name":"Tienda","item":"https:\/\/demoweb.info\/sexshop001\/tienda\/"},{"@type":"ListItem","position":3,"name":"ATADURAS BONDANGE CON SUSPENSION COLOR NEGRO"}]},{"@type":"WebSite","@id":"https:\/\/demoweb.info\/sexshop001\/#website","url":"https:\/\/demoweb.info\/sexshop001\/","name":"Tienda Er\u00f3tica","description":"DEMOWEB SL","potentialAction":[{"@type":"SearchAction","target":{"@type":"EntryPoint","urlTemplate":"https:\/\/demoweb.info\/sexshop001\/?s={search_term_string}"},"query-input":"required name=search_term_string"}],"inLanguage":"es"}]}},"_links":{"self":[{"href":"https:\/\/demoweb.info\/sexshop001\/wp-json\/wp\/v3\/product\/72517","targetHints":{"allow":["GET"]}}],"collection":[{"href":"https:\/\/demoweb.info\/sexshop001\/wp-json\/wp\/v3\/product"}],"about":[{"href":"https:\/\/demoweb.info\/sexshop001\/wp-json\/wp\/v2\/types\/product"}],"replies":[{"embeddable":true,"href":"https:\/\/demoweb.info\/sexshop001\/wp-json\/wp\/v2\/comments?post=72517"}],"wp:featuredmedia":[{"embeddable":true,"href":"https:\/\/demoweb.info\/sexshop001\/wp-json\/wp\/v2\/media\/72518"}],"wp:attachment":[{"href":"https:\/\/demoweb.info\/sexshop001\/wp-json\/wp\/v2\/media?parent=72517"}],"wp:term":[{"taxonomy":"product_cat","embeddable":true,"href":"https:\/\/demoweb.info\/sexshop001\/wp-json\/wp\/v2\/product_cat?post=72517"},{"taxonomy":"product_tag","embeddable":true,"href":"https:\/\/demoweb.info\/sexshop001\/wp-json\/wp\/v2\/product_tag?post=72517"}],"curies":[{"name":"wp","href":"https:\/\/api.w.org\/{rel}","templated":true}]}}