{"id":72497,"date":"2022-01-22T20:59:02","date_gmt":"2022-01-22T19:59:02","guid":{"rendered":"https:\/\/demoweb.info\/sexshop001\/producto\/restraint-handcuff-with-padlock-negro\/"},"modified":"2022-01-22T20:59:09","modified_gmt":"2022-01-22T19:59:09","slug":"restraint-handcuff-with-padlock-negro","status":"publish","type":"product","link":"https:\/\/demoweb.info\/sexshop001\/producto\/restraint-handcuff-with-padlock-negro\/","title":{"rendered":"RESTRAINT HANDCUFF WITH PADLOCK NEGRO"},"content":{"rendered":"<p><strong>RESTRAINT HANDCUFF WITH PADLOCK BLACK<\/strong><\/p>\n<p>\u00a1Esta RESTRICCI\u00d3N PARA LAS MANOS CON CANDADO te mostrar\u00e1 qui\u00e9n es el jefe en cualquier situaci\u00f3n! Manten a tu s\u00fabdito desobediente bajo tu control total en todo momento. \u00a1Elaborado con cuero de montura suave y real, estas esposas ajustables van en serio! Hasta tu amante m\u00e1s excitable, se quedar\u00e1n en su lugar cuando le anexas el aro en forma de D en el lugar que desees. Las esposas para las mu\u00f1ecas tiene 9 diferentes medidas para que tengas un buen ajuste y tiene un candado de acero inoxidable, incluyendo 2 llaves, para que tengas m\u00e1s seguridad.<\/p>\n<p>Tiene una longitud total de 28 cm , un grosor de 6,9 cm y pesa 220 gramos.<\/p>\n<ul>\n<li>Dimensiones del producto 28 x 7 x 1,5 cm<\/li>\n<li>Peso del producto 255,00 gram<\/li>\n<li>Materiales cuero de alta calidad.<\/li>\n<\/ul>\n","protected":false},"excerpt":{"rendered":"<p>RESTRAINT HANDCUFF WITH PADLOCK BLACK \u00a1Esta RESTRICCI\u00d3N PARA LAS MANOS CON CANDADO te mostrar\u00e1 qui\u00e9n es el jefe en cualquier<\/p>\n","protected":false},"featured_media":72498,"comment_status":"open","ping_status":"open","template":"","meta":[],"product_cat":[498],"product_tag":[307,302],"class_list":["post-72497","product","type-product","status-publish","has-post-thumbnail","hentry","product_cat-complementos-bdsm","product_tag-ouch","product_tag-shots"],"bundled_by":[],"bundle_stock_status":"instock","bundle_stock_quantity":1,"bundle_virtual":false,"bundle_layout":"","bundle_add_to_cart_form_location":"","bundle_editable_in_cart":false,"bundle_sold_individually_context":"","bundle_item_grouping":"","bundle_min_size":"","bundle_max_size":"","bundled_items":[],"yoast_head":"<!-- This site is optimized with the Yoast SEO plugin v20.6 - https:\/\/yoast.com\/wordpress\/plugins\/seo\/ -->\n<title>RESTRAINT HANDCUFF WITH PADLOCK NEGRO - Tienda Er\u00f3tica<\/title>\n<meta name=\"robots\" content=\"noindex, follow, max-snippet:-1, max-image-preview:large, max-video-preview:-1\" \/>\n<meta property=\"og:locale\" content=\"es_ES\" \/>\n<meta property=\"og:type\" content=\"article\" \/>\n<meta property=\"og:title\" content=\"RESTRAINT HANDCUFF WITH PADLOCK NEGRO - Tienda Er\u00f3tica\" \/>\n<meta property=\"og:description\" content=\"RESTRAINT HANDCUFF WITH PADLOCK BLACK \u00a1Esta RESTRICCI\u00d3N PARA LAS MANOS CON CANDADO te mostrar\u00e1 qui\u00e9n es el jefe en cualquier\" \/>\n<meta property=\"og:url\" content=\"https:\/\/demoweb.info\/sexshop001\/producto\/restraint-handcuff-with-padlock-negro\/\" \/>\n<meta property=\"og:site_name\" content=\"Tienda Er\u00f3tica\" \/>\n<meta property=\"article:modified_time\" content=\"2022-01-22T19:59:09+00:00\" \/>\n<meta property=\"og:image\" content=\"https:\/\/demoweb.info\/sexshop001\/wp-content\/uploads\/2022\/01\/RESTRAINT-HANDCUFF-WITH-PADLOCK-NEGRO.jpg\" \/>\n\t<meta property=\"og:image:width\" content=\"550\" \/>\n\t<meta property=\"og:image:height\" content=\"550\" \/>\n\t<meta property=\"og:image:type\" content=\"image\/jpeg\" \/>\n<meta name=\"twitter:card\" content=\"summary_large_image\" \/>\n<meta name=\"twitter:label1\" content=\"Tiempo de lectura\" \/>\n\t<meta name=\"twitter:data1\" content=\"1 minuto\" \/>\n<script type=\"application\/ld+json\" class=\"yoast-schema-graph\">{\"@context\":\"https:\/\/schema.org\",\"@graph\":[{\"@type\":\"WebPage\",\"@id\":\"https:\/\/demoweb.info\/sexshop001\/producto\/restraint-handcuff-with-padlock-negro\/\",\"url\":\"https:\/\/demoweb.info\/sexshop001\/producto\/restraint-handcuff-with-padlock-negro\/\",\"name\":\"RESTRAINT HANDCUFF WITH PADLOCK NEGRO - Tienda Er\u00f3tica\",\"isPartOf\":{\"@id\":\"https:\/\/demoweb.info\/sexshop001\/#website\"},\"datePublished\":\"2022-01-22T19:59:02+00:00\",\"dateModified\":\"2022-01-22T19:59:09+00:00\",\"breadcrumb\":{\"@id\":\"https:\/\/demoweb.info\/sexshop001\/producto\/restraint-handcuff-with-padlock-negro\/#breadcrumb\"},\"inLanguage\":\"es\",\"potentialAction\":[{\"@type\":\"ReadAction\",\"target\":[\"https:\/\/demoweb.info\/sexshop001\/producto\/restraint-handcuff-with-padlock-negro\/\"]}]},{\"@type\":\"BreadcrumbList\",\"@id\":\"https:\/\/demoweb.info\/sexshop001\/producto\/restraint-handcuff-with-padlock-negro\/#breadcrumb\",\"itemListElement\":[{\"@type\":\"ListItem\",\"position\":1,\"name\":\"Portada\",\"item\":\"https:\/\/demoweb.info\/sexshop001\/\"},{\"@type\":\"ListItem\",\"position\":2,\"name\":\"Tienda\",\"item\":\"https:\/\/demoweb.info\/sexshop001\/tienda\/\"},{\"@type\":\"ListItem\",\"position\":3,\"name\":\"RESTRAINT HANDCUFF WITH PADLOCK NEGRO\"}]},{\"@type\":\"WebSite\",\"@id\":\"https:\/\/demoweb.info\/sexshop001\/#website\",\"url\":\"https:\/\/demoweb.info\/sexshop001\/\",\"name\":\"Tienda Er\u00f3tica\",\"description\":\"DEMOWEB SL\",\"potentialAction\":[{\"@type\":\"SearchAction\",\"target\":{\"@type\":\"EntryPoint\",\"urlTemplate\":\"https:\/\/demoweb.info\/sexshop001\/?s={search_term_string}\"},\"query-input\":\"required name=search_term_string\"}],\"inLanguage\":\"es\"}]}<\/script>\n<!-- \/ Yoast SEO plugin. -->","yoast_head_json":{"title":"RESTRAINT HANDCUFF WITH PADLOCK NEGRO - Tienda Er\u00f3tica","robots":{"index":"noindex","follow":"follow","max-snippet":"max-snippet:-1","max-image-preview":"max-image-preview:large","max-video-preview":"max-video-preview:-1"},"og_locale":"es_ES","og_type":"article","og_title":"RESTRAINT HANDCUFF WITH PADLOCK NEGRO - Tienda Er\u00f3tica","og_description":"RESTRAINT HANDCUFF WITH PADLOCK BLACK \u00a1Esta RESTRICCI\u00d3N PARA LAS MANOS CON CANDADO te mostrar\u00e1 qui\u00e9n es el jefe en cualquier","og_url":"https:\/\/demoweb.info\/sexshop001\/producto\/restraint-handcuff-with-padlock-negro\/","og_site_name":"Tienda Er\u00f3tica","article_modified_time":"2022-01-22T19:59:09+00:00","og_image":[{"width":550,"height":550,"url":"https:\/\/demoweb.info\/sexshop001\/wp-content\/uploads\/2022\/01\/RESTRAINT-HANDCUFF-WITH-PADLOCK-NEGRO.jpg","type":"image\/jpeg"}],"twitter_card":"summary_large_image","twitter_misc":{"Tiempo de lectura":"1 minuto"},"schema":{"@context":"https:\/\/schema.org","@graph":[{"@type":"WebPage","@id":"https:\/\/demoweb.info\/sexshop001\/producto\/restraint-handcuff-with-padlock-negro\/","url":"https:\/\/demoweb.info\/sexshop001\/producto\/restraint-handcuff-with-padlock-negro\/","name":"RESTRAINT HANDCUFF WITH PADLOCK NEGRO - Tienda Er\u00f3tica","isPartOf":{"@id":"https:\/\/demoweb.info\/sexshop001\/#website"},"datePublished":"2022-01-22T19:59:02+00:00","dateModified":"2022-01-22T19:59:09+00:00","breadcrumb":{"@id":"https:\/\/demoweb.info\/sexshop001\/producto\/restraint-handcuff-with-padlock-negro\/#breadcrumb"},"inLanguage":"es","potentialAction":[{"@type":"ReadAction","target":["https:\/\/demoweb.info\/sexshop001\/producto\/restraint-handcuff-with-padlock-negro\/"]}]},{"@type":"BreadcrumbList","@id":"https:\/\/demoweb.info\/sexshop001\/producto\/restraint-handcuff-with-padlock-negro\/#breadcrumb","itemListElement":[{"@type":"ListItem","position":1,"name":"Portada","item":"https:\/\/demoweb.info\/sexshop001\/"},{"@type":"ListItem","position":2,"name":"Tienda","item":"https:\/\/demoweb.info\/sexshop001\/tienda\/"},{"@type":"ListItem","position":3,"name":"RESTRAINT HANDCUFF WITH PADLOCK NEGRO"}]},{"@type":"WebSite","@id":"https:\/\/demoweb.info\/sexshop001\/#website","url":"https:\/\/demoweb.info\/sexshop001\/","name":"Tienda Er\u00f3tica","description":"DEMOWEB SL","potentialAction":[{"@type":"SearchAction","target":{"@type":"EntryPoint","urlTemplate":"https:\/\/demoweb.info\/sexshop001\/?s={search_term_string}"},"query-input":"required name=search_term_string"}],"inLanguage":"es"}]}},"_links":{"self":[{"href":"https:\/\/demoweb.info\/sexshop001\/wp-json\/wp\/v3\/product\/72497","targetHints":{"allow":["GET"]}}],"collection":[{"href":"https:\/\/demoweb.info\/sexshop001\/wp-json\/wp\/v3\/product"}],"about":[{"href":"https:\/\/demoweb.info\/sexshop001\/wp-json\/wp\/v2\/types\/product"}],"replies":[{"embeddable":true,"href":"https:\/\/demoweb.info\/sexshop001\/wp-json\/wp\/v2\/comments?post=72497"}],"wp:featuredmedia":[{"embeddable":true,"href":"https:\/\/demoweb.info\/sexshop001\/wp-json\/wp\/v2\/media\/72498"}],"wp:attachment":[{"href":"https:\/\/demoweb.info\/sexshop001\/wp-json\/wp\/v2\/media?parent=72497"}],"wp:term":[{"taxonomy":"product_cat","embeddable":true,"href":"https:\/\/demoweb.info\/sexshop001\/wp-json\/wp\/v2\/product_cat?post=72497"},{"taxonomy":"product_tag","embeddable":true,"href":"https:\/\/demoweb.info\/sexshop001\/wp-json\/wp\/v2\/product_tag?post=72497"}],"curies":[{"name":"wp","href":"https:\/\/api.w.org\/{rel}","templated":true}]}}