{"id":72492,"date":"2022-01-22T20:59:02","date_gmt":"2022-01-22T19:59:02","guid":{"rendered":"https:\/\/demoweb.info\/sexshop001\/producto\/azotador-poly-cricket\/"},"modified":"2022-01-22T20:59:05","modified_gmt":"2022-01-22T19:59:05","slug":"azotador-poly-cricket","status":"publish","type":"product","link":"https:\/\/demoweb.info\/sexshop001\/producto\/azotador-poly-cricket\/","title":{"rendered":"AZOTADOR POLY CRICKET"},"content":{"rendered":"<p><strong>POLY CRICKET PADDLE BLACK<\/strong><\/p>\n<p>\u00a1Bromea y complace las nalgas y los muslos de tu pareja con este PADDLE POLY CRICKET de una sola cara! Lleve su juego BDSM a un nivel completamente nuevo de satisfacci\u00f3n con esta pala compacta y ergon\u00f3mica. Esta paleta de cuero real es perfecta para el juego sensorial progresivo, ya que las caricias suaves y las palmadas satisfactorias son muy f\u00e1ciles de lograr. El POLY CRICKET PADDLE es ligeramente flexible para un impacto m\u00e1ximo y cuenta con un lazo para la mu\u00f1eca para el m\u00e1ximo control.<\/p>\n<p>Tiene una longitud total de 36,8 cm (14,5 ) y un ancho de 7 cm (2,75). El mango mide 15 cm (5,9 ) y este juguete tiene un peso de 160 gramos (5,65 oz).<\/p>\n<ul>\n<li>Dimensiones del producto    43,5 x 13,5 x 0,5 cm<\/li>\n<li>Peso del producto    380,00 gram<\/li>\n<li>Materiales, piel de alta calidad\n\t <\/li>\n<\/ul>\n","protected":false},"excerpt":{"rendered":"<p>POLY CRICKET PADDLE BLACK \u00a1Bromea y complace las nalgas y los muslos de tu pareja con este PADDLE POLY CRICKET<\/p>\n","protected":false},"featured_media":72493,"comment_status":"open","ping_status":"open","template":"","meta":[],"product_cat":[337],"product_tag":[307,302],"class_list":["post-72492","product","type-product","status-publish","has-post-thumbnail","hentry","product_cat-paletas","product_tag-ouch","product_tag-shots"],"bundled_by":[],"bundle_stock_status":"instock","bundle_stock_quantity":2,"bundle_virtual":false,"bundle_layout":"","bundle_add_to_cart_form_location":"","bundle_editable_in_cart":false,"bundle_sold_individually_context":"","bundle_item_grouping":"","bundle_min_size":"","bundle_max_size":"","bundled_items":[],"yoast_head":"<!-- This site is optimized with the Yoast SEO plugin v20.6 - https:\/\/yoast.com\/wordpress\/plugins\/seo\/ -->\n<title>AZOTADOR POLY CRICKET - Tienda Er\u00f3tica<\/title>\n<meta name=\"robots\" content=\"noindex, follow, max-snippet:-1, max-image-preview:large, max-video-preview:-1\" \/>\n<meta property=\"og:locale\" content=\"es_ES\" \/>\n<meta property=\"og:type\" content=\"article\" \/>\n<meta property=\"og:title\" content=\"AZOTADOR POLY CRICKET - Tienda Er\u00f3tica\" \/>\n<meta property=\"og:description\" content=\"POLY CRICKET PADDLE BLACK \u00a1Bromea y complace las nalgas y los muslos de tu pareja con este PADDLE POLY CRICKET\" \/>\n<meta property=\"og:url\" content=\"https:\/\/demoweb.info\/sexshop001\/producto\/azotador-poly-cricket\/\" \/>\n<meta property=\"og:site_name\" content=\"Tienda Er\u00f3tica\" \/>\n<meta property=\"article:modified_time\" content=\"2022-01-22T19:59:05+00:00\" \/>\n<meta property=\"og:image\" content=\"https:\/\/demoweb.info\/sexshop001\/wp-content\/uploads\/2022\/01\/AZOTADOR-POLY-CRICKET.jpg\" \/>\n\t<meta property=\"og:image:width\" content=\"550\" \/>\n\t<meta property=\"og:image:height\" content=\"550\" \/>\n\t<meta property=\"og:image:type\" content=\"image\/jpeg\" \/>\n<meta name=\"twitter:card\" content=\"summary_large_image\" \/>\n<meta name=\"twitter:label1\" content=\"Tiempo de lectura\" \/>\n\t<meta name=\"twitter:data1\" content=\"1 minuto\" \/>\n<script type=\"application\/ld+json\" class=\"yoast-schema-graph\">{\"@context\":\"https:\/\/schema.org\",\"@graph\":[{\"@type\":\"WebPage\",\"@id\":\"https:\/\/demoweb.info\/sexshop001\/producto\/azotador-poly-cricket\/\",\"url\":\"https:\/\/demoweb.info\/sexshop001\/producto\/azotador-poly-cricket\/\",\"name\":\"AZOTADOR POLY CRICKET - Tienda Er\u00f3tica\",\"isPartOf\":{\"@id\":\"https:\/\/demoweb.info\/sexshop001\/#website\"},\"datePublished\":\"2022-01-22T19:59:02+00:00\",\"dateModified\":\"2022-01-22T19:59:05+00:00\",\"breadcrumb\":{\"@id\":\"https:\/\/demoweb.info\/sexshop001\/producto\/azotador-poly-cricket\/#breadcrumb\"},\"inLanguage\":\"es\",\"potentialAction\":[{\"@type\":\"ReadAction\",\"target\":[\"https:\/\/demoweb.info\/sexshop001\/producto\/azotador-poly-cricket\/\"]}]},{\"@type\":\"BreadcrumbList\",\"@id\":\"https:\/\/demoweb.info\/sexshop001\/producto\/azotador-poly-cricket\/#breadcrumb\",\"itemListElement\":[{\"@type\":\"ListItem\",\"position\":1,\"name\":\"Portada\",\"item\":\"https:\/\/demoweb.info\/sexshop001\/\"},{\"@type\":\"ListItem\",\"position\":2,\"name\":\"Tienda\",\"item\":\"https:\/\/demoweb.info\/sexshop001\/tienda\/\"},{\"@type\":\"ListItem\",\"position\":3,\"name\":\"AZOTADOR POLY CRICKET\"}]},{\"@type\":\"WebSite\",\"@id\":\"https:\/\/demoweb.info\/sexshop001\/#website\",\"url\":\"https:\/\/demoweb.info\/sexshop001\/\",\"name\":\"Tienda Er\u00f3tica\",\"description\":\"DEMOWEB SL\",\"potentialAction\":[{\"@type\":\"SearchAction\",\"target\":{\"@type\":\"EntryPoint\",\"urlTemplate\":\"https:\/\/demoweb.info\/sexshop001\/?s={search_term_string}\"},\"query-input\":\"required name=search_term_string\"}],\"inLanguage\":\"es\"}]}<\/script>\n<!-- \/ Yoast SEO plugin. -->","yoast_head_json":{"title":"AZOTADOR POLY CRICKET - Tienda Er\u00f3tica","robots":{"index":"noindex","follow":"follow","max-snippet":"max-snippet:-1","max-image-preview":"max-image-preview:large","max-video-preview":"max-video-preview:-1"},"og_locale":"es_ES","og_type":"article","og_title":"AZOTADOR POLY CRICKET - Tienda Er\u00f3tica","og_description":"POLY CRICKET PADDLE BLACK \u00a1Bromea y complace las nalgas y los muslos de tu pareja con este PADDLE POLY CRICKET","og_url":"https:\/\/demoweb.info\/sexshop001\/producto\/azotador-poly-cricket\/","og_site_name":"Tienda Er\u00f3tica","article_modified_time":"2022-01-22T19:59:05+00:00","og_image":[{"width":550,"height":550,"url":"https:\/\/demoweb.info\/sexshop001\/wp-content\/uploads\/2022\/01\/AZOTADOR-POLY-CRICKET.jpg","type":"image\/jpeg"}],"twitter_card":"summary_large_image","twitter_misc":{"Tiempo de lectura":"1 minuto"},"schema":{"@context":"https:\/\/schema.org","@graph":[{"@type":"WebPage","@id":"https:\/\/demoweb.info\/sexshop001\/producto\/azotador-poly-cricket\/","url":"https:\/\/demoweb.info\/sexshop001\/producto\/azotador-poly-cricket\/","name":"AZOTADOR POLY CRICKET - Tienda Er\u00f3tica","isPartOf":{"@id":"https:\/\/demoweb.info\/sexshop001\/#website"},"datePublished":"2022-01-22T19:59:02+00:00","dateModified":"2022-01-22T19:59:05+00:00","breadcrumb":{"@id":"https:\/\/demoweb.info\/sexshop001\/producto\/azotador-poly-cricket\/#breadcrumb"},"inLanguage":"es","potentialAction":[{"@type":"ReadAction","target":["https:\/\/demoweb.info\/sexshop001\/producto\/azotador-poly-cricket\/"]}]},{"@type":"BreadcrumbList","@id":"https:\/\/demoweb.info\/sexshop001\/producto\/azotador-poly-cricket\/#breadcrumb","itemListElement":[{"@type":"ListItem","position":1,"name":"Portada","item":"https:\/\/demoweb.info\/sexshop001\/"},{"@type":"ListItem","position":2,"name":"Tienda","item":"https:\/\/demoweb.info\/sexshop001\/tienda\/"},{"@type":"ListItem","position":3,"name":"AZOTADOR POLY CRICKET"}]},{"@type":"WebSite","@id":"https:\/\/demoweb.info\/sexshop001\/#website","url":"https:\/\/demoweb.info\/sexshop001\/","name":"Tienda Er\u00f3tica","description":"DEMOWEB SL","potentialAction":[{"@type":"SearchAction","target":{"@type":"EntryPoint","urlTemplate":"https:\/\/demoweb.info\/sexshop001\/?s={search_term_string}"},"query-input":"required name=search_term_string"}],"inLanguage":"es"}]}},"_links":{"self":[{"href":"https:\/\/demoweb.info\/sexshop001\/wp-json\/wp\/v3\/product\/72492","targetHints":{"allow":["GET"]}}],"collection":[{"href":"https:\/\/demoweb.info\/sexshop001\/wp-json\/wp\/v3\/product"}],"about":[{"href":"https:\/\/demoweb.info\/sexshop001\/wp-json\/wp\/v2\/types\/product"}],"replies":[{"embeddable":true,"href":"https:\/\/demoweb.info\/sexshop001\/wp-json\/wp\/v2\/comments?post=72492"}],"wp:featuredmedia":[{"embeddable":true,"href":"https:\/\/demoweb.info\/sexshop001\/wp-json\/wp\/v2\/media\/72493"}],"wp:attachment":[{"href":"https:\/\/demoweb.info\/sexshop001\/wp-json\/wp\/v2\/media?parent=72492"}],"wp:term":[{"taxonomy":"product_cat","embeddable":true,"href":"https:\/\/demoweb.info\/sexshop001\/wp-json\/wp\/v2\/product_cat?post=72492"},{"taxonomy":"product_tag","embeddable":true,"href":"https:\/\/demoweb.info\/sexshop001\/wp-json\/wp\/v2\/product_tag?post=72492"}],"curies":[{"name":"wp","href":"https:\/\/api.w.org\/{rel}","templated":true}]}}