{"id":72482,"date":"2022-01-22T20:58:30","date_gmt":"2022-01-22T19:58:30","guid":{"rendered":"https:\/\/demoweb.info\/sexshop001\/producto\/azotador-suede-flogger-negro\/"},"modified":"2022-01-22T20:58:57","modified_gmt":"2022-01-22T19:58:57","slug":"azotador-suede-flogger-negro","status":"publish","type":"product","link":"https:\/\/demoweb.info\/sexshop001\/producto\/azotador-suede-flogger-negro\/","title":{"rendered":"AZOTADOR SUEDE FLOGGER NEGRO"},"content":{"rendered":"<p><strong>HEAVY LEATHER TAIL FLOGGER BLACK<\/strong><\/p>\n<p>Este FLAGELADOR DE CUERO\/GAMUZA CON ALAMBRE DE P\u00daAS, tiene un aspecto intimidante, \u00a1est\u00e1 dise\u00f1ado para atemorizar a tu s\u00fabdito desobediente! Estos alambres de p\u00faas integrados ara\u00f1ar\u00e1n de forma suave cuando se usa suavemente, pero si se usa con mano dura, es una fuerza poderosa.<\/p>\n<p>\u00a1Las adicionales 36 traviesas colas de gamuza producen un sonido impresionante al juego de rol! Est\u00e1 elaborado de cuero real de alta calidad, el flagelador consiste de 36 colas de gamuza realizadas finamente y 12 alambres de p\u00faas. Se encuentra equipado con un asa exquisita y anti resbalante y un lazo para la mu\u00f1eca para que tengas el control \u00f3ptimo, \u00a1este flagelador es una gran adicci\u00f3n para cualquier colecci\u00f3n sadomasoquista!<\/p>\n<p>La longitud total de este verdaderamente deseable flagelador mide 76 cm (30\u201d) incluyendo los 24 cm (9,5\u201d) del asa. Su peso llega a 410 gramos (15 onzas).<\/p>\n","protected":false},"excerpt":{"rendered":"<p>HEAVY LEATHER TAIL FLOGGER BLACK Este FLAGELADOR DE CUERO\/GAMUZA CON ALAMBRE DE P\u00daAS, tiene un aspecto intimidante, \u00a1est\u00e1 dise\u00f1ado para<\/p>\n","protected":false},"featured_media":72483,"comment_status":"open","ping_status":"open","template":"","meta":[],"product_cat":[336],"product_tag":[307,302],"class_list":["post-72482","product","type-product","status-publish","has-post-thumbnail","hentry","product_cat-latigos","product_tag-ouch","product_tag-shots"],"bundled_by":[],"bundle_stock_status":"instock","bundle_stock_quantity":1,"bundle_virtual":false,"bundle_layout":"","bundle_add_to_cart_form_location":"","bundle_editable_in_cart":false,"bundle_sold_individually_context":"","bundle_item_grouping":"","bundle_min_size":"","bundle_max_size":"","bundled_items":[],"yoast_head":"<!-- This site is optimized with the Yoast SEO plugin v20.6 - https:\/\/yoast.com\/wordpress\/plugins\/seo\/ -->\n<title>AZOTADOR SUEDE FLOGGER NEGRO - Tienda Er\u00f3tica<\/title>\n<meta name=\"robots\" content=\"noindex, follow, max-snippet:-1, max-image-preview:large, max-video-preview:-1\" \/>\n<meta property=\"og:locale\" content=\"es_ES\" \/>\n<meta property=\"og:type\" content=\"article\" \/>\n<meta property=\"og:title\" content=\"AZOTADOR SUEDE FLOGGER NEGRO - Tienda Er\u00f3tica\" \/>\n<meta property=\"og:description\" content=\"HEAVY LEATHER TAIL FLOGGER BLACK Este FLAGELADOR DE CUERO\/GAMUZA CON ALAMBRE DE P\u00daAS, tiene un aspecto intimidante, \u00a1est\u00e1 dise\u00f1ado para\" \/>\n<meta property=\"og:url\" content=\"https:\/\/demoweb.info\/sexshop001\/producto\/azotador-suede-flogger-negro\/\" \/>\n<meta property=\"og:site_name\" content=\"Tienda Er\u00f3tica\" \/>\n<meta property=\"article:modified_time\" content=\"2022-01-22T19:58:57+00:00\" \/>\n<meta property=\"og:image\" content=\"https:\/\/demoweb.info\/sexshop001\/wp-content\/uploads\/2022\/01\/AZOTADOR-SUEDE-FLOGGER-NEGRO.jpg\" \/>\n\t<meta property=\"og:image:width\" content=\"550\" \/>\n\t<meta property=\"og:image:height\" content=\"550\" \/>\n\t<meta property=\"og:image:type\" content=\"image\/jpeg\" \/>\n<meta name=\"twitter:card\" content=\"summary_large_image\" \/>\n<meta name=\"twitter:label1\" content=\"Tiempo de lectura\" \/>\n\t<meta name=\"twitter:data1\" content=\"1 minuto\" \/>\n<script type=\"application\/ld+json\" class=\"yoast-schema-graph\">{\"@context\":\"https:\/\/schema.org\",\"@graph\":[{\"@type\":\"WebPage\",\"@id\":\"https:\/\/demoweb.info\/sexshop001\/producto\/azotador-suede-flogger-negro\/\",\"url\":\"https:\/\/demoweb.info\/sexshop001\/producto\/azotador-suede-flogger-negro\/\",\"name\":\"AZOTADOR SUEDE FLOGGER NEGRO - Tienda Er\u00f3tica\",\"isPartOf\":{\"@id\":\"https:\/\/demoweb.info\/sexshop001\/#website\"},\"datePublished\":\"2022-01-22T19:58:30+00:00\",\"dateModified\":\"2022-01-22T19:58:57+00:00\",\"breadcrumb\":{\"@id\":\"https:\/\/demoweb.info\/sexshop001\/producto\/azotador-suede-flogger-negro\/#breadcrumb\"},\"inLanguage\":\"es\",\"potentialAction\":[{\"@type\":\"ReadAction\",\"target\":[\"https:\/\/demoweb.info\/sexshop001\/producto\/azotador-suede-flogger-negro\/\"]}]},{\"@type\":\"BreadcrumbList\",\"@id\":\"https:\/\/demoweb.info\/sexshop001\/producto\/azotador-suede-flogger-negro\/#breadcrumb\",\"itemListElement\":[{\"@type\":\"ListItem\",\"position\":1,\"name\":\"Portada\",\"item\":\"https:\/\/demoweb.info\/sexshop001\/\"},{\"@type\":\"ListItem\",\"position\":2,\"name\":\"Tienda\",\"item\":\"https:\/\/demoweb.info\/sexshop001\/tienda\/\"},{\"@type\":\"ListItem\",\"position\":3,\"name\":\"AZOTADOR SUEDE FLOGGER NEGRO\"}]},{\"@type\":\"WebSite\",\"@id\":\"https:\/\/demoweb.info\/sexshop001\/#website\",\"url\":\"https:\/\/demoweb.info\/sexshop001\/\",\"name\":\"Tienda Er\u00f3tica\",\"description\":\"DEMOWEB SL\",\"potentialAction\":[{\"@type\":\"SearchAction\",\"target\":{\"@type\":\"EntryPoint\",\"urlTemplate\":\"https:\/\/demoweb.info\/sexshop001\/?s={search_term_string}\"},\"query-input\":\"required name=search_term_string\"}],\"inLanguage\":\"es\"}]}<\/script>\n<!-- \/ Yoast SEO plugin. -->","yoast_head_json":{"title":"AZOTADOR SUEDE FLOGGER NEGRO - Tienda Er\u00f3tica","robots":{"index":"noindex","follow":"follow","max-snippet":"max-snippet:-1","max-image-preview":"max-image-preview:large","max-video-preview":"max-video-preview:-1"},"og_locale":"es_ES","og_type":"article","og_title":"AZOTADOR SUEDE FLOGGER NEGRO - Tienda Er\u00f3tica","og_description":"HEAVY LEATHER TAIL FLOGGER BLACK Este FLAGELADOR DE CUERO\/GAMUZA CON ALAMBRE DE P\u00daAS, tiene un aspecto intimidante, \u00a1est\u00e1 dise\u00f1ado para","og_url":"https:\/\/demoweb.info\/sexshop001\/producto\/azotador-suede-flogger-negro\/","og_site_name":"Tienda Er\u00f3tica","article_modified_time":"2022-01-22T19:58:57+00:00","og_image":[{"width":550,"height":550,"url":"https:\/\/demoweb.info\/sexshop001\/wp-content\/uploads\/2022\/01\/AZOTADOR-SUEDE-FLOGGER-NEGRO.jpg","type":"image\/jpeg"}],"twitter_card":"summary_large_image","twitter_misc":{"Tiempo de lectura":"1 minuto"},"schema":{"@context":"https:\/\/schema.org","@graph":[{"@type":"WebPage","@id":"https:\/\/demoweb.info\/sexshop001\/producto\/azotador-suede-flogger-negro\/","url":"https:\/\/demoweb.info\/sexshop001\/producto\/azotador-suede-flogger-negro\/","name":"AZOTADOR SUEDE FLOGGER NEGRO - Tienda Er\u00f3tica","isPartOf":{"@id":"https:\/\/demoweb.info\/sexshop001\/#website"},"datePublished":"2022-01-22T19:58:30+00:00","dateModified":"2022-01-22T19:58:57+00:00","breadcrumb":{"@id":"https:\/\/demoweb.info\/sexshop001\/producto\/azotador-suede-flogger-negro\/#breadcrumb"},"inLanguage":"es","potentialAction":[{"@type":"ReadAction","target":["https:\/\/demoweb.info\/sexshop001\/producto\/azotador-suede-flogger-negro\/"]}]},{"@type":"BreadcrumbList","@id":"https:\/\/demoweb.info\/sexshop001\/producto\/azotador-suede-flogger-negro\/#breadcrumb","itemListElement":[{"@type":"ListItem","position":1,"name":"Portada","item":"https:\/\/demoweb.info\/sexshop001\/"},{"@type":"ListItem","position":2,"name":"Tienda","item":"https:\/\/demoweb.info\/sexshop001\/tienda\/"},{"@type":"ListItem","position":3,"name":"AZOTADOR SUEDE FLOGGER NEGRO"}]},{"@type":"WebSite","@id":"https:\/\/demoweb.info\/sexshop001\/#website","url":"https:\/\/demoweb.info\/sexshop001\/","name":"Tienda Er\u00f3tica","description":"DEMOWEB SL","potentialAction":[{"@type":"SearchAction","target":{"@type":"EntryPoint","urlTemplate":"https:\/\/demoweb.info\/sexshop001\/?s={search_term_string}"},"query-input":"required name=search_term_string"}],"inLanguage":"es"}]}},"_links":{"self":[{"href":"https:\/\/demoweb.info\/sexshop001\/wp-json\/wp\/v3\/product\/72482","targetHints":{"allow":["GET"]}}],"collection":[{"href":"https:\/\/demoweb.info\/sexshop001\/wp-json\/wp\/v3\/product"}],"about":[{"href":"https:\/\/demoweb.info\/sexshop001\/wp-json\/wp\/v2\/types\/product"}],"replies":[{"embeddable":true,"href":"https:\/\/demoweb.info\/sexshop001\/wp-json\/wp\/v2\/comments?post=72482"}],"wp:featuredmedia":[{"embeddable":true,"href":"https:\/\/demoweb.info\/sexshop001\/wp-json\/wp\/v2\/media\/72483"}],"wp:attachment":[{"href":"https:\/\/demoweb.info\/sexshop001\/wp-json\/wp\/v2\/media?parent=72482"}],"wp:term":[{"taxonomy":"product_cat","embeddable":true,"href":"https:\/\/demoweb.info\/sexshop001\/wp-json\/wp\/v2\/product_cat?post=72482"},{"taxonomy":"product_tag","embeddable":true,"href":"https:\/\/demoweb.info\/sexshop001\/wp-json\/wp\/v2\/product_tag?post=72482"}],"curies":[{"name":"wp","href":"https:\/\/api.w.org\/{rel}","templated":true}]}}