{"id":72478,"date":"2022-01-22T20:58:30","date_gmt":"2022-01-22T19:58:30","guid":{"rendered":"https:\/\/demoweb.info\/sexshop001\/producto\/arnes-de-diseno-de-cuero-ajustable-negro\/"},"modified":"2022-01-22T20:58:52","modified_gmt":"2022-01-22T19:58:52","slug":"arnes-de-diseno-de-cuero-ajustable-negro","status":"publish","type":"product","link":"https:\/\/demoweb.info\/sexshop001\/producto\/arnes-de-diseno-de-cuero-ajustable-negro\/","title":{"rendered":"ARNES DE DISE\u00d1O DE CUERO AJUSTABLE NEGRO"},"content":{"rendered":"<p><strong>LEATHER STRAP-ON HARNESS BLACK<\/strong><\/p>\n<p>Arn\u00e9s ajustable con tiras de cuero.<br \/>\n\u00a1Es perfectamente adecuado para una vers\u00e1til atadura y uso de pernos en tu juego con este elegante accesorio que te pondr\u00e1 en control total!<\/p>\n<p>Con sus tiras de cuero con cierres de f\u00e1cil apertura para los aros, todos los consoladores de hasta de 3,8 cm de di\u00e1metro se podr\u00e1n ajustar. Este arn\u00e9s hermosamente elaborado tiene un trenzado de cuero a la moda en la espalda.<\/p>\n<ul>\n<li>Talla \u00fanica<\/li>\n<li>Dimensiones del producto    48 x 30 x 0,5 cm<\/li>\n<li>Peso del producto    425,00 gram<\/li>\n<li>Materiales   Cuero de alta calidad<\/li>\n<\/ul>\n","protected":false},"excerpt":{"rendered":"<p>LEATHER STRAP-ON HARNESS BLACK Arn\u00e9s ajustable con tiras de cuero. \u00a1Es perfectamente adecuado para una vers\u00e1til atadura y uso de<\/p>\n","protected":false},"featured_media":72479,"comment_status":"open","ping_status":"open","template":"","meta":[],"product_cat":[780],"product_tag":[307,302],"class_list":["post-72478","product","type-product","status-publish","has-post-thumbnail","hentry","product_cat-basicos-arneses","product_tag-ouch","product_tag-shots"],"bundled_by":[],"bundle_stock_status":"instock","bundle_stock_quantity":1,"bundle_virtual":false,"bundle_layout":"","bundle_add_to_cart_form_location":"","bundle_editable_in_cart":false,"bundle_sold_individually_context":"","bundle_item_grouping":"","bundle_min_size":"","bundle_max_size":"","bundled_items":[],"yoast_head":"<!-- This site is optimized with the Yoast SEO plugin v20.6 - https:\/\/yoast.com\/wordpress\/plugins\/seo\/ -->\n<title>ARNES DE DISE\u00d1O DE CUERO AJUSTABLE NEGRO - Tienda Er\u00f3tica<\/title>\n<meta name=\"robots\" content=\"noindex, follow, max-snippet:-1, max-image-preview:large, max-video-preview:-1\" \/>\n<meta property=\"og:locale\" content=\"es_ES\" \/>\n<meta property=\"og:type\" content=\"article\" \/>\n<meta property=\"og:title\" content=\"ARNES DE DISE\u00d1O DE CUERO AJUSTABLE NEGRO - Tienda Er\u00f3tica\" \/>\n<meta property=\"og:description\" content=\"LEATHER STRAP-ON HARNESS BLACK Arn\u00e9s ajustable con tiras de cuero. \u00a1Es perfectamente adecuado para una vers\u00e1til atadura y uso de\" \/>\n<meta property=\"og:url\" content=\"https:\/\/demoweb.info\/sexshop001\/producto\/arnes-de-diseno-de-cuero-ajustable-negro\/\" \/>\n<meta property=\"og:site_name\" content=\"Tienda Er\u00f3tica\" \/>\n<meta property=\"article:modified_time\" content=\"2022-01-22T19:58:52+00:00\" \/>\n<meta property=\"og:image\" content=\"https:\/\/demoweb.info\/sexshop001\/wp-content\/uploads\/2022\/01\/ARNES-DE-DISENO-DE-CUERO-AJUSTABLE-NEGRO.jpg\" \/>\n\t<meta property=\"og:image:width\" content=\"550\" \/>\n\t<meta property=\"og:image:height\" content=\"550\" \/>\n\t<meta property=\"og:image:type\" content=\"image\/jpeg\" \/>\n<meta name=\"twitter:card\" content=\"summary_large_image\" \/>\n<script type=\"application\/ld+json\" class=\"yoast-schema-graph\">{\"@context\":\"https:\/\/schema.org\",\"@graph\":[{\"@type\":\"WebPage\",\"@id\":\"https:\/\/demoweb.info\/sexshop001\/producto\/arnes-de-diseno-de-cuero-ajustable-negro\/\",\"url\":\"https:\/\/demoweb.info\/sexshop001\/producto\/arnes-de-diseno-de-cuero-ajustable-negro\/\",\"name\":\"ARNES DE DISE\u00d1O DE CUERO AJUSTABLE NEGRO - Tienda Er\u00f3tica\",\"isPartOf\":{\"@id\":\"https:\/\/demoweb.info\/sexshop001\/#website\"},\"datePublished\":\"2022-01-22T19:58:30+00:00\",\"dateModified\":\"2022-01-22T19:58:52+00:00\",\"breadcrumb\":{\"@id\":\"https:\/\/demoweb.info\/sexshop001\/producto\/arnes-de-diseno-de-cuero-ajustable-negro\/#breadcrumb\"},\"inLanguage\":\"es\",\"potentialAction\":[{\"@type\":\"ReadAction\",\"target\":[\"https:\/\/demoweb.info\/sexshop001\/producto\/arnes-de-diseno-de-cuero-ajustable-negro\/\"]}]},{\"@type\":\"BreadcrumbList\",\"@id\":\"https:\/\/demoweb.info\/sexshop001\/producto\/arnes-de-diseno-de-cuero-ajustable-negro\/#breadcrumb\",\"itemListElement\":[{\"@type\":\"ListItem\",\"position\":1,\"name\":\"Portada\",\"item\":\"https:\/\/demoweb.info\/sexshop001\/\"},{\"@type\":\"ListItem\",\"position\":2,\"name\":\"Tienda\",\"item\":\"https:\/\/demoweb.info\/sexshop001\/tienda\/\"},{\"@type\":\"ListItem\",\"position\":3,\"name\":\"ARNES DE DISE\u00d1O DE CUERO AJUSTABLE NEGRO\"}]},{\"@type\":\"WebSite\",\"@id\":\"https:\/\/demoweb.info\/sexshop001\/#website\",\"url\":\"https:\/\/demoweb.info\/sexshop001\/\",\"name\":\"Tienda Er\u00f3tica\",\"description\":\"DEMOWEB SL\",\"potentialAction\":[{\"@type\":\"SearchAction\",\"target\":{\"@type\":\"EntryPoint\",\"urlTemplate\":\"https:\/\/demoweb.info\/sexshop001\/?s={search_term_string}\"},\"query-input\":\"required name=search_term_string\"}],\"inLanguage\":\"es\"}]}<\/script>\n<!-- \/ Yoast SEO plugin. -->","yoast_head_json":{"title":"ARNES DE DISE\u00d1O DE CUERO AJUSTABLE NEGRO - Tienda Er\u00f3tica","robots":{"index":"noindex","follow":"follow","max-snippet":"max-snippet:-1","max-image-preview":"max-image-preview:large","max-video-preview":"max-video-preview:-1"},"og_locale":"es_ES","og_type":"article","og_title":"ARNES DE DISE\u00d1O DE CUERO AJUSTABLE NEGRO - Tienda Er\u00f3tica","og_description":"LEATHER STRAP-ON HARNESS BLACK Arn\u00e9s ajustable con tiras de cuero. \u00a1Es perfectamente adecuado para una vers\u00e1til atadura y uso de","og_url":"https:\/\/demoweb.info\/sexshop001\/producto\/arnes-de-diseno-de-cuero-ajustable-negro\/","og_site_name":"Tienda Er\u00f3tica","article_modified_time":"2022-01-22T19:58:52+00:00","og_image":[{"width":550,"height":550,"url":"https:\/\/demoweb.info\/sexshop001\/wp-content\/uploads\/2022\/01\/ARNES-DE-DISENO-DE-CUERO-AJUSTABLE-NEGRO.jpg","type":"image\/jpeg"}],"twitter_card":"summary_large_image","schema":{"@context":"https:\/\/schema.org","@graph":[{"@type":"WebPage","@id":"https:\/\/demoweb.info\/sexshop001\/producto\/arnes-de-diseno-de-cuero-ajustable-negro\/","url":"https:\/\/demoweb.info\/sexshop001\/producto\/arnes-de-diseno-de-cuero-ajustable-negro\/","name":"ARNES DE DISE\u00d1O DE CUERO AJUSTABLE NEGRO - Tienda Er\u00f3tica","isPartOf":{"@id":"https:\/\/demoweb.info\/sexshop001\/#website"},"datePublished":"2022-01-22T19:58:30+00:00","dateModified":"2022-01-22T19:58:52+00:00","breadcrumb":{"@id":"https:\/\/demoweb.info\/sexshop001\/producto\/arnes-de-diseno-de-cuero-ajustable-negro\/#breadcrumb"},"inLanguage":"es","potentialAction":[{"@type":"ReadAction","target":["https:\/\/demoweb.info\/sexshop001\/producto\/arnes-de-diseno-de-cuero-ajustable-negro\/"]}]},{"@type":"BreadcrumbList","@id":"https:\/\/demoweb.info\/sexshop001\/producto\/arnes-de-diseno-de-cuero-ajustable-negro\/#breadcrumb","itemListElement":[{"@type":"ListItem","position":1,"name":"Portada","item":"https:\/\/demoweb.info\/sexshop001\/"},{"@type":"ListItem","position":2,"name":"Tienda","item":"https:\/\/demoweb.info\/sexshop001\/tienda\/"},{"@type":"ListItem","position":3,"name":"ARNES DE DISE\u00d1O DE CUERO AJUSTABLE NEGRO"}]},{"@type":"WebSite","@id":"https:\/\/demoweb.info\/sexshop001\/#website","url":"https:\/\/demoweb.info\/sexshop001\/","name":"Tienda Er\u00f3tica","description":"DEMOWEB SL","potentialAction":[{"@type":"SearchAction","target":{"@type":"EntryPoint","urlTemplate":"https:\/\/demoweb.info\/sexshop001\/?s={search_term_string}"},"query-input":"required name=search_term_string"}],"inLanguage":"es"}]}},"_links":{"self":[{"href":"https:\/\/demoweb.info\/sexshop001\/wp-json\/wp\/v3\/product\/72478","targetHints":{"allow":["GET"]}}],"collection":[{"href":"https:\/\/demoweb.info\/sexshop001\/wp-json\/wp\/v3\/product"}],"about":[{"href":"https:\/\/demoweb.info\/sexshop001\/wp-json\/wp\/v2\/types\/product"}],"replies":[{"embeddable":true,"href":"https:\/\/demoweb.info\/sexshop001\/wp-json\/wp\/v2\/comments?post=72478"}],"wp:featuredmedia":[{"embeddable":true,"href":"https:\/\/demoweb.info\/sexshop001\/wp-json\/wp\/v2\/media\/72479"}],"wp:attachment":[{"href":"https:\/\/demoweb.info\/sexshop001\/wp-json\/wp\/v2\/media?parent=72478"}],"wp:term":[{"taxonomy":"product_cat","embeddable":true,"href":"https:\/\/demoweb.info\/sexshop001\/wp-json\/wp\/v2\/product_cat?post=72478"},{"taxonomy":"product_tag","embeddable":true,"href":"https:\/\/demoweb.info\/sexshop001\/wp-json\/wp\/v2\/product_tag?post=72478"}],"curies":[{"name":"wp","href":"https:\/\/api.w.org\/{rel}","templated":true}]}}