{"id":72473,"date":"2022-01-22T20:58:30","date_gmt":"2022-01-22T19:58:30","guid":{"rendered":"https:\/\/demoweb.info\/sexshop001\/producto\/cadena-de-cuero-con-mango\/"},"modified":"2022-01-22T20:58:48","modified_gmt":"2022-01-22T19:58:48","slug":"cadena-de-cuero-con-mango","status":"publish","type":"product","link":"https:\/\/demoweb.info\/sexshop001\/producto\/cadena-de-cuero-con-mango\/","title":{"rendered":"CADENA DE CUERO CON MANGO"},"content":{"rendered":"<p><strong>LEATHER HANDLE CHAIN LEAD NEGRO<\/strong><\/p>\n<p>\u00a1Ten en control total con esta CADENA DE MANDO CON ASA DE CUERO!<br \/>\n\u00a1Establece la cadena de mando y haz que sea claro que eres t\u00fa quien manda! Ya sea un cachorro a quien quieras disciplinar o un s\u00fabdito que no quiere obedecer quien necesite una lecci\u00f3n de obediencia, este mando vers\u00e1til te asegurar\u00e1 de tener al objeto de tu deseo cerca de ti. Este mando hermosamente elaborado con acero inoxidable viene con una tira de cuero de alta calidad y un gancho de f\u00e1cil apertura que puede anexarse a cualquier collar, esposas o ataduras de tu escogencia.\n <\/p>\n<ul>\n<li>Dimensiones del producto    108 x 2 x 1,5 cm<\/li>\n<li>Peso del producto    210,00 gram<\/li>\n<li>Materiales    Real Leather<\/li>\n<\/ul>\n","protected":false},"excerpt":{"rendered":"<p>LEATHER HANDLE CHAIN LEAD NEGRO \u00a1Ten en control total con esta CADENA DE MANDO CON ASA DE CUERO! \u00a1Establece la<\/p>\n","protected":false},"featured_media":72474,"comment_status":"open","ping_status":"open","template":"","meta":[],"product_cat":[540],"product_tag":[307,302],"class_list":["post-72473","product","type-product","status-publish","has-post-thumbnail","hentry","product_cat-accesorios-ataduras","product_tag-ouch","product_tag-shots"],"bundled_by":[],"bundle_stock_status":"outofstock","bundle_stock_quantity":0,"bundle_virtual":false,"bundle_layout":"","bundle_add_to_cart_form_location":"","bundle_editable_in_cart":false,"bundle_sold_individually_context":"","bundle_item_grouping":"","bundle_min_size":"","bundle_max_size":"","bundled_items":[],"yoast_head":"<!-- This site is optimized with the Yoast SEO plugin v20.6 - https:\/\/yoast.com\/wordpress\/plugins\/seo\/ -->\n<title>CADENA DE CUERO CON MANGO - Tienda Er\u00f3tica<\/title>\n<meta name=\"robots\" content=\"noindex, follow, max-snippet:-1, max-image-preview:large, max-video-preview:-1\" \/>\n<meta property=\"og:locale\" content=\"es_ES\" \/>\n<meta property=\"og:type\" content=\"article\" \/>\n<meta property=\"og:title\" content=\"CADENA DE CUERO CON MANGO - Tienda Er\u00f3tica\" \/>\n<meta property=\"og:description\" content=\"LEATHER HANDLE CHAIN LEAD NEGRO \u00a1Ten en control total con esta CADENA DE MANDO CON ASA DE CUERO! \u00a1Establece la\" \/>\n<meta property=\"og:url\" content=\"https:\/\/demoweb.info\/sexshop001\/producto\/cadena-de-cuero-con-mango\/\" \/>\n<meta property=\"og:site_name\" content=\"Tienda Er\u00f3tica\" \/>\n<meta property=\"article:modified_time\" content=\"2022-01-22T19:58:48+00:00\" \/>\n<meta property=\"og:image\" content=\"https:\/\/demoweb.info\/sexshop001\/wp-content\/uploads\/2022\/01\/CADENA-DE-CUERO-CON-MANGO.jpg\" \/>\n\t<meta property=\"og:image:width\" content=\"550\" \/>\n\t<meta property=\"og:image:height\" content=\"550\" \/>\n\t<meta property=\"og:image:type\" content=\"image\/jpeg\" \/>\n<meta name=\"twitter:card\" content=\"summary_large_image\" \/>\n<meta name=\"twitter:label1\" content=\"Tiempo de lectura\" \/>\n\t<meta name=\"twitter:data1\" content=\"1 minuto\" \/>\n<script type=\"application\/ld+json\" class=\"yoast-schema-graph\">{\"@context\":\"https:\/\/schema.org\",\"@graph\":[{\"@type\":\"WebPage\",\"@id\":\"https:\/\/demoweb.info\/sexshop001\/producto\/cadena-de-cuero-con-mango\/\",\"url\":\"https:\/\/demoweb.info\/sexshop001\/producto\/cadena-de-cuero-con-mango\/\",\"name\":\"CADENA DE CUERO CON MANGO - Tienda Er\u00f3tica\",\"isPartOf\":{\"@id\":\"https:\/\/demoweb.info\/sexshop001\/#website\"},\"datePublished\":\"2022-01-22T19:58:30+00:00\",\"dateModified\":\"2022-01-22T19:58:48+00:00\",\"breadcrumb\":{\"@id\":\"https:\/\/demoweb.info\/sexshop001\/producto\/cadena-de-cuero-con-mango\/#breadcrumb\"},\"inLanguage\":\"es\",\"potentialAction\":[{\"@type\":\"ReadAction\",\"target\":[\"https:\/\/demoweb.info\/sexshop001\/producto\/cadena-de-cuero-con-mango\/\"]}]},{\"@type\":\"BreadcrumbList\",\"@id\":\"https:\/\/demoweb.info\/sexshop001\/producto\/cadena-de-cuero-con-mango\/#breadcrumb\",\"itemListElement\":[{\"@type\":\"ListItem\",\"position\":1,\"name\":\"Portada\",\"item\":\"https:\/\/demoweb.info\/sexshop001\/\"},{\"@type\":\"ListItem\",\"position\":2,\"name\":\"Tienda\",\"item\":\"https:\/\/demoweb.info\/sexshop001\/tienda\/\"},{\"@type\":\"ListItem\",\"position\":3,\"name\":\"CADENA DE CUERO CON MANGO\"}]},{\"@type\":\"WebSite\",\"@id\":\"https:\/\/demoweb.info\/sexshop001\/#website\",\"url\":\"https:\/\/demoweb.info\/sexshop001\/\",\"name\":\"Tienda Er\u00f3tica\",\"description\":\"DEMOWEB SL\",\"potentialAction\":[{\"@type\":\"SearchAction\",\"target\":{\"@type\":\"EntryPoint\",\"urlTemplate\":\"https:\/\/demoweb.info\/sexshop001\/?s={search_term_string}\"},\"query-input\":\"required name=search_term_string\"}],\"inLanguage\":\"es\"}]}<\/script>\n<!-- \/ Yoast SEO plugin. -->","yoast_head_json":{"title":"CADENA DE CUERO CON MANGO - Tienda Er\u00f3tica","robots":{"index":"noindex","follow":"follow","max-snippet":"max-snippet:-1","max-image-preview":"max-image-preview:large","max-video-preview":"max-video-preview:-1"},"og_locale":"es_ES","og_type":"article","og_title":"CADENA DE CUERO CON MANGO - Tienda Er\u00f3tica","og_description":"LEATHER HANDLE CHAIN LEAD NEGRO \u00a1Ten en control total con esta CADENA DE MANDO CON ASA DE CUERO! \u00a1Establece la","og_url":"https:\/\/demoweb.info\/sexshop001\/producto\/cadena-de-cuero-con-mango\/","og_site_name":"Tienda Er\u00f3tica","article_modified_time":"2022-01-22T19:58:48+00:00","og_image":[{"width":550,"height":550,"url":"https:\/\/demoweb.info\/sexshop001\/wp-content\/uploads\/2022\/01\/CADENA-DE-CUERO-CON-MANGO.jpg","type":"image\/jpeg"}],"twitter_card":"summary_large_image","twitter_misc":{"Tiempo de lectura":"1 minuto"},"schema":{"@context":"https:\/\/schema.org","@graph":[{"@type":"WebPage","@id":"https:\/\/demoweb.info\/sexshop001\/producto\/cadena-de-cuero-con-mango\/","url":"https:\/\/demoweb.info\/sexshop001\/producto\/cadena-de-cuero-con-mango\/","name":"CADENA DE CUERO CON MANGO - Tienda Er\u00f3tica","isPartOf":{"@id":"https:\/\/demoweb.info\/sexshop001\/#website"},"datePublished":"2022-01-22T19:58:30+00:00","dateModified":"2022-01-22T19:58:48+00:00","breadcrumb":{"@id":"https:\/\/demoweb.info\/sexshop001\/producto\/cadena-de-cuero-con-mango\/#breadcrumb"},"inLanguage":"es","potentialAction":[{"@type":"ReadAction","target":["https:\/\/demoweb.info\/sexshop001\/producto\/cadena-de-cuero-con-mango\/"]}]},{"@type":"BreadcrumbList","@id":"https:\/\/demoweb.info\/sexshop001\/producto\/cadena-de-cuero-con-mango\/#breadcrumb","itemListElement":[{"@type":"ListItem","position":1,"name":"Portada","item":"https:\/\/demoweb.info\/sexshop001\/"},{"@type":"ListItem","position":2,"name":"Tienda","item":"https:\/\/demoweb.info\/sexshop001\/tienda\/"},{"@type":"ListItem","position":3,"name":"CADENA DE CUERO CON MANGO"}]},{"@type":"WebSite","@id":"https:\/\/demoweb.info\/sexshop001\/#website","url":"https:\/\/demoweb.info\/sexshop001\/","name":"Tienda Er\u00f3tica","description":"DEMOWEB SL","potentialAction":[{"@type":"SearchAction","target":{"@type":"EntryPoint","urlTemplate":"https:\/\/demoweb.info\/sexshop001\/?s={search_term_string}"},"query-input":"required name=search_term_string"}],"inLanguage":"es"}]}},"_links":{"self":[{"href":"https:\/\/demoweb.info\/sexshop001\/wp-json\/wp\/v3\/product\/72473","targetHints":{"allow":["GET"]}}],"collection":[{"href":"https:\/\/demoweb.info\/sexshop001\/wp-json\/wp\/v3\/product"}],"about":[{"href":"https:\/\/demoweb.info\/sexshop001\/wp-json\/wp\/v2\/types\/product"}],"replies":[{"embeddable":true,"href":"https:\/\/demoweb.info\/sexshop001\/wp-json\/wp\/v2\/comments?post=72473"}],"wp:featuredmedia":[{"embeddable":true,"href":"https:\/\/demoweb.info\/sexshop001\/wp-json\/wp\/v2\/media\/72474"}],"wp:attachment":[{"href":"https:\/\/demoweb.info\/sexshop001\/wp-json\/wp\/v2\/media?parent=72473"}],"wp:term":[{"taxonomy":"product_cat","embeddable":true,"href":"https:\/\/demoweb.info\/sexshop001\/wp-json\/wp\/v2\/product_cat?post=72473"},{"taxonomy":"product_tag","embeddable":true,"href":"https:\/\/demoweb.info\/sexshop001\/wp-json\/wp\/v2\/product_tag?post=72473"}],"curies":[{"name":"wp","href":"https:\/\/api.w.org\/{rel}","templated":true}]}}