{"id":7245,"date":"2022-01-22T09:28:02","date_gmt":"2022-01-22T08:28:02","guid":{"rendered":"https:\/\/demoweb.info\/sexshop001\/producto\/oval-mordaza-transpirable-rojo\/"},"modified":"2022-01-22T09:28:02","modified_gmt":"2022-01-22T08:28:02","slug":"oval-mordaza-transpirable-rojo","status":"publish","type":"product","link":"https:\/\/demoweb.info\/sexshop001\/producto\/oval-mordaza-transpirable-rojo\/","title":{"rendered":"OVAL MORDAZA TRANSPIRABLE ROJO"},"content":{"rendered":"<p><strong>OVAL SILICONE BALL GAG RED<\/strong><\/p>\n<p>Esta sensacional mordaza ovalada, mantendr\u00e1 a tu pareja sumisa totalmente en silencio, con c\u00f3modas correas de cuero con cierre de botones, esta gran mordaza de bola seguramente satisfar\u00e1 los requisitos de esclavitud de tu dormitorio. Una mordaza de bola simple que es de gran tama\u00f1o para bloquear la boca de tus amantes y amortiguar cualquier grito de placer o dolor. Fijaci\u00f3n en la parte posterior de la cabeza con poppers, es totalmente ajustable y f\u00e1cil de quitar cuando sea necesario.<\/p>\n<p>Materiales: Piel y silicona.<br \/>\nDi\u00e1metro oval: 42,5 mm<\/p><\/p>\n","protected":false},"excerpt":{"rendered":"<p>OVAL SILICONE BALL GAG RED Esta sensacional mordaza ovalada, mantendr\u00e1 a tu pareja sumisa totalmente en silencio, con c\u00f3modas correas<\/p>\n","protected":false},"featured_media":7246,"comment_status":"open","ping_status":"open","template":"","meta":[],"product_cat":[288],"product_tag":[283],"class_list":["post-7245","product","type-product","status-publish","has-post-thumbnail","hentry","product_cat-mordazas","product_tag-triune"],"bundled_by":[],"bundle_stock_status":"instock","bundle_stock_quantity":1,"bundle_virtual":false,"bundle_layout":"","bundle_add_to_cart_form_location":"","bundle_editable_in_cart":false,"bundle_sold_individually_context":"","bundle_item_grouping":"","bundle_min_size":"","bundle_max_size":"","bundled_items":[],"yoast_head":"<!-- This site is optimized with the Yoast SEO plugin v20.6 - https:\/\/yoast.com\/wordpress\/plugins\/seo\/ -->\n<title>OVAL MORDAZA TRANSPIRABLE ROJO - Tienda Er\u00f3tica<\/title>\n<meta name=\"robots\" content=\"noindex, follow, max-snippet:-1, max-image-preview:large, max-video-preview:-1\" \/>\n<meta property=\"og:locale\" content=\"es_ES\" \/>\n<meta property=\"og:type\" content=\"article\" \/>\n<meta property=\"og:title\" content=\"OVAL MORDAZA TRANSPIRABLE ROJO - Tienda Er\u00f3tica\" \/>\n<meta property=\"og:description\" content=\"OVAL SILICONE BALL GAG RED Esta sensacional mordaza ovalada, mantendr\u00e1 a tu pareja sumisa totalmente en silencio, con c\u00f3modas correas\" \/>\n<meta property=\"og:url\" content=\"https:\/\/demoweb.info\/sexshop001\/producto\/oval-mordaza-transpirable-rojo\/\" \/>\n<meta property=\"og:site_name\" content=\"Tienda Er\u00f3tica\" \/>\n<meta property=\"og:image\" content=\"https:\/\/demoweb.info\/sexshop001\/wp-content\/uploads\/2022\/01\/OVAL-MORDAZA-TRANSPIRABLE-ROJO.jpg\" \/>\n\t<meta property=\"og:image:width\" content=\"550\" \/>\n\t<meta property=\"og:image:height\" content=\"550\" \/>\n\t<meta property=\"og:image:type\" content=\"image\/jpeg\" \/>\n<meta name=\"twitter:card\" content=\"summary_large_image\" \/>\n<script type=\"application\/ld+json\" class=\"yoast-schema-graph\">{\"@context\":\"https:\/\/schema.org\",\"@graph\":[{\"@type\":\"WebPage\",\"@id\":\"https:\/\/demoweb.info\/sexshop001\/producto\/oval-mordaza-transpirable-rojo\/\",\"url\":\"https:\/\/demoweb.info\/sexshop001\/producto\/oval-mordaza-transpirable-rojo\/\",\"name\":\"OVAL MORDAZA TRANSPIRABLE ROJO - Tienda Er\u00f3tica\",\"isPartOf\":{\"@id\":\"https:\/\/demoweb.info\/sexshop001\/#website\"},\"datePublished\":\"2022-01-22T08:28:02+00:00\",\"dateModified\":\"2022-01-22T08:28:02+00:00\",\"breadcrumb\":{\"@id\":\"https:\/\/demoweb.info\/sexshop001\/producto\/oval-mordaza-transpirable-rojo\/#breadcrumb\"},\"inLanguage\":\"es\",\"potentialAction\":[{\"@type\":\"ReadAction\",\"target\":[\"https:\/\/demoweb.info\/sexshop001\/producto\/oval-mordaza-transpirable-rojo\/\"]}]},{\"@type\":\"BreadcrumbList\",\"@id\":\"https:\/\/demoweb.info\/sexshop001\/producto\/oval-mordaza-transpirable-rojo\/#breadcrumb\",\"itemListElement\":[{\"@type\":\"ListItem\",\"position\":1,\"name\":\"Portada\",\"item\":\"https:\/\/demoweb.info\/sexshop001\/\"},{\"@type\":\"ListItem\",\"position\":2,\"name\":\"Tienda\",\"item\":\"https:\/\/demoweb.info\/sexshop001\/tienda\/\"},{\"@type\":\"ListItem\",\"position\":3,\"name\":\"OVAL MORDAZA TRANSPIRABLE ROJO\"}]},{\"@type\":\"WebSite\",\"@id\":\"https:\/\/demoweb.info\/sexshop001\/#website\",\"url\":\"https:\/\/demoweb.info\/sexshop001\/\",\"name\":\"Tienda Er\u00f3tica\",\"description\":\"DEMOWEB SL\",\"potentialAction\":[{\"@type\":\"SearchAction\",\"target\":{\"@type\":\"EntryPoint\",\"urlTemplate\":\"https:\/\/demoweb.info\/sexshop001\/?s={search_term_string}\"},\"query-input\":\"required name=search_term_string\"}],\"inLanguage\":\"es\"}]}<\/script>\n<!-- \/ Yoast SEO plugin. -->","yoast_head_json":{"title":"OVAL MORDAZA TRANSPIRABLE ROJO - Tienda Er\u00f3tica","robots":{"index":"noindex","follow":"follow","max-snippet":"max-snippet:-1","max-image-preview":"max-image-preview:large","max-video-preview":"max-video-preview:-1"},"og_locale":"es_ES","og_type":"article","og_title":"OVAL MORDAZA TRANSPIRABLE ROJO - Tienda Er\u00f3tica","og_description":"OVAL SILICONE BALL GAG RED Esta sensacional mordaza ovalada, mantendr\u00e1 a tu pareja sumisa totalmente en silencio, con c\u00f3modas correas","og_url":"https:\/\/demoweb.info\/sexshop001\/producto\/oval-mordaza-transpirable-rojo\/","og_site_name":"Tienda Er\u00f3tica","og_image":[{"width":550,"height":550,"url":"https:\/\/demoweb.info\/sexshop001\/wp-content\/uploads\/2022\/01\/OVAL-MORDAZA-TRANSPIRABLE-ROJO.jpg","type":"image\/jpeg"}],"twitter_card":"summary_large_image","schema":{"@context":"https:\/\/schema.org","@graph":[{"@type":"WebPage","@id":"https:\/\/demoweb.info\/sexshop001\/producto\/oval-mordaza-transpirable-rojo\/","url":"https:\/\/demoweb.info\/sexshop001\/producto\/oval-mordaza-transpirable-rojo\/","name":"OVAL MORDAZA TRANSPIRABLE ROJO - Tienda Er\u00f3tica","isPartOf":{"@id":"https:\/\/demoweb.info\/sexshop001\/#website"},"datePublished":"2022-01-22T08:28:02+00:00","dateModified":"2022-01-22T08:28:02+00:00","breadcrumb":{"@id":"https:\/\/demoweb.info\/sexshop001\/producto\/oval-mordaza-transpirable-rojo\/#breadcrumb"},"inLanguage":"es","potentialAction":[{"@type":"ReadAction","target":["https:\/\/demoweb.info\/sexshop001\/producto\/oval-mordaza-transpirable-rojo\/"]}]},{"@type":"BreadcrumbList","@id":"https:\/\/demoweb.info\/sexshop001\/producto\/oval-mordaza-transpirable-rojo\/#breadcrumb","itemListElement":[{"@type":"ListItem","position":1,"name":"Portada","item":"https:\/\/demoweb.info\/sexshop001\/"},{"@type":"ListItem","position":2,"name":"Tienda","item":"https:\/\/demoweb.info\/sexshop001\/tienda\/"},{"@type":"ListItem","position":3,"name":"OVAL MORDAZA TRANSPIRABLE ROJO"}]},{"@type":"WebSite","@id":"https:\/\/demoweb.info\/sexshop001\/#website","url":"https:\/\/demoweb.info\/sexshop001\/","name":"Tienda Er\u00f3tica","description":"DEMOWEB SL","potentialAction":[{"@type":"SearchAction","target":{"@type":"EntryPoint","urlTemplate":"https:\/\/demoweb.info\/sexshop001\/?s={search_term_string}"},"query-input":"required name=search_term_string"}],"inLanguage":"es"}]}},"_links":{"self":[{"href":"https:\/\/demoweb.info\/sexshop001\/wp-json\/wp\/v3\/product\/7245","targetHints":{"allow":["GET"]}}],"collection":[{"href":"https:\/\/demoweb.info\/sexshop001\/wp-json\/wp\/v3\/product"}],"about":[{"href":"https:\/\/demoweb.info\/sexshop001\/wp-json\/wp\/v2\/types\/product"}],"replies":[{"embeddable":true,"href":"https:\/\/demoweb.info\/sexshop001\/wp-json\/wp\/v2\/comments?post=7245"}],"wp:featuredmedia":[{"embeddable":true,"href":"https:\/\/demoweb.info\/sexshop001\/wp-json\/wp\/v2\/media\/7246"}],"wp:attachment":[{"href":"https:\/\/demoweb.info\/sexshop001\/wp-json\/wp\/v2\/media?parent=7245"}],"wp:term":[{"taxonomy":"product_cat","embeddable":true,"href":"https:\/\/demoweb.info\/sexshop001\/wp-json\/wp\/v2\/product_cat?post=7245"},{"taxonomy":"product_tag","embeddable":true,"href":"https:\/\/demoweb.info\/sexshop001\/wp-json\/wp\/v2\/product_tag?post=7245"}],"curies":[{"name":"wp","href":"https:\/\/api.w.org\/{rel}","templated":true}]}}