{"id":72448,"date":"2022-01-22T20:58:30","date_gmt":"2022-01-22T19:58:30","guid":{"rendered":"https:\/\/demoweb.info\/sexshop001\/producto\/fusta-plegable-negro\/"},"modified":"2022-01-22T20:58:30","modified_gmt":"2022-01-22T19:58:30","slug":"fusta-plegable-negro","status":"publish","type":"product","link":"https:\/\/demoweb.info\/sexshop001\/producto\/fusta-plegable-negro\/","title":{"rendered":"FUSTA PLEGABLE &#8211; NEGRO"},"content":{"rendered":"<p><strong>FOLDED SLAPPER <\/strong><\/p>\n<p>El hermoso Percutor Plegado ha sido dise\u00f1ado para dar sensaciones intensas de nalgadas sobre las nalgas, pero puedes generar mucho m\u00e1s que sensaciones sobre el objeto de tu deseo.<\/p>\n<p>Est\u00e1 elaborado con un arn\u00e9s de cuero fuerte, flexible, extra grueso y con una doble longitud. Esto significa que esta adici\u00f3n a tu juego sadomasoquista ser\u00e1 para un largo tiempo.<\/p>\n<p>Este s\u00f3lido juguete genera un gran impacto, es flexible para ajustarse a la forma del \u00e1rea objetivo, y tambi\u00e9n es sedoso y suave al tacto. Proporciona una sensaci\u00f3n relajante cuando solo se frota sobre la piel desnuda.<\/p>\n<p>La longitud de este juguete es de 60 cm . El asa mide 15 cm. Pesa 270 gramos.<\/p>\n","protected":false},"excerpt":{"rendered":"<p>FOLDED SLAPPER El hermoso Percutor Plegado ha sido dise\u00f1ado para dar sensaciones intensas de nalgadas sobre las nalgas, pero puedes<\/p>\n","protected":false},"featured_media":72449,"comment_status":"open","ping_status":"open","template":"","meta":[],"product_cat":[337],"product_tag":[307,302],"class_list":["post-72448","product","type-product","status-publish","has-post-thumbnail","hentry","product_cat-paletas","product_tag-ouch","product_tag-shots"],"bundled_by":[],"bundle_stock_status":"outofstock","bundle_stock_quantity":0,"bundle_virtual":false,"bundle_layout":"","bundle_add_to_cart_form_location":"","bundle_editable_in_cart":false,"bundle_sold_individually_context":"","bundle_item_grouping":"","bundle_min_size":"","bundle_max_size":"","bundled_items":[],"yoast_head":"<!-- This site is optimized with the Yoast SEO plugin v20.6 - https:\/\/yoast.com\/wordpress\/plugins\/seo\/ -->\n<title>FUSTA PLEGABLE - NEGRO - Tienda Er\u00f3tica<\/title>\n<meta name=\"robots\" content=\"noindex, follow, max-snippet:-1, max-image-preview:large, max-video-preview:-1\" \/>\n<meta property=\"og:locale\" content=\"es_ES\" \/>\n<meta property=\"og:type\" content=\"article\" \/>\n<meta property=\"og:title\" content=\"FUSTA PLEGABLE - NEGRO - Tienda Er\u00f3tica\" \/>\n<meta property=\"og:description\" content=\"FOLDED SLAPPER El hermoso Percutor Plegado ha sido dise\u00f1ado para dar sensaciones intensas de nalgadas sobre las nalgas, pero puedes\" \/>\n<meta property=\"og:url\" content=\"https:\/\/demoweb.info\/sexshop001\/producto\/fusta-plegable-negro\/\" \/>\n<meta property=\"og:site_name\" content=\"Tienda Er\u00f3tica\" \/>\n<meta property=\"og:image\" content=\"https:\/\/demoweb.info\/sexshop001\/wp-content\/uploads\/2022\/01\/FUSTA-PLEGABLE-NEGRO.jpg\" \/>\n\t<meta property=\"og:image:width\" content=\"550\" \/>\n\t<meta property=\"og:image:height\" content=\"550\" \/>\n\t<meta property=\"og:image:type\" content=\"image\/jpeg\" \/>\n<meta name=\"twitter:card\" content=\"summary_large_image\" \/>\n<meta name=\"twitter:label1\" content=\"Tiempo de lectura\" \/>\n\t<meta name=\"twitter:data1\" content=\"1 minuto\" \/>\n<script type=\"application\/ld+json\" class=\"yoast-schema-graph\">{\"@context\":\"https:\/\/schema.org\",\"@graph\":[{\"@type\":\"WebPage\",\"@id\":\"https:\/\/demoweb.info\/sexshop001\/producto\/fusta-plegable-negro\/\",\"url\":\"https:\/\/demoweb.info\/sexshop001\/producto\/fusta-plegable-negro\/\",\"name\":\"FUSTA PLEGABLE - NEGRO - Tienda Er\u00f3tica\",\"isPartOf\":{\"@id\":\"https:\/\/demoweb.info\/sexshop001\/#website\"},\"datePublished\":\"2022-01-22T19:58:30+00:00\",\"dateModified\":\"2022-01-22T19:58:30+00:00\",\"breadcrumb\":{\"@id\":\"https:\/\/demoweb.info\/sexshop001\/producto\/fusta-plegable-negro\/#breadcrumb\"},\"inLanguage\":\"es\",\"potentialAction\":[{\"@type\":\"ReadAction\",\"target\":[\"https:\/\/demoweb.info\/sexshop001\/producto\/fusta-plegable-negro\/\"]}]},{\"@type\":\"BreadcrumbList\",\"@id\":\"https:\/\/demoweb.info\/sexshop001\/producto\/fusta-plegable-negro\/#breadcrumb\",\"itemListElement\":[{\"@type\":\"ListItem\",\"position\":1,\"name\":\"Portada\",\"item\":\"https:\/\/demoweb.info\/sexshop001\/\"},{\"@type\":\"ListItem\",\"position\":2,\"name\":\"Tienda\",\"item\":\"https:\/\/demoweb.info\/sexshop001\/tienda\/\"},{\"@type\":\"ListItem\",\"position\":3,\"name\":\"FUSTA PLEGABLE &#8211; NEGRO\"}]},{\"@type\":\"WebSite\",\"@id\":\"https:\/\/demoweb.info\/sexshop001\/#website\",\"url\":\"https:\/\/demoweb.info\/sexshop001\/\",\"name\":\"Tienda Er\u00f3tica\",\"description\":\"DEMOWEB SL\",\"potentialAction\":[{\"@type\":\"SearchAction\",\"target\":{\"@type\":\"EntryPoint\",\"urlTemplate\":\"https:\/\/demoweb.info\/sexshop001\/?s={search_term_string}\"},\"query-input\":\"required name=search_term_string\"}],\"inLanguage\":\"es\"}]}<\/script>\n<!-- \/ Yoast SEO plugin. -->","yoast_head_json":{"title":"FUSTA PLEGABLE - NEGRO - Tienda Er\u00f3tica","robots":{"index":"noindex","follow":"follow","max-snippet":"max-snippet:-1","max-image-preview":"max-image-preview:large","max-video-preview":"max-video-preview:-1"},"og_locale":"es_ES","og_type":"article","og_title":"FUSTA PLEGABLE - NEGRO - Tienda Er\u00f3tica","og_description":"FOLDED SLAPPER El hermoso Percutor Plegado ha sido dise\u00f1ado para dar sensaciones intensas de nalgadas sobre las nalgas, pero puedes","og_url":"https:\/\/demoweb.info\/sexshop001\/producto\/fusta-plegable-negro\/","og_site_name":"Tienda Er\u00f3tica","og_image":[{"width":550,"height":550,"url":"https:\/\/demoweb.info\/sexshop001\/wp-content\/uploads\/2022\/01\/FUSTA-PLEGABLE-NEGRO.jpg","type":"image\/jpeg"}],"twitter_card":"summary_large_image","twitter_misc":{"Tiempo de lectura":"1 minuto"},"schema":{"@context":"https:\/\/schema.org","@graph":[{"@type":"WebPage","@id":"https:\/\/demoweb.info\/sexshop001\/producto\/fusta-plegable-negro\/","url":"https:\/\/demoweb.info\/sexshop001\/producto\/fusta-plegable-negro\/","name":"FUSTA PLEGABLE - NEGRO - Tienda Er\u00f3tica","isPartOf":{"@id":"https:\/\/demoweb.info\/sexshop001\/#website"},"datePublished":"2022-01-22T19:58:30+00:00","dateModified":"2022-01-22T19:58:30+00:00","breadcrumb":{"@id":"https:\/\/demoweb.info\/sexshop001\/producto\/fusta-plegable-negro\/#breadcrumb"},"inLanguage":"es","potentialAction":[{"@type":"ReadAction","target":["https:\/\/demoweb.info\/sexshop001\/producto\/fusta-plegable-negro\/"]}]},{"@type":"BreadcrumbList","@id":"https:\/\/demoweb.info\/sexshop001\/producto\/fusta-plegable-negro\/#breadcrumb","itemListElement":[{"@type":"ListItem","position":1,"name":"Portada","item":"https:\/\/demoweb.info\/sexshop001\/"},{"@type":"ListItem","position":2,"name":"Tienda","item":"https:\/\/demoweb.info\/sexshop001\/tienda\/"},{"@type":"ListItem","position":3,"name":"FUSTA PLEGABLE &#8211; NEGRO"}]},{"@type":"WebSite","@id":"https:\/\/demoweb.info\/sexshop001\/#website","url":"https:\/\/demoweb.info\/sexshop001\/","name":"Tienda Er\u00f3tica","description":"DEMOWEB SL","potentialAction":[{"@type":"SearchAction","target":{"@type":"EntryPoint","urlTemplate":"https:\/\/demoweb.info\/sexshop001\/?s={search_term_string}"},"query-input":"required name=search_term_string"}],"inLanguage":"es"}]}},"_links":{"self":[{"href":"https:\/\/demoweb.info\/sexshop001\/wp-json\/wp\/v3\/product\/72448","targetHints":{"allow":["GET"]}}],"collection":[{"href":"https:\/\/demoweb.info\/sexshop001\/wp-json\/wp\/v3\/product"}],"about":[{"href":"https:\/\/demoweb.info\/sexshop001\/wp-json\/wp\/v2\/types\/product"}],"replies":[{"embeddable":true,"href":"https:\/\/demoweb.info\/sexshop001\/wp-json\/wp\/v2\/comments?post=72448"}],"wp:featuredmedia":[{"embeddable":true,"href":"https:\/\/demoweb.info\/sexshop001\/wp-json\/wp\/v2\/media\/72449"}],"wp:attachment":[{"href":"https:\/\/demoweb.info\/sexshop001\/wp-json\/wp\/v2\/media?parent=72448"}],"wp:term":[{"taxonomy":"product_cat","embeddable":true,"href":"https:\/\/demoweb.info\/sexshop001\/wp-json\/wp\/v2\/product_cat?post=72448"},{"taxonomy":"product_tag","embeddable":true,"href":"https:\/\/demoweb.info\/sexshop001\/wp-json\/wp\/v2\/product_tag?post=72448"}],"curies":[{"name":"wp","href":"https:\/\/api.w.org\/{rel}","templated":true}]}}