{"id":7243,"date":"2022-01-22T09:27:32","date_gmt":"2022-01-22T08:27:32","guid":{"rendered":"https:\/\/demoweb.info\/sexshop001\/producto\/pjur-woman-nude-lubricante-base-agua-100-ml\/"},"modified":"2022-01-22T09:27:59","modified_gmt":"2022-01-22T08:27:59","slug":"pjur-woman-nude-lubricante-base-agua-100-ml","status":"publish","type":"product","link":"https:\/\/demoweb.info\/sexshop001\/producto\/pjur-woman-nude-lubricante-base-agua-100-ml\/","title":{"rendered":"PJUR WOMAN NUDE LUBRICANTE BASE AGUA 100 ML"},"content":{"rendered":"<p><strong>PJUR WOMAN NUDE WATERBASED 100 ML<\/strong>.<\/p>\n<p><strong>Vivir de manera m\u00e1s consciente<\/strong> y sostenible est\u00e1 de moda. El lubricante neutro con base de agua pjur Woman Nude tiene en cuenta esta moda y, por eso, <strong>no tiene conservantes<\/strong>. No contiene ni glicerina, ni parabenos, ni conservantes. por supuesto, esto no afecta a la <strong>calidad premium<\/strong> y, como todos los productos pjur, no contiene aceites, grasas o perfume. pjur Woman Nude ha sido especialmente dise\u00f1ado para la <strong>piel delicada y sensible de la mujer<\/strong> siendo un producto totalmente libre de olores y sabores.<\/p>\n<p>&#8211; <strong>Sin glicerina, sin parabenos y sin conservantes<\/strong>.<br \/>\n&#8211; Dise\u00f1ado especialmente para <strong>la piel delicada y sensible de las mujeres concienciadas.<\/strong>.<br \/>\n&#8211; <strong>Acondiciona y protege<\/strong> la piel sin volverse pegajoso.<\/p>\n<p>Envase de 100 ml.<\/p>\n","protected":false},"excerpt":{"rendered":"<p>PJUR WOMAN NUDE WATERBASED 100 ML. Vivir de manera m\u00e1s consciente y sostenible est\u00e1 de moda. El lubricante neutro con<\/p>\n","protected":false},"featured_media":7244,"comment_status":"open","ping_status":"open","template":"","meta":[],"product_cat":[268],"product_tag":[255,269],"class_list":["post-7243","product","type-product","status-publish","has-post-thumbnail","hentry","product_cat-base-agua-lubricantes-aceites-y-lubricantes","product_tag-pjur","product_tag-sex-and-massage"],"bundled_by":[],"bundle_stock_status":"instock","bundle_stock_quantity":1,"bundle_virtual":false,"bundle_layout":"","bundle_add_to_cart_form_location":"","bundle_editable_in_cart":false,"bundle_sold_individually_context":"","bundle_item_grouping":"","bundle_min_size":"","bundle_max_size":"","bundled_items":[],"yoast_head":"<!-- This site is optimized with the Yoast SEO plugin v20.6 - https:\/\/yoast.com\/wordpress\/plugins\/seo\/ -->\n<title>PJUR WOMAN NUDE LUBRICANTE BASE AGUA 100 ML - Tienda Er\u00f3tica<\/title>\n<meta name=\"robots\" content=\"noindex, follow, max-snippet:-1, max-image-preview:large, max-video-preview:-1\" \/>\n<meta property=\"og:locale\" content=\"es_ES\" \/>\n<meta property=\"og:type\" content=\"article\" \/>\n<meta property=\"og:title\" content=\"PJUR WOMAN NUDE LUBRICANTE BASE AGUA 100 ML - Tienda Er\u00f3tica\" \/>\n<meta property=\"og:description\" content=\"PJUR WOMAN NUDE WATERBASED 100 ML. Vivir de manera m\u00e1s consciente y sostenible est\u00e1 de moda. El lubricante neutro con\" \/>\n<meta property=\"og:url\" content=\"https:\/\/demoweb.info\/sexshop001\/producto\/pjur-woman-nude-lubricante-base-agua-100-ml\/\" \/>\n<meta property=\"og:site_name\" content=\"Tienda Er\u00f3tica\" \/>\n<meta property=\"article:modified_time\" content=\"2022-01-22T08:27:59+00:00\" \/>\n<meta property=\"og:image\" content=\"https:\/\/demoweb.info\/sexshop001\/wp-content\/uploads\/2022\/01\/PJUR-WOMAN-NUDE-LUBRICANTE-BASE-AGUA-100-ML.jpg\" \/>\n\t<meta property=\"og:image:width\" content=\"550\" \/>\n\t<meta property=\"og:image:height\" content=\"550\" \/>\n\t<meta property=\"og:image:type\" content=\"image\/jpeg\" \/>\n<meta name=\"twitter:card\" content=\"summary_large_image\" \/>\n<meta name=\"twitter:label1\" content=\"Tiempo de lectura\" \/>\n\t<meta name=\"twitter:data1\" content=\"1 minuto\" \/>\n<script type=\"application\/ld+json\" class=\"yoast-schema-graph\">{\"@context\":\"https:\/\/schema.org\",\"@graph\":[{\"@type\":\"WebPage\",\"@id\":\"https:\/\/demoweb.info\/sexshop001\/producto\/pjur-woman-nude-lubricante-base-agua-100-ml\/\",\"url\":\"https:\/\/demoweb.info\/sexshop001\/producto\/pjur-woman-nude-lubricante-base-agua-100-ml\/\",\"name\":\"PJUR WOMAN NUDE LUBRICANTE BASE AGUA 100 ML - Tienda Er\u00f3tica\",\"isPartOf\":{\"@id\":\"https:\/\/demoweb.info\/sexshop001\/#website\"},\"datePublished\":\"2022-01-22T08:27:32+00:00\",\"dateModified\":\"2022-01-22T08:27:59+00:00\",\"breadcrumb\":{\"@id\":\"https:\/\/demoweb.info\/sexshop001\/producto\/pjur-woman-nude-lubricante-base-agua-100-ml\/#breadcrumb\"},\"inLanguage\":\"es\",\"potentialAction\":[{\"@type\":\"ReadAction\",\"target\":[\"https:\/\/demoweb.info\/sexshop001\/producto\/pjur-woman-nude-lubricante-base-agua-100-ml\/\"]}]},{\"@type\":\"BreadcrumbList\",\"@id\":\"https:\/\/demoweb.info\/sexshop001\/producto\/pjur-woman-nude-lubricante-base-agua-100-ml\/#breadcrumb\",\"itemListElement\":[{\"@type\":\"ListItem\",\"position\":1,\"name\":\"Portada\",\"item\":\"https:\/\/demoweb.info\/sexshop001\/\"},{\"@type\":\"ListItem\",\"position\":2,\"name\":\"Tienda\",\"item\":\"https:\/\/demoweb.info\/sexshop001\/tienda\/\"},{\"@type\":\"ListItem\",\"position\":3,\"name\":\"PJUR WOMAN NUDE LUBRICANTE BASE AGUA 100 ML\"}]},{\"@type\":\"WebSite\",\"@id\":\"https:\/\/demoweb.info\/sexshop001\/#website\",\"url\":\"https:\/\/demoweb.info\/sexshop001\/\",\"name\":\"Tienda Er\u00f3tica\",\"description\":\"DEMOWEB SL\",\"potentialAction\":[{\"@type\":\"SearchAction\",\"target\":{\"@type\":\"EntryPoint\",\"urlTemplate\":\"https:\/\/demoweb.info\/sexshop001\/?s={search_term_string}\"},\"query-input\":\"required name=search_term_string\"}],\"inLanguage\":\"es\"}]}<\/script>\n<!-- \/ Yoast SEO plugin. -->","yoast_head_json":{"title":"PJUR WOMAN NUDE LUBRICANTE BASE AGUA 100 ML - Tienda Er\u00f3tica","robots":{"index":"noindex","follow":"follow","max-snippet":"max-snippet:-1","max-image-preview":"max-image-preview:large","max-video-preview":"max-video-preview:-1"},"og_locale":"es_ES","og_type":"article","og_title":"PJUR WOMAN NUDE LUBRICANTE BASE AGUA 100 ML - Tienda Er\u00f3tica","og_description":"PJUR WOMAN NUDE WATERBASED 100 ML. Vivir de manera m\u00e1s consciente y sostenible est\u00e1 de moda. El lubricante neutro con","og_url":"https:\/\/demoweb.info\/sexshop001\/producto\/pjur-woman-nude-lubricante-base-agua-100-ml\/","og_site_name":"Tienda Er\u00f3tica","article_modified_time":"2022-01-22T08:27:59+00:00","og_image":[{"width":550,"height":550,"url":"https:\/\/demoweb.info\/sexshop001\/wp-content\/uploads\/2022\/01\/PJUR-WOMAN-NUDE-LUBRICANTE-BASE-AGUA-100-ML.jpg","type":"image\/jpeg"}],"twitter_card":"summary_large_image","twitter_misc":{"Tiempo de lectura":"1 minuto"},"schema":{"@context":"https:\/\/schema.org","@graph":[{"@type":"WebPage","@id":"https:\/\/demoweb.info\/sexshop001\/producto\/pjur-woman-nude-lubricante-base-agua-100-ml\/","url":"https:\/\/demoweb.info\/sexshop001\/producto\/pjur-woman-nude-lubricante-base-agua-100-ml\/","name":"PJUR WOMAN NUDE LUBRICANTE BASE AGUA 100 ML - Tienda Er\u00f3tica","isPartOf":{"@id":"https:\/\/demoweb.info\/sexshop001\/#website"},"datePublished":"2022-01-22T08:27:32+00:00","dateModified":"2022-01-22T08:27:59+00:00","breadcrumb":{"@id":"https:\/\/demoweb.info\/sexshop001\/producto\/pjur-woman-nude-lubricante-base-agua-100-ml\/#breadcrumb"},"inLanguage":"es","potentialAction":[{"@type":"ReadAction","target":["https:\/\/demoweb.info\/sexshop001\/producto\/pjur-woman-nude-lubricante-base-agua-100-ml\/"]}]},{"@type":"BreadcrumbList","@id":"https:\/\/demoweb.info\/sexshop001\/producto\/pjur-woman-nude-lubricante-base-agua-100-ml\/#breadcrumb","itemListElement":[{"@type":"ListItem","position":1,"name":"Portada","item":"https:\/\/demoweb.info\/sexshop001\/"},{"@type":"ListItem","position":2,"name":"Tienda","item":"https:\/\/demoweb.info\/sexshop001\/tienda\/"},{"@type":"ListItem","position":3,"name":"PJUR WOMAN NUDE LUBRICANTE BASE AGUA 100 ML"}]},{"@type":"WebSite","@id":"https:\/\/demoweb.info\/sexshop001\/#website","url":"https:\/\/demoweb.info\/sexshop001\/","name":"Tienda Er\u00f3tica","description":"DEMOWEB SL","potentialAction":[{"@type":"SearchAction","target":{"@type":"EntryPoint","urlTemplate":"https:\/\/demoweb.info\/sexshop001\/?s={search_term_string}"},"query-input":"required name=search_term_string"}],"inLanguage":"es"}]}},"_links":{"self":[{"href":"https:\/\/demoweb.info\/sexshop001\/wp-json\/wp\/v3\/product\/7243","targetHints":{"allow":["GET"]}}],"collection":[{"href":"https:\/\/demoweb.info\/sexshop001\/wp-json\/wp\/v3\/product"}],"about":[{"href":"https:\/\/demoweb.info\/sexshop001\/wp-json\/wp\/v2\/types\/product"}],"replies":[{"embeddable":true,"href":"https:\/\/demoweb.info\/sexshop001\/wp-json\/wp\/v2\/comments?post=7243"}],"wp:featuredmedia":[{"embeddable":true,"href":"https:\/\/demoweb.info\/sexshop001\/wp-json\/wp\/v2\/media\/7244"}],"wp:attachment":[{"href":"https:\/\/demoweb.info\/sexshop001\/wp-json\/wp\/v2\/media?parent=7243"}],"wp:term":[{"taxonomy":"product_cat","embeddable":true,"href":"https:\/\/demoweb.info\/sexshop001\/wp-json\/wp\/v2\/product_cat?post=7243"},{"taxonomy":"product_tag","embeddable":true,"href":"https:\/\/demoweb.info\/sexshop001\/wp-json\/wp\/v2\/product_tag?post=7243"}],"curies":[{"name":"wp","href":"https:\/\/api.w.org\/{rel}","templated":true}]}}