{"id":72369,"date":"2022-01-22T20:57:25","date_gmt":"2022-01-22T19:57:25","guid":{"rendered":"https:\/\/demoweb.info\/sexshop001\/producto\/bolas-geisha-talla-s-fucsia\/"},"modified":"2022-01-22T20:57:28","modified_gmt":"2022-01-22T19:57:28","slug":"bolas-geisha-talla-s-fucsia","status":"publish","type":"product","link":"https:\/\/demoweb.info\/sexshop001\/producto\/bolas-geisha-talla-s-fucsia\/","title":{"rendered":"BOLAS GEISHA &#8211; TALLA S &#8211; FUCSIA"},"content":{"rendered":"<p><strong>GEISHA BALLS &#8211; S <\/strong><\/p>\n<p>Cubiertas de silicona de alta calidad, ofrecen un dise\u00f1o elegante en un amplio abanico de colores as\u00ed como un incomparable tacto de terciopelo.<\/p>\n<p>Concebidas para ayudar a reforzar y tonificar la musculatura del suelo p\u00e9lvico, nuestras bolas de geisha tienen un peso perfectamente dosificado para garantizar una sensacional sesi\u00f3n de entrenamiento para recobrar el vigor muscular, para atenuar la incontinencia, intensificar el orgasmo y en consecuencia mejorar la salud sexual. Las dos bolas tienen relieves diferentes para una estimulaci\u00f3n suplementaria de las paredes vaginales.<\/p>\n<p>F\u00e1cil de utilizar y limpiar, es una elecci\u00f3n perfecta para una salud de hierro de los m\u00fasculos p\u00e9lvicos.<\/p>\n<p>Material: Silicona<\/p>\n<p>Medidas: 9,5 cm x 3,3 cm<\/p>\n","protected":false},"excerpt":{"rendered":"<p>GEISHA BALLS &#8211; S Cubiertas de silicona de alta calidad, ofrecen un dise\u00f1o elegante en un amplio abanico de colores<\/p>\n","protected":false},"featured_media":72370,"comment_status":"open","ping_status":"open","template":"","meta":[],"product_cat":[320],"product_tag":[435],"class_list":["post-72369","product","type-product","status-publish","has-post-thumbnail","hentry","product_cat-silicona-bolas-y-huevos","product_tag-adrien-lastic"],"bundled_by":[],"bundle_stock_status":"instock","bundle_stock_quantity":2,"bundle_virtual":false,"bundle_layout":"","bundle_add_to_cart_form_location":"","bundle_editable_in_cart":false,"bundle_sold_individually_context":"","bundle_item_grouping":"","bundle_min_size":"","bundle_max_size":"","bundled_items":[],"yoast_head":"<!-- This site is optimized with the Yoast SEO plugin v20.6 - https:\/\/yoast.com\/wordpress\/plugins\/seo\/ -->\n<title>BOLAS GEISHA - TALLA S - FUCSIA - Tienda Er\u00f3tica<\/title>\n<meta name=\"robots\" content=\"noindex, follow, max-snippet:-1, max-image-preview:large, max-video-preview:-1\" \/>\n<meta property=\"og:locale\" content=\"es_ES\" \/>\n<meta property=\"og:type\" content=\"article\" \/>\n<meta property=\"og:title\" content=\"BOLAS GEISHA - TALLA S - FUCSIA - Tienda Er\u00f3tica\" \/>\n<meta property=\"og:description\" content=\"GEISHA BALLS &#8211; S Cubiertas de silicona de alta calidad, ofrecen un dise\u00f1o elegante en un amplio abanico de colores\" \/>\n<meta property=\"og:url\" content=\"https:\/\/demoweb.info\/sexshop001\/producto\/bolas-geisha-talla-s-fucsia\/\" \/>\n<meta property=\"og:site_name\" content=\"Tienda Er\u00f3tica\" \/>\n<meta property=\"article:modified_time\" content=\"2022-01-22T19:57:28+00:00\" \/>\n<meta property=\"og:image\" content=\"https:\/\/demoweb.info\/sexshop001\/wp-content\/uploads\/2022\/01\/BOLAS-GEISHA-TALLA-S-FUCSIA.jpg\" \/>\n\t<meta property=\"og:image:width\" content=\"550\" \/>\n\t<meta property=\"og:image:height\" content=\"550\" \/>\n\t<meta property=\"og:image:type\" content=\"image\/jpeg\" \/>\n<meta name=\"twitter:card\" content=\"summary_large_image\" \/>\n<meta name=\"twitter:label1\" content=\"Tiempo de lectura\" \/>\n\t<meta name=\"twitter:data1\" content=\"1 minuto\" \/>\n<script type=\"application\/ld+json\" class=\"yoast-schema-graph\">{\"@context\":\"https:\/\/schema.org\",\"@graph\":[{\"@type\":\"WebPage\",\"@id\":\"https:\/\/demoweb.info\/sexshop001\/producto\/bolas-geisha-talla-s-fucsia\/\",\"url\":\"https:\/\/demoweb.info\/sexshop001\/producto\/bolas-geisha-talla-s-fucsia\/\",\"name\":\"BOLAS GEISHA - TALLA S - FUCSIA - Tienda Er\u00f3tica\",\"isPartOf\":{\"@id\":\"https:\/\/demoweb.info\/sexshop001\/#website\"},\"datePublished\":\"2022-01-22T19:57:25+00:00\",\"dateModified\":\"2022-01-22T19:57:28+00:00\",\"breadcrumb\":{\"@id\":\"https:\/\/demoweb.info\/sexshop001\/producto\/bolas-geisha-talla-s-fucsia\/#breadcrumb\"},\"inLanguage\":\"es\",\"potentialAction\":[{\"@type\":\"ReadAction\",\"target\":[\"https:\/\/demoweb.info\/sexshop001\/producto\/bolas-geisha-talla-s-fucsia\/\"]}]},{\"@type\":\"BreadcrumbList\",\"@id\":\"https:\/\/demoweb.info\/sexshop001\/producto\/bolas-geisha-talla-s-fucsia\/#breadcrumb\",\"itemListElement\":[{\"@type\":\"ListItem\",\"position\":1,\"name\":\"Portada\",\"item\":\"https:\/\/demoweb.info\/sexshop001\/\"},{\"@type\":\"ListItem\",\"position\":2,\"name\":\"Tienda\",\"item\":\"https:\/\/demoweb.info\/sexshop001\/tienda\/\"},{\"@type\":\"ListItem\",\"position\":3,\"name\":\"BOLAS GEISHA &#8211; TALLA S &#8211; FUCSIA\"}]},{\"@type\":\"WebSite\",\"@id\":\"https:\/\/demoweb.info\/sexshop001\/#website\",\"url\":\"https:\/\/demoweb.info\/sexshop001\/\",\"name\":\"Tienda Er\u00f3tica\",\"description\":\"DEMOWEB SL\",\"potentialAction\":[{\"@type\":\"SearchAction\",\"target\":{\"@type\":\"EntryPoint\",\"urlTemplate\":\"https:\/\/demoweb.info\/sexshop001\/?s={search_term_string}\"},\"query-input\":\"required name=search_term_string\"}],\"inLanguage\":\"es\"}]}<\/script>\n<!-- \/ Yoast SEO plugin. -->","yoast_head_json":{"title":"BOLAS GEISHA - TALLA S - FUCSIA - Tienda Er\u00f3tica","robots":{"index":"noindex","follow":"follow","max-snippet":"max-snippet:-1","max-image-preview":"max-image-preview:large","max-video-preview":"max-video-preview:-1"},"og_locale":"es_ES","og_type":"article","og_title":"BOLAS GEISHA - TALLA S - FUCSIA - Tienda Er\u00f3tica","og_description":"GEISHA BALLS &#8211; S Cubiertas de silicona de alta calidad, ofrecen un dise\u00f1o elegante en un amplio abanico de colores","og_url":"https:\/\/demoweb.info\/sexshop001\/producto\/bolas-geisha-talla-s-fucsia\/","og_site_name":"Tienda Er\u00f3tica","article_modified_time":"2022-01-22T19:57:28+00:00","og_image":[{"width":550,"height":550,"url":"https:\/\/demoweb.info\/sexshop001\/wp-content\/uploads\/2022\/01\/BOLAS-GEISHA-TALLA-S-FUCSIA.jpg","type":"image\/jpeg"}],"twitter_card":"summary_large_image","twitter_misc":{"Tiempo de lectura":"1 minuto"},"schema":{"@context":"https:\/\/schema.org","@graph":[{"@type":"WebPage","@id":"https:\/\/demoweb.info\/sexshop001\/producto\/bolas-geisha-talla-s-fucsia\/","url":"https:\/\/demoweb.info\/sexshop001\/producto\/bolas-geisha-talla-s-fucsia\/","name":"BOLAS GEISHA - TALLA S - FUCSIA - Tienda Er\u00f3tica","isPartOf":{"@id":"https:\/\/demoweb.info\/sexshop001\/#website"},"datePublished":"2022-01-22T19:57:25+00:00","dateModified":"2022-01-22T19:57:28+00:00","breadcrumb":{"@id":"https:\/\/demoweb.info\/sexshop001\/producto\/bolas-geisha-talla-s-fucsia\/#breadcrumb"},"inLanguage":"es","potentialAction":[{"@type":"ReadAction","target":["https:\/\/demoweb.info\/sexshop001\/producto\/bolas-geisha-talla-s-fucsia\/"]}]},{"@type":"BreadcrumbList","@id":"https:\/\/demoweb.info\/sexshop001\/producto\/bolas-geisha-talla-s-fucsia\/#breadcrumb","itemListElement":[{"@type":"ListItem","position":1,"name":"Portada","item":"https:\/\/demoweb.info\/sexshop001\/"},{"@type":"ListItem","position":2,"name":"Tienda","item":"https:\/\/demoweb.info\/sexshop001\/tienda\/"},{"@type":"ListItem","position":3,"name":"BOLAS GEISHA &#8211; TALLA S &#8211; FUCSIA"}]},{"@type":"WebSite","@id":"https:\/\/demoweb.info\/sexshop001\/#website","url":"https:\/\/demoweb.info\/sexshop001\/","name":"Tienda Er\u00f3tica","description":"DEMOWEB SL","potentialAction":[{"@type":"SearchAction","target":{"@type":"EntryPoint","urlTemplate":"https:\/\/demoweb.info\/sexshop001\/?s={search_term_string}"},"query-input":"required name=search_term_string"}],"inLanguage":"es"}]}},"_links":{"self":[{"href":"https:\/\/demoweb.info\/sexshop001\/wp-json\/wp\/v3\/product\/72369","targetHints":{"allow":["GET"]}}],"collection":[{"href":"https:\/\/demoweb.info\/sexshop001\/wp-json\/wp\/v3\/product"}],"about":[{"href":"https:\/\/demoweb.info\/sexshop001\/wp-json\/wp\/v2\/types\/product"}],"replies":[{"embeddable":true,"href":"https:\/\/demoweb.info\/sexshop001\/wp-json\/wp\/v2\/comments?post=72369"}],"wp:featuredmedia":[{"embeddable":true,"href":"https:\/\/demoweb.info\/sexshop001\/wp-json\/wp\/v2\/media\/72370"}],"wp:attachment":[{"href":"https:\/\/demoweb.info\/sexshop001\/wp-json\/wp\/v2\/media?parent=72369"}],"wp:term":[{"taxonomy":"product_cat","embeddable":true,"href":"https:\/\/demoweb.info\/sexshop001\/wp-json\/wp\/v2\/product_cat?post=72369"},{"taxonomy":"product_tag","embeddable":true,"href":"https:\/\/demoweb.info\/sexshop001\/wp-json\/wp\/v2\/product_tag?post=72369"}],"curies":[{"name":"wp","href":"https:\/\/api.w.org\/{rel}","templated":true}]}}