{"id":72279,"date":"2022-01-22T20:56:22","date_gmt":"2022-01-22T19:56:22","guid":{"rendered":"https:\/\/demoweb.info\/sexshop001\/producto\/touche-funda-para-el-dedo-con-vibracion-s-negro\/"},"modified":"2022-01-22T20:56:22","modified_gmt":"2022-01-22T19:56:22","slug":"touche-funda-para-el-dedo-con-vibracion-s-negro","status":"publish","type":"product","link":"https:\/\/demoweb.info\/sexshop001\/producto\/touche-funda-para-el-dedo-con-vibracion-s-negro\/","title":{"rendered":"TOUCH\u00c9 FUNDA PARA EL DEDO CON VIBRACI\u00d3N &#8211; S &#8211; NEGRO"},"content":{"rendered":"<p><strong>TOUCH\u00c9 VIBRATING FINGER SLEEVE &#8211; S <\/strong><\/p>\n<p>Disfruta de nuevos horizontes de placer con Touch\u00e9, un vibrador de dedo peque\u00f1o pero muy potente, con una punta redonda y ancha que te permite alcanzar f\u00e1cilmente tu punto G. Gracias al control ubicado en la mu\u00f1eca, logramos reducir en gran medida la cubierta del dedo, haci\u00e9ndolo m\u00e1s c\u00f3modo de usar y permitiendo que la punta del dedo sea un motor totalmente vibratorio. A trav\u00e9s del mismo dispositivo, Touch\u00e9 le permitir\u00e1 elegir entre 10 modos de vibraci\u00f3n seg\u00fan sus necesidades.<\/p>\n<p>Este maravilloso vibrador de dedo est\u00e1 disponible en dos tama\u00f1os para adaptarse y adaptarse perfectamente a cualquier tipo de dedo. Le proporcionar\u00e1 una estimulaci\u00f3n mejorada, ideal para juegos previos, para la pr\u00e1ctica sexual en pareja o para un uso individual. La correa se puede ajustar f\u00e1cilmente a todo tipo de mu\u00f1ecas, lo que permite el uso de cualquiera de las perforaciones para cerrar la pulsera. El exceso de la correa se puede introducir a trav\u00e9s del gran orificio, para permanecer dentro y no molestarlo mientras usa el dispositivo. Tu cuerpo es tu tesoro y, como tal, necesitas un juguete que te ayude a cuidarlo.<\/p>\n<p>Por tentador que pueda ser un vibrador de zona espec\u00edfica, no podemos negar lo bueno que es tener un juguete que se pueda usar en cualquier lugar, \u00a1especialmente donde solo tus manos puedan alcanzarlo! Dado que Touch\u00e9 se convierte en parte de tu mano, el posicionamiento del juguete hace que su uso sea incre\u00edblemente f\u00e1cil y agradable, mejorando las caricias de los pezones, los masajes, el juego de la pareja y, por supuesto, la masturbaci\u00f3n, tanto en pareja como solo.<\/p>\n<p>Caracter\u00edsticas:<\/p>\n<ul>\n<li>Dimensiones del producto: 7,8 x 2,2 x 2,2 cm<\/li>\n<li>Peso del producto: 215 gr<\/li>\n<li>Longitud insertable: 7,8 cm<\/li>\n<li>Tipos de velocidad: 10<\/li>\n<li>Recargable con USB<\/li>\n<li>Tiempo de recarga: 180 min<\/li>\n<li>Vida de la recarga de las bater\u00edas: 40 min<\/li>\n<li>A prueba de salpicaduras<\/li>\n<li>Materiales: Silicona<\/li>\n<li><strong>TALLA: S<\/strong><\/li>\n<\/ul>\n","protected":false},"excerpt":{"rendered":"<p>TOUCH\u00c9 VIBRATING FINGER SLEEVE &#8211; S Disfruta de nuevos horizontes de placer con Touch\u00e9, un vibrador de dedo peque\u00f1o pero<\/p>\n","protected":false},"featured_media":72280,"comment_status":"open","ping_status":"open","template":"","meta":[],"product_cat":[552],"product_tag":[435],"class_list":["post-72279","product","type-product","status-publish","has-post-thumbnail","hentry","product_cat-dedales","product_tag-adrien-lastic"],"bundled_by":[],"bundle_stock_status":"instock","bundle_stock_quantity":1,"bundle_virtual":false,"bundle_layout":"","bundle_add_to_cart_form_location":"","bundle_editable_in_cart":false,"bundle_sold_individually_context":"","bundle_item_grouping":"","bundle_min_size":"","bundle_max_size":"","bundled_items":[],"yoast_head":"<!-- This site is optimized with the Yoast SEO plugin v20.6 - https:\/\/yoast.com\/wordpress\/plugins\/seo\/ -->\n<title>TOUCH\u00c9 FUNDA PARA EL DEDO CON VIBRACI\u00d3N - S - NEGRO - Tienda Er\u00f3tica<\/title>\n<meta name=\"robots\" content=\"noindex, follow, max-snippet:-1, max-image-preview:large, max-video-preview:-1\" \/>\n<meta property=\"og:locale\" content=\"es_ES\" \/>\n<meta property=\"og:type\" content=\"article\" \/>\n<meta property=\"og:title\" content=\"TOUCH\u00c9 FUNDA PARA EL DEDO CON VIBRACI\u00d3N - S - NEGRO - Tienda Er\u00f3tica\" \/>\n<meta property=\"og:description\" content=\"TOUCH\u00c9 VIBRATING FINGER SLEEVE &#8211; S Disfruta de nuevos horizontes de placer con Touch\u00e9, un vibrador de dedo peque\u00f1o pero\" \/>\n<meta property=\"og:url\" content=\"https:\/\/demoweb.info\/sexshop001\/producto\/touche-funda-para-el-dedo-con-vibracion-s-negro\/\" \/>\n<meta property=\"og:site_name\" content=\"Tienda Er\u00f3tica\" \/>\n<meta property=\"og:image\" content=\"https:\/\/demoweb.info\/sexshop001\/wp-content\/uploads\/2022\/01\/TOUCHE-FUNDA-PARA-EL-DEDO-CON-VIBRACION-S-NEGRO.jpg\" \/>\n\t<meta property=\"og:image:width\" content=\"550\" \/>\n\t<meta property=\"og:image:height\" content=\"550\" \/>\n\t<meta property=\"og:image:type\" content=\"image\/jpeg\" \/>\n<meta name=\"twitter:card\" content=\"summary_large_image\" \/>\n<meta name=\"twitter:label1\" content=\"Tiempo de lectura\" \/>\n\t<meta name=\"twitter:data1\" content=\"2 minutos\" \/>\n<script type=\"application\/ld+json\" class=\"yoast-schema-graph\">{\"@context\":\"https:\/\/schema.org\",\"@graph\":[{\"@type\":\"WebPage\",\"@id\":\"https:\/\/demoweb.info\/sexshop001\/producto\/touche-funda-para-el-dedo-con-vibracion-s-negro\/\",\"url\":\"https:\/\/demoweb.info\/sexshop001\/producto\/touche-funda-para-el-dedo-con-vibracion-s-negro\/\",\"name\":\"TOUCH\u00c9 FUNDA PARA EL DEDO CON VIBRACI\u00d3N - S - NEGRO - Tienda Er\u00f3tica\",\"isPartOf\":{\"@id\":\"https:\/\/demoweb.info\/sexshop001\/#website\"},\"datePublished\":\"2022-01-22T19:56:22+00:00\",\"dateModified\":\"2022-01-22T19:56:22+00:00\",\"breadcrumb\":{\"@id\":\"https:\/\/demoweb.info\/sexshop001\/producto\/touche-funda-para-el-dedo-con-vibracion-s-negro\/#breadcrumb\"},\"inLanguage\":\"es\",\"potentialAction\":[{\"@type\":\"ReadAction\",\"target\":[\"https:\/\/demoweb.info\/sexshop001\/producto\/touche-funda-para-el-dedo-con-vibracion-s-negro\/\"]}]},{\"@type\":\"BreadcrumbList\",\"@id\":\"https:\/\/demoweb.info\/sexshop001\/producto\/touche-funda-para-el-dedo-con-vibracion-s-negro\/#breadcrumb\",\"itemListElement\":[{\"@type\":\"ListItem\",\"position\":1,\"name\":\"Portada\",\"item\":\"https:\/\/demoweb.info\/sexshop001\/\"},{\"@type\":\"ListItem\",\"position\":2,\"name\":\"Tienda\",\"item\":\"https:\/\/demoweb.info\/sexshop001\/tienda\/\"},{\"@type\":\"ListItem\",\"position\":3,\"name\":\"TOUCH\u00c9 FUNDA PARA EL DEDO CON VIBRACI\u00d3N &#8211; S &#8211; NEGRO\"}]},{\"@type\":\"WebSite\",\"@id\":\"https:\/\/demoweb.info\/sexshop001\/#website\",\"url\":\"https:\/\/demoweb.info\/sexshop001\/\",\"name\":\"Tienda Er\u00f3tica\",\"description\":\"DEMOWEB SL\",\"potentialAction\":[{\"@type\":\"SearchAction\",\"target\":{\"@type\":\"EntryPoint\",\"urlTemplate\":\"https:\/\/demoweb.info\/sexshop001\/?s={search_term_string}\"},\"query-input\":\"required name=search_term_string\"}],\"inLanguage\":\"es\"}]}<\/script>\n<!-- \/ Yoast SEO plugin. -->","yoast_head_json":{"title":"TOUCH\u00c9 FUNDA PARA EL DEDO CON VIBRACI\u00d3N - S - NEGRO - Tienda Er\u00f3tica","robots":{"index":"noindex","follow":"follow","max-snippet":"max-snippet:-1","max-image-preview":"max-image-preview:large","max-video-preview":"max-video-preview:-1"},"og_locale":"es_ES","og_type":"article","og_title":"TOUCH\u00c9 FUNDA PARA EL DEDO CON VIBRACI\u00d3N - S - NEGRO - Tienda Er\u00f3tica","og_description":"TOUCH\u00c9 VIBRATING FINGER SLEEVE &#8211; S Disfruta de nuevos horizontes de placer con Touch\u00e9, un vibrador de dedo peque\u00f1o pero","og_url":"https:\/\/demoweb.info\/sexshop001\/producto\/touche-funda-para-el-dedo-con-vibracion-s-negro\/","og_site_name":"Tienda Er\u00f3tica","og_image":[{"width":550,"height":550,"url":"https:\/\/demoweb.info\/sexshop001\/wp-content\/uploads\/2022\/01\/TOUCHE-FUNDA-PARA-EL-DEDO-CON-VIBRACION-S-NEGRO.jpg","type":"image\/jpeg"}],"twitter_card":"summary_large_image","twitter_misc":{"Tiempo de lectura":"2 minutos"},"schema":{"@context":"https:\/\/schema.org","@graph":[{"@type":"WebPage","@id":"https:\/\/demoweb.info\/sexshop001\/producto\/touche-funda-para-el-dedo-con-vibracion-s-negro\/","url":"https:\/\/demoweb.info\/sexshop001\/producto\/touche-funda-para-el-dedo-con-vibracion-s-negro\/","name":"TOUCH\u00c9 FUNDA PARA EL DEDO CON VIBRACI\u00d3N - S - NEGRO - Tienda Er\u00f3tica","isPartOf":{"@id":"https:\/\/demoweb.info\/sexshop001\/#website"},"datePublished":"2022-01-22T19:56:22+00:00","dateModified":"2022-01-22T19:56:22+00:00","breadcrumb":{"@id":"https:\/\/demoweb.info\/sexshop001\/producto\/touche-funda-para-el-dedo-con-vibracion-s-negro\/#breadcrumb"},"inLanguage":"es","potentialAction":[{"@type":"ReadAction","target":["https:\/\/demoweb.info\/sexshop001\/producto\/touche-funda-para-el-dedo-con-vibracion-s-negro\/"]}]},{"@type":"BreadcrumbList","@id":"https:\/\/demoweb.info\/sexshop001\/producto\/touche-funda-para-el-dedo-con-vibracion-s-negro\/#breadcrumb","itemListElement":[{"@type":"ListItem","position":1,"name":"Portada","item":"https:\/\/demoweb.info\/sexshop001\/"},{"@type":"ListItem","position":2,"name":"Tienda","item":"https:\/\/demoweb.info\/sexshop001\/tienda\/"},{"@type":"ListItem","position":3,"name":"TOUCH\u00c9 FUNDA PARA EL DEDO CON VIBRACI\u00d3N &#8211; S &#8211; NEGRO"}]},{"@type":"WebSite","@id":"https:\/\/demoweb.info\/sexshop001\/#website","url":"https:\/\/demoweb.info\/sexshop001\/","name":"Tienda Er\u00f3tica","description":"DEMOWEB SL","potentialAction":[{"@type":"SearchAction","target":{"@type":"EntryPoint","urlTemplate":"https:\/\/demoweb.info\/sexshop001\/?s={search_term_string}"},"query-input":"required name=search_term_string"}],"inLanguage":"es"}]}},"_links":{"self":[{"href":"https:\/\/demoweb.info\/sexshop001\/wp-json\/wp\/v3\/product\/72279","targetHints":{"allow":["GET"]}}],"collection":[{"href":"https:\/\/demoweb.info\/sexshop001\/wp-json\/wp\/v3\/product"}],"about":[{"href":"https:\/\/demoweb.info\/sexshop001\/wp-json\/wp\/v2\/types\/product"}],"replies":[{"embeddable":true,"href":"https:\/\/demoweb.info\/sexshop001\/wp-json\/wp\/v2\/comments?post=72279"}],"wp:featuredmedia":[{"embeddable":true,"href":"https:\/\/demoweb.info\/sexshop001\/wp-json\/wp\/v2\/media\/72280"}],"wp:attachment":[{"href":"https:\/\/demoweb.info\/sexshop001\/wp-json\/wp\/v2\/media?parent=72279"}],"wp:term":[{"taxonomy":"product_cat","embeddable":true,"href":"https:\/\/demoweb.info\/sexshop001\/wp-json\/wp\/v2\/product_cat?post=72279"},{"taxonomy":"product_tag","embeddable":true,"href":"https:\/\/demoweb.info\/sexshop001\/wp-json\/wp\/v2\/product_tag?post=72279"}],"curies":[{"name":"wp","href":"https:\/\/api.w.org\/{rel}","templated":true}]}}