{"id":72271,"date":"2022-01-22T20:56:00","date_gmt":"2022-01-22T19:56:00","guid":{"rendered":"https:\/\/demoweb.info\/sexshop001\/producto\/vibrador-2-con-doble-punta-y-mando-morado\/"},"modified":"2022-01-22T20:56:15","modified_gmt":"2022-01-22T19:56:15","slug":"vibrador-2-con-doble-punta-y-mando-morado","status":"publish","type":"product","link":"https:\/\/demoweb.info\/sexshop001\/producto\/vibrador-2-con-doble-punta-y-mando-morado\/","title":{"rendered":"VIBRADOR 2 CON DOBLE PUNTA Y MANDO &#8211; MORADO"},"content":{"rendered":"<p><strong>DOUBLE ENDED VIBRATOR 2 WITH REMOTE<\/strong><\/p>\n<p>Vibrador de doble punta. Es uno de los juguetes sexuales m\u00e1s vers\u00e1tiles del mercado.<\/p>\n<p>El vibrador tiene infinitas posibilidades de uso, lo que permite a los usuarios dejar volar su imaginaci\u00f3n. El 2 vibrador se puede disfrutar tanto por v\u00eda vaginal como anal. Ambos extremos del 2 vibrador tienen diferentes dimensiones y motores separados, lo que le permite jugar con los extremos por separado y sentir cada sensaci\u00f3n \u00fanica.<\/p>\n<p>Como la forma del vibrador 2 es extra larga con una delgada banda de silicona en el medio, el juguete sexual es extra flexible. El vibrador se puede usar solo para diversi\u00f3n simult\u00e1nea en la puerta trasera y estimulaci\u00f3n interna para sentirse totalmente saciado, o usar los extremos por separado; o usar el vibrador 2 con un compa\u00f1ero.<\/p>\n<p>Hecho de 100% de silicona que hace que la textura sea suave, sedosa, higi\u00e9nica y f\u00e1cil de limpiar, 2 se puede activar y controlar a trav\u00e9s del controlador inal\u00e1mbrico (LRS). Puedes disfrutar de sus 10 intensidades remotas.<\/p>\n<p>Caracter\u00edsticas:<\/p>\n<ul>\n<li>Dimensiones del producto: 53 x 4 x 4 cm<\/li>\n<li>Peso del producto: 193 gr<\/li>\n<li>Tipos de velocidad: 10<\/li>\n<li>Recargable con USB<\/li>\n<li>Tiempo de recarga: 240 min<\/li>\n<li>Vida de la recarga de las bater\u00edas: 40 min<\/li>\n<li>A prueba de salpicaduras<\/li>\n<li>Materiales: Silicona<\/li>\n<\/ul>\n","protected":false},"excerpt":{"rendered":"<p>DOUBLE ENDED VIBRATOR 2 WITH REMOTE Vibrador de doble punta. Es uno de los juguetes sexuales m\u00e1s vers\u00e1tiles del mercado.<\/p>\n","protected":false},"featured_media":72272,"comment_status":"open","ping_status":"open","template":"","meta":[],"product_cat":[476],"product_tag":[435],"class_list":["post-72271","product","type-product","status-publish","has-post-thumbnail","hentry","product_cat-silicona-balas-y-huevos","product_tag-adrien-lastic"],"bundled_by":[],"bundle_stock_status":"instock","bundle_stock_quantity":2,"bundle_virtual":false,"bundle_layout":"","bundle_add_to_cart_form_location":"","bundle_editable_in_cart":false,"bundle_sold_individually_context":"","bundle_item_grouping":"","bundle_min_size":"","bundle_max_size":"","bundled_items":[],"yoast_head":"<!-- This site is optimized with the Yoast SEO plugin v20.6 - https:\/\/yoast.com\/wordpress\/plugins\/seo\/ -->\n<title>VIBRADOR 2 CON DOBLE PUNTA Y MANDO - MORADO - Tienda Er\u00f3tica<\/title>\n<meta name=\"robots\" content=\"noindex, follow, max-snippet:-1, max-image-preview:large, max-video-preview:-1\" \/>\n<meta property=\"og:locale\" content=\"es_ES\" \/>\n<meta property=\"og:type\" content=\"article\" \/>\n<meta property=\"og:title\" content=\"VIBRADOR 2 CON DOBLE PUNTA Y MANDO - MORADO - Tienda Er\u00f3tica\" \/>\n<meta property=\"og:description\" content=\"DOUBLE ENDED VIBRATOR 2 WITH REMOTE Vibrador de doble punta. Es uno de los juguetes sexuales m\u00e1s vers\u00e1tiles del mercado.\" \/>\n<meta property=\"og:url\" content=\"https:\/\/demoweb.info\/sexshop001\/producto\/vibrador-2-con-doble-punta-y-mando-morado\/\" \/>\n<meta property=\"og:site_name\" content=\"Tienda Er\u00f3tica\" \/>\n<meta property=\"article:modified_time\" content=\"2022-01-22T19:56:15+00:00\" \/>\n<meta property=\"og:image\" content=\"https:\/\/demoweb.info\/sexshop001\/wp-content\/uploads\/2022\/01\/VIBRADOR-2-CON-DOBLE-PUNTA-Y-MANDO-MORADO.jpg\" \/>\n\t<meta property=\"og:image:width\" content=\"550\" \/>\n\t<meta property=\"og:image:height\" content=\"550\" \/>\n\t<meta property=\"og:image:type\" content=\"image\/jpeg\" \/>\n<meta name=\"twitter:card\" content=\"summary_large_image\" \/>\n<meta name=\"twitter:label1\" content=\"Tiempo de lectura\" \/>\n\t<meta name=\"twitter:data1\" content=\"1 minuto\" \/>\n<script type=\"application\/ld+json\" class=\"yoast-schema-graph\">{\"@context\":\"https:\/\/schema.org\",\"@graph\":[{\"@type\":\"WebPage\",\"@id\":\"https:\/\/demoweb.info\/sexshop001\/producto\/vibrador-2-con-doble-punta-y-mando-morado\/\",\"url\":\"https:\/\/demoweb.info\/sexshop001\/producto\/vibrador-2-con-doble-punta-y-mando-morado\/\",\"name\":\"VIBRADOR 2 CON DOBLE PUNTA Y MANDO - MORADO - Tienda Er\u00f3tica\",\"isPartOf\":{\"@id\":\"https:\/\/demoweb.info\/sexshop001\/#website\"},\"datePublished\":\"2022-01-22T19:56:00+00:00\",\"dateModified\":\"2022-01-22T19:56:15+00:00\",\"breadcrumb\":{\"@id\":\"https:\/\/demoweb.info\/sexshop001\/producto\/vibrador-2-con-doble-punta-y-mando-morado\/#breadcrumb\"},\"inLanguage\":\"es\",\"potentialAction\":[{\"@type\":\"ReadAction\",\"target\":[\"https:\/\/demoweb.info\/sexshop001\/producto\/vibrador-2-con-doble-punta-y-mando-morado\/\"]}]},{\"@type\":\"BreadcrumbList\",\"@id\":\"https:\/\/demoweb.info\/sexshop001\/producto\/vibrador-2-con-doble-punta-y-mando-morado\/#breadcrumb\",\"itemListElement\":[{\"@type\":\"ListItem\",\"position\":1,\"name\":\"Portada\",\"item\":\"https:\/\/demoweb.info\/sexshop001\/\"},{\"@type\":\"ListItem\",\"position\":2,\"name\":\"Tienda\",\"item\":\"https:\/\/demoweb.info\/sexshop001\/tienda\/\"},{\"@type\":\"ListItem\",\"position\":3,\"name\":\"VIBRADOR 2 CON DOBLE PUNTA Y MANDO &#8211; MORADO\"}]},{\"@type\":\"WebSite\",\"@id\":\"https:\/\/demoweb.info\/sexshop001\/#website\",\"url\":\"https:\/\/demoweb.info\/sexshop001\/\",\"name\":\"Tienda Er\u00f3tica\",\"description\":\"DEMOWEB SL\",\"potentialAction\":[{\"@type\":\"SearchAction\",\"target\":{\"@type\":\"EntryPoint\",\"urlTemplate\":\"https:\/\/demoweb.info\/sexshop001\/?s={search_term_string}\"},\"query-input\":\"required name=search_term_string\"}],\"inLanguage\":\"es\"}]}<\/script>\n<!-- \/ Yoast SEO plugin. -->","yoast_head_json":{"title":"VIBRADOR 2 CON DOBLE PUNTA Y MANDO - MORADO - Tienda Er\u00f3tica","robots":{"index":"noindex","follow":"follow","max-snippet":"max-snippet:-1","max-image-preview":"max-image-preview:large","max-video-preview":"max-video-preview:-1"},"og_locale":"es_ES","og_type":"article","og_title":"VIBRADOR 2 CON DOBLE PUNTA Y MANDO - MORADO - Tienda Er\u00f3tica","og_description":"DOUBLE ENDED VIBRATOR 2 WITH REMOTE Vibrador de doble punta. Es uno de los juguetes sexuales m\u00e1s vers\u00e1tiles del mercado.","og_url":"https:\/\/demoweb.info\/sexshop001\/producto\/vibrador-2-con-doble-punta-y-mando-morado\/","og_site_name":"Tienda Er\u00f3tica","article_modified_time":"2022-01-22T19:56:15+00:00","og_image":[{"width":550,"height":550,"url":"https:\/\/demoweb.info\/sexshop001\/wp-content\/uploads\/2022\/01\/VIBRADOR-2-CON-DOBLE-PUNTA-Y-MANDO-MORADO.jpg","type":"image\/jpeg"}],"twitter_card":"summary_large_image","twitter_misc":{"Tiempo de lectura":"1 minuto"},"schema":{"@context":"https:\/\/schema.org","@graph":[{"@type":"WebPage","@id":"https:\/\/demoweb.info\/sexshop001\/producto\/vibrador-2-con-doble-punta-y-mando-morado\/","url":"https:\/\/demoweb.info\/sexshop001\/producto\/vibrador-2-con-doble-punta-y-mando-morado\/","name":"VIBRADOR 2 CON DOBLE PUNTA Y MANDO - MORADO - Tienda Er\u00f3tica","isPartOf":{"@id":"https:\/\/demoweb.info\/sexshop001\/#website"},"datePublished":"2022-01-22T19:56:00+00:00","dateModified":"2022-01-22T19:56:15+00:00","breadcrumb":{"@id":"https:\/\/demoweb.info\/sexshop001\/producto\/vibrador-2-con-doble-punta-y-mando-morado\/#breadcrumb"},"inLanguage":"es","potentialAction":[{"@type":"ReadAction","target":["https:\/\/demoweb.info\/sexshop001\/producto\/vibrador-2-con-doble-punta-y-mando-morado\/"]}]},{"@type":"BreadcrumbList","@id":"https:\/\/demoweb.info\/sexshop001\/producto\/vibrador-2-con-doble-punta-y-mando-morado\/#breadcrumb","itemListElement":[{"@type":"ListItem","position":1,"name":"Portada","item":"https:\/\/demoweb.info\/sexshop001\/"},{"@type":"ListItem","position":2,"name":"Tienda","item":"https:\/\/demoweb.info\/sexshop001\/tienda\/"},{"@type":"ListItem","position":3,"name":"VIBRADOR 2 CON DOBLE PUNTA Y MANDO &#8211; MORADO"}]},{"@type":"WebSite","@id":"https:\/\/demoweb.info\/sexshop001\/#website","url":"https:\/\/demoweb.info\/sexshop001\/","name":"Tienda Er\u00f3tica","description":"DEMOWEB SL","potentialAction":[{"@type":"SearchAction","target":{"@type":"EntryPoint","urlTemplate":"https:\/\/demoweb.info\/sexshop001\/?s={search_term_string}"},"query-input":"required name=search_term_string"}],"inLanguage":"es"}]}},"_links":{"self":[{"href":"https:\/\/demoweb.info\/sexshop001\/wp-json\/wp\/v3\/product\/72271","targetHints":{"allow":["GET"]}}],"collection":[{"href":"https:\/\/demoweb.info\/sexshop001\/wp-json\/wp\/v3\/product"}],"about":[{"href":"https:\/\/demoweb.info\/sexshop001\/wp-json\/wp\/v2\/types\/product"}],"replies":[{"embeddable":true,"href":"https:\/\/demoweb.info\/sexshop001\/wp-json\/wp\/v2\/comments?post=72271"}],"wp:featuredmedia":[{"embeddable":true,"href":"https:\/\/demoweb.info\/sexshop001\/wp-json\/wp\/v2\/media\/72272"}],"wp:attachment":[{"href":"https:\/\/demoweb.info\/sexshop001\/wp-json\/wp\/v2\/media?parent=72271"}],"wp:term":[{"taxonomy":"product_cat","embeddable":true,"href":"https:\/\/demoweb.info\/sexshop001\/wp-json\/wp\/v2\/product_cat?post=72271"},{"taxonomy":"product_tag","embeddable":true,"href":"https:\/\/demoweb.info\/sexshop001\/wp-json\/wp\/v2\/product_tag?post=72271"}],"curies":[{"name":"wp","href":"https:\/\/api.w.org\/{rel}","templated":true}]}}