{"id":72259,"date":"2022-01-22T20:56:00","date_gmt":"2022-01-22T19:56:00","guid":{"rendered":"https:\/\/demoweb.info\/sexshop001\/producto\/ocean-dream-huevo-con-control-remoto-negro\/"},"modified":"2022-01-22T20:56:06","modified_gmt":"2022-01-22T19:56:06","slug":"ocean-dream-huevo-con-control-remoto-negro","status":"publish","type":"product","link":"https:\/\/demoweb.info\/sexshop001\/producto\/ocean-dream-huevo-con-control-remoto-negro\/","title":{"rendered":"OCEAN DREAM HUEVO CON CONTROL REMOTO &#8211; NEGRO"},"content":{"rendered":"<p><strong>OCEAN DREAM EGG WITH REMOTE CONTROLE <\/strong><\/p>\n<p>Con su dise\u00f1o elegante inspirado en los tesoros escondidos de Oceans, Ocean Dream es un huevo de control remoto inal\u00e1mbrico alucinante que cuenta con una variedad de 10 emocionantes velocidades y configuraciones de vibraci\u00f3n, que van desde un zumbido burl\u00f3n hasta patrones org\u00e1smicos.<\/p>\n<p>Ideal para la estimulaci\u00f3n vaginal y del cl\u00edtoris con su superficie lisa y su cuerpo lleno de baches, es ideal para frotar contra su cl\u00edtoris, especialmente cuando se trata de las vibraciones fuertes. El control remoto de bonificaci\u00f3n te brindar\u00e1 a ti o a tu pareja una experiencia alucinante, especialmente cuando est\u00e1 fuera de casa y quiere burlarse un poco. Disfruta ola tras ola de placer con este poderoso control remoto love egg. El LRS (Lastic Remote Control) de largo alcance lo convierte en el \u00faltimo juguete bromista con una distancia operable de hasta 10 metros de distancia.<\/p>\n<p>Caracter\u00edsticas:<\/p>\n<ul>\n<li>Dimensiones del producto: 7,9 x 3,5 x 3,5 cm<\/li>\n<li>Peso del producto: 80,50 gr<\/li>\n<li>Tipos de velocidad: 10<\/li>\n<li>Se requieren bater\u00edas: 2<\/li>\n<li>Tipo de bater\u00edas: AAA<\/li>\n<li>Bater\u00edas incluidas: No<\/li>\n<li>A prueba de salpicaduras: S\u00ed<\/li>\n<li>Materiales: Silicona + ABS<\/li>\n<\/ul>\n","protected":false},"excerpt":{"rendered":"<p>OCEAN DREAM EGG WITH REMOTE CONTROLE Con su dise\u00f1o elegante inspirado en los tesoros escondidos de Oceans, Ocean Dream es<\/p>\n","protected":false},"featured_media":72260,"comment_status":"open","ping_status":"open","template":"","meta":[],"product_cat":[322],"product_tag":[435],"class_list":["post-72259","product","type-product","status-publish","has-post-thumbnail","hentry","product_cat-con-mando","product_tag-adrien-lastic"],"bundled_by":[],"bundle_stock_status":"instock","bundle_stock_quantity":1,"bundle_virtual":false,"bundle_layout":"","bundle_add_to_cart_form_location":"","bundle_editable_in_cart":false,"bundle_sold_individually_context":"","bundle_item_grouping":"","bundle_min_size":"","bundle_max_size":"","bundled_items":[],"yoast_head":"<!-- This site is optimized with the Yoast SEO plugin v20.6 - https:\/\/yoast.com\/wordpress\/plugins\/seo\/ -->\n<title>OCEAN DREAM HUEVO CON CONTROL REMOTO - NEGRO - Tienda Er\u00f3tica<\/title>\n<meta name=\"robots\" content=\"noindex, follow, max-snippet:-1, max-image-preview:large, max-video-preview:-1\" \/>\n<meta property=\"og:locale\" content=\"es_ES\" \/>\n<meta property=\"og:type\" content=\"article\" \/>\n<meta property=\"og:title\" content=\"OCEAN DREAM HUEVO CON CONTROL REMOTO - NEGRO - Tienda Er\u00f3tica\" \/>\n<meta property=\"og:description\" content=\"OCEAN DREAM EGG WITH REMOTE CONTROLE Con su dise\u00f1o elegante inspirado en los tesoros escondidos de Oceans, Ocean Dream es\" \/>\n<meta property=\"og:url\" content=\"https:\/\/demoweb.info\/sexshop001\/producto\/ocean-dream-huevo-con-control-remoto-negro\/\" \/>\n<meta property=\"og:site_name\" content=\"Tienda Er\u00f3tica\" \/>\n<meta property=\"article:modified_time\" content=\"2022-01-22T19:56:06+00:00\" \/>\n<meta property=\"og:image\" content=\"https:\/\/demoweb.info\/sexshop001\/wp-content\/uploads\/2022\/01\/OCEAN-DREAM-HUEVO-CON-CONTROL-REMOTO-NEGRO.jpg\" \/>\n\t<meta property=\"og:image:width\" content=\"550\" \/>\n\t<meta property=\"og:image:height\" content=\"550\" \/>\n\t<meta property=\"og:image:type\" content=\"image\/jpeg\" \/>\n<meta name=\"twitter:card\" content=\"summary_large_image\" \/>\n<meta name=\"twitter:label1\" content=\"Tiempo de lectura\" \/>\n\t<meta name=\"twitter:data1\" content=\"1 minuto\" \/>\n<script type=\"application\/ld+json\" class=\"yoast-schema-graph\">{\"@context\":\"https:\/\/schema.org\",\"@graph\":[{\"@type\":\"WebPage\",\"@id\":\"https:\/\/demoweb.info\/sexshop001\/producto\/ocean-dream-huevo-con-control-remoto-negro\/\",\"url\":\"https:\/\/demoweb.info\/sexshop001\/producto\/ocean-dream-huevo-con-control-remoto-negro\/\",\"name\":\"OCEAN DREAM HUEVO CON CONTROL REMOTO - NEGRO - Tienda Er\u00f3tica\",\"isPartOf\":{\"@id\":\"https:\/\/demoweb.info\/sexshop001\/#website\"},\"datePublished\":\"2022-01-22T19:56:00+00:00\",\"dateModified\":\"2022-01-22T19:56:06+00:00\",\"breadcrumb\":{\"@id\":\"https:\/\/demoweb.info\/sexshop001\/producto\/ocean-dream-huevo-con-control-remoto-negro\/#breadcrumb\"},\"inLanguage\":\"es\",\"potentialAction\":[{\"@type\":\"ReadAction\",\"target\":[\"https:\/\/demoweb.info\/sexshop001\/producto\/ocean-dream-huevo-con-control-remoto-negro\/\"]}]},{\"@type\":\"BreadcrumbList\",\"@id\":\"https:\/\/demoweb.info\/sexshop001\/producto\/ocean-dream-huevo-con-control-remoto-negro\/#breadcrumb\",\"itemListElement\":[{\"@type\":\"ListItem\",\"position\":1,\"name\":\"Portada\",\"item\":\"https:\/\/demoweb.info\/sexshop001\/\"},{\"@type\":\"ListItem\",\"position\":2,\"name\":\"Tienda\",\"item\":\"https:\/\/demoweb.info\/sexshop001\/tienda\/\"},{\"@type\":\"ListItem\",\"position\":3,\"name\":\"OCEAN DREAM HUEVO CON CONTROL REMOTO &#8211; NEGRO\"}]},{\"@type\":\"WebSite\",\"@id\":\"https:\/\/demoweb.info\/sexshop001\/#website\",\"url\":\"https:\/\/demoweb.info\/sexshop001\/\",\"name\":\"Tienda Er\u00f3tica\",\"description\":\"DEMOWEB SL\",\"potentialAction\":[{\"@type\":\"SearchAction\",\"target\":{\"@type\":\"EntryPoint\",\"urlTemplate\":\"https:\/\/demoweb.info\/sexshop001\/?s={search_term_string}\"},\"query-input\":\"required name=search_term_string\"}],\"inLanguage\":\"es\"}]}<\/script>\n<!-- \/ Yoast SEO plugin. -->","yoast_head_json":{"title":"OCEAN DREAM HUEVO CON CONTROL REMOTO - NEGRO - Tienda Er\u00f3tica","robots":{"index":"noindex","follow":"follow","max-snippet":"max-snippet:-1","max-image-preview":"max-image-preview:large","max-video-preview":"max-video-preview:-1"},"og_locale":"es_ES","og_type":"article","og_title":"OCEAN DREAM HUEVO CON CONTROL REMOTO - NEGRO - Tienda Er\u00f3tica","og_description":"OCEAN DREAM EGG WITH REMOTE CONTROLE Con su dise\u00f1o elegante inspirado en los tesoros escondidos de Oceans, Ocean Dream es","og_url":"https:\/\/demoweb.info\/sexshop001\/producto\/ocean-dream-huevo-con-control-remoto-negro\/","og_site_name":"Tienda Er\u00f3tica","article_modified_time":"2022-01-22T19:56:06+00:00","og_image":[{"width":550,"height":550,"url":"https:\/\/demoweb.info\/sexshop001\/wp-content\/uploads\/2022\/01\/OCEAN-DREAM-HUEVO-CON-CONTROL-REMOTO-NEGRO.jpg","type":"image\/jpeg"}],"twitter_card":"summary_large_image","twitter_misc":{"Tiempo de lectura":"1 minuto"},"schema":{"@context":"https:\/\/schema.org","@graph":[{"@type":"WebPage","@id":"https:\/\/demoweb.info\/sexshop001\/producto\/ocean-dream-huevo-con-control-remoto-negro\/","url":"https:\/\/demoweb.info\/sexshop001\/producto\/ocean-dream-huevo-con-control-remoto-negro\/","name":"OCEAN DREAM HUEVO CON CONTROL REMOTO - NEGRO - Tienda Er\u00f3tica","isPartOf":{"@id":"https:\/\/demoweb.info\/sexshop001\/#website"},"datePublished":"2022-01-22T19:56:00+00:00","dateModified":"2022-01-22T19:56:06+00:00","breadcrumb":{"@id":"https:\/\/demoweb.info\/sexshop001\/producto\/ocean-dream-huevo-con-control-remoto-negro\/#breadcrumb"},"inLanguage":"es","potentialAction":[{"@type":"ReadAction","target":["https:\/\/demoweb.info\/sexshop001\/producto\/ocean-dream-huevo-con-control-remoto-negro\/"]}]},{"@type":"BreadcrumbList","@id":"https:\/\/demoweb.info\/sexshop001\/producto\/ocean-dream-huevo-con-control-remoto-negro\/#breadcrumb","itemListElement":[{"@type":"ListItem","position":1,"name":"Portada","item":"https:\/\/demoweb.info\/sexshop001\/"},{"@type":"ListItem","position":2,"name":"Tienda","item":"https:\/\/demoweb.info\/sexshop001\/tienda\/"},{"@type":"ListItem","position":3,"name":"OCEAN DREAM HUEVO CON CONTROL REMOTO &#8211; NEGRO"}]},{"@type":"WebSite","@id":"https:\/\/demoweb.info\/sexshop001\/#website","url":"https:\/\/demoweb.info\/sexshop001\/","name":"Tienda Er\u00f3tica","description":"DEMOWEB SL","potentialAction":[{"@type":"SearchAction","target":{"@type":"EntryPoint","urlTemplate":"https:\/\/demoweb.info\/sexshop001\/?s={search_term_string}"},"query-input":"required name=search_term_string"}],"inLanguage":"es"}]}},"_links":{"self":[{"href":"https:\/\/demoweb.info\/sexshop001\/wp-json\/wp\/v3\/product\/72259","targetHints":{"allow":["GET"]}}],"collection":[{"href":"https:\/\/demoweb.info\/sexshop001\/wp-json\/wp\/v3\/product"}],"about":[{"href":"https:\/\/demoweb.info\/sexshop001\/wp-json\/wp\/v2\/types\/product"}],"replies":[{"embeddable":true,"href":"https:\/\/demoweb.info\/sexshop001\/wp-json\/wp\/v2\/comments?post=72259"}],"wp:featuredmedia":[{"embeddable":true,"href":"https:\/\/demoweb.info\/sexshop001\/wp-json\/wp\/v2\/media\/72260"}],"wp:attachment":[{"href":"https:\/\/demoweb.info\/sexshop001\/wp-json\/wp\/v2\/media?parent=72259"}],"wp:term":[{"taxonomy":"product_cat","embeddable":true,"href":"https:\/\/demoweb.info\/sexshop001\/wp-json\/wp\/v2\/product_cat?post=72259"},{"taxonomy":"product_tag","embeddable":true,"href":"https:\/\/demoweb.info\/sexshop001\/wp-json\/wp\/v2\/product_tag?post=72259"}],"curies":[{"name":"wp","href":"https:\/\/api.w.org\/{rel}","templated":true}]}}