{"id":72228,"date":"2022-01-22T20:55:30","date_gmt":"2022-01-22T19:55:30","guid":{"rendered":"https:\/\/demoweb.info\/sexshop001\/producto\/ocean-storm-huevo-con-control-remoto-azul\/"},"modified":"2022-01-22T20:55:43","modified_gmt":"2022-01-22T19:55:43","slug":"ocean-storm-huevo-con-control-remoto-azul","status":"publish","type":"product","link":"https:\/\/demoweb.info\/sexshop001\/producto\/ocean-storm-huevo-con-control-remoto-azul\/","title":{"rendered":"OCEAN STORM HUEVO CON CONTROL REMOTO &#8211; AZUL"},"content":{"rendered":"<p><strong>OCEAN STORM EGG WITH REMOTE <\/strong><\/p>\n<p>Huevo vibrante recargable s\u00faper potente y brillante con control remoto y un innovador sistema de vibraci\u00f3n. El exterior aliviado y la superficie blanda lo convierten en un huevo perfecto para la estimulaci\u00f3n vaginal y del cl\u00edtoris.<\/p>\n<p>\u00a1Experimente la EXCELENCIA EN HUEVOS del placer m\u00e1s profundo y una excelente opci\u00f3n para jugar en pareja!<\/p>\n<p>Caracter\u00edsticas:<\/p>\n<ul>\n<li>Dimensiones del producto: 8 x 3,2 x 3,2 cm<\/li>\n<li>Peso del producto: 72,40 gr<\/li>\n<li>Tipos de velocidad: 10<\/li>\n<li>Recargable con USB<\/li>\n<li>A prueba de salpicaduras: S\u00ed<\/li>\n<li>Materiales: UVG<\/li>\n<\/ul>\n","protected":false},"excerpt":{"rendered":"<p>OCEAN STORM EGG WITH REMOTE Huevo vibrante recargable s\u00faper potente y brillante con control remoto y un innovador sistema de<\/p>\n","protected":false},"featured_media":72229,"comment_status":"open","ping_status":"open","template":"","meta":[],"product_cat":[322],"product_tag":[435],"class_list":["post-72228","product","type-product","status-publish","has-post-thumbnail","hentry","product_cat-con-mando","product_tag-adrien-lastic"],"bundled_by":[],"bundle_stock_status":"instock","bundle_stock_quantity":1,"bundle_virtual":false,"bundle_layout":"","bundle_add_to_cart_form_location":"","bundle_editable_in_cart":false,"bundle_sold_individually_context":"","bundle_item_grouping":"","bundle_min_size":"","bundle_max_size":"","bundled_items":[],"yoast_head":"<!-- This site is optimized with the Yoast SEO plugin v20.6 - https:\/\/yoast.com\/wordpress\/plugins\/seo\/ -->\n<title>OCEAN STORM HUEVO CON CONTROL REMOTO - AZUL - Tienda Er\u00f3tica<\/title>\n<meta name=\"robots\" content=\"noindex, follow, max-snippet:-1, max-image-preview:large, max-video-preview:-1\" \/>\n<meta property=\"og:locale\" content=\"es_ES\" \/>\n<meta property=\"og:type\" content=\"article\" \/>\n<meta property=\"og:title\" content=\"OCEAN STORM HUEVO CON CONTROL REMOTO - AZUL - Tienda Er\u00f3tica\" \/>\n<meta property=\"og:description\" content=\"OCEAN STORM EGG WITH REMOTE Huevo vibrante recargable s\u00faper potente y brillante con control remoto y un innovador sistema de\" \/>\n<meta property=\"og:url\" content=\"https:\/\/demoweb.info\/sexshop001\/producto\/ocean-storm-huevo-con-control-remoto-azul\/\" \/>\n<meta property=\"og:site_name\" content=\"Tienda Er\u00f3tica\" \/>\n<meta property=\"article:modified_time\" content=\"2022-01-22T19:55:43+00:00\" \/>\n<meta property=\"og:image\" content=\"https:\/\/demoweb.info\/sexshop001\/wp-content\/uploads\/2022\/01\/OCEAN-STORM-HUEVO-CON-CONTROL-REMOTO-AZUL.jpg\" \/>\n\t<meta property=\"og:image:width\" content=\"550\" \/>\n\t<meta property=\"og:image:height\" content=\"550\" \/>\n\t<meta property=\"og:image:type\" content=\"image\/jpeg\" \/>\n<meta name=\"twitter:card\" content=\"summary_large_image\" \/>\n<script type=\"application\/ld+json\" class=\"yoast-schema-graph\">{\"@context\":\"https:\/\/schema.org\",\"@graph\":[{\"@type\":\"WebPage\",\"@id\":\"https:\/\/demoweb.info\/sexshop001\/producto\/ocean-storm-huevo-con-control-remoto-azul\/\",\"url\":\"https:\/\/demoweb.info\/sexshop001\/producto\/ocean-storm-huevo-con-control-remoto-azul\/\",\"name\":\"OCEAN STORM HUEVO CON CONTROL REMOTO - AZUL - Tienda Er\u00f3tica\",\"isPartOf\":{\"@id\":\"https:\/\/demoweb.info\/sexshop001\/#website\"},\"datePublished\":\"2022-01-22T19:55:30+00:00\",\"dateModified\":\"2022-01-22T19:55:43+00:00\",\"breadcrumb\":{\"@id\":\"https:\/\/demoweb.info\/sexshop001\/producto\/ocean-storm-huevo-con-control-remoto-azul\/#breadcrumb\"},\"inLanguage\":\"es\",\"potentialAction\":[{\"@type\":\"ReadAction\",\"target\":[\"https:\/\/demoweb.info\/sexshop001\/producto\/ocean-storm-huevo-con-control-remoto-azul\/\"]}]},{\"@type\":\"BreadcrumbList\",\"@id\":\"https:\/\/demoweb.info\/sexshop001\/producto\/ocean-storm-huevo-con-control-remoto-azul\/#breadcrumb\",\"itemListElement\":[{\"@type\":\"ListItem\",\"position\":1,\"name\":\"Portada\",\"item\":\"https:\/\/demoweb.info\/sexshop001\/\"},{\"@type\":\"ListItem\",\"position\":2,\"name\":\"Tienda\",\"item\":\"https:\/\/demoweb.info\/sexshop001\/tienda\/\"},{\"@type\":\"ListItem\",\"position\":3,\"name\":\"OCEAN STORM HUEVO CON CONTROL REMOTO &#8211; AZUL\"}]},{\"@type\":\"WebSite\",\"@id\":\"https:\/\/demoweb.info\/sexshop001\/#website\",\"url\":\"https:\/\/demoweb.info\/sexshop001\/\",\"name\":\"Tienda Er\u00f3tica\",\"description\":\"DEMOWEB SL\",\"potentialAction\":[{\"@type\":\"SearchAction\",\"target\":{\"@type\":\"EntryPoint\",\"urlTemplate\":\"https:\/\/demoweb.info\/sexshop001\/?s={search_term_string}\"},\"query-input\":\"required name=search_term_string\"}],\"inLanguage\":\"es\"}]}<\/script>\n<!-- \/ Yoast SEO plugin. -->","yoast_head_json":{"title":"OCEAN STORM HUEVO CON CONTROL REMOTO - AZUL - Tienda Er\u00f3tica","robots":{"index":"noindex","follow":"follow","max-snippet":"max-snippet:-1","max-image-preview":"max-image-preview:large","max-video-preview":"max-video-preview:-1"},"og_locale":"es_ES","og_type":"article","og_title":"OCEAN STORM HUEVO CON CONTROL REMOTO - AZUL - Tienda Er\u00f3tica","og_description":"OCEAN STORM EGG WITH REMOTE Huevo vibrante recargable s\u00faper potente y brillante con control remoto y un innovador sistema de","og_url":"https:\/\/demoweb.info\/sexshop001\/producto\/ocean-storm-huevo-con-control-remoto-azul\/","og_site_name":"Tienda Er\u00f3tica","article_modified_time":"2022-01-22T19:55:43+00:00","og_image":[{"width":550,"height":550,"url":"https:\/\/demoweb.info\/sexshop001\/wp-content\/uploads\/2022\/01\/OCEAN-STORM-HUEVO-CON-CONTROL-REMOTO-AZUL.jpg","type":"image\/jpeg"}],"twitter_card":"summary_large_image","schema":{"@context":"https:\/\/schema.org","@graph":[{"@type":"WebPage","@id":"https:\/\/demoweb.info\/sexshop001\/producto\/ocean-storm-huevo-con-control-remoto-azul\/","url":"https:\/\/demoweb.info\/sexshop001\/producto\/ocean-storm-huevo-con-control-remoto-azul\/","name":"OCEAN STORM HUEVO CON CONTROL REMOTO - AZUL - Tienda Er\u00f3tica","isPartOf":{"@id":"https:\/\/demoweb.info\/sexshop001\/#website"},"datePublished":"2022-01-22T19:55:30+00:00","dateModified":"2022-01-22T19:55:43+00:00","breadcrumb":{"@id":"https:\/\/demoweb.info\/sexshop001\/producto\/ocean-storm-huevo-con-control-remoto-azul\/#breadcrumb"},"inLanguage":"es","potentialAction":[{"@type":"ReadAction","target":["https:\/\/demoweb.info\/sexshop001\/producto\/ocean-storm-huevo-con-control-remoto-azul\/"]}]},{"@type":"BreadcrumbList","@id":"https:\/\/demoweb.info\/sexshop001\/producto\/ocean-storm-huevo-con-control-remoto-azul\/#breadcrumb","itemListElement":[{"@type":"ListItem","position":1,"name":"Portada","item":"https:\/\/demoweb.info\/sexshop001\/"},{"@type":"ListItem","position":2,"name":"Tienda","item":"https:\/\/demoweb.info\/sexshop001\/tienda\/"},{"@type":"ListItem","position":3,"name":"OCEAN STORM HUEVO CON CONTROL REMOTO &#8211; AZUL"}]},{"@type":"WebSite","@id":"https:\/\/demoweb.info\/sexshop001\/#website","url":"https:\/\/demoweb.info\/sexshop001\/","name":"Tienda Er\u00f3tica","description":"DEMOWEB SL","potentialAction":[{"@type":"SearchAction","target":{"@type":"EntryPoint","urlTemplate":"https:\/\/demoweb.info\/sexshop001\/?s={search_term_string}"},"query-input":"required name=search_term_string"}],"inLanguage":"es"}]}},"_links":{"self":[{"href":"https:\/\/demoweb.info\/sexshop001\/wp-json\/wp\/v3\/product\/72228","targetHints":{"allow":["GET"]}}],"collection":[{"href":"https:\/\/demoweb.info\/sexshop001\/wp-json\/wp\/v3\/product"}],"about":[{"href":"https:\/\/demoweb.info\/sexshop001\/wp-json\/wp\/v2\/types\/product"}],"replies":[{"embeddable":true,"href":"https:\/\/demoweb.info\/sexshop001\/wp-json\/wp\/v2\/comments?post=72228"}],"wp:featuredmedia":[{"embeddable":true,"href":"https:\/\/demoweb.info\/sexshop001\/wp-json\/wp\/v2\/media\/72229"}],"wp:attachment":[{"href":"https:\/\/demoweb.info\/sexshop001\/wp-json\/wp\/v2\/media?parent=72228"}],"wp:term":[{"taxonomy":"product_cat","embeddable":true,"href":"https:\/\/demoweb.info\/sexshop001\/wp-json\/wp\/v2\/product_cat?post=72228"},{"taxonomy":"product_tag","embeddable":true,"href":"https:\/\/demoweb.info\/sexshop001\/wp-json\/wp\/v2\/product_tag?post=72228"}],"curies":[{"name":"wp","href":"https:\/\/api.w.org\/{rel}","templated":true}]}}