{"id":72213,"date":"2022-01-22T20:55:30","date_gmt":"2022-01-22T19:55:30","guid":{"rendered":"https:\/\/demoweb.info\/sexshop001\/producto\/play-ball-huevo-vibrador-parejas-rosa\/"},"modified":"2022-01-22T20:55:30","modified_gmt":"2022-01-22T19:55:30","slug":"play-ball-huevo-vibrador-parejas-rosa","status":"publish","type":"product","link":"https:\/\/demoweb.info\/sexshop001\/producto\/play-ball-huevo-vibrador-parejas-rosa\/","title":{"rendered":"PLAY BALL HUEVO VIBRADOR PAREJAS &#8211; ROSA"},"content":{"rendered":"<p><strong>PLAY BALL COUPLE&#39;S EGG VIBRATOR <\/strong><\/p>\n<p>Este mini huevo original y potente tiene una textura flexible y un toque ultra suave. Se cree que se usa principalmente en parejas.<\/p>\n<p>Para comenzar, introd\u00fazcalo en la vagina y active su vibraci\u00f3n. Entonces, el pene puede penetrar la vagina; De esta manera, el glande y la parte inferior de la vagina (la zona externa del cuello uterino o el cuello uterino) se estimular\u00e1n simult\u00e1neamente. El cord\u00f3n de silicona extra\u00edble es tan delgado, resistente y flexible que ni siquiera se nota.<\/p>\n<p>Los modos de vibraci\u00f3n se pueden controlar con el control remoto, ubicado en la banda el\u00e1stica que se fijar\u00e1 con velcro alrededor del muslo. De esta forma puede controlar su placer de forma f\u00e1cil y ergon\u00f3mica.<\/p>\n<p>Caracter\u00edsticas:<\/p>\n<ul>\n<li>Dimensiones del producto: 10,1 x 3,9 x 3,9 cm<\/li>\n<li>Peso del producto: 50,00 gram<\/li>\n<li>Longitud insertable: 4,0 cm<\/li>\n<li>Tipos de velocidad: 10<\/li>\n<li>Recargable: S\u00ed<\/li>\n<li>Tiempo de recarga: 240 min<\/li>\n<li>Vida de la recarga de las bater\u00edas: 240 min<\/li>\n<li>A prueba de salpicaduras: S\u00ed<\/li>\n<li>Materiales: Silicona<\/li>\n<\/ul>\n","protected":false},"excerpt":{"rendered":"<p>PLAY BALL COUPLE&#39;S EGG VIBRATOR Este mini huevo original y potente tiene una textura flexible y un toque ultra suave.<\/p>\n","protected":false},"featured_media":72214,"comment_status":"open","ping_status":"open","template":"","meta":[],"product_cat":[476],"product_tag":[435],"class_list":["post-72213","product","type-product","status-publish","has-post-thumbnail","hentry","product_cat-silicona-balas-y-huevos","product_tag-adrien-lastic"],"bundled_by":[],"bundle_stock_status":"instock","bundle_stock_quantity":1,"bundle_virtual":false,"bundle_layout":"","bundle_add_to_cart_form_location":"","bundle_editable_in_cart":false,"bundle_sold_individually_context":"","bundle_item_grouping":"","bundle_min_size":"","bundle_max_size":"","bundled_items":[],"yoast_head":"<!-- This site is optimized with the Yoast SEO plugin v20.6 - https:\/\/yoast.com\/wordpress\/plugins\/seo\/ -->\n<title>PLAY BALL HUEVO VIBRADOR PAREJAS - ROSA - Tienda Er\u00f3tica<\/title>\n<meta name=\"robots\" content=\"noindex, follow, max-snippet:-1, max-image-preview:large, max-video-preview:-1\" \/>\n<meta property=\"og:locale\" content=\"es_ES\" \/>\n<meta property=\"og:type\" content=\"article\" \/>\n<meta property=\"og:title\" content=\"PLAY BALL HUEVO VIBRADOR PAREJAS - ROSA - Tienda Er\u00f3tica\" \/>\n<meta property=\"og:description\" content=\"PLAY BALL COUPLE&#039;S EGG VIBRATOR Este mini huevo original y potente tiene una textura flexible y un toque ultra suave.\" \/>\n<meta property=\"og:url\" content=\"https:\/\/demoweb.info\/sexshop001\/producto\/play-ball-huevo-vibrador-parejas-rosa\/\" \/>\n<meta property=\"og:site_name\" content=\"Tienda Er\u00f3tica\" \/>\n<meta property=\"og:image\" content=\"https:\/\/demoweb.info\/sexshop001\/wp-content\/uploads\/2022\/01\/PLAY-BALL-HUEVO-VIBRADOR-PAREJAS-ROSA.jpg\" \/>\n\t<meta property=\"og:image:width\" content=\"550\" \/>\n\t<meta property=\"og:image:height\" content=\"550\" \/>\n\t<meta property=\"og:image:type\" content=\"image\/jpeg\" \/>\n<meta name=\"twitter:card\" content=\"summary_large_image\" \/>\n<meta name=\"twitter:label1\" content=\"Tiempo de lectura\" \/>\n\t<meta name=\"twitter:data1\" content=\"1 minuto\" \/>\n<script type=\"application\/ld+json\" class=\"yoast-schema-graph\">{\"@context\":\"https:\/\/schema.org\",\"@graph\":[{\"@type\":\"WebPage\",\"@id\":\"https:\/\/demoweb.info\/sexshop001\/producto\/play-ball-huevo-vibrador-parejas-rosa\/\",\"url\":\"https:\/\/demoweb.info\/sexshop001\/producto\/play-ball-huevo-vibrador-parejas-rosa\/\",\"name\":\"PLAY BALL HUEVO VIBRADOR PAREJAS - ROSA - Tienda Er\u00f3tica\",\"isPartOf\":{\"@id\":\"https:\/\/demoweb.info\/sexshop001\/#website\"},\"datePublished\":\"2022-01-22T19:55:30+00:00\",\"dateModified\":\"2022-01-22T19:55:30+00:00\",\"breadcrumb\":{\"@id\":\"https:\/\/demoweb.info\/sexshop001\/producto\/play-ball-huevo-vibrador-parejas-rosa\/#breadcrumb\"},\"inLanguage\":\"es\",\"potentialAction\":[{\"@type\":\"ReadAction\",\"target\":[\"https:\/\/demoweb.info\/sexshop001\/producto\/play-ball-huevo-vibrador-parejas-rosa\/\"]}]},{\"@type\":\"BreadcrumbList\",\"@id\":\"https:\/\/demoweb.info\/sexshop001\/producto\/play-ball-huevo-vibrador-parejas-rosa\/#breadcrumb\",\"itemListElement\":[{\"@type\":\"ListItem\",\"position\":1,\"name\":\"Portada\",\"item\":\"https:\/\/demoweb.info\/sexshop001\/\"},{\"@type\":\"ListItem\",\"position\":2,\"name\":\"Tienda\",\"item\":\"https:\/\/demoweb.info\/sexshop001\/tienda\/\"},{\"@type\":\"ListItem\",\"position\":3,\"name\":\"PLAY BALL HUEVO VIBRADOR PAREJAS &#8211; ROSA\"}]},{\"@type\":\"WebSite\",\"@id\":\"https:\/\/demoweb.info\/sexshop001\/#website\",\"url\":\"https:\/\/demoweb.info\/sexshop001\/\",\"name\":\"Tienda Er\u00f3tica\",\"description\":\"DEMOWEB SL\",\"potentialAction\":[{\"@type\":\"SearchAction\",\"target\":{\"@type\":\"EntryPoint\",\"urlTemplate\":\"https:\/\/demoweb.info\/sexshop001\/?s={search_term_string}\"},\"query-input\":\"required name=search_term_string\"}],\"inLanguage\":\"es\"}]}<\/script>\n<!-- \/ Yoast SEO plugin. -->","yoast_head_json":{"title":"PLAY BALL HUEVO VIBRADOR PAREJAS - ROSA - Tienda Er\u00f3tica","robots":{"index":"noindex","follow":"follow","max-snippet":"max-snippet:-1","max-image-preview":"max-image-preview:large","max-video-preview":"max-video-preview:-1"},"og_locale":"es_ES","og_type":"article","og_title":"PLAY BALL HUEVO VIBRADOR PAREJAS - ROSA - Tienda Er\u00f3tica","og_description":"PLAY BALL COUPLE&#39;S EGG VIBRATOR Este mini huevo original y potente tiene una textura flexible y un toque ultra suave.","og_url":"https:\/\/demoweb.info\/sexshop001\/producto\/play-ball-huevo-vibrador-parejas-rosa\/","og_site_name":"Tienda Er\u00f3tica","og_image":[{"width":550,"height":550,"url":"https:\/\/demoweb.info\/sexshop001\/wp-content\/uploads\/2022\/01\/PLAY-BALL-HUEVO-VIBRADOR-PAREJAS-ROSA.jpg","type":"image\/jpeg"}],"twitter_card":"summary_large_image","twitter_misc":{"Tiempo de lectura":"1 minuto"},"schema":{"@context":"https:\/\/schema.org","@graph":[{"@type":"WebPage","@id":"https:\/\/demoweb.info\/sexshop001\/producto\/play-ball-huevo-vibrador-parejas-rosa\/","url":"https:\/\/demoweb.info\/sexshop001\/producto\/play-ball-huevo-vibrador-parejas-rosa\/","name":"PLAY BALL HUEVO VIBRADOR PAREJAS - ROSA - Tienda Er\u00f3tica","isPartOf":{"@id":"https:\/\/demoweb.info\/sexshop001\/#website"},"datePublished":"2022-01-22T19:55:30+00:00","dateModified":"2022-01-22T19:55:30+00:00","breadcrumb":{"@id":"https:\/\/demoweb.info\/sexshop001\/producto\/play-ball-huevo-vibrador-parejas-rosa\/#breadcrumb"},"inLanguage":"es","potentialAction":[{"@type":"ReadAction","target":["https:\/\/demoweb.info\/sexshop001\/producto\/play-ball-huevo-vibrador-parejas-rosa\/"]}]},{"@type":"BreadcrumbList","@id":"https:\/\/demoweb.info\/sexshop001\/producto\/play-ball-huevo-vibrador-parejas-rosa\/#breadcrumb","itemListElement":[{"@type":"ListItem","position":1,"name":"Portada","item":"https:\/\/demoweb.info\/sexshop001\/"},{"@type":"ListItem","position":2,"name":"Tienda","item":"https:\/\/demoweb.info\/sexshop001\/tienda\/"},{"@type":"ListItem","position":3,"name":"PLAY BALL HUEVO VIBRADOR PAREJAS &#8211; ROSA"}]},{"@type":"WebSite","@id":"https:\/\/demoweb.info\/sexshop001\/#website","url":"https:\/\/demoweb.info\/sexshop001\/","name":"Tienda Er\u00f3tica","description":"DEMOWEB SL","potentialAction":[{"@type":"SearchAction","target":{"@type":"EntryPoint","urlTemplate":"https:\/\/demoweb.info\/sexshop001\/?s={search_term_string}"},"query-input":"required name=search_term_string"}],"inLanguage":"es"}]}},"_links":{"self":[{"href":"https:\/\/demoweb.info\/sexshop001\/wp-json\/wp\/v3\/product\/72213","targetHints":{"allow":["GET"]}}],"collection":[{"href":"https:\/\/demoweb.info\/sexshop001\/wp-json\/wp\/v3\/product"}],"about":[{"href":"https:\/\/demoweb.info\/sexshop001\/wp-json\/wp\/v2\/types\/product"}],"replies":[{"embeddable":true,"href":"https:\/\/demoweb.info\/sexshop001\/wp-json\/wp\/v2\/comments?post=72213"}],"wp:featuredmedia":[{"embeddable":true,"href":"https:\/\/demoweb.info\/sexshop001\/wp-json\/wp\/v2\/media\/72214"}],"wp:attachment":[{"href":"https:\/\/demoweb.info\/sexshop001\/wp-json\/wp\/v2\/media?parent=72213"}],"wp:term":[{"taxonomy":"product_cat","embeddable":true,"href":"https:\/\/demoweb.info\/sexshop001\/wp-json\/wp\/v2\/product_cat?post=72213"},{"taxonomy":"product_tag","embeddable":true,"href":"https:\/\/demoweb.info\/sexshop001\/wp-json\/wp\/v2\/product_tag?post=72213"}],"curies":[{"name":"wp","href":"https:\/\/api.w.org\/{rel}","templated":true}]}}