{"id":72210,"date":"2022-01-22T20:55:12","date_gmt":"2022-01-22T19:55:12","guid":{"rendered":"https:\/\/demoweb.info\/sexshop001\/producto\/mini-trigger-vibrador-silicona-rosa\/"},"modified":"2022-01-22T20:55:26","modified_gmt":"2022-01-22T19:55:26","slug":"mini-trigger-vibrador-silicona-rosa","status":"publish","type":"product","link":"https:\/\/demoweb.info\/sexshop001\/producto\/mini-trigger-vibrador-silicona-rosa\/","title":{"rendered":"MINI TRIGGER VIBRADOR SILICONA &#8211; ROSA"},"content":{"rendered":"<p><strong>MINI TRIGGER SILICONE VIBRATOR <\/strong><\/p>\n<p>\u00a1El descendiente de nuestro querido Trigger, ahora m\u00e1s peque\u00f1o pero con m\u00e1s poder de vibraci\u00f3n y rapidez de oscilaci\u00f3n!<\/p>\n<p>Sin duda te encantar\u00e1.<\/p>\n<p>Al igual que el Trigger, este conejo vibrante incluye el movimiento oscilante conocido popularmente como &#39;&#39;ven aqu\u00ed&#39;&#39; y su dise\u00f1o y aspereza est\u00e1n dise\u00f1ados para agregar placer durante su introducci\u00f3n y uso. El Mini Trigger es un masajeador con m\u00faltiples vibraciones y oscilaciones independientes que desencadenar\u00e1n tus orgasmos m\u00e1s salvajes. Fabricado con silicona de alta calidad y envuelto en un dise\u00f1o innovador, este producto exhibe dos potentes motores de vibraci\u00f3n, un cl\u00edtoris y otro vaginal, y un motor oscilante. Es recargable, inal\u00e1mbrico y le permite disfrutar de sus 9 mods de vibraciones y sus 4 niveles de oscilaci\u00f3n de forma independiente.<\/p>\n<p>Caracter\u00edsticas:<\/p>\n<ul>\n<li>Dimensiones del producto: 17,8 x 8 x 8 cm<\/li>\n<li>Peso del producto: 130 gr<\/li>\n<li>Longitud insertable: 11 cm<\/li>\n<li>Tipos de velocidad: 10<\/li>\n<li>Recargable con USB<\/li>\n<li>Resistente al agua<\/li>\n<li>Materiales: Silicona<\/li>\n<\/ul>\n","protected":false},"excerpt":{"rendered":"<p>MINI TRIGGER SILICONE VIBRATOR \u00a1El descendiente de nuestro querido Trigger, ahora m\u00e1s peque\u00f1o pero con m\u00e1s poder de vibraci\u00f3n y<\/p>\n","protected":false},"featured_media":72211,"comment_status":"open","ping_status":"open","template":"","meta":[],"product_cat":[434],"product_tag":[435],"class_list":["post-72210","product","type-product","status-publish","has-post-thumbnail","hentry","product_cat-doble-estimulacion-vibradores-juguetes-xxx","product_tag-adrien-lastic"],"bundled_by":[],"bundle_stock_status":"instock","bundle_stock_quantity":11,"bundle_virtual":false,"bundle_layout":"","bundle_add_to_cart_form_location":"","bundle_editable_in_cart":false,"bundle_sold_individually_context":"","bundle_item_grouping":"","bundle_min_size":"","bundle_max_size":"","bundled_items":[],"yoast_head":"<!-- This site is optimized with the Yoast SEO plugin v20.6 - https:\/\/yoast.com\/wordpress\/plugins\/seo\/ -->\n<title>MINI TRIGGER VIBRADOR SILICONA - ROSA - Tienda Er\u00f3tica<\/title>\n<meta name=\"robots\" content=\"noindex, follow, max-snippet:-1, max-image-preview:large, max-video-preview:-1\" \/>\n<meta property=\"og:locale\" content=\"es_ES\" \/>\n<meta property=\"og:type\" content=\"article\" \/>\n<meta property=\"og:title\" content=\"MINI TRIGGER VIBRADOR SILICONA - ROSA - Tienda Er\u00f3tica\" \/>\n<meta property=\"og:description\" content=\"MINI TRIGGER SILICONE VIBRATOR \u00a1El descendiente de nuestro querido Trigger, ahora m\u00e1s peque\u00f1o pero con m\u00e1s poder de vibraci\u00f3n y\" \/>\n<meta property=\"og:url\" content=\"https:\/\/demoweb.info\/sexshop001\/producto\/mini-trigger-vibrador-silicona-rosa\/\" \/>\n<meta property=\"og:site_name\" content=\"Tienda Er\u00f3tica\" \/>\n<meta property=\"article:modified_time\" content=\"2022-01-22T19:55:26+00:00\" \/>\n<meta property=\"og:image\" content=\"https:\/\/demoweb.info\/sexshop001\/wp-content\/uploads\/2022\/01\/MINI-TRIGGER-VIBRADOR-SILICONA-ROSA.jpg\" \/>\n\t<meta property=\"og:image:width\" content=\"550\" \/>\n\t<meta property=\"og:image:height\" content=\"550\" \/>\n\t<meta property=\"og:image:type\" content=\"image\/jpeg\" \/>\n<meta name=\"twitter:card\" content=\"summary_large_image\" \/>\n<meta name=\"twitter:label1\" content=\"Tiempo de lectura\" \/>\n\t<meta name=\"twitter:data1\" content=\"1 minuto\" \/>\n<script type=\"application\/ld+json\" class=\"yoast-schema-graph\">{\"@context\":\"https:\/\/schema.org\",\"@graph\":[{\"@type\":\"WebPage\",\"@id\":\"https:\/\/demoweb.info\/sexshop001\/producto\/mini-trigger-vibrador-silicona-rosa\/\",\"url\":\"https:\/\/demoweb.info\/sexshop001\/producto\/mini-trigger-vibrador-silicona-rosa\/\",\"name\":\"MINI TRIGGER VIBRADOR SILICONA - ROSA - Tienda Er\u00f3tica\",\"isPartOf\":{\"@id\":\"https:\/\/demoweb.info\/sexshop001\/#website\"},\"datePublished\":\"2022-01-22T19:55:12+00:00\",\"dateModified\":\"2022-01-22T19:55:26+00:00\",\"breadcrumb\":{\"@id\":\"https:\/\/demoweb.info\/sexshop001\/producto\/mini-trigger-vibrador-silicona-rosa\/#breadcrumb\"},\"inLanguage\":\"es\",\"potentialAction\":[{\"@type\":\"ReadAction\",\"target\":[\"https:\/\/demoweb.info\/sexshop001\/producto\/mini-trigger-vibrador-silicona-rosa\/\"]}]},{\"@type\":\"BreadcrumbList\",\"@id\":\"https:\/\/demoweb.info\/sexshop001\/producto\/mini-trigger-vibrador-silicona-rosa\/#breadcrumb\",\"itemListElement\":[{\"@type\":\"ListItem\",\"position\":1,\"name\":\"Portada\",\"item\":\"https:\/\/demoweb.info\/sexshop001\/\"},{\"@type\":\"ListItem\",\"position\":2,\"name\":\"Tienda\",\"item\":\"https:\/\/demoweb.info\/sexshop001\/tienda\/\"},{\"@type\":\"ListItem\",\"position\":3,\"name\":\"MINI TRIGGER VIBRADOR SILICONA &#8211; ROSA\"}]},{\"@type\":\"WebSite\",\"@id\":\"https:\/\/demoweb.info\/sexshop001\/#website\",\"url\":\"https:\/\/demoweb.info\/sexshop001\/\",\"name\":\"Tienda Er\u00f3tica\",\"description\":\"DEMOWEB SL\",\"potentialAction\":[{\"@type\":\"SearchAction\",\"target\":{\"@type\":\"EntryPoint\",\"urlTemplate\":\"https:\/\/demoweb.info\/sexshop001\/?s={search_term_string}\"},\"query-input\":\"required name=search_term_string\"}],\"inLanguage\":\"es\"}]}<\/script>\n<!-- \/ Yoast SEO plugin. -->","yoast_head_json":{"title":"MINI TRIGGER VIBRADOR SILICONA - ROSA - Tienda Er\u00f3tica","robots":{"index":"noindex","follow":"follow","max-snippet":"max-snippet:-1","max-image-preview":"max-image-preview:large","max-video-preview":"max-video-preview:-1"},"og_locale":"es_ES","og_type":"article","og_title":"MINI TRIGGER VIBRADOR SILICONA - ROSA - Tienda Er\u00f3tica","og_description":"MINI TRIGGER SILICONE VIBRATOR \u00a1El descendiente de nuestro querido Trigger, ahora m\u00e1s peque\u00f1o pero con m\u00e1s poder de vibraci\u00f3n y","og_url":"https:\/\/demoweb.info\/sexshop001\/producto\/mini-trigger-vibrador-silicona-rosa\/","og_site_name":"Tienda Er\u00f3tica","article_modified_time":"2022-01-22T19:55:26+00:00","og_image":[{"width":550,"height":550,"url":"https:\/\/demoweb.info\/sexshop001\/wp-content\/uploads\/2022\/01\/MINI-TRIGGER-VIBRADOR-SILICONA-ROSA.jpg","type":"image\/jpeg"}],"twitter_card":"summary_large_image","twitter_misc":{"Tiempo de lectura":"1 minuto"},"schema":{"@context":"https:\/\/schema.org","@graph":[{"@type":"WebPage","@id":"https:\/\/demoweb.info\/sexshop001\/producto\/mini-trigger-vibrador-silicona-rosa\/","url":"https:\/\/demoweb.info\/sexshop001\/producto\/mini-trigger-vibrador-silicona-rosa\/","name":"MINI TRIGGER VIBRADOR SILICONA - ROSA - Tienda Er\u00f3tica","isPartOf":{"@id":"https:\/\/demoweb.info\/sexshop001\/#website"},"datePublished":"2022-01-22T19:55:12+00:00","dateModified":"2022-01-22T19:55:26+00:00","breadcrumb":{"@id":"https:\/\/demoweb.info\/sexshop001\/producto\/mini-trigger-vibrador-silicona-rosa\/#breadcrumb"},"inLanguage":"es","potentialAction":[{"@type":"ReadAction","target":["https:\/\/demoweb.info\/sexshop001\/producto\/mini-trigger-vibrador-silicona-rosa\/"]}]},{"@type":"BreadcrumbList","@id":"https:\/\/demoweb.info\/sexshop001\/producto\/mini-trigger-vibrador-silicona-rosa\/#breadcrumb","itemListElement":[{"@type":"ListItem","position":1,"name":"Portada","item":"https:\/\/demoweb.info\/sexshop001\/"},{"@type":"ListItem","position":2,"name":"Tienda","item":"https:\/\/demoweb.info\/sexshop001\/tienda\/"},{"@type":"ListItem","position":3,"name":"MINI TRIGGER VIBRADOR SILICONA &#8211; ROSA"}]},{"@type":"WebSite","@id":"https:\/\/demoweb.info\/sexshop001\/#website","url":"https:\/\/demoweb.info\/sexshop001\/","name":"Tienda Er\u00f3tica","description":"DEMOWEB SL","potentialAction":[{"@type":"SearchAction","target":{"@type":"EntryPoint","urlTemplate":"https:\/\/demoweb.info\/sexshop001\/?s={search_term_string}"},"query-input":"required name=search_term_string"}],"inLanguage":"es"}]}},"_links":{"self":[{"href":"https:\/\/demoweb.info\/sexshop001\/wp-json\/wp\/v3\/product\/72210","targetHints":{"allow":["GET"]}}],"collection":[{"href":"https:\/\/demoweb.info\/sexshop001\/wp-json\/wp\/v3\/product"}],"about":[{"href":"https:\/\/demoweb.info\/sexshop001\/wp-json\/wp\/v2\/types\/product"}],"replies":[{"embeddable":true,"href":"https:\/\/demoweb.info\/sexshop001\/wp-json\/wp\/v2\/comments?post=72210"}],"wp:featuredmedia":[{"embeddable":true,"href":"https:\/\/demoweb.info\/sexshop001\/wp-json\/wp\/v2\/media\/72211"}],"wp:attachment":[{"href":"https:\/\/demoweb.info\/sexshop001\/wp-json\/wp\/v2\/media?parent=72210"}],"wp:term":[{"taxonomy":"product_cat","embeddable":true,"href":"https:\/\/demoweb.info\/sexshop001\/wp-json\/wp\/v2\/product_cat?post=72210"},{"taxonomy":"product_tag","embeddable":true,"href":"https:\/\/demoweb.info\/sexshop001\/wp-json\/wp\/v2\/product_tag?post=72210"}],"curies":[{"name":"wp","href":"https:\/\/api.w.org\/{rel}","templated":true}]}}