{"id":72201,"date":"2022-01-22T20:55:12","date_gmt":"2022-01-22T19:55:12","guid":{"rendered":"https:\/\/demoweb.info\/sexshop001\/producto\/typhoon-vibrador-2-motores-negro\/"},"modified":"2022-01-22T20:55:21","modified_gmt":"2022-01-22T19:55:21","slug":"typhoon-vibrador-2-motores-negro","status":"publish","type":"product","link":"https:\/\/demoweb.info\/sexshop001\/producto\/typhoon-vibrador-2-motores-negro\/","title":{"rendered":"TYPHOON VIBRADOR 2 MOTORES &#8211; NEGRO"},"content":{"rendered":"<p><strong>TYPHOON 2 MOTOR VIBRATOR <\/strong><\/p>\n<p>El vibrador Typhoon funciona con dos motores silenciosos para vibraciones potentes para estimular sus zonas er\u00f3genas. El vibrador Typhoon est\u00e1 hecho de silicona de grado m\u00e9dico que crea una textura excepcionalmente suave y sedosa.<\/p>\n<p>El dise\u00f1o ergon\u00f3mico del Typhoon y la superficie texturizada estimulan su cuerpo hasta el punto de \u00e9xtasis. El vibrador Typhoon tiene 8 funciones de vibraci\u00f3n para sensaciones intensas, que se pueden cambiar f\u00e1cilmente con un solo clic.<\/p>\n<p>Typhoon Vibrator es potente y tiene muchas caracter\u00edsticas:<\/p>\n<ul>\n<li>Dimensiones del producto: 17,8 x 8 x 8 cm<\/li>\n<li>Peso del producto: 155,8 gr<\/li>\n<li>Longitud insertable: 12 cm<\/li>\n<li>Tipos de velocidad: 8<\/li>\n<li>Se requieren bater\u00edas: 2<\/li>\n<li>Tipo de bater\u00edas: AAA<\/li>\n<li>Bater\u00edas incluidas: No<\/li>\n<li>Resistente al agua<\/li>\n<li>Materiales: Silicona<\/li>\n<\/ul>\n","protected":false},"excerpt":{"rendered":"<p>TYPHOON 2 MOTOR VIBRATOR El vibrador Typhoon funciona con dos motores silenciosos para vibraciones potentes para estimular sus zonas er\u00f3genas.<\/p>\n","protected":false},"featured_media":72202,"comment_status":"open","ping_status":"open","template":"","meta":[],"product_cat":[434],"product_tag":[435],"class_list":["post-72201","product","type-product","status-publish","has-post-thumbnail","hentry","product_cat-doble-estimulacion-vibradores-juguetes-xxx","product_tag-adrien-lastic"],"bundled_by":[],"bundle_stock_status":"instock","bundle_stock_quantity":1,"bundle_virtual":false,"bundle_layout":"","bundle_add_to_cart_form_location":"","bundle_editable_in_cart":false,"bundle_sold_individually_context":"","bundle_item_grouping":"","bundle_min_size":"","bundle_max_size":"","bundled_items":[],"yoast_head":"<!-- This site is optimized with the Yoast SEO plugin v20.6 - https:\/\/yoast.com\/wordpress\/plugins\/seo\/ -->\n<title>TYPHOON VIBRADOR 2 MOTORES - NEGRO - Tienda Er\u00f3tica<\/title>\n<meta name=\"robots\" content=\"noindex, follow, max-snippet:-1, max-image-preview:large, max-video-preview:-1\" \/>\n<meta property=\"og:locale\" content=\"es_ES\" \/>\n<meta property=\"og:type\" content=\"article\" \/>\n<meta property=\"og:title\" content=\"TYPHOON VIBRADOR 2 MOTORES - NEGRO - Tienda Er\u00f3tica\" \/>\n<meta property=\"og:description\" content=\"TYPHOON 2 MOTOR VIBRATOR El vibrador Typhoon funciona con dos motores silenciosos para vibraciones potentes para estimular sus zonas er\u00f3genas.\" \/>\n<meta property=\"og:url\" content=\"https:\/\/demoweb.info\/sexshop001\/producto\/typhoon-vibrador-2-motores-negro\/\" \/>\n<meta property=\"og:site_name\" content=\"Tienda Er\u00f3tica\" \/>\n<meta property=\"article:modified_time\" content=\"2022-01-22T19:55:21+00:00\" \/>\n<meta property=\"og:image\" content=\"https:\/\/demoweb.info\/sexshop001\/wp-content\/uploads\/2022\/01\/TYPHOON-VIBRADOR-2-MOTORES-NEGRO.jpg\" \/>\n\t<meta property=\"og:image:width\" content=\"550\" \/>\n\t<meta property=\"og:image:height\" content=\"550\" \/>\n\t<meta property=\"og:image:type\" content=\"image\/jpeg\" \/>\n<meta name=\"twitter:card\" content=\"summary_large_image\" \/>\n<meta name=\"twitter:label1\" content=\"Tiempo de lectura\" \/>\n\t<meta name=\"twitter:data1\" content=\"1 minuto\" \/>\n<script type=\"application\/ld+json\" class=\"yoast-schema-graph\">{\"@context\":\"https:\/\/schema.org\",\"@graph\":[{\"@type\":\"WebPage\",\"@id\":\"https:\/\/demoweb.info\/sexshop001\/producto\/typhoon-vibrador-2-motores-negro\/\",\"url\":\"https:\/\/demoweb.info\/sexshop001\/producto\/typhoon-vibrador-2-motores-negro\/\",\"name\":\"TYPHOON VIBRADOR 2 MOTORES - NEGRO - Tienda Er\u00f3tica\",\"isPartOf\":{\"@id\":\"https:\/\/demoweb.info\/sexshop001\/#website\"},\"datePublished\":\"2022-01-22T19:55:12+00:00\",\"dateModified\":\"2022-01-22T19:55:21+00:00\",\"breadcrumb\":{\"@id\":\"https:\/\/demoweb.info\/sexshop001\/producto\/typhoon-vibrador-2-motores-negro\/#breadcrumb\"},\"inLanguage\":\"es\",\"potentialAction\":[{\"@type\":\"ReadAction\",\"target\":[\"https:\/\/demoweb.info\/sexshop001\/producto\/typhoon-vibrador-2-motores-negro\/\"]}]},{\"@type\":\"BreadcrumbList\",\"@id\":\"https:\/\/demoweb.info\/sexshop001\/producto\/typhoon-vibrador-2-motores-negro\/#breadcrumb\",\"itemListElement\":[{\"@type\":\"ListItem\",\"position\":1,\"name\":\"Portada\",\"item\":\"https:\/\/demoweb.info\/sexshop001\/\"},{\"@type\":\"ListItem\",\"position\":2,\"name\":\"Tienda\",\"item\":\"https:\/\/demoweb.info\/sexshop001\/tienda\/\"},{\"@type\":\"ListItem\",\"position\":3,\"name\":\"TYPHOON VIBRADOR 2 MOTORES &#8211; NEGRO\"}]},{\"@type\":\"WebSite\",\"@id\":\"https:\/\/demoweb.info\/sexshop001\/#website\",\"url\":\"https:\/\/demoweb.info\/sexshop001\/\",\"name\":\"Tienda Er\u00f3tica\",\"description\":\"DEMOWEB SL\",\"potentialAction\":[{\"@type\":\"SearchAction\",\"target\":{\"@type\":\"EntryPoint\",\"urlTemplate\":\"https:\/\/demoweb.info\/sexshop001\/?s={search_term_string}\"},\"query-input\":\"required name=search_term_string\"}],\"inLanguage\":\"es\"}]}<\/script>\n<!-- \/ Yoast SEO plugin. -->","yoast_head_json":{"title":"TYPHOON VIBRADOR 2 MOTORES - NEGRO - Tienda Er\u00f3tica","robots":{"index":"noindex","follow":"follow","max-snippet":"max-snippet:-1","max-image-preview":"max-image-preview:large","max-video-preview":"max-video-preview:-1"},"og_locale":"es_ES","og_type":"article","og_title":"TYPHOON VIBRADOR 2 MOTORES - NEGRO - Tienda Er\u00f3tica","og_description":"TYPHOON 2 MOTOR VIBRATOR El vibrador Typhoon funciona con dos motores silenciosos para vibraciones potentes para estimular sus zonas er\u00f3genas.","og_url":"https:\/\/demoweb.info\/sexshop001\/producto\/typhoon-vibrador-2-motores-negro\/","og_site_name":"Tienda Er\u00f3tica","article_modified_time":"2022-01-22T19:55:21+00:00","og_image":[{"width":550,"height":550,"url":"https:\/\/demoweb.info\/sexshop001\/wp-content\/uploads\/2022\/01\/TYPHOON-VIBRADOR-2-MOTORES-NEGRO.jpg","type":"image\/jpeg"}],"twitter_card":"summary_large_image","twitter_misc":{"Tiempo de lectura":"1 minuto"},"schema":{"@context":"https:\/\/schema.org","@graph":[{"@type":"WebPage","@id":"https:\/\/demoweb.info\/sexshop001\/producto\/typhoon-vibrador-2-motores-negro\/","url":"https:\/\/demoweb.info\/sexshop001\/producto\/typhoon-vibrador-2-motores-negro\/","name":"TYPHOON VIBRADOR 2 MOTORES - NEGRO - Tienda Er\u00f3tica","isPartOf":{"@id":"https:\/\/demoweb.info\/sexshop001\/#website"},"datePublished":"2022-01-22T19:55:12+00:00","dateModified":"2022-01-22T19:55:21+00:00","breadcrumb":{"@id":"https:\/\/demoweb.info\/sexshop001\/producto\/typhoon-vibrador-2-motores-negro\/#breadcrumb"},"inLanguage":"es","potentialAction":[{"@type":"ReadAction","target":["https:\/\/demoweb.info\/sexshop001\/producto\/typhoon-vibrador-2-motores-negro\/"]}]},{"@type":"BreadcrumbList","@id":"https:\/\/demoweb.info\/sexshop001\/producto\/typhoon-vibrador-2-motores-negro\/#breadcrumb","itemListElement":[{"@type":"ListItem","position":1,"name":"Portada","item":"https:\/\/demoweb.info\/sexshop001\/"},{"@type":"ListItem","position":2,"name":"Tienda","item":"https:\/\/demoweb.info\/sexshop001\/tienda\/"},{"@type":"ListItem","position":3,"name":"TYPHOON VIBRADOR 2 MOTORES &#8211; NEGRO"}]},{"@type":"WebSite","@id":"https:\/\/demoweb.info\/sexshop001\/#website","url":"https:\/\/demoweb.info\/sexshop001\/","name":"Tienda Er\u00f3tica","description":"DEMOWEB SL","potentialAction":[{"@type":"SearchAction","target":{"@type":"EntryPoint","urlTemplate":"https:\/\/demoweb.info\/sexshop001\/?s={search_term_string}"},"query-input":"required name=search_term_string"}],"inLanguage":"es"}]}},"_links":{"self":[{"href":"https:\/\/demoweb.info\/sexshop001\/wp-json\/wp\/v3\/product\/72201","targetHints":{"allow":["GET"]}}],"collection":[{"href":"https:\/\/demoweb.info\/sexshop001\/wp-json\/wp\/v3\/product"}],"about":[{"href":"https:\/\/demoweb.info\/sexshop001\/wp-json\/wp\/v2\/types\/product"}],"replies":[{"embeddable":true,"href":"https:\/\/demoweb.info\/sexshop001\/wp-json\/wp\/v2\/comments?post=72201"}],"wp:featuredmedia":[{"embeddable":true,"href":"https:\/\/demoweb.info\/sexshop001\/wp-json\/wp\/v2\/media\/72202"}],"wp:attachment":[{"href":"https:\/\/demoweb.info\/sexshop001\/wp-json\/wp\/v2\/media?parent=72201"}],"wp:term":[{"taxonomy":"product_cat","embeddable":true,"href":"https:\/\/demoweb.info\/sexshop001\/wp-json\/wp\/v2\/product_cat?post=72201"},{"taxonomy":"product_tag","embeddable":true,"href":"https:\/\/demoweb.info\/sexshop001\/wp-json\/wp\/v2\/product_tag?post=72201"}],"curies":[{"name":"wp","href":"https:\/\/api.w.org\/{rel}","templated":true}]}}