{"id":72179,"date":"2022-01-22T20:54:58","date_gmt":"2022-01-22T19:54:58","guid":{"rendered":"https:\/\/demoweb.info\/sexshop001\/producto\/billy-the-kid-2-vibrador-morado\/"},"modified":"2022-01-22T20:55:04","modified_gmt":"2022-01-22T19:55:04","slug":"billy-the-kid-2-vibrador-morado","status":"publish","type":"product","link":"https:\/\/demoweb.info\/sexshop001\/producto\/billy-the-kid-2-vibrador-morado\/","title":{"rendered":"BILLY THE KID 2 VIBRADOR &#8211; MORADO"},"content":{"rendered":"<p><strong>BILLY THE KID 2 VIBRATOR <\/strong><\/p>\n<p>Este vibrador resistente al agua tiene 10 velocidades y patrones que van desde una vibraci\u00f3n fuerte y constante hasta un sensacional rango de pulsaciones. Los contornos ondulados de silicona, firmes pero flexibles, estimulan tanto el punto G como el cl\u00edtoris.<\/p>\n<p>Billy the Kid tiene cuerpo con escala que permite una penetraci\u00f3n progresiva y estimulante por etapa. La textura es lisa. Buen manejo Estuche muy bien dise\u00f1ado, f\u00e1cil de usar. Silicona t\u00e1ctil 100% sedosa, libre de ftalatos, silencioso, como un motor potente.<\/p>\n<p>Caracter\u00edsticas:<\/p>\n<ul>\n<li>Dimensiones del producto: 19,3 x 3,9 x 3,9 cm<\/li>\n<li>Peso del producto: 132,3 gr<\/li>\n<li>Longitud insertable: 12 cm<\/li>\n<li>Tipos de velocidad: 10<\/li>\n<li>Se requieren bater\u00edas: 4<\/li>\n<li>Tipo de bater\u00edas: AAA<\/li>\n<li>Bater\u00edas incluidas: No<\/li>\n<li>Resistente al agua<\/li>\n<li>Materiales: Silicona<\/li>\n<\/ul>\n","protected":false},"excerpt":{"rendered":"<p>BILLY THE KID 2 VIBRATOR Este vibrador resistente al agua tiene 10 velocidades y patrones que van desde una vibraci\u00f3n<\/p>\n","protected":false},"featured_media":72180,"comment_status":"open","ping_status":"open","template":"","meta":[],"product_cat":[315],"product_tag":[435],"class_list":["post-72179","product","type-product","status-publish","has-post-thumbnail","hentry","product_cat-silicona-vibradores-juguetes-xxx","product_tag-adrien-lastic"],"bundled_by":[],"bundle_stock_status":"instock","bundle_stock_quantity":1,"bundle_virtual":false,"bundle_layout":"","bundle_add_to_cart_form_location":"","bundle_editable_in_cart":false,"bundle_sold_individually_context":"","bundle_item_grouping":"","bundle_min_size":"","bundle_max_size":"","bundled_items":[],"yoast_head":"<!-- This site is optimized with the Yoast SEO plugin v20.6 - https:\/\/yoast.com\/wordpress\/plugins\/seo\/ -->\n<title>BILLY THE KID 2 VIBRADOR - MORADO - Tienda Er\u00f3tica<\/title>\n<meta name=\"robots\" content=\"noindex, follow, max-snippet:-1, max-image-preview:large, max-video-preview:-1\" \/>\n<meta property=\"og:locale\" content=\"es_ES\" \/>\n<meta property=\"og:type\" content=\"article\" \/>\n<meta property=\"og:title\" content=\"BILLY THE KID 2 VIBRADOR - MORADO - Tienda Er\u00f3tica\" \/>\n<meta property=\"og:description\" content=\"BILLY THE KID 2 VIBRATOR Este vibrador resistente al agua tiene 10 velocidades y patrones que van desde una vibraci\u00f3n\" \/>\n<meta property=\"og:url\" content=\"https:\/\/demoweb.info\/sexshop001\/producto\/billy-the-kid-2-vibrador-morado\/\" \/>\n<meta property=\"og:site_name\" content=\"Tienda Er\u00f3tica\" \/>\n<meta property=\"article:modified_time\" content=\"2022-01-22T19:55:04+00:00\" \/>\n<meta property=\"og:image\" content=\"https:\/\/demoweb.info\/sexshop001\/wp-content\/uploads\/2022\/01\/BILLY-THE-KID-2-VIBRADOR-MORADO.jpg\" \/>\n\t<meta property=\"og:image:width\" content=\"550\" \/>\n\t<meta property=\"og:image:height\" content=\"550\" \/>\n\t<meta property=\"og:image:type\" content=\"image\/jpeg\" \/>\n<meta name=\"twitter:card\" content=\"summary_large_image\" \/>\n<meta name=\"twitter:label1\" content=\"Tiempo de lectura\" \/>\n\t<meta name=\"twitter:data1\" content=\"1 minuto\" \/>\n<script type=\"application\/ld+json\" class=\"yoast-schema-graph\">{\"@context\":\"https:\/\/schema.org\",\"@graph\":[{\"@type\":\"WebPage\",\"@id\":\"https:\/\/demoweb.info\/sexshop001\/producto\/billy-the-kid-2-vibrador-morado\/\",\"url\":\"https:\/\/demoweb.info\/sexshop001\/producto\/billy-the-kid-2-vibrador-morado\/\",\"name\":\"BILLY THE KID 2 VIBRADOR - MORADO - Tienda Er\u00f3tica\",\"isPartOf\":{\"@id\":\"https:\/\/demoweb.info\/sexshop001\/#website\"},\"datePublished\":\"2022-01-22T19:54:58+00:00\",\"dateModified\":\"2022-01-22T19:55:04+00:00\",\"breadcrumb\":{\"@id\":\"https:\/\/demoweb.info\/sexshop001\/producto\/billy-the-kid-2-vibrador-morado\/#breadcrumb\"},\"inLanguage\":\"es\",\"potentialAction\":[{\"@type\":\"ReadAction\",\"target\":[\"https:\/\/demoweb.info\/sexshop001\/producto\/billy-the-kid-2-vibrador-morado\/\"]}]},{\"@type\":\"BreadcrumbList\",\"@id\":\"https:\/\/demoweb.info\/sexshop001\/producto\/billy-the-kid-2-vibrador-morado\/#breadcrumb\",\"itemListElement\":[{\"@type\":\"ListItem\",\"position\":1,\"name\":\"Portada\",\"item\":\"https:\/\/demoweb.info\/sexshop001\/\"},{\"@type\":\"ListItem\",\"position\":2,\"name\":\"Tienda\",\"item\":\"https:\/\/demoweb.info\/sexshop001\/tienda\/\"},{\"@type\":\"ListItem\",\"position\":3,\"name\":\"BILLY THE KID 2 VIBRADOR &#8211; MORADO\"}]},{\"@type\":\"WebSite\",\"@id\":\"https:\/\/demoweb.info\/sexshop001\/#website\",\"url\":\"https:\/\/demoweb.info\/sexshop001\/\",\"name\":\"Tienda Er\u00f3tica\",\"description\":\"DEMOWEB SL\",\"potentialAction\":[{\"@type\":\"SearchAction\",\"target\":{\"@type\":\"EntryPoint\",\"urlTemplate\":\"https:\/\/demoweb.info\/sexshop001\/?s={search_term_string}\"},\"query-input\":\"required name=search_term_string\"}],\"inLanguage\":\"es\"}]}<\/script>\n<!-- \/ Yoast SEO plugin. -->","yoast_head_json":{"title":"BILLY THE KID 2 VIBRADOR - MORADO - Tienda Er\u00f3tica","robots":{"index":"noindex","follow":"follow","max-snippet":"max-snippet:-1","max-image-preview":"max-image-preview:large","max-video-preview":"max-video-preview:-1"},"og_locale":"es_ES","og_type":"article","og_title":"BILLY THE KID 2 VIBRADOR - MORADO - Tienda Er\u00f3tica","og_description":"BILLY THE KID 2 VIBRATOR Este vibrador resistente al agua tiene 10 velocidades y patrones que van desde una vibraci\u00f3n","og_url":"https:\/\/demoweb.info\/sexshop001\/producto\/billy-the-kid-2-vibrador-morado\/","og_site_name":"Tienda Er\u00f3tica","article_modified_time":"2022-01-22T19:55:04+00:00","og_image":[{"width":550,"height":550,"url":"https:\/\/demoweb.info\/sexshop001\/wp-content\/uploads\/2022\/01\/BILLY-THE-KID-2-VIBRADOR-MORADO.jpg","type":"image\/jpeg"}],"twitter_card":"summary_large_image","twitter_misc":{"Tiempo de lectura":"1 minuto"},"schema":{"@context":"https:\/\/schema.org","@graph":[{"@type":"WebPage","@id":"https:\/\/demoweb.info\/sexshop001\/producto\/billy-the-kid-2-vibrador-morado\/","url":"https:\/\/demoweb.info\/sexshop001\/producto\/billy-the-kid-2-vibrador-morado\/","name":"BILLY THE KID 2 VIBRADOR - MORADO - Tienda Er\u00f3tica","isPartOf":{"@id":"https:\/\/demoweb.info\/sexshop001\/#website"},"datePublished":"2022-01-22T19:54:58+00:00","dateModified":"2022-01-22T19:55:04+00:00","breadcrumb":{"@id":"https:\/\/demoweb.info\/sexshop001\/producto\/billy-the-kid-2-vibrador-morado\/#breadcrumb"},"inLanguage":"es","potentialAction":[{"@type":"ReadAction","target":["https:\/\/demoweb.info\/sexshop001\/producto\/billy-the-kid-2-vibrador-morado\/"]}]},{"@type":"BreadcrumbList","@id":"https:\/\/demoweb.info\/sexshop001\/producto\/billy-the-kid-2-vibrador-morado\/#breadcrumb","itemListElement":[{"@type":"ListItem","position":1,"name":"Portada","item":"https:\/\/demoweb.info\/sexshop001\/"},{"@type":"ListItem","position":2,"name":"Tienda","item":"https:\/\/demoweb.info\/sexshop001\/tienda\/"},{"@type":"ListItem","position":3,"name":"BILLY THE KID 2 VIBRADOR &#8211; MORADO"}]},{"@type":"WebSite","@id":"https:\/\/demoweb.info\/sexshop001\/#website","url":"https:\/\/demoweb.info\/sexshop001\/","name":"Tienda Er\u00f3tica","description":"DEMOWEB SL","potentialAction":[{"@type":"SearchAction","target":{"@type":"EntryPoint","urlTemplate":"https:\/\/demoweb.info\/sexshop001\/?s={search_term_string}"},"query-input":"required name=search_term_string"}],"inLanguage":"es"}]}},"_links":{"self":[{"href":"https:\/\/demoweb.info\/sexshop001\/wp-json\/wp\/v3\/product\/72179","targetHints":{"allow":["GET"]}}],"collection":[{"href":"https:\/\/demoweb.info\/sexshop001\/wp-json\/wp\/v3\/product"}],"about":[{"href":"https:\/\/demoweb.info\/sexshop001\/wp-json\/wp\/v2\/types\/product"}],"replies":[{"embeddable":true,"href":"https:\/\/demoweb.info\/sexshop001\/wp-json\/wp\/v2\/comments?post=72179"}],"wp:featuredmedia":[{"embeddable":true,"href":"https:\/\/demoweb.info\/sexshop001\/wp-json\/wp\/v2\/media\/72180"}],"wp:attachment":[{"href":"https:\/\/demoweb.info\/sexshop001\/wp-json\/wp\/v2\/media?parent=72179"}],"wp:term":[{"taxonomy":"product_cat","embeddable":true,"href":"https:\/\/demoweb.info\/sexshop001\/wp-json\/wp\/v2\/product_cat?post=72179"},{"taxonomy":"product_tag","embeddable":true,"href":"https:\/\/demoweb.info\/sexshop001\/wp-json\/wp\/v2\/product_tag?post=72179"}],"curies":[{"name":"wp","href":"https:\/\/api.w.org\/{rel}","templated":true}]}}