{"id":7206,"date":"2022-01-22T09:27:32","date_gmt":"2022-01-22T08:27:32","guid":{"rendered":"https:\/\/demoweb.info\/sexshop001\/producto\/pezoneras-de-acero\/"},"modified":"2022-01-22T09:27:41","modified_gmt":"2022-01-22T08:27:41","slug":"pezoneras-de-acero","status":"publish","type":"product","link":"https:\/\/demoweb.info\/sexshop001\/producto\/pezoneras-de-acero\/","title":{"rendered":"PEZONERAS DE ACERO"},"content":{"rendered":"<p><strong>NIPPLE GRABBER BRUSHED STEEL<\/strong><\/p>\n<p>Si te gusta una forma de sensaci\u00f3n m\u00e1s aguda e intensa, entonces una pinza estilo garra es una buena opci\u00f3n. Estas pinzas particularmente finas con punta de aguja llevan la estimulaci\u00f3n del pez\u00f3n al extremo con garras que se enganchan perfectamente alrededor del pez\u00f3n una vez unidas y permanecen all\u00ed. Simplemente presione el \u00e9mbolo de metal para empujar la abrazadera y tire de \u00e9l para retraer los bordes afilados hacia la base<\/p>\n<p>Longitud : 32 cm<\/p>\n","protected":false},"excerpt":{"rendered":"<p>NIPPLE GRABBER BRUSHED STEEL Si te gusta una forma de sensaci\u00f3n m\u00e1s aguda e intensa, entonces una pinza estilo garra<\/p>\n","protected":false},"featured_media":7207,"comment_status":"open","ping_status":"open","template":"","meta":[],"product_cat":[282],"product_tag":[283],"class_list":["post-7206","product","type-product","status-publish","has-post-thumbnail","hentry","product_cat-pinzas-pezones","product_tag-triune"],"bundled_by":[],"bundle_stock_status":"outofstock","bundle_stock_quantity":0,"bundle_virtual":false,"bundle_layout":"","bundle_add_to_cart_form_location":"","bundle_editable_in_cart":false,"bundle_sold_individually_context":"","bundle_item_grouping":"","bundle_min_size":"","bundle_max_size":"","bundled_items":[],"yoast_head":"<!-- This site is optimized with the Yoast SEO plugin v20.6 - https:\/\/yoast.com\/wordpress\/plugins\/seo\/ -->\n<title>PEZONERAS DE ACERO - Tienda Er\u00f3tica<\/title>\n<meta name=\"robots\" content=\"noindex, follow, max-snippet:-1, max-image-preview:large, max-video-preview:-1\" \/>\n<meta property=\"og:locale\" content=\"es_ES\" \/>\n<meta property=\"og:type\" content=\"article\" \/>\n<meta property=\"og:title\" content=\"PEZONERAS DE ACERO - Tienda Er\u00f3tica\" \/>\n<meta property=\"og:description\" content=\"NIPPLE GRABBER BRUSHED STEEL Si te gusta una forma de sensaci\u00f3n m\u00e1s aguda e intensa, entonces una pinza estilo garra\" \/>\n<meta property=\"og:url\" content=\"https:\/\/demoweb.info\/sexshop001\/producto\/pezoneras-de-acero\/\" \/>\n<meta property=\"og:site_name\" content=\"Tienda Er\u00f3tica\" \/>\n<meta property=\"article:modified_time\" content=\"2022-01-22T08:27:41+00:00\" \/>\n<meta property=\"og:image\" content=\"https:\/\/demoweb.info\/sexshop001\/wp-content\/uploads\/2022\/01\/PEZONERAS-DE-ACERO.jpg\" \/>\n\t<meta property=\"og:image:width\" content=\"550\" \/>\n\t<meta property=\"og:image:height\" content=\"550\" \/>\n\t<meta property=\"og:image:type\" content=\"image\/jpeg\" \/>\n<meta name=\"twitter:card\" content=\"summary_large_image\" \/>\n<script type=\"application\/ld+json\" class=\"yoast-schema-graph\">{\"@context\":\"https:\/\/schema.org\",\"@graph\":[{\"@type\":\"WebPage\",\"@id\":\"https:\/\/demoweb.info\/sexshop001\/producto\/pezoneras-de-acero\/\",\"url\":\"https:\/\/demoweb.info\/sexshop001\/producto\/pezoneras-de-acero\/\",\"name\":\"PEZONERAS DE ACERO - Tienda Er\u00f3tica\",\"isPartOf\":{\"@id\":\"https:\/\/demoweb.info\/sexshop001\/#website\"},\"datePublished\":\"2022-01-22T08:27:32+00:00\",\"dateModified\":\"2022-01-22T08:27:41+00:00\",\"breadcrumb\":{\"@id\":\"https:\/\/demoweb.info\/sexshop001\/producto\/pezoneras-de-acero\/#breadcrumb\"},\"inLanguage\":\"es\",\"potentialAction\":[{\"@type\":\"ReadAction\",\"target\":[\"https:\/\/demoweb.info\/sexshop001\/producto\/pezoneras-de-acero\/\"]}]},{\"@type\":\"BreadcrumbList\",\"@id\":\"https:\/\/demoweb.info\/sexshop001\/producto\/pezoneras-de-acero\/#breadcrumb\",\"itemListElement\":[{\"@type\":\"ListItem\",\"position\":1,\"name\":\"Portada\",\"item\":\"https:\/\/demoweb.info\/sexshop001\/\"},{\"@type\":\"ListItem\",\"position\":2,\"name\":\"Tienda\",\"item\":\"https:\/\/demoweb.info\/sexshop001\/tienda\/\"},{\"@type\":\"ListItem\",\"position\":3,\"name\":\"PEZONERAS DE ACERO\"}]},{\"@type\":\"WebSite\",\"@id\":\"https:\/\/demoweb.info\/sexshop001\/#website\",\"url\":\"https:\/\/demoweb.info\/sexshop001\/\",\"name\":\"Tienda Er\u00f3tica\",\"description\":\"DEMOWEB SL\",\"potentialAction\":[{\"@type\":\"SearchAction\",\"target\":{\"@type\":\"EntryPoint\",\"urlTemplate\":\"https:\/\/demoweb.info\/sexshop001\/?s={search_term_string}\"},\"query-input\":\"required name=search_term_string\"}],\"inLanguage\":\"es\"}]}<\/script>\n<!-- \/ Yoast SEO plugin. -->","yoast_head_json":{"title":"PEZONERAS DE ACERO - Tienda Er\u00f3tica","robots":{"index":"noindex","follow":"follow","max-snippet":"max-snippet:-1","max-image-preview":"max-image-preview:large","max-video-preview":"max-video-preview:-1"},"og_locale":"es_ES","og_type":"article","og_title":"PEZONERAS DE ACERO - Tienda Er\u00f3tica","og_description":"NIPPLE GRABBER BRUSHED STEEL Si te gusta una forma de sensaci\u00f3n m\u00e1s aguda e intensa, entonces una pinza estilo garra","og_url":"https:\/\/demoweb.info\/sexshop001\/producto\/pezoneras-de-acero\/","og_site_name":"Tienda Er\u00f3tica","article_modified_time":"2022-01-22T08:27:41+00:00","og_image":[{"width":550,"height":550,"url":"https:\/\/demoweb.info\/sexshop001\/wp-content\/uploads\/2022\/01\/PEZONERAS-DE-ACERO.jpg","type":"image\/jpeg"}],"twitter_card":"summary_large_image","schema":{"@context":"https:\/\/schema.org","@graph":[{"@type":"WebPage","@id":"https:\/\/demoweb.info\/sexshop001\/producto\/pezoneras-de-acero\/","url":"https:\/\/demoweb.info\/sexshop001\/producto\/pezoneras-de-acero\/","name":"PEZONERAS DE ACERO - Tienda Er\u00f3tica","isPartOf":{"@id":"https:\/\/demoweb.info\/sexshop001\/#website"},"datePublished":"2022-01-22T08:27:32+00:00","dateModified":"2022-01-22T08:27:41+00:00","breadcrumb":{"@id":"https:\/\/demoweb.info\/sexshop001\/producto\/pezoneras-de-acero\/#breadcrumb"},"inLanguage":"es","potentialAction":[{"@type":"ReadAction","target":["https:\/\/demoweb.info\/sexshop001\/producto\/pezoneras-de-acero\/"]}]},{"@type":"BreadcrumbList","@id":"https:\/\/demoweb.info\/sexshop001\/producto\/pezoneras-de-acero\/#breadcrumb","itemListElement":[{"@type":"ListItem","position":1,"name":"Portada","item":"https:\/\/demoweb.info\/sexshop001\/"},{"@type":"ListItem","position":2,"name":"Tienda","item":"https:\/\/demoweb.info\/sexshop001\/tienda\/"},{"@type":"ListItem","position":3,"name":"PEZONERAS DE ACERO"}]},{"@type":"WebSite","@id":"https:\/\/demoweb.info\/sexshop001\/#website","url":"https:\/\/demoweb.info\/sexshop001\/","name":"Tienda Er\u00f3tica","description":"DEMOWEB SL","potentialAction":[{"@type":"SearchAction","target":{"@type":"EntryPoint","urlTemplate":"https:\/\/demoweb.info\/sexshop001\/?s={search_term_string}"},"query-input":"required name=search_term_string"}],"inLanguage":"es"}]}},"_links":{"self":[{"href":"https:\/\/demoweb.info\/sexshop001\/wp-json\/wp\/v3\/product\/7206","targetHints":{"allow":["GET"]}}],"collection":[{"href":"https:\/\/demoweb.info\/sexshop001\/wp-json\/wp\/v3\/product"}],"about":[{"href":"https:\/\/demoweb.info\/sexshop001\/wp-json\/wp\/v2\/types\/product"}],"replies":[{"embeddable":true,"href":"https:\/\/demoweb.info\/sexshop001\/wp-json\/wp\/v2\/comments?post=7206"}],"wp:featuredmedia":[{"embeddable":true,"href":"https:\/\/demoweb.info\/sexshop001\/wp-json\/wp\/v2\/media\/7207"}],"wp:attachment":[{"href":"https:\/\/demoweb.info\/sexshop001\/wp-json\/wp\/v2\/media?parent=7206"}],"wp:term":[{"taxonomy":"product_cat","embeddable":true,"href":"https:\/\/demoweb.info\/sexshop001\/wp-json\/wp\/v2\/product_cat?post=7206"},{"taxonomy":"product_tag","embeddable":true,"href":"https:\/\/demoweb.info\/sexshop001\/wp-json\/wp\/v2\/product_tag?post=7206"}],"curies":[{"name":"wp","href":"https:\/\/api.w.org\/{rel}","templated":true}]}}