{"id":7201,"date":"2022-01-22T09:27:32","date_gmt":"2022-01-22T08:27:32","guid":{"rendered":"https:\/\/demoweb.info\/sexshop001\/producto\/plug-inflable-de-silicona-con-vibracion-negro\/"},"modified":"2022-01-22T09:27:40","modified_gmt":"2022-01-22T08:27:40","slug":"plug-inflable-de-silicona-con-vibracion-negro","status":"publish","type":"product","link":"https:\/\/demoweb.info\/sexshop001\/producto\/plug-inflable-de-silicona-con-vibracion-negro\/","title":{"rendered":"PLUG INFLABLE DE SILICONA CON VIBRACI\u00d3N &#8211; NEGRO"},"content":{"rendered":"<p><strong>PP SWELL 2.0 INFLATABLE VIBRATING PLUG <\/strong><\/p>\n<p>Complace a tu pr\u00f3stata con la inflaci\u00f3n y la vibraci\u00f3n. Este lujoso vibrador anal de silicona tiene una cresta audaz que debe empujar m\u00e1s all\u00e1 de la inserci\u00f3n, pero que lo abrir\u00e1 donde sea importante. \u00bfDeseas a\u00fan m\u00e1s expansi\u00f3n? La punta del tap\u00f3n se infla con solo presionar un bot\u00f3n, se hincha profundamente con 3 niveles y 2 patrones de inflaci\u00f3n.<\/p>\n<p>Mientras tanto, una vibraci\u00f3n poderosa reverberar\u00e1 dentro de su ano con 3 velocidades y 5 patrones de pulsaci\u00f3n. Esta herramienta anal recargable es resistente al agua para que pueda tomarla en el ba\u00f1o o la ducha. Hecho de silicona premium, no es poroso y no contiene ftalato. Limpiar con jab\u00f3n suave o limpiador de juguetes.<\/p>\n<p>Evita el uso con lubricante de silicona para preservar el material.<\/p>\n<p>Caracter\u00edsticas:<\/p>\n<ul>\n<li>Longitud total: 17 cm<\/li>\n<li>Longitud insertable: 14,8 cm<\/li>\n<li>Di\u00e1metro insertable (parte m\u00e1s ancha): 4,7 cm<\/li>\n<li>Di\u00e1metro insertable (parte m\u00e1s estrecha): 3 cm<\/li>\n<li>Materiales: Sonda de pr\u00f3stata de silicona, control remoto de pl\u00e1stico ABS.<\/li>\n<li>De color negro.<\/li>\n<li>Nota: se carga magn\u00e9ticamente a trav\u00e9s de USB.<\/li>\n<\/ul>\n","protected":false},"excerpt":{"rendered":"<p>PP SWELL 2.0 INFLATABLE VIBRATING PLUG Complace a tu pr\u00f3stata con la inflaci\u00f3n y la vibraci\u00f3n. Este lujoso vibrador anal<\/p>\n","protected":false},"featured_media":7202,"comment_status":"open","ping_status":"open","template":"","meta":[],"product_cat":[280],"product_tag":[274],"class_list":["post-7201","product","type-product","status-publish","has-post-thumbnail","hentry","product_cat-hinchables","product_tag-xr-brands"],"bundled_by":[],"bundle_stock_status":"instock","bundle_stock_quantity":1,"bundle_virtual":false,"bundle_layout":"","bundle_add_to_cart_form_location":"","bundle_editable_in_cart":false,"bundle_sold_individually_context":"","bundle_item_grouping":"","bundle_min_size":"","bundle_max_size":"","bundled_items":[],"yoast_head":"<!-- This site is optimized with the Yoast SEO plugin v20.6 - https:\/\/yoast.com\/wordpress\/plugins\/seo\/ -->\n<title>PLUG INFLABLE DE SILICONA CON VIBRACI\u00d3N - NEGRO - Tienda Er\u00f3tica<\/title>\n<meta name=\"robots\" content=\"noindex, follow, max-snippet:-1, max-image-preview:large, max-video-preview:-1\" \/>\n<meta property=\"og:locale\" content=\"es_ES\" \/>\n<meta property=\"og:type\" content=\"article\" \/>\n<meta property=\"og:title\" content=\"PLUG INFLABLE DE SILICONA CON VIBRACI\u00d3N - NEGRO - Tienda Er\u00f3tica\" \/>\n<meta property=\"og:description\" content=\"PP SWELL 2.0 INFLATABLE VIBRATING PLUG Complace a tu pr\u00f3stata con la inflaci\u00f3n y la vibraci\u00f3n. Este lujoso vibrador anal\" \/>\n<meta property=\"og:url\" content=\"https:\/\/demoweb.info\/sexshop001\/producto\/plug-inflable-de-silicona-con-vibracion-negro\/\" \/>\n<meta property=\"og:site_name\" content=\"Tienda Er\u00f3tica\" \/>\n<meta property=\"article:modified_time\" content=\"2022-01-22T08:27:40+00:00\" \/>\n<meta property=\"og:image\" content=\"https:\/\/demoweb.info\/sexshop001\/wp-content\/uploads\/2022\/01\/PLUG-INFLABLE-DE-SILICONA-CON-VIBRACION-NEGRO.jpg\" \/>\n\t<meta property=\"og:image:width\" content=\"550\" \/>\n\t<meta property=\"og:image:height\" content=\"550\" \/>\n\t<meta property=\"og:image:type\" content=\"image\/jpeg\" \/>\n<meta name=\"twitter:card\" content=\"summary_large_image\" \/>\n<meta name=\"twitter:label1\" content=\"Tiempo de lectura\" \/>\n\t<meta name=\"twitter:data1\" content=\"1 minuto\" \/>\n<script type=\"application\/ld+json\" class=\"yoast-schema-graph\">{\"@context\":\"https:\/\/schema.org\",\"@graph\":[{\"@type\":\"WebPage\",\"@id\":\"https:\/\/demoweb.info\/sexshop001\/producto\/plug-inflable-de-silicona-con-vibracion-negro\/\",\"url\":\"https:\/\/demoweb.info\/sexshop001\/producto\/plug-inflable-de-silicona-con-vibracion-negro\/\",\"name\":\"PLUG INFLABLE DE SILICONA CON VIBRACI\u00d3N - NEGRO - Tienda Er\u00f3tica\",\"isPartOf\":{\"@id\":\"https:\/\/demoweb.info\/sexshop001\/#website\"},\"datePublished\":\"2022-01-22T08:27:32+00:00\",\"dateModified\":\"2022-01-22T08:27:40+00:00\",\"breadcrumb\":{\"@id\":\"https:\/\/demoweb.info\/sexshop001\/producto\/plug-inflable-de-silicona-con-vibracion-negro\/#breadcrumb\"},\"inLanguage\":\"es\",\"potentialAction\":[{\"@type\":\"ReadAction\",\"target\":[\"https:\/\/demoweb.info\/sexshop001\/producto\/plug-inflable-de-silicona-con-vibracion-negro\/\"]}]},{\"@type\":\"BreadcrumbList\",\"@id\":\"https:\/\/demoweb.info\/sexshop001\/producto\/plug-inflable-de-silicona-con-vibracion-negro\/#breadcrumb\",\"itemListElement\":[{\"@type\":\"ListItem\",\"position\":1,\"name\":\"Portada\",\"item\":\"https:\/\/demoweb.info\/sexshop001\/\"},{\"@type\":\"ListItem\",\"position\":2,\"name\":\"Tienda\",\"item\":\"https:\/\/demoweb.info\/sexshop001\/tienda\/\"},{\"@type\":\"ListItem\",\"position\":3,\"name\":\"PLUG INFLABLE DE SILICONA CON VIBRACI\u00d3N &#8211; NEGRO\"}]},{\"@type\":\"WebSite\",\"@id\":\"https:\/\/demoweb.info\/sexshop001\/#website\",\"url\":\"https:\/\/demoweb.info\/sexshop001\/\",\"name\":\"Tienda Er\u00f3tica\",\"description\":\"DEMOWEB SL\",\"potentialAction\":[{\"@type\":\"SearchAction\",\"target\":{\"@type\":\"EntryPoint\",\"urlTemplate\":\"https:\/\/demoweb.info\/sexshop001\/?s={search_term_string}\"},\"query-input\":\"required name=search_term_string\"}],\"inLanguage\":\"es\"}]}<\/script>\n<!-- \/ Yoast SEO plugin. -->","yoast_head_json":{"title":"PLUG INFLABLE DE SILICONA CON VIBRACI\u00d3N - NEGRO - Tienda Er\u00f3tica","robots":{"index":"noindex","follow":"follow","max-snippet":"max-snippet:-1","max-image-preview":"max-image-preview:large","max-video-preview":"max-video-preview:-1"},"og_locale":"es_ES","og_type":"article","og_title":"PLUG INFLABLE DE SILICONA CON VIBRACI\u00d3N - NEGRO - Tienda Er\u00f3tica","og_description":"PP SWELL 2.0 INFLATABLE VIBRATING PLUG Complace a tu pr\u00f3stata con la inflaci\u00f3n y la vibraci\u00f3n. Este lujoso vibrador anal","og_url":"https:\/\/demoweb.info\/sexshop001\/producto\/plug-inflable-de-silicona-con-vibracion-negro\/","og_site_name":"Tienda Er\u00f3tica","article_modified_time":"2022-01-22T08:27:40+00:00","og_image":[{"width":550,"height":550,"url":"https:\/\/demoweb.info\/sexshop001\/wp-content\/uploads\/2022\/01\/PLUG-INFLABLE-DE-SILICONA-CON-VIBRACION-NEGRO.jpg","type":"image\/jpeg"}],"twitter_card":"summary_large_image","twitter_misc":{"Tiempo de lectura":"1 minuto"},"schema":{"@context":"https:\/\/schema.org","@graph":[{"@type":"WebPage","@id":"https:\/\/demoweb.info\/sexshop001\/producto\/plug-inflable-de-silicona-con-vibracion-negro\/","url":"https:\/\/demoweb.info\/sexshop001\/producto\/plug-inflable-de-silicona-con-vibracion-negro\/","name":"PLUG INFLABLE DE SILICONA CON VIBRACI\u00d3N - NEGRO - Tienda Er\u00f3tica","isPartOf":{"@id":"https:\/\/demoweb.info\/sexshop001\/#website"},"datePublished":"2022-01-22T08:27:32+00:00","dateModified":"2022-01-22T08:27:40+00:00","breadcrumb":{"@id":"https:\/\/demoweb.info\/sexshop001\/producto\/plug-inflable-de-silicona-con-vibracion-negro\/#breadcrumb"},"inLanguage":"es","potentialAction":[{"@type":"ReadAction","target":["https:\/\/demoweb.info\/sexshop001\/producto\/plug-inflable-de-silicona-con-vibracion-negro\/"]}]},{"@type":"BreadcrumbList","@id":"https:\/\/demoweb.info\/sexshop001\/producto\/plug-inflable-de-silicona-con-vibracion-negro\/#breadcrumb","itemListElement":[{"@type":"ListItem","position":1,"name":"Portada","item":"https:\/\/demoweb.info\/sexshop001\/"},{"@type":"ListItem","position":2,"name":"Tienda","item":"https:\/\/demoweb.info\/sexshop001\/tienda\/"},{"@type":"ListItem","position":3,"name":"PLUG INFLABLE DE SILICONA CON VIBRACI\u00d3N &#8211; NEGRO"}]},{"@type":"WebSite","@id":"https:\/\/demoweb.info\/sexshop001\/#website","url":"https:\/\/demoweb.info\/sexshop001\/","name":"Tienda Er\u00f3tica","description":"DEMOWEB SL","potentialAction":[{"@type":"SearchAction","target":{"@type":"EntryPoint","urlTemplate":"https:\/\/demoweb.info\/sexshop001\/?s={search_term_string}"},"query-input":"required name=search_term_string"}],"inLanguage":"es"}]}},"_links":{"self":[{"href":"https:\/\/demoweb.info\/sexshop001\/wp-json\/wp\/v3\/product\/7201","targetHints":{"allow":["GET"]}}],"collection":[{"href":"https:\/\/demoweb.info\/sexshop001\/wp-json\/wp\/v3\/product"}],"about":[{"href":"https:\/\/demoweb.info\/sexshop001\/wp-json\/wp\/v2\/types\/product"}],"replies":[{"embeddable":true,"href":"https:\/\/demoweb.info\/sexshop001\/wp-json\/wp\/v2\/comments?post=7201"}],"wp:featuredmedia":[{"embeddable":true,"href":"https:\/\/demoweb.info\/sexshop001\/wp-json\/wp\/v2\/media\/7202"}],"wp:attachment":[{"href":"https:\/\/demoweb.info\/sexshop001\/wp-json\/wp\/v2\/media?parent=7201"}],"wp:term":[{"taxonomy":"product_cat","embeddable":true,"href":"https:\/\/demoweb.info\/sexshop001\/wp-json\/wp\/v2\/product_cat?post=7201"},{"taxonomy":"product_tag","embeddable":true,"href":"https:\/\/demoweb.info\/sexshop001\/wp-json\/wp\/v2\/product_tag?post=7201"}],"curies":[{"name":"wp","href":"https:\/\/api.w.org\/{rel}","templated":true}]}}