{"id":71914,"date":"2022-01-22T20:51:42","date_gmt":"2022-01-22T19:51:42","guid":{"rendered":"https:\/\/demoweb.info\/sexshop001\/producto\/oxana-vestido-efecto-mojado-negro\/"},"modified":"2022-01-22T20:51:51","modified_gmt":"2022-01-22T19:51:51","slug":"oxana-vestido-efecto-mojado-negro","status":"publish","type":"product","link":"https:\/\/demoweb.info\/sexshop001\/producto\/oxana-vestido-efecto-mojado-negro\/","title":{"rendered":"OXANA VESTIDO EFECTO MOJADO &#8211; NEGRO"},"content":{"rendered":"<p><strong>OXANA OPEN WETLOOK DRESS <\/strong><\/p>\n<p>Un vestido que responde a todas tus demandas er\u00f3ticas y enciende todos los sentidos. Se pueden usar cordones tentadores tanto en la parte delantera como en la parte trasera. El vestido est\u00e1 hecho de cuero como tela el\u00e1stica. \u00a1El set tambi\u00e9n incluye una pala para una diversi\u00f3n m\u00e1s picante!<\/p>\n<p>El modelo mide 176 cm y lleva una talla Small. Material el\u00e1stico.<\/p>\n","protected":false},"excerpt":{"rendered":"<p>OXANA OPEN WETLOOK DRESS Un vestido que responde a todas tus demandas er\u00f3ticas y enciende todos los sentidos. Se pueden<\/p>\n","protected":false},"featured_media":71915,"comment_status":"open","ping_status":"open","template":"","meta":[],"product_cat":[345],"product_tag":[1698],"class_list":["post-71914","product","type-product","status-publish","has-post-thumbnail","hentry","product_cat-para-ella","product_tag-7-heaven"],"bundled_by":[],"bundle_stock_status":"outofstock","bundle_stock_quantity":0,"bundle_virtual":false,"bundle_layout":"","bundle_add_to_cart_form_location":"","bundle_editable_in_cart":false,"bundle_sold_individually_context":"","bundle_item_grouping":"","bundle_min_size":"","bundle_max_size":"","bundled_items":[],"yoast_head":"<!-- This site is optimized with the Yoast SEO plugin v20.6 - https:\/\/yoast.com\/wordpress\/plugins\/seo\/ -->\n<title>OXANA VESTIDO EFECTO MOJADO - NEGRO - Tienda Er\u00f3tica<\/title>\n<meta name=\"robots\" content=\"noindex, follow, max-snippet:-1, max-image-preview:large, max-video-preview:-1\" \/>\n<meta property=\"og:locale\" content=\"es_ES\" \/>\n<meta property=\"og:type\" content=\"article\" \/>\n<meta property=\"og:title\" content=\"OXANA VESTIDO EFECTO MOJADO - NEGRO - Tienda Er\u00f3tica\" \/>\n<meta property=\"og:description\" content=\"OXANA OPEN WETLOOK DRESS Un vestido que responde a todas tus demandas er\u00f3ticas y enciende todos los sentidos. Se pueden\" \/>\n<meta property=\"og:url\" content=\"https:\/\/demoweb.info\/sexshop001\/producto\/oxana-vestido-efecto-mojado-negro\/\" \/>\n<meta property=\"og:site_name\" content=\"Tienda Er\u00f3tica\" \/>\n<meta property=\"article:modified_time\" content=\"2022-01-22T19:51:51+00:00\" \/>\n<meta property=\"og:image\" content=\"https:\/\/demoweb.info\/sexshop001\/wp-content\/uploads\/2022\/01\/OXANA-VESTIDO-EFECTO-MOJADO-NEGRO.jpg\" \/>\n\t<meta property=\"og:image:width\" content=\"550\" \/>\n\t<meta property=\"og:image:height\" content=\"550\" \/>\n\t<meta property=\"og:image:type\" content=\"image\/jpeg\" \/>\n<meta name=\"twitter:card\" content=\"summary_large_image\" \/>\n<script type=\"application\/ld+json\" class=\"yoast-schema-graph\">{\"@context\":\"https:\/\/schema.org\",\"@graph\":[{\"@type\":\"WebPage\",\"@id\":\"https:\/\/demoweb.info\/sexshop001\/producto\/oxana-vestido-efecto-mojado-negro\/\",\"url\":\"https:\/\/demoweb.info\/sexshop001\/producto\/oxana-vestido-efecto-mojado-negro\/\",\"name\":\"OXANA VESTIDO EFECTO MOJADO - NEGRO - Tienda Er\u00f3tica\",\"isPartOf\":{\"@id\":\"https:\/\/demoweb.info\/sexshop001\/#website\"},\"datePublished\":\"2022-01-22T19:51:42+00:00\",\"dateModified\":\"2022-01-22T19:51:51+00:00\",\"breadcrumb\":{\"@id\":\"https:\/\/demoweb.info\/sexshop001\/producto\/oxana-vestido-efecto-mojado-negro\/#breadcrumb\"},\"inLanguage\":\"es\",\"potentialAction\":[{\"@type\":\"ReadAction\",\"target\":[\"https:\/\/demoweb.info\/sexshop001\/producto\/oxana-vestido-efecto-mojado-negro\/\"]}]},{\"@type\":\"BreadcrumbList\",\"@id\":\"https:\/\/demoweb.info\/sexshop001\/producto\/oxana-vestido-efecto-mojado-negro\/#breadcrumb\",\"itemListElement\":[{\"@type\":\"ListItem\",\"position\":1,\"name\":\"Portada\",\"item\":\"https:\/\/demoweb.info\/sexshop001\/\"},{\"@type\":\"ListItem\",\"position\":2,\"name\":\"Tienda\",\"item\":\"https:\/\/demoweb.info\/sexshop001\/tienda\/\"},{\"@type\":\"ListItem\",\"position\":3,\"name\":\"OXANA VESTIDO EFECTO MOJADO &#8211; NEGRO\"}]},{\"@type\":\"WebSite\",\"@id\":\"https:\/\/demoweb.info\/sexshop001\/#website\",\"url\":\"https:\/\/demoweb.info\/sexshop001\/\",\"name\":\"Tienda Er\u00f3tica\",\"description\":\"DEMOWEB SL\",\"potentialAction\":[{\"@type\":\"SearchAction\",\"target\":{\"@type\":\"EntryPoint\",\"urlTemplate\":\"https:\/\/demoweb.info\/sexshop001\/?s={search_term_string}\"},\"query-input\":\"required name=search_term_string\"}],\"inLanguage\":\"es\"}]}<\/script>\n<!-- \/ Yoast SEO plugin. -->","yoast_head_json":{"title":"OXANA VESTIDO EFECTO MOJADO - NEGRO - Tienda Er\u00f3tica","robots":{"index":"noindex","follow":"follow","max-snippet":"max-snippet:-1","max-image-preview":"max-image-preview:large","max-video-preview":"max-video-preview:-1"},"og_locale":"es_ES","og_type":"article","og_title":"OXANA VESTIDO EFECTO MOJADO - NEGRO - Tienda Er\u00f3tica","og_description":"OXANA OPEN WETLOOK DRESS Un vestido que responde a todas tus demandas er\u00f3ticas y enciende todos los sentidos. Se pueden","og_url":"https:\/\/demoweb.info\/sexshop001\/producto\/oxana-vestido-efecto-mojado-negro\/","og_site_name":"Tienda Er\u00f3tica","article_modified_time":"2022-01-22T19:51:51+00:00","og_image":[{"width":550,"height":550,"url":"https:\/\/demoweb.info\/sexshop001\/wp-content\/uploads\/2022\/01\/OXANA-VESTIDO-EFECTO-MOJADO-NEGRO.jpg","type":"image\/jpeg"}],"twitter_card":"summary_large_image","schema":{"@context":"https:\/\/schema.org","@graph":[{"@type":"WebPage","@id":"https:\/\/demoweb.info\/sexshop001\/producto\/oxana-vestido-efecto-mojado-negro\/","url":"https:\/\/demoweb.info\/sexshop001\/producto\/oxana-vestido-efecto-mojado-negro\/","name":"OXANA VESTIDO EFECTO MOJADO - NEGRO - Tienda Er\u00f3tica","isPartOf":{"@id":"https:\/\/demoweb.info\/sexshop001\/#website"},"datePublished":"2022-01-22T19:51:42+00:00","dateModified":"2022-01-22T19:51:51+00:00","breadcrumb":{"@id":"https:\/\/demoweb.info\/sexshop001\/producto\/oxana-vestido-efecto-mojado-negro\/#breadcrumb"},"inLanguage":"es","potentialAction":[{"@type":"ReadAction","target":["https:\/\/demoweb.info\/sexshop001\/producto\/oxana-vestido-efecto-mojado-negro\/"]}]},{"@type":"BreadcrumbList","@id":"https:\/\/demoweb.info\/sexshop001\/producto\/oxana-vestido-efecto-mojado-negro\/#breadcrumb","itemListElement":[{"@type":"ListItem","position":1,"name":"Portada","item":"https:\/\/demoweb.info\/sexshop001\/"},{"@type":"ListItem","position":2,"name":"Tienda","item":"https:\/\/demoweb.info\/sexshop001\/tienda\/"},{"@type":"ListItem","position":3,"name":"OXANA VESTIDO EFECTO MOJADO &#8211; NEGRO"}]},{"@type":"WebSite","@id":"https:\/\/demoweb.info\/sexshop001\/#website","url":"https:\/\/demoweb.info\/sexshop001\/","name":"Tienda Er\u00f3tica","description":"DEMOWEB SL","potentialAction":[{"@type":"SearchAction","target":{"@type":"EntryPoint","urlTemplate":"https:\/\/demoweb.info\/sexshop001\/?s={search_term_string}"},"query-input":"required name=search_term_string"}],"inLanguage":"es"}]}},"_links":{"self":[{"href":"https:\/\/demoweb.info\/sexshop001\/wp-json\/wp\/v3\/product\/71914","targetHints":{"allow":["GET"]}}],"collection":[{"href":"https:\/\/demoweb.info\/sexshop001\/wp-json\/wp\/v3\/product"}],"about":[{"href":"https:\/\/demoweb.info\/sexshop001\/wp-json\/wp\/v2\/types\/product"}],"replies":[{"embeddable":true,"href":"https:\/\/demoweb.info\/sexshop001\/wp-json\/wp\/v2\/comments?post=71914"}],"wp:featuredmedia":[{"embeddable":true,"href":"https:\/\/demoweb.info\/sexshop001\/wp-json\/wp\/v2\/media\/71915"}],"wp:attachment":[{"href":"https:\/\/demoweb.info\/sexshop001\/wp-json\/wp\/v2\/media?parent=71914"}],"wp:term":[{"taxonomy":"product_cat","embeddable":true,"href":"https:\/\/demoweb.info\/sexshop001\/wp-json\/wp\/v2\/product_cat?post=71914"},{"taxonomy":"product_tag","embeddable":true,"href":"https:\/\/demoweb.info\/sexshop001\/wp-json\/wp\/v2\/product_tag?post=71914"}],"curies":[{"name":"wp","href":"https:\/\/api.w.org\/{rel}","templated":true}]}}