{"id":7190,"date":"2022-01-22T09:27:32","date_gmt":"2022-01-22T08:27:32","guid":{"rendered":"https:\/\/demoweb.info\/sexshop001\/producto\/su-double-take-dildo-con-arnes-negro\/"},"modified":"2022-01-22T09:27:36","modified_gmt":"2022-01-22T08:27:36","slug":"su-double-take-dildo-con-arnes-negro","status":"publish","type":"product","link":"https:\/\/demoweb.info\/sexshop001\/producto\/su-double-take-dildo-con-arnes-negro\/","title":{"rendered":"SU DOUBLE TAKE &#8211; DILDO CON ARN\u00c9S &#8211; NEGRO"},"content":{"rendered":"<p><strong>SU DOUBLE TAKE &#8211; PENETRATION &#8211; STRAP-ON HARNESS <\/strong><\/p>\n<p>Este juego de consolador y arn\u00e9s de doble extremo os har\u00e1 disfrutar de portentes vibraciones controladas a distancia.<\/p>\n<p>Explora 3 velocidades de vibraci\u00f3n y 7 patrones de pulsaci\u00f3n de los motores duales: uno para tiy otro para tu compa\u00f1ero.<\/p>\n<p>Coloca el consolador m\u00e1s largo a trav\u00e9s del orificio del arn\u00e9s minimalista, permitiendo que el usuario inserta la porci\u00f3n m\u00e1s peque\u00f1a, que est\u00e1 curvada para alcanzar el punto G. Una protuberancia elevada en el exterior est\u00e1 dise\u00f1ada para proporcionar estimulaci\u00f3n del cl\u00edtoris. El consolador m\u00e1s largo tambi\u00e9n es curvo y presenta una cabeza bulbosa para masajear los puntos P o G del receptor. El control remoto facilita el ciclo a trav\u00e9s de las 10 configuraciones sin tener que pausar la penetraci\u00f3n.<\/p>\n<p>El arn\u00e9s seductor como 2 puntos de ajuste para garantizar un ajuste perfecto. El consolador de doble cara est\u00e1 hecho de silicona premium, lo que lo hace no poroso y libre de ftalatos, pero no es compatible con lubricantes de silicona. Esta herramienta de placer es recargable e impermeable. Limpiar con jab\u00f3n suave o limpiador de juguetes.<\/p>\n<p>Caracter\u00edsticas:<\/p>\n<ul>\n<li>Incluye doble consolador, control remoto y arn\u00e9s.<\/li>\n<li>Carga a trav\u00e9s de USB.<\/li>\n<li>El control remoto requiere 1 bater\u00eda de 27A<\/li>\n<li>Material: Silicona, ABS y cuero.<\/li>\n<\/ul>\n<p>Medidas:<\/p>\n<ul>\n<li>27,3 cm de largo total.<\/li>\n<li>El consolador largo mide 13,97 cm de largo para insertar, 3 cm en el di\u00e1metro m\u00e1s estrecho, 4 cm en el punto m\u00e1s ancho.<\/li>\n<li>El consolador peque\u00f1o mide 8,89 cm de largo, 3,4 cm en el di\u00e1metro m\u00e1s ancho, 2,5 cm en el m\u00e1s estrecho.<\/li>\n<li>El arn\u00e9s se ajusta a cinturas de hasta 104 cm de di\u00e1metro.<\/li>\n<\/ul>\n","protected":false},"excerpt":{"rendered":"<p>SU DOUBLE TAKE &#8211; PENETRATION &#8211; STRAP-ON HARNESS Este juego de consolador y arn\u00e9s de doble extremo os har\u00e1 disfrutar<\/p>\n","protected":false},"featured_media":7191,"comment_status":"open","ping_status":"open","template":"","meta":[],"product_cat":[278],"product_tag":[275,274],"class_list":["post-7190","product","type-product","status-publish","has-post-thumbnail","hentry","product_cat-vibradores","product_tag-strap-u","product_tag-xr-brands"],"bundled_by":[],"bundle_stock_status":"instock","bundle_stock_quantity":2,"bundle_virtual":false,"bundle_layout":"","bundle_add_to_cart_form_location":"","bundle_editable_in_cart":false,"bundle_sold_individually_context":"","bundle_item_grouping":"","bundle_min_size":"","bundle_max_size":"","bundled_items":[],"yoast_head":"<!-- This site is optimized with the Yoast SEO plugin v20.6 - https:\/\/yoast.com\/wordpress\/plugins\/seo\/ -->\n<title>SU DOUBLE TAKE - DILDO CON ARN\u00c9S - NEGRO - Tienda Er\u00f3tica<\/title>\n<meta name=\"robots\" content=\"noindex, follow, max-snippet:-1, max-image-preview:large, max-video-preview:-1\" \/>\n<meta property=\"og:locale\" content=\"es_ES\" \/>\n<meta property=\"og:type\" content=\"article\" \/>\n<meta property=\"og:title\" content=\"SU DOUBLE TAKE - DILDO CON ARN\u00c9S - NEGRO - Tienda Er\u00f3tica\" \/>\n<meta property=\"og:description\" content=\"SU DOUBLE TAKE &#8211; PENETRATION &#8211; STRAP-ON HARNESS Este juego de consolador y arn\u00e9s de doble extremo os har\u00e1 disfrutar\" \/>\n<meta property=\"og:url\" content=\"https:\/\/demoweb.info\/sexshop001\/producto\/su-double-take-dildo-con-arnes-negro\/\" \/>\n<meta property=\"og:site_name\" content=\"Tienda Er\u00f3tica\" \/>\n<meta property=\"article:modified_time\" content=\"2022-01-22T08:27:36+00:00\" \/>\n<meta property=\"og:image\" content=\"https:\/\/demoweb.info\/sexshop001\/wp-content\/uploads\/2022\/01\/SU-DOUBLE-TAKE-DILDO-CON-ARNES-NEGRO.jpg\" \/>\n\t<meta property=\"og:image:width\" content=\"550\" \/>\n\t<meta property=\"og:image:height\" content=\"550\" \/>\n\t<meta property=\"og:image:type\" content=\"image\/jpeg\" \/>\n<meta name=\"twitter:card\" content=\"summary_large_image\" \/>\n<meta name=\"twitter:label1\" content=\"Tiempo de lectura\" \/>\n\t<meta name=\"twitter:data1\" content=\"1 minuto\" \/>\n<script type=\"application\/ld+json\" class=\"yoast-schema-graph\">{\"@context\":\"https:\/\/schema.org\",\"@graph\":[{\"@type\":\"WebPage\",\"@id\":\"https:\/\/demoweb.info\/sexshop001\/producto\/su-double-take-dildo-con-arnes-negro\/\",\"url\":\"https:\/\/demoweb.info\/sexshop001\/producto\/su-double-take-dildo-con-arnes-negro\/\",\"name\":\"SU DOUBLE TAKE - DILDO CON ARN\u00c9S - NEGRO - Tienda Er\u00f3tica\",\"isPartOf\":{\"@id\":\"https:\/\/demoweb.info\/sexshop001\/#website\"},\"datePublished\":\"2022-01-22T08:27:32+00:00\",\"dateModified\":\"2022-01-22T08:27:36+00:00\",\"breadcrumb\":{\"@id\":\"https:\/\/demoweb.info\/sexshop001\/producto\/su-double-take-dildo-con-arnes-negro\/#breadcrumb\"},\"inLanguage\":\"es\",\"potentialAction\":[{\"@type\":\"ReadAction\",\"target\":[\"https:\/\/demoweb.info\/sexshop001\/producto\/su-double-take-dildo-con-arnes-negro\/\"]}]},{\"@type\":\"BreadcrumbList\",\"@id\":\"https:\/\/demoweb.info\/sexshop001\/producto\/su-double-take-dildo-con-arnes-negro\/#breadcrumb\",\"itemListElement\":[{\"@type\":\"ListItem\",\"position\":1,\"name\":\"Portada\",\"item\":\"https:\/\/demoweb.info\/sexshop001\/\"},{\"@type\":\"ListItem\",\"position\":2,\"name\":\"Tienda\",\"item\":\"https:\/\/demoweb.info\/sexshop001\/tienda\/\"},{\"@type\":\"ListItem\",\"position\":3,\"name\":\"SU DOUBLE TAKE &#8211; DILDO CON ARN\u00c9S &#8211; NEGRO\"}]},{\"@type\":\"WebSite\",\"@id\":\"https:\/\/demoweb.info\/sexshop001\/#website\",\"url\":\"https:\/\/demoweb.info\/sexshop001\/\",\"name\":\"Tienda Er\u00f3tica\",\"description\":\"DEMOWEB SL\",\"potentialAction\":[{\"@type\":\"SearchAction\",\"target\":{\"@type\":\"EntryPoint\",\"urlTemplate\":\"https:\/\/demoweb.info\/sexshop001\/?s={search_term_string}\"},\"query-input\":\"required name=search_term_string\"}],\"inLanguage\":\"es\"}]}<\/script>\n<!-- \/ Yoast SEO plugin. -->","yoast_head_json":{"title":"SU DOUBLE TAKE - DILDO CON ARN\u00c9S - NEGRO - Tienda Er\u00f3tica","robots":{"index":"noindex","follow":"follow","max-snippet":"max-snippet:-1","max-image-preview":"max-image-preview:large","max-video-preview":"max-video-preview:-1"},"og_locale":"es_ES","og_type":"article","og_title":"SU DOUBLE TAKE - DILDO CON ARN\u00c9S - NEGRO - Tienda Er\u00f3tica","og_description":"SU DOUBLE TAKE &#8211; PENETRATION &#8211; STRAP-ON HARNESS Este juego de consolador y arn\u00e9s de doble extremo os har\u00e1 disfrutar","og_url":"https:\/\/demoweb.info\/sexshop001\/producto\/su-double-take-dildo-con-arnes-negro\/","og_site_name":"Tienda Er\u00f3tica","article_modified_time":"2022-01-22T08:27:36+00:00","og_image":[{"width":550,"height":550,"url":"https:\/\/demoweb.info\/sexshop001\/wp-content\/uploads\/2022\/01\/SU-DOUBLE-TAKE-DILDO-CON-ARNES-NEGRO.jpg","type":"image\/jpeg"}],"twitter_card":"summary_large_image","twitter_misc":{"Tiempo de lectura":"1 minuto"},"schema":{"@context":"https:\/\/schema.org","@graph":[{"@type":"WebPage","@id":"https:\/\/demoweb.info\/sexshop001\/producto\/su-double-take-dildo-con-arnes-negro\/","url":"https:\/\/demoweb.info\/sexshop001\/producto\/su-double-take-dildo-con-arnes-negro\/","name":"SU DOUBLE TAKE - DILDO CON ARN\u00c9S - NEGRO - Tienda Er\u00f3tica","isPartOf":{"@id":"https:\/\/demoweb.info\/sexshop001\/#website"},"datePublished":"2022-01-22T08:27:32+00:00","dateModified":"2022-01-22T08:27:36+00:00","breadcrumb":{"@id":"https:\/\/demoweb.info\/sexshop001\/producto\/su-double-take-dildo-con-arnes-negro\/#breadcrumb"},"inLanguage":"es","potentialAction":[{"@type":"ReadAction","target":["https:\/\/demoweb.info\/sexshop001\/producto\/su-double-take-dildo-con-arnes-negro\/"]}]},{"@type":"BreadcrumbList","@id":"https:\/\/demoweb.info\/sexshop001\/producto\/su-double-take-dildo-con-arnes-negro\/#breadcrumb","itemListElement":[{"@type":"ListItem","position":1,"name":"Portada","item":"https:\/\/demoweb.info\/sexshop001\/"},{"@type":"ListItem","position":2,"name":"Tienda","item":"https:\/\/demoweb.info\/sexshop001\/tienda\/"},{"@type":"ListItem","position":3,"name":"SU DOUBLE TAKE &#8211; DILDO CON ARN\u00c9S &#8211; NEGRO"}]},{"@type":"WebSite","@id":"https:\/\/demoweb.info\/sexshop001\/#website","url":"https:\/\/demoweb.info\/sexshop001\/","name":"Tienda Er\u00f3tica","description":"DEMOWEB SL","potentialAction":[{"@type":"SearchAction","target":{"@type":"EntryPoint","urlTemplate":"https:\/\/demoweb.info\/sexshop001\/?s={search_term_string}"},"query-input":"required name=search_term_string"}],"inLanguage":"es"}]}},"_links":{"self":[{"href":"https:\/\/demoweb.info\/sexshop001\/wp-json\/wp\/v3\/product\/7190","targetHints":{"allow":["GET"]}}],"collection":[{"href":"https:\/\/demoweb.info\/sexshop001\/wp-json\/wp\/v3\/product"}],"about":[{"href":"https:\/\/demoweb.info\/sexshop001\/wp-json\/wp\/v2\/types\/product"}],"replies":[{"embeddable":true,"href":"https:\/\/demoweb.info\/sexshop001\/wp-json\/wp\/v2\/comments?post=7190"}],"wp:featuredmedia":[{"embeddable":true,"href":"https:\/\/demoweb.info\/sexshop001\/wp-json\/wp\/v2\/media\/7191"}],"wp:attachment":[{"href":"https:\/\/demoweb.info\/sexshop001\/wp-json\/wp\/v2\/media?parent=7190"}],"wp:term":[{"taxonomy":"product_cat","embeddable":true,"href":"https:\/\/demoweb.info\/sexshop001\/wp-json\/wp\/v2\/product_cat?post=7190"},{"taxonomy":"product_tag","embeddable":true,"href":"https:\/\/demoweb.info\/sexshop001\/wp-json\/wp\/v2\/product_tag?post=7190"}],"curies":[{"name":"wp","href":"https:\/\/api.w.org\/{rel}","templated":true}]}}