{"id":71886,"date":"2022-01-22T20:51:22","date_gmt":"2022-01-22T19:51:22","guid":{"rendered":"https:\/\/demoweb.info\/sexshop001\/producto\/the-cowgirl-kit-erotico\/"},"modified":"2022-01-22T20:51:32","modified_gmt":"2022-01-22T19:51:32","slug":"the-cowgirl-kit-erotico","status":"publish","type":"product","link":"https:\/\/demoweb.info\/sexshop001\/producto\/the-cowgirl-kit-erotico\/","title":{"rendered":"THE COWGIRL KIT ER\u00d3TICO"},"content":{"rendered":"<p><strong>THE COWGIRL EROTICA SET<\/strong><\/p>\n<p>La colecci\u00f3n er\u00f3tica Cowgirl Afternoon Delight para parejas BDSM te va a soprender.<\/p>\n<p>Un conjunto cuidadosamente seleccionado de herramientas de placer sensual y un novedoso libro ilustrado er\u00f3tico.<\/p>\n<p>Incluye: libro ilustrado de novela er\u00f3tica, accesorio de punto g de edici\u00f3n especial, bala de control remoto, molinete de sensaci\u00f3n, venda de lazo de sat\u00e9n, cosquilleo de plumas.<\/p>\n","protected":false},"excerpt":{"rendered":"<p>THE COWGIRL EROTICA SET La colecci\u00f3n er\u00f3tica Cowgirl Afternoon Delight para parejas BDSM te va a soprender. Un conjunto cuidadosamente<\/p>\n","protected":false},"featured_media":71887,"comment_status":"open","ping_status":"open","template":"","meta":[],"product_cat":[519],"product_tag":[1697],"class_list":["post-71886","product","type-product","status-publish","has-post-thumbnail","hentry","product_cat-parejas","product_tag-the-cowgirl"],"bundled_by":[],"bundle_stock_status":"instock","bundle_stock_quantity":1,"bundle_virtual":false,"bundle_layout":"","bundle_add_to_cart_form_location":"","bundle_editable_in_cart":false,"bundle_sold_individually_context":"","bundle_item_grouping":"","bundle_min_size":"","bundle_max_size":"","bundled_items":[],"yoast_head":"<!-- This site is optimized with the Yoast SEO plugin v20.6 - https:\/\/yoast.com\/wordpress\/plugins\/seo\/ -->\n<title>THE COWGIRL KIT ER\u00d3TICO - Tienda Er\u00f3tica<\/title>\n<meta name=\"robots\" content=\"noindex, follow, max-snippet:-1, max-image-preview:large, max-video-preview:-1\" \/>\n<meta property=\"og:locale\" content=\"es_ES\" \/>\n<meta property=\"og:type\" content=\"article\" \/>\n<meta property=\"og:title\" content=\"THE COWGIRL KIT ER\u00d3TICO - Tienda Er\u00f3tica\" \/>\n<meta property=\"og:description\" content=\"THE COWGIRL EROTICA SET La colecci\u00f3n er\u00f3tica Cowgirl Afternoon Delight para parejas BDSM te va a soprender. Un conjunto cuidadosamente\" \/>\n<meta property=\"og:url\" content=\"https:\/\/demoweb.info\/sexshop001\/producto\/the-cowgirl-kit-erotico\/\" \/>\n<meta property=\"og:site_name\" content=\"Tienda Er\u00f3tica\" \/>\n<meta property=\"article:modified_time\" content=\"2022-01-22T19:51:32+00:00\" \/>\n<meta property=\"og:image\" content=\"https:\/\/demoweb.info\/sexshop001\/wp-content\/uploads\/2022\/01\/THE-COWGIRL-KIT-EROTICO.jpg\" \/>\n\t<meta property=\"og:image:width\" content=\"550\" \/>\n\t<meta property=\"og:image:height\" content=\"550\" \/>\n\t<meta property=\"og:image:type\" content=\"image\/jpeg\" \/>\n<meta name=\"twitter:card\" content=\"summary_large_image\" \/>\n<script type=\"application\/ld+json\" class=\"yoast-schema-graph\">{\"@context\":\"https:\/\/schema.org\",\"@graph\":[{\"@type\":\"WebPage\",\"@id\":\"https:\/\/demoweb.info\/sexshop001\/producto\/the-cowgirl-kit-erotico\/\",\"url\":\"https:\/\/demoweb.info\/sexshop001\/producto\/the-cowgirl-kit-erotico\/\",\"name\":\"THE COWGIRL KIT ER\u00d3TICO - Tienda Er\u00f3tica\",\"isPartOf\":{\"@id\":\"https:\/\/demoweb.info\/sexshop001\/#website\"},\"datePublished\":\"2022-01-22T19:51:22+00:00\",\"dateModified\":\"2022-01-22T19:51:32+00:00\",\"breadcrumb\":{\"@id\":\"https:\/\/demoweb.info\/sexshop001\/producto\/the-cowgirl-kit-erotico\/#breadcrumb\"},\"inLanguage\":\"es\",\"potentialAction\":[{\"@type\":\"ReadAction\",\"target\":[\"https:\/\/demoweb.info\/sexshop001\/producto\/the-cowgirl-kit-erotico\/\"]}]},{\"@type\":\"BreadcrumbList\",\"@id\":\"https:\/\/demoweb.info\/sexshop001\/producto\/the-cowgirl-kit-erotico\/#breadcrumb\",\"itemListElement\":[{\"@type\":\"ListItem\",\"position\":1,\"name\":\"Portada\",\"item\":\"https:\/\/demoweb.info\/sexshop001\/\"},{\"@type\":\"ListItem\",\"position\":2,\"name\":\"Tienda\",\"item\":\"https:\/\/demoweb.info\/sexshop001\/tienda\/\"},{\"@type\":\"ListItem\",\"position\":3,\"name\":\"THE COWGIRL KIT ER\u00d3TICO\"}]},{\"@type\":\"WebSite\",\"@id\":\"https:\/\/demoweb.info\/sexshop001\/#website\",\"url\":\"https:\/\/demoweb.info\/sexshop001\/\",\"name\":\"Tienda Er\u00f3tica\",\"description\":\"DEMOWEB SL\",\"potentialAction\":[{\"@type\":\"SearchAction\",\"target\":{\"@type\":\"EntryPoint\",\"urlTemplate\":\"https:\/\/demoweb.info\/sexshop001\/?s={search_term_string}\"},\"query-input\":\"required name=search_term_string\"}],\"inLanguage\":\"es\"}]}<\/script>\n<!-- \/ Yoast SEO plugin. -->","yoast_head_json":{"title":"THE COWGIRL KIT ER\u00d3TICO - Tienda Er\u00f3tica","robots":{"index":"noindex","follow":"follow","max-snippet":"max-snippet:-1","max-image-preview":"max-image-preview:large","max-video-preview":"max-video-preview:-1"},"og_locale":"es_ES","og_type":"article","og_title":"THE COWGIRL KIT ER\u00d3TICO - Tienda Er\u00f3tica","og_description":"THE COWGIRL EROTICA SET La colecci\u00f3n er\u00f3tica Cowgirl Afternoon Delight para parejas BDSM te va a soprender. Un conjunto cuidadosamente","og_url":"https:\/\/demoweb.info\/sexshop001\/producto\/the-cowgirl-kit-erotico\/","og_site_name":"Tienda Er\u00f3tica","article_modified_time":"2022-01-22T19:51:32+00:00","og_image":[{"width":550,"height":550,"url":"https:\/\/demoweb.info\/sexshop001\/wp-content\/uploads\/2022\/01\/THE-COWGIRL-KIT-EROTICO.jpg","type":"image\/jpeg"}],"twitter_card":"summary_large_image","schema":{"@context":"https:\/\/schema.org","@graph":[{"@type":"WebPage","@id":"https:\/\/demoweb.info\/sexshop001\/producto\/the-cowgirl-kit-erotico\/","url":"https:\/\/demoweb.info\/sexshop001\/producto\/the-cowgirl-kit-erotico\/","name":"THE COWGIRL KIT ER\u00d3TICO - Tienda Er\u00f3tica","isPartOf":{"@id":"https:\/\/demoweb.info\/sexshop001\/#website"},"datePublished":"2022-01-22T19:51:22+00:00","dateModified":"2022-01-22T19:51:32+00:00","breadcrumb":{"@id":"https:\/\/demoweb.info\/sexshop001\/producto\/the-cowgirl-kit-erotico\/#breadcrumb"},"inLanguage":"es","potentialAction":[{"@type":"ReadAction","target":["https:\/\/demoweb.info\/sexshop001\/producto\/the-cowgirl-kit-erotico\/"]}]},{"@type":"BreadcrumbList","@id":"https:\/\/demoweb.info\/sexshop001\/producto\/the-cowgirl-kit-erotico\/#breadcrumb","itemListElement":[{"@type":"ListItem","position":1,"name":"Portada","item":"https:\/\/demoweb.info\/sexshop001\/"},{"@type":"ListItem","position":2,"name":"Tienda","item":"https:\/\/demoweb.info\/sexshop001\/tienda\/"},{"@type":"ListItem","position":3,"name":"THE COWGIRL KIT ER\u00d3TICO"}]},{"@type":"WebSite","@id":"https:\/\/demoweb.info\/sexshop001\/#website","url":"https:\/\/demoweb.info\/sexshop001\/","name":"Tienda Er\u00f3tica","description":"DEMOWEB SL","potentialAction":[{"@type":"SearchAction","target":{"@type":"EntryPoint","urlTemplate":"https:\/\/demoweb.info\/sexshop001\/?s={search_term_string}"},"query-input":"required name=search_term_string"}],"inLanguage":"es"}]}},"_links":{"self":[{"href":"https:\/\/demoweb.info\/sexshop001\/wp-json\/wp\/v3\/product\/71886","targetHints":{"allow":["GET"]}}],"collection":[{"href":"https:\/\/demoweb.info\/sexshop001\/wp-json\/wp\/v3\/product"}],"about":[{"href":"https:\/\/demoweb.info\/sexshop001\/wp-json\/wp\/v2\/types\/product"}],"replies":[{"embeddable":true,"href":"https:\/\/demoweb.info\/sexshop001\/wp-json\/wp\/v2\/comments?post=71886"}],"wp:featuredmedia":[{"embeddable":true,"href":"https:\/\/demoweb.info\/sexshop001\/wp-json\/wp\/v2\/media\/71887"}],"wp:attachment":[{"href":"https:\/\/demoweb.info\/sexshop001\/wp-json\/wp\/v2\/media?parent=71886"}],"wp:term":[{"taxonomy":"product_cat","embeddable":true,"href":"https:\/\/demoweb.info\/sexshop001\/wp-json\/wp\/v2\/product_cat?post=71886"},{"taxonomy":"product_tag","embeddable":true,"href":"https:\/\/demoweb.info\/sexshop001\/wp-json\/wp\/v2\/product_tag?post=71886"}],"curies":[{"name":"wp","href":"https:\/\/api.w.org\/{rel}","templated":true}]}}