{"id":71866,"date":"2022-01-22T20:50:51","date_gmt":"2022-01-22T19:50:51","guid":{"rendered":"https:\/\/demoweb.info\/sexshop001\/producto\/le-wand-curve-weighted-acople-para-varita-vibradora-gris\/"},"modified":"2022-01-22T20:51:17","modified_gmt":"2022-01-22T19:51:17","slug":"le-wand-curve-weighted-acople-para-varita-vibradora-gris","status":"publish","type":"product","link":"https:\/\/demoweb.info\/sexshop001\/producto\/le-wand-curve-weighted-acople-para-varita-vibradora-gris\/","title":{"rendered":"LE WAND &#8211; CURVE WEIGHTED ACOPLE PARA VARITA VIBRADORA &#8211; GRIS"},"content":{"rendered":"<p><strong>LE WAND &#8211; CURVE WEIGHTED SILICONE ATTACHMENT <\/strong><\/p>\n<p>Un accesorio gris curvado con pesas para el le Wand Massager. Con dos pesas en el cuello y una en la cabeza del brazo de estimulaci\u00f3n. Las pesas proporcionan una sensaci\u00f3n de plenitud. Con una peque\u00f1a bola para la estimulaci\u00f3n del cl\u00edtoris.<\/p>\n<p><strong>C\u00f3mo utilizarlo:<\/strong><br \/>\nCuando su cuerpo est\u00e9 caliente y listo para la penetraci\u00f3n, intente frotar la punta bulbosa a lo largo de la parte superior de la pared vaginal, con un poco de presi\u00f3n. O, dado que el punto G responde mejor a la presi\u00f3n y el movimiento, pruebe uno de los modos de vibraci\u00f3n del masaje vibratorio Le Wand que reproduce una sensaci\u00f3n de golpeteo.<\/p>\n<p>Combina el juego G-Spot con el contacto externo del cl\u00edtoris en el archivo adjunto para obtener una sensaci\u00f3n completamente nueva y alucinante.<\/p>\n<p>Hechos de silicona suave, sedosa y segura para el cuerpo, los accesorios de silicona Le Wand son no porosos y f\u00e1ciles de limpiar.<\/p>\n<p>* No es compatible con Le Wand Petite Massager<\/p>\n<ul>\n<li>Medidas: 7,4 x 15,7 x 6,5 cm<\/li>\n<li>Resistente al agua<\/li>\n<li>Material: Silicona<\/li>\n<\/ul>\n","protected":false},"excerpt":{"rendered":"<p>LE WAND &#8211; CURVE WEIGHTED SILICONE ATTACHMENT Un accesorio gris curvado con pesas para el le Wand Massager. Con dos<\/p>\n","protected":false},"featured_media":71867,"comment_status":"open","ping_status":"open","template":"","meta":[],"product_cat":[954],"product_tag":[646],"class_list":["post-71866","product","type-product","status-publish","has-post-thumbnail","hentry","product_cat-accesorios-vibradores-juguetes-xxx","product_tag-le-wand"],"bundled_by":[],"bundle_stock_status":"instock","bundle_stock_quantity":1,"bundle_virtual":false,"bundle_layout":"","bundle_add_to_cart_form_location":"","bundle_editable_in_cart":false,"bundle_sold_individually_context":"","bundle_item_grouping":"","bundle_min_size":"","bundle_max_size":"","bundled_items":[],"yoast_head":"<!-- This site is optimized with the Yoast SEO plugin v20.6 - https:\/\/yoast.com\/wordpress\/plugins\/seo\/ -->\n<title>LE WAND - CURVE WEIGHTED ACOPLE PARA VARITA VIBRADORA - GRIS - Tienda Er\u00f3tica<\/title>\n<meta name=\"robots\" content=\"noindex, follow, max-snippet:-1, max-image-preview:large, max-video-preview:-1\" \/>\n<meta property=\"og:locale\" content=\"es_ES\" \/>\n<meta property=\"og:type\" content=\"article\" \/>\n<meta property=\"og:title\" content=\"LE WAND - CURVE WEIGHTED ACOPLE PARA VARITA VIBRADORA - GRIS - Tienda Er\u00f3tica\" \/>\n<meta property=\"og:description\" content=\"LE WAND &#8211; CURVE WEIGHTED SILICONE ATTACHMENT Un accesorio gris curvado con pesas para el le Wand Massager. Con dos\" \/>\n<meta property=\"og:url\" content=\"https:\/\/demoweb.info\/sexshop001\/producto\/le-wand-curve-weighted-acople-para-varita-vibradora-gris\/\" \/>\n<meta property=\"og:site_name\" content=\"Tienda Er\u00f3tica\" \/>\n<meta property=\"article:modified_time\" content=\"2022-01-22T19:51:17+00:00\" \/>\n<meta property=\"og:image\" content=\"https:\/\/demoweb.info\/sexshop001\/wp-content\/uploads\/2022\/01\/LE-WAND-CURVE-WEIGHTED-ACOPLE-PARA-VARITA-VIBRADORA-GRIS.jpg\" \/>\n\t<meta property=\"og:image:width\" content=\"550\" \/>\n\t<meta property=\"og:image:height\" content=\"550\" \/>\n\t<meta property=\"og:image:type\" content=\"image\/jpeg\" \/>\n<meta name=\"twitter:card\" content=\"summary_large_image\" \/>\n<meta name=\"twitter:label1\" content=\"Tiempo de lectura\" \/>\n\t<meta name=\"twitter:data1\" content=\"1 minuto\" \/>\n<script type=\"application\/ld+json\" class=\"yoast-schema-graph\">{\"@context\":\"https:\/\/schema.org\",\"@graph\":[{\"@type\":\"WebPage\",\"@id\":\"https:\/\/demoweb.info\/sexshop001\/producto\/le-wand-curve-weighted-acople-para-varita-vibradora-gris\/\",\"url\":\"https:\/\/demoweb.info\/sexshop001\/producto\/le-wand-curve-weighted-acople-para-varita-vibradora-gris\/\",\"name\":\"LE WAND - CURVE WEIGHTED ACOPLE PARA VARITA VIBRADORA - GRIS - Tienda Er\u00f3tica\",\"isPartOf\":{\"@id\":\"https:\/\/demoweb.info\/sexshop001\/#website\"},\"datePublished\":\"2022-01-22T19:50:51+00:00\",\"dateModified\":\"2022-01-22T19:51:17+00:00\",\"breadcrumb\":{\"@id\":\"https:\/\/demoweb.info\/sexshop001\/producto\/le-wand-curve-weighted-acople-para-varita-vibradora-gris\/#breadcrumb\"},\"inLanguage\":\"es\",\"potentialAction\":[{\"@type\":\"ReadAction\",\"target\":[\"https:\/\/demoweb.info\/sexshop001\/producto\/le-wand-curve-weighted-acople-para-varita-vibradora-gris\/\"]}]},{\"@type\":\"BreadcrumbList\",\"@id\":\"https:\/\/demoweb.info\/sexshop001\/producto\/le-wand-curve-weighted-acople-para-varita-vibradora-gris\/#breadcrumb\",\"itemListElement\":[{\"@type\":\"ListItem\",\"position\":1,\"name\":\"Portada\",\"item\":\"https:\/\/demoweb.info\/sexshop001\/\"},{\"@type\":\"ListItem\",\"position\":2,\"name\":\"Tienda\",\"item\":\"https:\/\/demoweb.info\/sexshop001\/tienda\/\"},{\"@type\":\"ListItem\",\"position\":3,\"name\":\"LE WAND &#8211; CURVE WEIGHTED ACOPLE PARA VARITA VIBRADORA &#8211; GRIS\"}]},{\"@type\":\"WebSite\",\"@id\":\"https:\/\/demoweb.info\/sexshop001\/#website\",\"url\":\"https:\/\/demoweb.info\/sexshop001\/\",\"name\":\"Tienda Er\u00f3tica\",\"description\":\"DEMOWEB SL\",\"potentialAction\":[{\"@type\":\"SearchAction\",\"target\":{\"@type\":\"EntryPoint\",\"urlTemplate\":\"https:\/\/demoweb.info\/sexshop001\/?s={search_term_string}\"},\"query-input\":\"required name=search_term_string\"}],\"inLanguage\":\"es\"}]}<\/script>\n<!-- \/ Yoast SEO plugin. -->","yoast_head_json":{"title":"LE WAND - CURVE WEIGHTED ACOPLE PARA VARITA VIBRADORA - GRIS - Tienda Er\u00f3tica","robots":{"index":"noindex","follow":"follow","max-snippet":"max-snippet:-1","max-image-preview":"max-image-preview:large","max-video-preview":"max-video-preview:-1"},"og_locale":"es_ES","og_type":"article","og_title":"LE WAND - CURVE WEIGHTED ACOPLE PARA VARITA VIBRADORA - GRIS - Tienda Er\u00f3tica","og_description":"LE WAND &#8211; CURVE WEIGHTED SILICONE ATTACHMENT Un accesorio gris curvado con pesas para el le Wand Massager. Con dos","og_url":"https:\/\/demoweb.info\/sexshop001\/producto\/le-wand-curve-weighted-acople-para-varita-vibradora-gris\/","og_site_name":"Tienda Er\u00f3tica","article_modified_time":"2022-01-22T19:51:17+00:00","og_image":[{"width":550,"height":550,"url":"https:\/\/demoweb.info\/sexshop001\/wp-content\/uploads\/2022\/01\/LE-WAND-CURVE-WEIGHTED-ACOPLE-PARA-VARITA-VIBRADORA-GRIS.jpg","type":"image\/jpeg"}],"twitter_card":"summary_large_image","twitter_misc":{"Tiempo de lectura":"1 minuto"},"schema":{"@context":"https:\/\/schema.org","@graph":[{"@type":"WebPage","@id":"https:\/\/demoweb.info\/sexshop001\/producto\/le-wand-curve-weighted-acople-para-varita-vibradora-gris\/","url":"https:\/\/demoweb.info\/sexshop001\/producto\/le-wand-curve-weighted-acople-para-varita-vibradora-gris\/","name":"LE WAND - CURVE WEIGHTED ACOPLE PARA VARITA VIBRADORA - GRIS - Tienda Er\u00f3tica","isPartOf":{"@id":"https:\/\/demoweb.info\/sexshop001\/#website"},"datePublished":"2022-01-22T19:50:51+00:00","dateModified":"2022-01-22T19:51:17+00:00","breadcrumb":{"@id":"https:\/\/demoweb.info\/sexshop001\/producto\/le-wand-curve-weighted-acople-para-varita-vibradora-gris\/#breadcrumb"},"inLanguage":"es","potentialAction":[{"@type":"ReadAction","target":["https:\/\/demoweb.info\/sexshop001\/producto\/le-wand-curve-weighted-acople-para-varita-vibradora-gris\/"]}]},{"@type":"BreadcrumbList","@id":"https:\/\/demoweb.info\/sexshop001\/producto\/le-wand-curve-weighted-acople-para-varita-vibradora-gris\/#breadcrumb","itemListElement":[{"@type":"ListItem","position":1,"name":"Portada","item":"https:\/\/demoweb.info\/sexshop001\/"},{"@type":"ListItem","position":2,"name":"Tienda","item":"https:\/\/demoweb.info\/sexshop001\/tienda\/"},{"@type":"ListItem","position":3,"name":"LE WAND &#8211; CURVE WEIGHTED ACOPLE PARA VARITA VIBRADORA &#8211; GRIS"}]},{"@type":"WebSite","@id":"https:\/\/demoweb.info\/sexshop001\/#website","url":"https:\/\/demoweb.info\/sexshop001\/","name":"Tienda Er\u00f3tica","description":"DEMOWEB SL","potentialAction":[{"@type":"SearchAction","target":{"@type":"EntryPoint","urlTemplate":"https:\/\/demoweb.info\/sexshop001\/?s={search_term_string}"},"query-input":"required name=search_term_string"}],"inLanguage":"es"}]}},"_links":{"self":[{"href":"https:\/\/demoweb.info\/sexshop001\/wp-json\/wp\/v3\/product\/71866","targetHints":{"allow":["GET"]}}],"collection":[{"href":"https:\/\/demoweb.info\/sexshop001\/wp-json\/wp\/v3\/product"}],"about":[{"href":"https:\/\/demoweb.info\/sexshop001\/wp-json\/wp\/v2\/types\/product"}],"replies":[{"embeddable":true,"href":"https:\/\/demoweb.info\/sexshop001\/wp-json\/wp\/v2\/comments?post=71866"}],"wp:featuredmedia":[{"embeddable":true,"href":"https:\/\/demoweb.info\/sexshop001\/wp-json\/wp\/v2\/media\/71867"}],"wp:attachment":[{"href":"https:\/\/demoweb.info\/sexshop001\/wp-json\/wp\/v2\/media?parent=71866"}],"wp:term":[{"taxonomy":"product_cat","embeddable":true,"href":"https:\/\/demoweb.info\/sexshop001\/wp-json\/wp\/v2\/product_cat?post=71866"},{"taxonomy":"product_tag","embeddable":true,"href":"https:\/\/demoweb.info\/sexshop001\/wp-json\/wp\/v2\/product_tag?post=71866"}],"curies":[{"name":"wp","href":"https:\/\/api.w.org\/{rel}","templated":true}]}}