{"id":71806,"date":"2022-01-22T20:50:21","date_gmt":"2022-01-22T19:50:21","guid":{"rendered":"https:\/\/demoweb.info\/sexshop001\/producto\/kit-de-educacion-anal-azul\/"},"modified":"2022-01-22T20:50:31","modified_gmt":"2022-01-22T19:50:31","slug":"kit-de-educacion-anal-azul","status":"publish","type":"product","link":"https:\/\/demoweb.info\/sexshop001\/producto\/kit-de-educacion-anal-azul\/","title":{"rendered":"KIT DE EDUCACI\u00d3N ANAL &#8211; AZUL"},"content":{"rendered":"<p><strong>ANAL EDUCATION SET<\/strong><\/p>\n<p>Explora las alegr\u00edas del juego anal con el nuevo B-Vibe Anal Training &#038; Education Set.<\/p>\n<p>Ir de cero a la penetraci\u00f3n es un gran no-no. Ah\u00ed es donde entra nuestro kit de entrenamiento anal: el entrenamiento anal significa tomarse el tiempo, el cuidado y los pasos vitales para preparar su cuerpo para el sexo anal.<\/p>\n<p>En B-Vibe, creemos que la educaci\u00f3n es la clave para disfrutar del juego anal. Creamos este conjunto de 7 piezas para equiparlo con todo lo que necesita para prepararse de forma segura para la penetraci\u00f3n anal.<\/p>\n<p>Despl\u00e1cese hacia abajo para conocer los 7 elementos \u00fanicos que componen el kit de entrenamiento anal y el conjunto educativo B-Vibe.<\/p>\n<p>\u00bfListo para agregar juego anal a tu repertorio sexual? Aqu\u00ed hay 7 razones por las que el kit de entrenamiento anal y el conjunto educativo son el compa\u00f1ero perfecto para ayudarlo a comenzar:<\/p>\n<p>1. Tap\u00f3n trasero de silicona peque\u00f1o: dise\u00f1ado para verse y sentirse como un dedo, el tap\u00f3n m\u00e1s peque\u00f1o de este kit de entrenamiento anal es lo suficientemente delgado para el juego anal por primera vez.<\/p>\n<p>2. Tap\u00f3n trasero de vibraci\u00f3n media: una vez que empiece a sentirse c\u00f3modo con c\u00f3mo se siente el tap\u00f3n trasero peque\u00f1o, es posible que desee agregar otra sensaci\u00f3n a la mezcla: vibraci\u00f3n.<br \/>\nPuede usar la vibraci\u00f3n para estimular la pr\u00f3stata o el punto G. La vibraci\u00f3n tambi\u00e9n ayuda a que los m\u00fasculos del esf\u00ednter se relajen, que es exactamente lo que quieres hacer durante el juego anal.<\/p>\n<p>3. Tap\u00f3n de tope con peso grande: las dos bolas con peso (180 g) dentro de este tap\u00f3n sin vibraci\u00f3n lo ayudar\u00e1n a crear una sensaci\u00f3n sensual de plenitud.<br \/>\nConsejo profesional: los enchufes son un gran juguete para el juego p\u00fablico, que tiene la ventaja adicional de sentirse prohibido o reservado.<\/p>\n<p>4. Lanzador de lubricantes: este peque\u00f1o dispositivo es una de esas mejores cosas de las que nunca has o\u00eddo hablar o que has usado, para el caso. Hace exactamente lo que suena al lubricar esos lugares dif\u00edciles de alcanzar.<\/p>\n<p>5. Enema anal: ning\u00fan kit de entrenamiento anal estar\u00eda completo sin un enema. Lo consideramos el lugar perfecto para una limpieza &#39;profunda&#39; antes del juego anal.<\/p>\n<p>6. Bolsa de viaje con cremallera: porque \u00bfpor qu\u00e9 no llevar\u00edas tu kit de entrenamiento anal y tu set de educaci\u00f3n en vacaciones?<\/p>\n<p>7. Gu\u00eda completa de juego anal: hemos guardado lo mejor para el final. Cada compra incluye un manual de m\u00e1s de 50 p\u00e1ginas con las gu\u00edas pr\u00e1cticas m\u00e1s completas sobre el juego anal, escritas por educadores sexuales certificados.<\/p>\n","protected":false},"excerpt":{"rendered":"<p>ANAL EDUCATION SET Explora las alegr\u00edas del juego anal con el nuevo B-Vibe Anal Training &#038; Education Set. Ir de<\/p>\n","protected":false},"featured_media":71807,"comment_status":"open","ping_status":"open","template":"","meta":[],"product_cat":[310],"product_tag":[1695],"class_list":["post-71806","product","type-product","status-publish","has-post-thumbnail","hentry","product_cat-kits","product_tag-b-vibe"],"bundled_by":[],"bundle_stock_status":"outofstock","bundle_stock_quantity":0,"bundle_virtual":false,"bundle_layout":"","bundle_add_to_cart_form_location":"","bundle_editable_in_cart":false,"bundle_sold_individually_context":"","bundle_item_grouping":"","bundle_min_size":"","bundle_max_size":"","bundled_items":[],"yoast_head":"<!-- This site is optimized with the Yoast SEO plugin v20.6 - https:\/\/yoast.com\/wordpress\/plugins\/seo\/ -->\n<title>KIT DE EDUCACI\u00d3N ANAL - AZUL - Tienda Er\u00f3tica<\/title>\n<meta name=\"robots\" content=\"noindex, follow, max-snippet:-1, max-image-preview:large, max-video-preview:-1\" \/>\n<meta property=\"og:locale\" content=\"es_ES\" \/>\n<meta property=\"og:type\" content=\"article\" \/>\n<meta property=\"og:title\" content=\"KIT DE EDUCACI\u00d3N ANAL - AZUL - Tienda Er\u00f3tica\" \/>\n<meta property=\"og:description\" content=\"ANAL EDUCATION SET Explora las alegr\u00edas del juego anal con el nuevo B-Vibe Anal Training &#038; Education Set. Ir de\" \/>\n<meta property=\"og:url\" content=\"https:\/\/demoweb.info\/sexshop001\/producto\/kit-de-educacion-anal-azul\/\" \/>\n<meta property=\"og:site_name\" content=\"Tienda Er\u00f3tica\" \/>\n<meta property=\"article:modified_time\" content=\"2022-01-22T19:50:31+00:00\" \/>\n<meta property=\"og:image\" content=\"https:\/\/demoweb.info\/sexshop001\/wp-content\/uploads\/2022\/01\/KIT-DE-EDUCACION-ANAL-AZUL.jpg\" \/>\n\t<meta property=\"og:image:width\" content=\"550\" \/>\n\t<meta property=\"og:image:height\" content=\"550\" \/>\n\t<meta property=\"og:image:type\" content=\"image\/jpeg\" \/>\n<meta name=\"twitter:card\" content=\"summary_large_image\" \/>\n<meta name=\"twitter:label1\" content=\"Tiempo de lectura\" \/>\n\t<meta name=\"twitter:data1\" content=\"2 minutos\" \/>\n<script type=\"application\/ld+json\" class=\"yoast-schema-graph\">{\"@context\":\"https:\/\/schema.org\",\"@graph\":[{\"@type\":\"WebPage\",\"@id\":\"https:\/\/demoweb.info\/sexshop001\/producto\/kit-de-educacion-anal-azul\/\",\"url\":\"https:\/\/demoweb.info\/sexshop001\/producto\/kit-de-educacion-anal-azul\/\",\"name\":\"KIT DE EDUCACI\u00d3N ANAL - AZUL - Tienda Er\u00f3tica\",\"isPartOf\":{\"@id\":\"https:\/\/demoweb.info\/sexshop001\/#website\"},\"datePublished\":\"2022-01-22T19:50:21+00:00\",\"dateModified\":\"2022-01-22T19:50:31+00:00\",\"breadcrumb\":{\"@id\":\"https:\/\/demoweb.info\/sexshop001\/producto\/kit-de-educacion-anal-azul\/#breadcrumb\"},\"inLanguage\":\"es\",\"potentialAction\":[{\"@type\":\"ReadAction\",\"target\":[\"https:\/\/demoweb.info\/sexshop001\/producto\/kit-de-educacion-anal-azul\/\"]}]},{\"@type\":\"BreadcrumbList\",\"@id\":\"https:\/\/demoweb.info\/sexshop001\/producto\/kit-de-educacion-anal-azul\/#breadcrumb\",\"itemListElement\":[{\"@type\":\"ListItem\",\"position\":1,\"name\":\"Portada\",\"item\":\"https:\/\/demoweb.info\/sexshop001\/\"},{\"@type\":\"ListItem\",\"position\":2,\"name\":\"Tienda\",\"item\":\"https:\/\/demoweb.info\/sexshop001\/tienda\/\"},{\"@type\":\"ListItem\",\"position\":3,\"name\":\"KIT DE EDUCACI\u00d3N ANAL &#8211; AZUL\"}]},{\"@type\":\"WebSite\",\"@id\":\"https:\/\/demoweb.info\/sexshop001\/#website\",\"url\":\"https:\/\/demoweb.info\/sexshop001\/\",\"name\":\"Tienda Er\u00f3tica\",\"description\":\"DEMOWEB SL\",\"potentialAction\":[{\"@type\":\"SearchAction\",\"target\":{\"@type\":\"EntryPoint\",\"urlTemplate\":\"https:\/\/demoweb.info\/sexshop001\/?s={search_term_string}\"},\"query-input\":\"required name=search_term_string\"}],\"inLanguage\":\"es\"}]}<\/script>\n<!-- \/ Yoast SEO plugin. -->","yoast_head_json":{"title":"KIT DE EDUCACI\u00d3N ANAL - AZUL - Tienda Er\u00f3tica","robots":{"index":"noindex","follow":"follow","max-snippet":"max-snippet:-1","max-image-preview":"max-image-preview:large","max-video-preview":"max-video-preview:-1"},"og_locale":"es_ES","og_type":"article","og_title":"KIT DE EDUCACI\u00d3N ANAL - AZUL - Tienda Er\u00f3tica","og_description":"ANAL EDUCATION SET Explora las alegr\u00edas del juego anal con el nuevo B-Vibe Anal Training &#038; Education Set. Ir de","og_url":"https:\/\/demoweb.info\/sexshop001\/producto\/kit-de-educacion-anal-azul\/","og_site_name":"Tienda Er\u00f3tica","article_modified_time":"2022-01-22T19:50:31+00:00","og_image":[{"width":550,"height":550,"url":"https:\/\/demoweb.info\/sexshop001\/wp-content\/uploads\/2022\/01\/KIT-DE-EDUCACION-ANAL-AZUL.jpg","type":"image\/jpeg"}],"twitter_card":"summary_large_image","twitter_misc":{"Tiempo de lectura":"2 minutos"},"schema":{"@context":"https:\/\/schema.org","@graph":[{"@type":"WebPage","@id":"https:\/\/demoweb.info\/sexshop001\/producto\/kit-de-educacion-anal-azul\/","url":"https:\/\/demoweb.info\/sexshop001\/producto\/kit-de-educacion-anal-azul\/","name":"KIT DE EDUCACI\u00d3N ANAL - AZUL - Tienda Er\u00f3tica","isPartOf":{"@id":"https:\/\/demoweb.info\/sexshop001\/#website"},"datePublished":"2022-01-22T19:50:21+00:00","dateModified":"2022-01-22T19:50:31+00:00","breadcrumb":{"@id":"https:\/\/demoweb.info\/sexshop001\/producto\/kit-de-educacion-anal-azul\/#breadcrumb"},"inLanguage":"es","potentialAction":[{"@type":"ReadAction","target":["https:\/\/demoweb.info\/sexshop001\/producto\/kit-de-educacion-anal-azul\/"]}]},{"@type":"BreadcrumbList","@id":"https:\/\/demoweb.info\/sexshop001\/producto\/kit-de-educacion-anal-azul\/#breadcrumb","itemListElement":[{"@type":"ListItem","position":1,"name":"Portada","item":"https:\/\/demoweb.info\/sexshop001\/"},{"@type":"ListItem","position":2,"name":"Tienda","item":"https:\/\/demoweb.info\/sexshop001\/tienda\/"},{"@type":"ListItem","position":3,"name":"KIT DE EDUCACI\u00d3N ANAL &#8211; AZUL"}]},{"@type":"WebSite","@id":"https:\/\/demoweb.info\/sexshop001\/#website","url":"https:\/\/demoweb.info\/sexshop001\/","name":"Tienda Er\u00f3tica","description":"DEMOWEB SL","potentialAction":[{"@type":"SearchAction","target":{"@type":"EntryPoint","urlTemplate":"https:\/\/demoweb.info\/sexshop001\/?s={search_term_string}"},"query-input":"required name=search_term_string"}],"inLanguage":"es"}]}},"_links":{"self":[{"href":"https:\/\/demoweb.info\/sexshop001\/wp-json\/wp\/v3\/product\/71806","targetHints":{"allow":["GET"]}}],"collection":[{"href":"https:\/\/demoweb.info\/sexshop001\/wp-json\/wp\/v3\/product"}],"about":[{"href":"https:\/\/demoweb.info\/sexshop001\/wp-json\/wp\/v2\/types\/product"}],"replies":[{"embeddable":true,"href":"https:\/\/demoweb.info\/sexshop001\/wp-json\/wp\/v2\/comments?post=71806"}],"wp:featuredmedia":[{"embeddable":true,"href":"https:\/\/demoweb.info\/sexshop001\/wp-json\/wp\/v2\/media\/71807"}],"wp:attachment":[{"href":"https:\/\/demoweb.info\/sexshop001\/wp-json\/wp\/v2\/media?parent=71806"}],"wp:term":[{"taxonomy":"product_cat","embeddable":true,"href":"https:\/\/demoweb.info\/sexshop001\/wp-json\/wp\/v2\/product_cat?post=71806"},{"taxonomy":"product_tag","embeddable":true,"href":"https:\/\/demoweb.info\/sexshop001\/wp-json\/wp\/v2\/product_tag?post=71806"}],"curies":[{"name":"wp","href":"https:\/\/api.w.org\/{rel}","templated":true}]}}