{"id":71801,"date":"2022-01-22T20:50:21","date_gmt":"2022-01-22T19:50:21","guid":{"rendered":"https:\/\/demoweb.info\/sexshop001\/producto\/the-rocco-steele-hard-anillo-5cm\/"},"modified":"2022-01-22T20:50:28","modified_gmt":"2022-01-22T19:50:28","slug":"the-rocco-steele-hard-anillo-5cm","status":"publish","type":"product","link":"https:\/\/demoweb.info\/sexshop001\/producto\/the-rocco-steele-hard-anillo-5cm\/","title":{"rendered":"THE ROCCO STEELE HARD &#8211; ANILLO 5CM"},"content":{"rendered":"<p><strong>THE ROCCO STEELE HARD &#8211; 1.75 INCH &#8211; COCK RING<\/strong><\/p>\n<p>Un gran anillo de pene robusto El ROCCO\u2122 Steele Hard es ultra suave y el\u00e1stico, est\u00e1 hecho de la silicona m\u00e1s suave que se puede usar de manera efectiva en un anillo. Est\u00e1 dise\u00f1ado con una forma gruesa de banda plana que garantiza una restricci\u00f3n c\u00f3moda pero firme, produciendo una erecci\u00f3n dura como el acero. Debido al material el\u00e1stico pero firme de los anillos, solo dos tama\u00f1os se adaptar\u00e1n a la mayor\u00eda de los hombres.<\/p>\n<ul>\n<li>Di\u00e1metro del producto: 5 cm<\/li>\n<li>Di\u00e1metro interno: 4 cm<\/li>\n<\/ul>\n","protected":false},"excerpt":{"rendered":"<p>THE ROCCO STEELE HARD &#8211; 1.75 INCH &#8211; COCK RING Un gran anillo de pene robusto El ROCCO\u2122 Steele Hard<\/p>\n","protected":false},"featured_media":71802,"comment_status":"open","ping_status":"open","template":"","meta":[],"product_cat":[323],"product_tag":[1323,1696],"class_list":["post-71801","product","type-product","status-publish","has-post-thumbnail","hentry","product_cat-silicona-anillos","product_tag-perfect-fit","product_tag-rocco"],"bundled_by":[],"bundle_stock_status":"instock","bundle_stock_quantity":1,"bundle_virtual":false,"bundle_layout":"","bundle_add_to_cart_form_location":"","bundle_editable_in_cart":false,"bundle_sold_individually_context":"","bundle_item_grouping":"","bundle_min_size":"","bundle_max_size":"","bundled_items":[],"yoast_head":"<!-- This site is optimized with the Yoast SEO plugin v20.6 - https:\/\/yoast.com\/wordpress\/plugins\/seo\/ -->\n<title>THE ROCCO STEELE HARD - ANILLO 5CM - Tienda Er\u00f3tica<\/title>\n<meta name=\"robots\" content=\"noindex, follow, max-snippet:-1, max-image-preview:large, max-video-preview:-1\" \/>\n<meta property=\"og:locale\" content=\"es_ES\" \/>\n<meta property=\"og:type\" content=\"article\" \/>\n<meta property=\"og:title\" content=\"THE ROCCO STEELE HARD - ANILLO 5CM - Tienda Er\u00f3tica\" \/>\n<meta property=\"og:description\" content=\"THE ROCCO STEELE HARD &#8211; 1.75 INCH &#8211; COCK RING Un gran anillo de pene robusto El ROCCO\u2122 Steele Hard\" \/>\n<meta property=\"og:url\" content=\"https:\/\/demoweb.info\/sexshop001\/producto\/the-rocco-steele-hard-anillo-5cm\/\" \/>\n<meta property=\"og:site_name\" content=\"Tienda Er\u00f3tica\" \/>\n<meta property=\"article:modified_time\" content=\"2022-01-22T19:50:28+00:00\" \/>\n<meta property=\"og:image\" content=\"https:\/\/demoweb.info\/sexshop001\/wp-content\/uploads\/2022\/01\/THE-ROCCO-STEELE-HARD-ANILLO-5CM.jpg\" \/>\n\t<meta property=\"og:image:width\" content=\"550\" \/>\n\t<meta property=\"og:image:height\" content=\"550\" \/>\n\t<meta property=\"og:image:type\" content=\"image\/jpeg\" \/>\n<meta name=\"twitter:card\" content=\"summary_large_image\" \/>\n<meta name=\"twitter:label1\" content=\"Tiempo de lectura\" \/>\n\t<meta name=\"twitter:data1\" content=\"1 minuto\" \/>\n<script type=\"application\/ld+json\" class=\"yoast-schema-graph\">{\"@context\":\"https:\/\/schema.org\",\"@graph\":[{\"@type\":\"WebPage\",\"@id\":\"https:\/\/demoweb.info\/sexshop001\/producto\/the-rocco-steele-hard-anillo-5cm\/\",\"url\":\"https:\/\/demoweb.info\/sexshop001\/producto\/the-rocco-steele-hard-anillo-5cm\/\",\"name\":\"THE ROCCO STEELE HARD - ANILLO 5CM - Tienda Er\u00f3tica\",\"isPartOf\":{\"@id\":\"https:\/\/demoweb.info\/sexshop001\/#website\"},\"datePublished\":\"2022-01-22T19:50:21+00:00\",\"dateModified\":\"2022-01-22T19:50:28+00:00\",\"breadcrumb\":{\"@id\":\"https:\/\/demoweb.info\/sexshop001\/producto\/the-rocco-steele-hard-anillo-5cm\/#breadcrumb\"},\"inLanguage\":\"es\",\"potentialAction\":[{\"@type\":\"ReadAction\",\"target\":[\"https:\/\/demoweb.info\/sexshop001\/producto\/the-rocco-steele-hard-anillo-5cm\/\"]}]},{\"@type\":\"BreadcrumbList\",\"@id\":\"https:\/\/demoweb.info\/sexshop001\/producto\/the-rocco-steele-hard-anillo-5cm\/#breadcrumb\",\"itemListElement\":[{\"@type\":\"ListItem\",\"position\":1,\"name\":\"Portada\",\"item\":\"https:\/\/demoweb.info\/sexshop001\/\"},{\"@type\":\"ListItem\",\"position\":2,\"name\":\"Tienda\",\"item\":\"https:\/\/demoweb.info\/sexshop001\/tienda\/\"},{\"@type\":\"ListItem\",\"position\":3,\"name\":\"THE ROCCO STEELE HARD &#8211; ANILLO 5CM\"}]},{\"@type\":\"WebSite\",\"@id\":\"https:\/\/demoweb.info\/sexshop001\/#website\",\"url\":\"https:\/\/demoweb.info\/sexshop001\/\",\"name\":\"Tienda Er\u00f3tica\",\"description\":\"DEMOWEB SL\",\"potentialAction\":[{\"@type\":\"SearchAction\",\"target\":{\"@type\":\"EntryPoint\",\"urlTemplate\":\"https:\/\/demoweb.info\/sexshop001\/?s={search_term_string}\"},\"query-input\":\"required name=search_term_string\"}],\"inLanguage\":\"es\"}]}<\/script>\n<!-- \/ Yoast SEO plugin. -->","yoast_head_json":{"title":"THE ROCCO STEELE HARD - ANILLO 5CM - Tienda Er\u00f3tica","robots":{"index":"noindex","follow":"follow","max-snippet":"max-snippet:-1","max-image-preview":"max-image-preview:large","max-video-preview":"max-video-preview:-1"},"og_locale":"es_ES","og_type":"article","og_title":"THE ROCCO STEELE HARD - ANILLO 5CM - Tienda Er\u00f3tica","og_description":"THE ROCCO STEELE HARD &#8211; 1.75 INCH &#8211; COCK RING Un gran anillo de pene robusto El ROCCO\u2122 Steele Hard","og_url":"https:\/\/demoweb.info\/sexshop001\/producto\/the-rocco-steele-hard-anillo-5cm\/","og_site_name":"Tienda Er\u00f3tica","article_modified_time":"2022-01-22T19:50:28+00:00","og_image":[{"width":550,"height":550,"url":"https:\/\/demoweb.info\/sexshop001\/wp-content\/uploads\/2022\/01\/THE-ROCCO-STEELE-HARD-ANILLO-5CM.jpg","type":"image\/jpeg"}],"twitter_card":"summary_large_image","twitter_misc":{"Tiempo de lectura":"1 minuto"},"schema":{"@context":"https:\/\/schema.org","@graph":[{"@type":"WebPage","@id":"https:\/\/demoweb.info\/sexshop001\/producto\/the-rocco-steele-hard-anillo-5cm\/","url":"https:\/\/demoweb.info\/sexshop001\/producto\/the-rocco-steele-hard-anillo-5cm\/","name":"THE ROCCO STEELE HARD - ANILLO 5CM - Tienda Er\u00f3tica","isPartOf":{"@id":"https:\/\/demoweb.info\/sexshop001\/#website"},"datePublished":"2022-01-22T19:50:21+00:00","dateModified":"2022-01-22T19:50:28+00:00","breadcrumb":{"@id":"https:\/\/demoweb.info\/sexshop001\/producto\/the-rocco-steele-hard-anillo-5cm\/#breadcrumb"},"inLanguage":"es","potentialAction":[{"@type":"ReadAction","target":["https:\/\/demoweb.info\/sexshop001\/producto\/the-rocco-steele-hard-anillo-5cm\/"]}]},{"@type":"BreadcrumbList","@id":"https:\/\/demoweb.info\/sexshop001\/producto\/the-rocco-steele-hard-anillo-5cm\/#breadcrumb","itemListElement":[{"@type":"ListItem","position":1,"name":"Portada","item":"https:\/\/demoweb.info\/sexshop001\/"},{"@type":"ListItem","position":2,"name":"Tienda","item":"https:\/\/demoweb.info\/sexshop001\/tienda\/"},{"@type":"ListItem","position":3,"name":"THE ROCCO STEELE HARD &#8211; ANILLO 5CM"}]},{"@type":"WebSite","@id":"https:\/\/demoweb.info\/sexshop001\/#website","url":"https:\/\/demoweb.info\/sexshop001\/","name":"Tienda Er\u00f3tica","description":"DEMOWEB SL","potentialAction":[{"@type":"SearchAction","target":{"@type":"EntryPoint","urlTemplate":"https:\/\/demoweb.info\/sexshop001\/?s={search_term_string}"},"query-input":"required name=search_term_string"}],"inLanguage":"es"}]}},"_links":{"self":[{"href":"https:\/\/demoweb.info\/sexshop001\/wp-json\/wp\/v3\/product\/71801","targetHints":{"allow":["GET"]}}],"collection":[{"href":"https:\/\/demoweb.info\/sexshop001\/wp-json\/wp\/v3\/product"}],"about":[{"href":"https:\/\/demoweb.info\/sexshop001\/wp-json\/wp\/v2\/types\/product"}],"replies":[{"embeddable":true,"href":"https:\/\/demoweb.info\/sexshop001\/wp-json\/wp\/v2\/comments?post=71801"}],"wp:featuredmedia":[{"embeddable":true,"href":"https:\/\/demoweb.info\/sexshop001\/wp-json\/wp\/v2\/media\/71802"}],"wp:attachment":[{"href":"https:\/\/demoweb.info\/sexshop001\/wp-json\/wp\/v2\/media?parent=71801"}],"wp:term":[{"taxonomy":"product_cat","embeddable":true,"href":"https:\/\/demoweb.info\/sexshop001\/wp-json\/wp\/v2\/product_cat?post=71801"},{"taxonomy":"product_tag","embeddable":true,"href":"https:\/\/demoweb.info\/sexshop001\/wp-json\/wp\/v2\/product_tag?post=71801"}],"curies":[{"name":"wp","href":"https:\/\/api.w.org\/{rel}","templated":true}]}}