{"id":7180,"date":"2022-01-22T09:27:32","date_gmt":"2022-01-22T08:27:32","guid":{"rendered":"https:\/\/demoweb.info\/sexshop001\/producto\/su-evoke-super-charged-arnes-con-dildo-vibrador-negro\/"},"modified":"2022-01-22T09:27:32","modified_gmt":"2022-01-22T08:27:32","slug":"su-evoke-super-charged-arnes-con-dildo-vibrador-negro","status":"publish","type":"product","link":"https:\/\/demoweb.info\/sexshop001\/producto\/su-evoke-super-charged-arnes-con-dildo-vibrador-negro\/","title":{"rendered":"SU EVOKE SUPER CHARGED &#8211; ARN\u00c9S CON DILDO VIBRADOR &#8211; NEGRO"},"content":{"rendered":"<p><strong>SU EVOKE SUPER CHARGED &#8211; VIBRATING STRAPLESS DILDO <\/strong><\/p>\n<p>Asegura la satisfacci\u00f3n tanto tuya como de tu amante con un elegante arn\u00e9s sin tirantes que vibra.<\/p>\n<p>Esta herramienta de placer recargable cuenta con motores duales con control independiente para que cada uno pueda elegir entre las 3 velocidades y las 5 funciones de un potente impulso interno. Ambos extremos de este consolador doble ingeniosamente dise\u00f1ado tienen la forma del \u00e9xtasis definitivo: el bulbo se curva hacia su punto G para detectar la presi\u00f3n mientras muele su cl\u00edtoris contra surcos audaces.<\/p>\n<p>Mientras tanto, tu compa\u00f1ero ser\u00e1 tratado con un eje liso con una punta suave sobresaliente. \u00a1Incluso es resistente al agua para que puedas jugar en la ducha, el ba\u00f1o, la piscina y m\u00e1s!<\/p>\n<p>Explora una mayor intimidad con un vibrador consolador strap-on de doble punta. Hecho de silicona sedosa, el Evoke no es poroso y no contiene ftalatos. Limpiar con jab\u00f3n suave y agua tibia y evite su uso con lubricantes de silicona.<\/p>\n<p>Caracter\u00edsticas:<\/p>\n<ul>\n<li>Dimensiones del producto: 24,8 x 4,1 x 4,1 cm<\/li>\n<li>Peso del producto: 341 gr<\/li>\n<li>Di\u00e1metro del producto: 4,1 cm<\/li>\n<li>Longitud insertable:  15,9 cm<\/li>\n<li>Tipos de velocidad: 3<\/li>\n<li>Recargable:   S\u00ed<\/li>\n<li>Tiempo de recarga: 150 min<\/li>\n<li>Vida de la recarga de las bater\u00edas: 60 min<\/li>\n<li>A prueba de agua: S\u00ed<\/li>\n<li>Libre de ftalato: S\u00ed<\/li>\n<li>Materiales: Silicona<\/li>\n<\/ul>\n","protected":false},"excerpt":{"rendered":"<p>SU EVOKE SUPER CHARGED &#8211; VIBRATING STRAPLESS DILDO Asegura la satisfacci\u00f3n tanto tuya como de tu amante con un elegante<\/p>\n","protected":false},"featured_media":7181,"comment_status":"open","ping_status":"open","template":"","meta":[],"product_cat":[273],"product_tag":[275,274],"class_list":["post-7180","product","type-product","status-publish","has-post-thumbnail","hentry","product_cat-silicona-sin-sujecion","product_tag-strap-u","product_tag-xr-brands"],"bundled_by":[],"bundle_stock_status":"instock","bundle_stock_quantity":1,"bundle_virtual":false,"bundle_layout":"","bundle_add_to_cart_form_location":"","bundle_editable_in_cart":false,"bundle_sold_individually_context":"","bundle_item_grouping":"","bundle_min_size":"","bundle_max_size":"","bundled_items":[],"yoast_head":"<!-- This site is optimized with the Yoast SEO plugin v20.6 - https:\/\/yoast.com\/wordpress\/plugins\/seo\/ -->\n<title>SU EVOKE SUPER CHARGED - ARN\u00c9S CON DILDO VIBRADOR - NEGRO - Tienda Er\u00f3tica<\/title>\n<meta name=\"robots\" content=\"noindex, follow, max-snippet:-1, max-image-preview:large, max-video-preview:-1\" \/>\n<meta property=\"og:locale\" content=\"es_ES\" \/>\n<meta property=\"og:type\" content=\"article\" \/>\n<meta property=\"og:title\" content=\"SU EVOKE SUPER CHARGED - ARN\u00c9S CON DILDO VIBRADOR - NEGRO - Tienda Er\u00f3tica\" \/>\n<meta property=\"og:description\" content=\"SU EVOKE SUPER CHARGED &#8211; VIBRATING STRAPLESS DILDO Asegura la satisfacci\u00f3n tanto tuya como de tu amante con un elegante\" \/>\n<meta property=\"og:url\" content=\"https:\/\/demoweb.info\/sexshop001\/producto\/su-evoke-super-charged-arnes-con-dildo-vibrador-negro\/\" \/>\n<meta property=\"og:site_name\" content=\"Tienda Er\u00f3tica\" \/>\n<meta property=\"og:image\" content=\"https:\/\/demoweb.info\/sexshop001\/wp-content\/uploads\/2022\/01\/SU-EVOKE-SUPER-CHARGED-ARNES-CON-DILDO-VIBRADOR-NEGRO.jpg\" \/>\n\t<meta property=\"og:image:width\" content=\"550\" \/>\n\t<meta property=\"og:image:height\" content=\"550\" \/>\n\t<meta property=\"og:image:type\" content=\"image\/jpeg\" \/>\n<meta name=\"twitter:card\" content=\"summary_large_image\" \/>\n<meta name=\"twitter:label1\" content=\"Tiempo de lectura\" \/>\n\t<meta name=\"twitter:data1\" content=\"1 minuto\" \/>\n<script type=\"application\/ld+json\" class=\"yoast-schema-graph\">{\"@context\":\"https:\/\/schema.org\",\"@graph\":[{\"@type\":\"WebPage\",\"@id\":\"https:\/\/demoweb.info\/sexshop001\/producto\/su-evoke-super-charged-arnes-con-dildo-vibrador-negro\/\",\"url\":\"https:\/\/demoweb.info\/sexshop001\/producto\/su-evoke-super-charged-arnes-con-dildo-vibrador-negro\/\",\"name\":\"SU EVOKE SUPER CHARGED - ARN\u00c9S CON DILDO VIBRADOR - NEGRO - Tienda Er\u00f3tica\",\"isPartOf\":{\"@id\":\"https:\/\/demoweb.info\/sexshop001\/#website\"},\"datePublished\":\"2022-01-22T08:27:32+00:00\",\"dateModified\":\"2022-01-22T08:27:32+00:00\",\"breadcrumb\":{\"@id\":\"https:\/\/demoweb.info\/sexshop001\/producto\/su-evoke-super-charged-arnes-con-dildo-vibrador-negro\/#breadcrumb\"},\"inLanguage\":\"es\",\"potentialAction\":[{\"@type\":\"ReadAction\",\"target\":[\"https:\/\/demoweb.info\/sexshop001\/producto\/su-evoke-super-charged-arnes-con-dildo-vibrador-negro\/\"]}]},{\"@type\":\"BreadcrumbList\",\"@id\":\"https:\/\/demoweb.info\/sexshop001\/producto\/su-evoke-super-charged-arnes-con-dildo-vibrador-negro\/#breadcrumb\",\"itemListElement\":[{\"@type\":\"ListItem\",\"position\":1,\"name\":\"Portada\",\"item\":\"https:\/\/demoweb.info\/sexshop001\/\"},{\"@type\":\"ListItem\",\"position\":2,\"name\":\"Tienda\",\"item\":\"https:\/\/demoweb.info\/sexshop001\/tienda\/\"},{\"@type\":\"ListItem\",\"position\":3,\"name\":\"SU EVOKE SUPER CHARGED &#8211; ARN\u00c9S CON DILDO VIBRADOR &#8211; NEGRO\"}]},{\"@type\":\"WebSite\",\"@id\":\"https:\/\/demoweb.info\/sexshop001\/#website\",\"url\":\"https:\/\/demoweb.info\/sexshop001\/\",\"name\":\"Tienda Er\u00f3tica\",\"description\":\"DEMOWEB SL\",\"potentialAction\":[{\"@type\":\"SearchAction\",\"target\":{\"@type\":\"EntryPoint\",\"urlTemplate\":\"https:\/\/demoweb.info\/sexshop001\/?s={search_term_string}\"},\"query-input\":\"required name=search_term_string\"}],\"inLanguage\":\"es\"}]}<\/script>\n<!-- \/ Yoast SEO plugin. -->","yoast_head_json":{"title":"SU EVOKE SUPER CHARGED - ARN\u00c9S CON DILDO VIBRADOR - NEGRO - Tienda Er\u00f3tica","robots":{"index":"noindex","follow":"follow","max-snippet":"max-snippet:-1","max-image-preview":"max-image-preview:large","max-video-preview":"max-video-preview:-1"},"og_locale":"es_ES","og_type":"article","og_title":"SU EVOKE SUPER CHARGED - ARN\u00c9S CON DILDO VIBRADOR - NEGRO - Tienda Er\u00f3tica","og_description":"SU EVOKE SUPER CHARGED &#8211; VIBRATING STRAPLESS DILDO Asegura la satisfacci\u00f3n tanto tuya como de tu amante con un elegante","og_url":"https:\/\/demoweb.info\/sexshop001\/producto\/su-evoke-super-charged-arnes-con-dildo-vibrador-negro\/","og_site_name":"Tienda Er\u00f3tica","og_image":[{"width":550,"height":550,"url":"https:\/\/demoweb.info\/sexshop001\/wp-content\/uploads\/2022\/01\/SU-EVOKE-SUPER-CHARGED-ARNES-CON-DILDO-VIBRADOR-NEGRO.jpg","type":"image\/jpeg"}],"twitter_card":"summary_large_image","twitter_misc":{"Tiempo de lectura":"1 minuto"},"schema":{"@context":"https:\/\/schema.org","@graph":[{"@type":"WebPage","@id":"https:\/\/demoweb.info\/sexshop001\/producto\/su-evoke-super-charged-arnes-con-dildo-vibrador-negro\/","url":"https:\/\/demoweb.info\/sexshop001\/producto\/su-evoke-super-charged-arnes-con-dildo-vibrador-negro\/","name":"SU EVOKE SUPER CHARGED - ARN\u00c9S CON DILDO VIBRADOR - NEGRO - Tienda Er\u00f3tica","isPartOf":{"@id":"https:\/\/demoweb.info\/sexshop001\/#website"},"datePublished":"2022-01-22T08:27:32+00:00","dateModified":"2022-01-22T08:27:32+00:00","breadcrumb":{"@id":"https:\/\/demoweb.info\/sexshop001\/producto\/su-evoke-super-charged-arnes-con-dildo-vibrador-negro\/#breadcrumb"},"inLanguage":"es","potentialAction":[{"@type":"ReadAction","target":["https:\/\/demoweb.info\/sexshop001\/producto\/su-evoke-super-charged-arnes-con-dildo-vibrador-negro\/"]}]},{"@type":"BreadcrumbList","@id":"https:\/\/demoweb.info\/sexshop001\/producto\/su-evoke-super-charged-arnes-con-dildo-vibrador-negro\/#breadcrumb","itemListElement":[{"@type":"ListItem","position":1,"name":"Portada","item":"https:\/\/demoweb.info\/sexshop001\/"},{"@type":"ListItem","position":2,"name":"Tienda","item":"https:\/\/demoweb.info\/sexshop001\/tienda\/"},{"@type":"ListItem","position":3,"name":"SU EVOKE SUPER CHARGED &#8211; ARN\u00c9S CON DILDO VIBRADOR &#8211; NEGRO"}]},{"@type":"WebSite","@id":"https:\/\/demoweb.info\/sexshop001\/#website","url":"https:\/\/demoweb.info\/sexshop001\/","name":"Tienda Er\u00f3tica","description":"DEMOWEB SL","potentialAction":[{"@type":"SearchAction","target":{"@type":"EntryPoint","urlTemplate":"https:\/\/demoweb.info\/sexshop001\/?s={search_term_string}"},"query-input":"required name=search_term_string"}],"inLanguage":"es"}]}},"_links":{"self":[{"href":"https:\/\/demoweb.info\/sexshop001\/wp-json\/wp\/v3\/product\/7180","targetHints":{"allow":["GET"]}}],"collection":[{"href":"https:\/\/demoweb.info\/sexshop001\/wp-json\/wp\/v3\/product"}],"about":[{"href":"https:\/\/demoweb.info\/sexshop001\/wp-json\/wp\/v2\/types\/product"}],"replies":[{"embeddable":true,"href":"https:\/\/demoweb.info\/sexshop001\/wp-json\/wp\/v2\/comments?post=7180"}],"wp:featuredmedia":[{"embeddable":true,"href":"https:\/\/demoweb.info\/sexshop001\/wp-json\/wp\/v2\/media\/7181"}],"wp:attachment":[{"href":"https:\/\/demoweb.info\/sexshop001\/wp-json\/wp\/v2\/media?parent=7180"}],"wp:term":[{"taxonomy":"product_cat","embeddable":true,"href":"https:\/\/demoweb.info\/sexshop001\/wp-json\/wp\/v2\/product_cat?post=7180"},{"taxonomy":"product_tag","embeddable":true,"href":"https:\/\/demoweb.info\/sexshop001\/wp-json\/wp\/v2\/product_tag?post=7180"}],"curies":[{"name":"wp","href":"https:\/\/api.w.org\/{rel}","templated":true}]}}