{"id":71781,"date":"2022-01-22T20:49:50","date_gmt":"2022-01-22T19:49:50","guid":{"rendered":"https:\/\/demoweb.info\/sexshop001\/producto\/snug-plug-3-negro\/"},"modified":"2022-01-22T20:50:12","modified_gmt":"2022-01-22T19:50:12","slug":"snug-plug-3-negro","status":"publish","type":"product","link":"https:\/\/demoweb.info\/sexshop001\/producto\/snug-plug-3-negro\/","title":{"rendered":"SNUG PLUG 3 &#8211; NEGRO"},"content":{"rendered":"<p><strong>SNUG PLUG 3  <\/strong><\/p>\n<p>\u00dasalo durante el sexo en pareja o disfruta discretamente de una estimulaci\u00f3n prolongada. Los tapones de seguridad est\u00e1n hechos de silicona sin costuras segura para el cuerpo y cuentan con un cuello grueso y flexible y un mango de agarre suave.<\/p>\n<ul>\n<li>Tap\u00f3n trasero de silicona sin costura<\/li>\n<li>Dise\u00f1ado para un uso discreto del extensor<\/li>\n<li>Borde redondeado para una f\u00e1cil inserci\u00f3n<\/li>\n<li>Precisi\u00f3n para sensaciones er\u00f3ticas.<\/li>\n<li>Las bolas pesadas proporcionan una sensaci\u00f3n sensual de plenitud.<\/li>\n<li>Delgado cuello flexible de 1 cm<\/li>\n<li>C\u00f3modo mango de agarre suave<\/li>\n<li>Completamente impermeable<\/li>\n<li>Incluye estuche de viaje \/ almacenamiento<\/li>\n<li>Se incluye una copia de nuestra Gu\u00eda de Juego Anal<\/li>\n<li>1 a\u00f1o de garant\u00eda sin problemas<\/li>\n<li>Resistente al agua<\/li>\n<\/ul>\n<p>Medidas:<\/p>\n<ul>\n<li>Totales: 13 x 8,6 x 3,6 cm<\/li>\n<li>Di\u00e1metro: 3,8 cm<\/li>\n<li>Longitud insertable: 12 cm<\/li>\n<\/ul>\n","protected":false},"excerpt":{"rendered":"<p>SNUG PLUG 3 \u00dasalo durante el sexo en pareja o disfruta discretamente de una estimulaci\u00f3n prolongada. Los tapones de seguridad<\/p>\n","protected":false},"featured_media":71782,"comment_status":"open","ping_status":"open","template":"","meta":[],"product_cat":[338],"product_tag":[1695],"class_list":["post-71781","product","type-product","status-publish","has-post-thumbnail","hentry","product_cat-silicona-plugs","product_tag-b-vibe"],"bundled_by":[],"bundle_stock_status":"instock","bundle_stock_quantity":1,"bundle_virtual":false,"bundle_layout":"","bundle_add_to_cart_form_location":"","bundle_editable_in_cart":false,"bundle_sold_individually_context":"","bundle_item_grouping":"","bundle_min_size":"","bundle_max_size":"","bundled_items":[],"yoast_head":"<!-- This site is optimized with the Yoast SEO plugin v20.6 - https:\/\/yoast.com\/wordpress\/plugins\/seo\/ -->\n<title>SNUG PLUG 3 - NEGRO - Tienda Er\u00f3tica<\/title>\n<meta name=\"robots\" content=\"noindex, follow, max-snippet:-1, max-image-preview:large, max-video-preview:-1\" \/>\n<meta property=\"og:locale\" content=\"es_ES\" \/>\n<meta property=\"og:type\" content=\"article\" \/>\n<meta property=\"og:title\" content=\"SNUG PLUG 3 - NEGRO - Tienda Er\u00f3tica\" \/>\n<meta property=\"og:description\" content=\"SNUG PLUG 3 \u00dasalo durante el sexo en pareja o disfruta discretamente de una estimulaci\u00f3n prolongada. Los tapones de seguridad\" \/>\n<meta property=\"og:url\" content=\"https:\/\/demoweb.info\/sexshop001\/producto\/snug-plug-3-negro\/\" \/>\n<meta property=\"og:site_name\" content=\"Tienda Er\u00f3tica\" \/>\n<meta property=\"article:modified_time\" content=\"2022-01-22T19:50:12+00:00\" \/>\n<meta property=\"og:image\" content=\"https:\/\/demoweb.info\/sexshop001\/wp-content\/uploads\/2022\/01\/SNUG-PLUG-3-NEGRO.jpg\" \/>\n\t<meta property=\"og:image:width\" content=\"550\" \/>\n\t<meta property=\"og:image:height\" content=\"550\" \/>\n\t<meta property=\"og:image:type\" content=\"image\/jpeg\" \/>\n<meta name=\"twitter:card\" content=\"summary_large_image\" \/>\n<meta name=\"twitter:label1\" content=\"Tiempo de lectura\" \/>\n\t<meta name=\"twitter:data1\" content=\"1 minuto\" \/>\n<script type=\"application\/ld+json\" class=\"yoast-schema-graph\">{\"@context\":\"https:\/\/schema.org\",\"@graph\":[{\"@type\":\"WebPage\",\"@id\":\"https:\/\/demoweb.info\/sexshop001\/producto\/snug-plug-3-negro\/\",\"url\":\"https:\/\/demoweb.info\/sexshop001\/producto\/snug-plug-3-negro\/\",\"name\":\"SNUG PLUG 3 - NEGRO - Tienda Er\u00f3tica\",\"isPartOf\":{\"@id\":\"https:\/\/demoweb.info\/sexshop001\/#website\"},\"datePublished\":\"2022-01-22T19:49:50+00:00\",\"dateModified\":\"2022-01-22T19:50:12+00:00\",\"breadcrumb\":{\"@id\":\"https:\/\/demoweb.info\/sexshop001\/producto\/snug-plug-3-negro\/#breadcrumb\"},\"inLanguage\":\"es\",\"potentialAction\":[{\"@type\":\"ReadAction\",\"target\":[\"https:\/\/demoweb.info\/sexshop001\/producto\/snug-plug-3-negro\/\"]}]},{\"@type\":\"BreadcrumbList\",\"@id\":\"https:\/\/demoweb.info\/sexshop001\/producto\/snug-plug-3-negro\/#breadcrumb\",\"itemListElement\":[{\"@type\":\"ListItem\",\"position\":1,\"name\":\"Portada\",\"item\":\"https:\/\/demoweb.info\/sexshop001\/\"},{\"@type\":\"ListItem\",\"position\":2,\"name\":\"Tienda\",\"item\":\"https:\/\/demoweb.info\/sexshop001\/tienda\/\"},{\"@type\":\"ListItem\",\"position\":3,\"name\":\"SNUG PLUG 3 &#8211; NEGRO\"}]},{\"@type\":\"WebSite\",\"@id\":\"https:\/\/demoweb.info\/sexshop001\/#website\",\"url\":\"https:\/\/demoweb.info\/sexshop001\/\",\"name\":\"Tienda Er\u00f3tica\",\"description\":\"DEMOWEB SL\",\"potentialAction\":[{\"@type\":\"SearchAction\",\"target\":{\"@type\":\"EntryPoint\",\"urlTemplate\":\"https:\/\/demoweb.info\/sexshop001\/?s={search_term_string}\"},\"query-input\":\"required name=search_term_string\"}],\"inLanguage\":\"es\"}]}<\/script>\n<!-- \/ Yoast SEO plugin. -->","yoast_head_json":{"title":"SNUG PLUG 3 - NEGRO - Tienda Er\u00f3tica","robots":{"index":"noindex","follow":"follow","max-snippet":"max-snippet:-1","max-image-preview":"max-image-preview:large","max-video-preview":"max-video-preview:-1"},"og_locale":"es_ES","og_type":"article","og_title":"SNUG PLUG 3 - NEGRO - Tienda Er\u00f3tica","og_description":"SNUG PLUG 3 \u00dasalo durante el sexo en pareja o disfruta discretamente de una estimulaci\u00f3n prolongada. Los tapones de seguridad","og_url":"https:\/\/demoweb.info\/sexshop001\/producto\/snug-plug-3-negro\/","og_site_name":"Tienda Er\u00f3tica","article_modified_time":"2022-01-22T19:50:12+00:00","og_image":[{"width":550,"height":550,"url":"https:\/\/demoweb.info\/sexshop001\/wp-content\/uploads\/2022\/01\/SNUG-PLUG-3-NEGRO.jpg","type":"image\/jpeg"}],"twitter_card":"summary_large_image","twitter_misc":{"Tiempo de lectura":"1 minuto"},"schema":{"@context":"https:\/\/schema.org","@graph":[{"@type":"WebPage","@id":"https:\/\/demoweb.info\/sexshop001\/producto\/snug-plug-3-negro\/","url":"https:\/\/demoweb.info\/sexshop001\/producto\/snug-plug-3-negro\/","name":"SNUG PLUG 3 - NEGRO - Tienda Er\u00f3tica","isPartOf":{"@id":"https:\/\/demoweb.info\/sexshop001\/#website"},"datePublished":"2022-01-22T19:49:50+00:00","dateModified":"2022-01-22T19:50:12+00:00","breadcrumb":{"@id":"https:\/\/demoweb.info\/sexshop001\/producto\/snug-plug-3-negro\/#breadcrumb"},"inLanguage":"es","potentialAction":[{"@type":"ReadAction","target":["https:\/\/demoweb.info\/sexshop001\/producto\/snug-plug-3-negro\/"]}]},{"@type":"BreadcrumbList","@id":"https:\/\/demoweb.info\/sexshop001\/producto\/snug-plug-3-negro\/#breadcrumb","itemListElement":[{"@type":"ListItem","position":1,"name":"Portada","item":"https:\/\/demoweb.info\/sexshop001\/"},{"@type":"ListItem","position":2,"name":"Tienda","item":"https:\/\/demoweb.info\/sexshop001\/tienda\/"},{"@type":"ListItem","position":3,"name":"SNUG PLUG 3 &#8211; NEGRO"}]},{"@type":"WebSite","@id":"https:\/\/demoweb.info\/sexshop001\/#website","url":"https:\/\/demoweb.info\/sexshop001\/","name":"Tienda Er\u00f3tica","description":"DEMOWEB SL","potentialAction":[{"@type":"SearchAction","target":{"@type":"EntryPoint","urlTemplate":"https:\/\/demoweb.info\/sexshop001\/?s={search_term_string}"},"query-input":"required name=search_term_string"}],"inLanguage":"es"}]}},"_links":{"self":[{"href":"https:\/\/demoweb.info\/sexshop001\/wp-json\/wp\/v3\/product\/71781","targetHints":{"allow":["GET"]}}],"collection":[{"href":"https:\/\/demoweb.info\/sexshop001\/wp-json\/wp\/v3\/product"}],"about":[{"href":"https:\/\/demoweb.info\/sexshop001\/wp-json\/wp\/v2\/types\/product"}],"replies":[{"embeddable":true,"href":"https:\/\/demoweb.info\/sexshop001\/wp-json\/wp\/v2\/comments?post=71781"}],"wp:featuredmedia":[{"embeddable":true,"href":"https:\/\/demoweb.info\/sexshop001\/wp-json\/wp\/v2\/media\/71782"}],"wp:attachment":[{"href":"https:\/\/demoweb.info\/sexshop001\/wp-json\/wp\/v2\/media?parent=71781"}],"wp:term":[{"taxonomy":"product_cat","embeddable":true,"href":"https:\/\/demoweb.info\/sexshop001\/wp-json\/wp\/v2\/product_cat?post=71781"},{"taxonomy":"product_tag","embeddable":true,"href":"https:\/\/demoweb.info\/sexshop001\/wp-json\/wp\/v2\/product_tag?post=71781"}],"curies":[{"name":"wp","href":"https:\/\/api.w.org\/{rel}","templated":true}]}}