{"id":7178,"date":"2022-01-22T09:27:25","date_gmt":"2022-01-22T08:27:25","guid":{"rendered":"https:\/\/demoweb.info\/sexshop001\/producto\/pjur-cool-lubricante-agua-efecto-frio-100-ml\/"},"modified":"2022-01-22T09:27:29","modified_gmt":"2022-01-22T08:27:29","slug":"pjur-cool-lubricante-agua-efecto-frio-100-ml","status":"publish","type":"product","link":"https:\/\/demoweb.info\/sexshop001\/producto\/pjur-cool-lubricante-agua-efecto-frio-100-ml\/","title":{"rendered":"PJUR COOL LUBRICANTE AGUA EFECTO FRIO 100 ML"},"content":{"rendered":"<p><strong>PJUR COOL REFRESHING MENTHOL WATERBASED LUBRICANT 100 ML<\/strong>.<\/p>\n<p>Los opuestos se atraen. Este lubricante con base de agua no es otro gel refrescante cualquiera. Es m\u00e1s bien el efecto estimulante del mentol lo que le da a tu encuentro sexual un <strong>toque \u00fanico<\/strong>. Descubre tus sentidos de una manera totalmente nueva a trav\u00e9s de la <strong>excitante interacci\u00f3n<\/strong> entre el calor de la pasi\u00f3n y la estimulaci\u00f3n fr\u00eda del lubricante. Libre de olores y sabores, y apto para su uso con preservativos de l\u00e1tex.<\/p>\n<p>&#8211; Aumenta tus sentidos para una <strong>estimulaci\u00f3n er\u00f3tica<\/strong> \u00fanica.<br \/>\n&#8211; <strong>pjur Refreshing Menthol<\/strong>: fr\u00edo estimulante en lugar de s\u00f3lo fr\u00edo.<br \/>\n&#8211; <strong>Libre de olores y sabores<\/strong>, y apto para su uso con preservativos de l\u00e1tex.<\/p>\n<p>Ingredientes: Aqua (Water), Propylene Glycol, Glycerin (Glycerol), Ethoxydiglycol, Hydroxypropyl Guar, Hydroxypropyltrimonium Chloride, , Hydroxyethylcellulose, Menthyl Lactate, Citric Acid, Benzyl Alcohol, Methylchloroisothiazolinone, Methylisothiazolinone.<\/p>\n<p>Envase de 100 ml.<\/p>\n","protected":false},"excerpt":{"rendered":"<p>PJUR COOL REFRESHING MENTHOL WATERBASED LUBRICANT 100 ML. Los opuestos se atraen. Este lubricante con base de agua no es<\/p>\n","protected":false},"featured_media":7179,"comment_status":"open","ping_status":"open","template":"","meta":[],"product_cat":[268],"product_tag":[255,269],"class_list":["post-7178","product","type-product","status-publish","has-post-thumbnail","hentry","product_cat-base-agua-lubricantes-aceites-y-lubricantes","product_tag-pjur","product_tag-sex-and-massage"],"bundled_by":[],"bundle_stock_status":"outofstock","bundle_stock_quantity":0,"bundle_virtual":false,"bundle_layout":"","bundle_add_to_cart_form_location":"","bundle_editable_in_cart":false,"bundle_sold_individually_context":"","bundle_item_grouping":"","bundle_min_size":"","bundle_max_size":"","bundled_items":[],"yoast_head":"<!-- This site is optimized with the Yoast SEO plugin v20.6 - https:\/\/yoast.com\/wordpress\/plugins\/seo\/ -->\n<title>PJUR COOL LUBRICANTE AGUA EFECTO FRIO 100 ML - Tienda Er\u00f3tica<\/title>\n<meta name=\"robots\" content=\"noindex, follow, max-snippet:-1, max-image-preview:large, max-video-preview:-1\" \/>\n<meta property=\"og:locale\" content=\"es_ES\" \/>\n<meta property=\"og:type\" content=\"article\" \/>\n<meta property=\"og:title\" content=\"PJUR COOL LUBRICANTE AGUA EFECTO FRIO 100 ML - Tienda Er\u00f3tica\" \/>\n<meta property=\"og:description\" content=\"PJUR COOL REFRESHING MENTHOL WATERBASED LUBRICANT 100 ML. Los opuestos se atraen. Este lubricante con base de agua no es\" \/>\n<meta property=\"og:url\" content=\"https:\/\/demoweb.info\/sexshop001\/producto\/pjur-cool-lubricante-agua-efecto-frio-100-ml\/\" \/>\n<meta property=\"og:site_name\" content=\"Tienda Er\u00f3tica\" \/>\n<meta property=\"article:modified_time\" content=\"2022-01-22T08:27:29+00:00\" \/>\n<meta property=\"og:image\" content=\"https:\/\/demoweb.info\/sexshop001\/wp-content\/uploads\/2022\/01\/PJUR-COOL-LUBRICANTE-AGUA-EFECTO-FRIO-100-ML.jpg\" \/>\n\t<meta property=\"og:image:width\" content=\"550\" \/>\n\t<meta property=\"og:image:height\" content=\"550\" \/>\n\t<meta property=\"og:image:type\" content=\"image\/jpeg\" \/>\n<meta name=\"twitter:card\" content=\"summary_large_image\" \/>\n<meta name=\"twitter:label1\" content=\"Tiempo de lectura\" \/>\n\t<meta name=\"twitter:data1\" content=\"1 minuto\" \/>\n<script type=\"application\/ld+json\" class=\"yoast-schema-graph\">{\"@context\":\"https:\/\/schema.org\",\"@graph\":[{\"@type\":\"WebPage\",\"@id\":\"https:\/\/demoweb.info\/sexshop001\/producto\/pjur-cool-lubricante-agua-efecto-frio-100-ml\/\",\"url\":\"https:\/\/demoweb.info\/sexshop001\/producto\/pjur-cool-lubricante-agua-efecto-frio-100-ml\/\",\"name\":\"PJUR COOL LUBRICANTE AGUA EFECTO FRIO 100 ML - Tienda Er\u00f3tica\",\"isPartOf\":{\"@id\":\"https:\/\/demoweb.info\/sexshop001\/#website\"},\"datePublished\":\"2022-01-22T08:27:25+00:00\",\"dateModified\":\"2022-01-22T08:27:29+00:00\",\"breadcrumb\":{\"@id\":\"https:\/\/demoweb.info\/sexshop001\/producto\/pjur-cool-lubricante-agua-efecto-frio-100-ml\/#breadcrumb\"},\"inLanguage\":\"es\",\"potentialAction\":[{\"@type\":\"ReadAction\",\"target\":[\"https:\/\/demoweb.info\/sexshop001\/producto\/pjur-cool-lubricante-agua-efecto-frio-100-ml\/\"]}]},{\"@type\":\"BreadcrumbList\",\"@id\":\"https:\/\/demoweb.info\/sexshop001\/producto\/pjur-cool-lubricante-agua-efecto-frio-100-ml\/#breadcrumb\",\"itemListElement\":[{\"@type\":\"ListItem\",\"position\":1,\"name\":\"Portada\",\"item\":\"https:\/\/demoweb.info\/sexshop001\/\"},{\"@type\":\"ListItem\",\"position\":2,\"name\":\"Tienda\",\"item\":\"https:\/\/demoweb.info\/sexshop001\/tienda\/\"},{\"@type\":\"ListItem\",\"position\":3,\"name\":\"PJUR COOL LUBRICANTE AGUA EFECTO FRIO 100 ML\"}]},{\"@type\":\"WebSite\",\"@id\":\"https:\/\/demoweb.info\/sexshop001\/#website\",\"url\":\"https:\/\/demoweb.info\/sexshop001\/\",\"name\":\"Tienda Er\u00f3tica\",\"description\":\"DEMOWEB SL\",\"potentialAction\":[{\"@type\":\"SearchAction\",\"target\":{\"@type\":\"EntryPoint\",\"urlTemplate\":\"https:\/\/demoweb.info\/sexshop001\/?s={search_term_string}\"},\"query-input\":\"required name=search_term_string\"}],\"inLanguage\":\"es\"}]}<\/script>\n<!-- \/ Yoast SEO plugin. -->","yoast_head_json":{"title":"PJUR COOL LUBRICANTE AGUA EFECTO FRIO 100 ML - Tienda Er\u00f3tica","robots":{"index":"noindex","follow":"follow","max-snippet":"max-snippet:-1","max-image-preview":"max-image-preview:large","max-video-preview":"max-video-preview:-1"},"og_locale":"es_ES","og_type":"article","og_title":"PJUR COOL LUBRICANTE AGUA EFECTO FRIO 100 ML - Tienda Er\u00f3tica","og_description":"PJUR COOL REFRESHING MENTHOL WATERBASED LUBRICANT 100 ML. Los opuestos se atraen. Este lubricante con base de agua no es","og_url":"https:\/\/demoweb.info\/sexshop001\/producto\/pjur-cool-lubricante-agua-efecto-frio-100-ml\/","og_site_name":"Tienda Er\u00f3tica","article_modified_time":"2022-01-22T08:27:29+00:00","og_image":[{"width":550,"height":550,"url":"https:\/\/demoweb.info\/sexshop001\/wp-content\/uploads\/2022\/01\/PJUR-COOL-LUBRICANTE-AGUA-EFECTO-FRIO-100-ML.jpg","type":"image\/jpeg"}],"twitter_card":"summary_large_image","twitter_misc":{"Tiempo de lectura":"1 minuto"},"schema":{"@context":"https:\/\/schema.org","@graph":[{"@type":"WebPage","@id":"https:\/\/demoweb.info\/sexshop001\/producto\/pjur-cool-lubricante-agua-efecto-frio-100-ml\/","url":"https:\/\/demoweb.info\/sexshop001\/producto\/pjur-cool-lubricante-agua-efecto-frio-100-ml\/","name":"PJUR COOL LUBRICANTE AGUA EFECTO FRIO 100 ML - Tienda Er\u00f3tica","isPartOf":{"@id":"https:\/\/demoweb.info\/sexshop001\/#website"},"datePublished":"2022-01-22T08:27:25+00:00","dateModified":"2022-01-22T08:27:29+00:00","breadcrumb":{"@id":"https:\/\/demoweb.info\/sexshop001\/producto\/pjur-cool-lubricante-agua-efecto-frio-100-ml\/#breadcrumb"},"inLanguage":"es","potentialAction":[{"@type":"ReadAction","target":["https:\/\/demoweb.info\/sexshop001\/producto\/pjur-cool-lubricante-agua-efecto-frio-100-ml\/"]}]},{"@type":"BreadcrumbList","@id":"https:\/\/demoweb.info\/sexshop001\/producto\/pjur-cool-lubricante-agua-efecto-frio-100-ml\/#breadcrumb","itemListElement":[{"@type":"ListItem","position":1,"name":"Portada","item":"https:\/\/demoweb.info\/sexshop001\/"},{"@type":"ListItem","position":2,"name":"Tienda","item":"https:\/\/demoweb.info\/sexshop001\/tienda\/"},{"@type":"ListItem","position":3,"name":"PJUR COOL LUBRICANTE AGUA EFECTO FRIO 100 ML"}]},{"@type":"WebSite","@id":"https:\/\/demoweb.info\/sexshop001\/#website","url":"https:\/\/demoweb.info\/sexshop001\/","name":"Tienda Er\u00f3tica","description":"DEMOWEB SL","potentialAction":[{"@type":"SearchAction","target":{"@type":"EntryPoint","urlTemplate":"https:\/\/demoweb.info\/sexshop001\/?s={search_term_string}"},"query-input":"required name=search_term_string"}],"inLanguage":"es"}]}},"_links":{"self":[{"href":"https:\/\/demoweb.info\/sexshop001\/wp-json\/wp\/v3\/product\/7178","targetHints":{"allow":["GET"]}}],"collection":[{"href":"https:\/\/demoweb.info\/sexshop001\/wp-json\/wp\/v3\/product"}],"about":[{"href":"https:\/\/demoweb.info\/sexshop001\/wp-json\/wp\/v2\/types\/product"}],"replies":[{"embeddable":true,"href":"https:\/\/demoweb.info\/sexshop001\/wp-json\/wp\/v2\/comments?post=7178"}],"wp:featuredmedia":[{"embeddable":true,"href":"https:\/\/demoweb.info\/sexshop001\/wp-json\/wp\/v2\/media\/7179"}],"wp:attachment":[{"href":"https:\/\/demoweb.info\/sexshop001\/wp-json\/wp\/v2\/media?parent=7178"}],"wp:term":[{"taxonomy":"product_cat","embeddable":true,"href":"https:\/\/demoweb.info\/sexshop001\/wp-json\/wp\/v2\/product_cat?post=7178"},{"taxonomy":"product_tag","embeddable":true,"href":"https:\/\/demoweb.info\/sexshop001\/wp-json\/wp\/v2\/product_tag?post=7178"}],"curies":[{"name":"wp","href":"https:\/\/api.w.org\/{rel}","templated":true}]}}