{"id":71751,"date":"2022-01-22T20:49:50","date_gmt":"2022-01-22T19:49:50","guid":{"rendered":"https:\/\/demoweb.info\/sexshop001\/producto\/triplet-plug-de-cuentas-anales-triple-fucsia\/"},"modified":"2022-01-22T20:49:51","modified_gmt":"2022-01-22T19:49:51","slug":"triplet-plug-de-cuentas-anales-triple-fucsia","status":"publish","type":"product","link":"https:\/\/demoweb.info\/sexshop001\/producto\/triplet-plug-de-cuentas-anales-triple-fucsia\/","title":{"rendered":"TRIPLET PLUG DE CUENTAS ANALES TRIPLE &#8211; FUCSIA"},"content":{"rendered":"<p><strong>TRIPLET ANAL BEADS <\/strong><\/p>\n<p><strong>Plug de cuentas anales triple<\/strong>: las \u00fanicas cuentas anales premium que cuentan con tres cuentas flexibles de tama\u00f1o c\u00f3nico, un mango f\u00e1cil de agarrar y dos motores potentes.<\/p>\n<p>Considerado por Bustle como el juguete sexual para probar si eres nuevo en el sexo anal, las cuentas triples anales son perfectas para los fan\u00e1ticos nuevos o experimentados del juego anal. Experimente con el placer de 6 niveles de vibraci\u00f3n y 15 patrones de vibraci\u00f3n y lleve sus orgasmos anales al siguiente nivel.<\/p>\n<p><strong>Hecho de silicona 100%<\/strong> segura para el cuerpo, despl\u00e1cese hacia abajo para saber por qu\u00e9 Women&#39;s Health nombr\u00f3 al Triplet entre los mejores tapones.<br \/>\nUna de las mejores cosas del juego anal es que las personas de cualquier g\u00e9nero y orientaci\u00f3n pueden disfrutarlo, no solo los hombres homosexuales. Y con ese hecho en mente, perm\u00edtanos presentarle el mejor juguete sexual para probar si es nuevo en el juego anal: las cuentas triples anales.<\/p>\n<p><strong>Perfecto para principiantes y usuarios avanzados<\/strong>: las cuentas triples anales comienzan lo suficientemente peque\u00f1as como para ser el mejor amigo de un principiante, pero tambi\u00e9n cuentan con una cuenta mediana y m\u00e1s grande para cuando est\u00e9 listo para llevar sus aventuras de juego anal al siguiente nivel. Consejo profesional: no tienes que ponerlos todos a la vez.<\/p>\n<p><strong>Cuentas anales f\u00e1ciles de insertar:<\/strong> el extremo c\u00f3nico de las cuentas anales Triplet lo convierte en un juguete que es extremadamente f\u00e1cil de insertar: \u00a1entra y se pone en funcionamiento! Siempre aplique una cantidad abundante de lubricante a base de agua antes de comenzar.<\/p>\n<p><strong>6 niveles de vibraci\u00f3n y 15 patrones de vibraci\u00f3n<\/strong> &#8211; Entonces, \u00bfqu\u00e9 pasa con las vibraciones?, Te escuchamos preguntar. Lo sorprendente de la vibraci\u00f3n es que no solo es una sensaci\u00f3n placentera, sino que tambi\u00e9n relaja los m\u00fasculos, que es exactamente lo que quieres hacer durante el juego anal.<\/p>\n<p><strong>Control remoto para orgasmos con manos libres<\/strong>: el beneficio adicional de las cuentas triples anales es la tecnolog\u00eda de control remoto de un toque que funciona hasta a un metro de distancia. Experimente solo o pase el control remoto a su compa\u00f1ero para cambiar la din\u00e1mica de potencia en el dormitorio. \u00a1Las posibilidades son infinitas!<\/p>\n<p><strong>100% seguro para el cuerpo<\/strong>: las cuentas triples anales est\u00e1n hechas de silicona premium de grado m\u00e9dico. Son hipoalerg\u00e9nicos, sin ftalatos, sin l\u00e1tex y completamente no porosos. Sugerencia: vea el punto a continuaci\u00f3n.<\/p>\n<p><strong>Resistente a salpicaduras y a la ducha<\/strong>: \u00a1el sexo en la ducha es mucho mejor! Las cuentas triples anales son a prueba de salpicaduras, lo que significa que pueden repeler las gotas de agua de una ducha, pero no pueden sumergirse por completo en una ba\u00f1era o piscina.<\/p>\n<p><strong>Juguete sexual apto para viajes<\/strong>: la colecci\u00f3n de juguetes anales vibrantes de b-Vibe incluye un pr\u00e1ctico estuche de viaje para llevar en sus pr\u00f3ximas vacaciones. \u00a1Active el candado de viaje en sus cuentas triples anales y diga adi\u00f3s a esos entrometidos agentes de la TSA!<\/p>\n<p><strong>Garant\u00eda de 1 a\u00f1o<\/strong> \/ Garant\u00eda de por vida: los juguetes sexuales son caros, lo conseguimos. Es por eso que en b-Vibe, cubrimos todos los defectos de mano de obra o material bajo uso y cuidado normales durante un per\u00edodo de 12 meses. Tambi\u00e9n hemos introducido recientemente una garant\u00eda de calidad de por vida para tranquilizarlo.<\/p>\n<p>Caracter\u00edsticas:<\/p>\n<ul>\n<li>Dimensiones del producto: 13,5 x 6,4 x 3 cm<\/li>\n<li>Peso del producto: 76,80 gr<\/li>\n<li>Di\u00e1metro del producto: 2,9 cm<\/li>\n<li>Longitud insertable: 11,7 cm<\/li>\n<li>Tipos de velocidad: 6<\/li>\n<li>Se requieren bater\u00edas: 1<\/li>\n<li>Tipo de bater\u00edas: Lithium Ion<\/li>\n<li>Bater\u00edas incluidas: S\u00ed<\/li>\n<li>Recargable: S\u00ed<\/li>\n<li>Tiempo de recarga: 60 min<\/li>\n<li>Vida de la recarga de las bater\u00edas: 120 min<\/li>\n<li>A prueba de agua: S\u00ed<\/li>\n<li>Materiales: Silicona<\/li>\n<\/ul>\n","protected":false},"excerpt":{"rendered":"<p>TRIPLET ANAL BEADS Plug de cuentas anales triple: las \u00fanicas cuentas anales premium que cuentan con tres cuentas flexibles de<\/p>\n","protected":false},"featured_media":71752,"comment_status":"open","ping_status":"open","template":"","meta":[],"product_cat":[338],"product_tag":[1695],"class_list":["post-71751","product","type-product","status-publish","has-post-thumbnail","hentry","product_cat-silicona-plugs","product_tag-b-vibe"],"bundled_by":[],"bundle_stock_status":"instock","bundle_stock_quantity":2,"bundle_virtual":false,"bundle_layout":"","bundle_add_to_cart_form_location":"","bundle_editable_in_cart":false,"bundle_sold_individually_context":"","bundle_item_grouping":"","bundle_min_size":"","bundle_max_size":"","bundled_items":[],"yoast_head":"<!-- This site is optimized with the Yoast SEO plugin v20.6 - https:\/\/yoast.com\/wordpress\/plugins\/seo\/ -->\n<title>TRIPLET PLUG DE CUENTAS ANALES TRIPLE - FUCSIA - Tienda Er\u00f3tica<\/title>\n<meta name=\"robots\" content=\"noindex, follow, max-snippet:-1, max-image-preview:large, max-video-preview:-1\" \/>\n<meta property=\"og:locale\" content=\"es_ES\" \/>\n<meta property=\"og:type\" content=\"article\" \/>\n<meta property=\"og:title\" content=\"TRIPLET PLUG DE CUENTAS ANALES TRIPLE - FUCSIA - Tienda Er\u00f3tica\" \/>\n<meta property=\"og:description\" content=\"TRIPLET ANAL BEADS Plug de cuentas anales triple: las \u00fanicas cuentas anales premium que cuentan con tres cuentas flexibles de\" \/>\n<meta property=\"og:url\" content=\"https:\/\/demoweb.info\/sexshop001\/producto\/triplet-plug-de-cuentas-anales-triple-fucsia\/\" \/>\n<meta property=\"og:site_name\" content=\"Tienda Er\u00f3tica\" \/>\n<meta property=\"article:modified_time\" content=\"2022-01-22T19:49:51+00:00\" \/>\n<meta property=\"og:image\" content=\"https:\/\/demoweb.info\/sexshop001\/wp-content\/uploads\/2022\/01\/TRIPLET-PLUG-DE-CUENTAS-ANALES-TRIPLE-FUCSIA.jpg\" \/>\n\t<meta property=\"og:image:width\" content=\"550\" \/>\n\t<meta property=\"og:image:height\" content=\"550\" \/>\n\t<meta property=\"og:image:type\" content=\"image\/jpeg\" \/>\n<meta name=\"twitter:card\" content=\"summary_large_image\" \/>\n<meta name=\"twitter:label1\" content=\"Tiempo de lectura\" \/>\n\t<meta name=\"twitter:data1\" content=\"3 minutos\" \/>\n<script type=\"application\/ld+json\" class=\"yoast-schema-graph\">{\"@context\":\"https:\/\/schema.org\",\"@graph\":[{\"@type\":\"WebPage\",\"@id\":\"https:\/\/demoweb.info\/sexshop001\/producto\/triplet-plug-de-cuentas-anales-triple-fucsia\/\",\"url\":\"https:\/\/demoweb.info\/sexshop001\/producto\/triplet-plug-de-cuentas-anales-triple-fucsia\/\",\"name\":\"TRIPLET PLUG DE CUENTAS ANALES TRIPLE - FUCSIA - Tienda Er\u00f3tica\",\"isPartOf\":{\"@id\":\"https:\/\/demoweb.info\/sexshop001\/#website\"},\"datePublished\":\"2022-01-22T19:49:50+00:00\",\"dateModified\":\"2022-01-22T19:49:51+00:00\",\"breadcrumb\":{\"@id\":\"https:\/\/demoweb.info\/sexshop001\/producto\/triplet-plug-de-cuentas-anales-triple-fucsia\/#breadcrumb\"},\"inLanguage\":\"es\",\"potentialAction\":[{\"@type\":\"ReadAction\",\"target\":[\"https:\/\/demoweb.info\/sexshop001\/producto\/triplet-plug-de-cuentas-anales-triple-fucsia\/\"]}]},{\"@type\":\"BreadcrumbList\",\"@id\":\"https:\/\/demoweb.info\/sexshop001\/producto\/triplet-plug-de-cuentas-anales-triple-fucsia\/#breadcrumb\",\"itemListElement\":[{\"@type\":\"ListItem\",\"position\":1,\"name\":\"Portada\",\"item\":\"https:\/\/demoweb.info\/sexshop001\/\"},{\"@type\":\"ListItem\",\"position\":2,\"name\":\"Tienda\",\"item\":\"https:\/\/demoweb.info\/sexshop001\/tienda\/\"},{\"@type\":\"ListItem\",\"position\":3,\"name\":\"TRIPLET PLUG DE CUENTAS ANALES TRIPLE &#8211; FUCSIA\"}]},{\"@type\":\"WebSite\",\"@id\":\"https:\/\/demoweb.info\/sexshop001\/#website\",\"url\":\"https:\/\/demoweb.info\/sexshop001\/\",\"name\":\"Tienda Er\u00f3tica\",\"description\":\"DEMOWEB SL\",\"potentialAction\":[{\"@type\":\"SearchAction\",\"target\":{\"@type\":\"EntryPoint\",\"urlTemplate\":\"https:\/\/demoweb.info\/sexshop001\/?s={search_term_string}\"},\"query-input\":\"required name=search_term_string\"}],\"inLanguage\":\"es\"}]}<\/script>\n<!-- \/ Yoast SEO plugin. -->","yoast_head_json":{"title":"TRIPLET PLUG DE CUENTAS ANALES TRIPLE - FUCSIA - Tienda Er\u00f3tica","robots":{"index":"noindex","follow":"follow","max-snippet":"max-snippet:-1","max-image-preview":"max-image-preview:large","max-video-preview":"max-video-preview:-1"},"og_locale":"es_ES","og_type":"article","og_title":"TRIPLET PLUG DE CUENTAS ANALES TRIPLE - FUCSIA - Tienda Er\u00f3tica","og_description":"TRIPLET ANAL BEADS Plug de cuentas anales triple: las \u00fanicas cuentas anales premium que cuentan con tres cuentas flexibles de","og_url":"https:\/\/demoweb.info\/sexshop001\/producto\/triplet-plug-de-cuentas-anales-triple-fucsia\/","og_site_name":"Tienda Er\u00f3tica","article_modified_time":"2022-01-22T19:49:51+00:00","og_image":[{"width":550,"height":550,"url":"https:\/\/demoweb.info\/sexshop001\/wp-content\/uploads\/2022\/01\/TRIPLET-PLUG-DE-CUENTAS-ANALES-TRIPLE-FUCSIA.jpg","type":"image\/jpeg"}],"twitter_card":"summary_large_image","twitter_misc":{"Tiempo de lectura":"3 minutos"},"schema":{"@context":"https:\/\/schema.org","@graph":[{"@type":"WebPage","@id":"https:\/\/demoweb.info\/sexshop001\/producto\/triplet-plug-de-cuentas-anales-triple-fucsia\/","url":"https:\/\/demoweb.info\/sexshop001\/producto\/triplet-plug-de-cuentas-anales-triple-fucsia\/","name":"TRIPLET PLUG DE CUENTAS ANALES TRIPLE - FUCSIA - Tienda Er\u00f3tica","isPartOf":{"@id":"https:\/\/demoweb.info\/sexshop001\/#website"},"datePublished":"2022-01-22T19:49:50+00:00","dateModified":"2022-01-22T19:49:51+00:00","breadcrumb":{"@id":"https:\/\/demoweb.info\/sexshop001\/producto\/triplet-plug-de-cuentas-anales-triple-fucsia\/#breadcrumb"},"inLanguage":"es","potentialAction":[{"@type":"ReadAction","target":["https:\/\/demoweb.info\/sexshop001\/producto\/triplet-plug-de-cuentas-anales-triple-fucsia\/"]}]},{"@type":"BreadcrumbList","@id":"https:\/\/demoweb.info\/sexshop001\/producto\/triplet-plug-de-cuentas-anales-triple-fucsia\/#breadcrumb","itemListElement":[{"@type":"ListItem","position":1,"name":"Portada","item":"https:\/\/demoweb.info\/sexshop001\/"},{"@type":"ListItem","position":2,"name":"Tienda","item":"https:\/\/demoweb.info\/sexshop001\/tienda\/"},{"@type":"ListItem","position":3,"name":"TRIPLET PLUG DE CUENTAS ANALES TRIPLE &#8211; FUCSIA"}]},{"@type":"WebSite","@id":"https:\/\/demoweb.info\/sexshop001\/#website","url":"https:\/\/demoweb.info\/sexshop001\/","name":"Tienda Er\u00f3tica","description":"DEMOWEB SL","potentialAction":[{"@type":"SearchAction","target":{"@type":"EntryPoint","urlTemplate":"https:\/\/demoweb.info\/sexshop001\/?s={search_term_string}"},"query-input":"required name=search_term_string"}],"inLanguage":"es"}]}},"_links":{"self":[{"href":"https:\/\/demoweb.info\/sexshop001\/wp-json\/wp\/v3\/product\/71751","targetHints":{"allow":["GET"]}}],"collection":[{"href":"https:\/\/demoweb.info\/sexshop001\/wp-json\/wp\/v3\/product"}],"about":[{"href":"https:\/\/demoweb.info\/sexshop001\/wp-json\/wp\/v2\/types\/product"}],"replies":[{"embeddable":true,"href":"https:\/\/demoweb.info\/sexshop001\/wp-json\/wp\/v2\/comments?post=71751"}],"wp:featuredmedia":[{"embeddable":true,"href":"https:\/\/demoweb.info\/sexshop001\/wp-json\/wp\/v2\/media\/71752"}],"wp:attachment":[{"href":"https:\/\/demoweb.info\/sexshop001\/wp-json\/wp\/v2\/media?parent=71751"}],"wp:term":[{"taxonomy":"product_cat","embeddable":true,"href":"https:\/\/demoweb.info\/sexshop001\/wp-json\/wp\/v2\/product_cat?post=71751"},{"taxonomy":"product_tag","embeddable":true,"href":"https:\/\/demoweb.info\/sexshop001\/wp-json\/wp\/v2\/product_tag?post=71751"}],"curies":[{"name":"wp","href":"https:\/\/api.w.org\/{rel}","templated":true}]}}