{"id":71741,"date":"2022-01-22T20:49:20","date_gmt":"2022-01-22T19:49:20","guid":{"rendered":"https:\/\/demoweb.info\/sexshop001\/producto\/novice-plug-vibrador-con-mando-negro\/"},"modified":"2022-01-22T20:49:41","modified_gmt":"2022-01-22T19:49:41","slug":"novice-plug-vibrador-con-mando-negro","status":"publish","type":"product","link":"https:\/\/demoweb.info\/sexshop001\/producto\/novice-plug-vibrador-con-mando-negro\/","title":{"rendered":"NOVICE PLUG VIBRADOR CON MANDO &#8211; NEGRO"},"content":{"rendered":"<p><strong>NOVICE PLUG  <\/strong><\/p>\n<p>Si eres nuevo y abierto al juego anal, el Novice Plug es una excelente manera de comenzar.<\/p>\n<p>F\u00e1cil de usar, el Novice Plug es un peque\u00f1o tap\u00f3n vibratorio dise\u00f1ado con caracter\u00edsticas amigables para principiantes:<\/p>\n<ul>\n<li><strong>Small Butt Plug por primera vez anal:<\/strong> \u00bfAlguna vez escuch\u00f3 el t\u00e9rmino &#39;lento y constante gana la carrera?&#39;, Lo mismo es cierto para nuestras puertas traseras. El esf\u00ednter anal es fuerte pero delicado, por lo que es mejor comenzar con los dedos peque\u00f1os, o un tap\u00f3n f\u00e1cil de insertar como el Novato. Como siempre: \u00a1no olvides el lubricante! Echa un vistazo a nuestra gu\u00eda sobre el mejor lubricante para el juego anal.<\/li>\n<li><strong>Vibraciones para el placer y la relajaci\u00f3n<\/strong>: lo sorprendente de la vibraci\u00f3n es que ayuda a relajar los m\u00fasculos alrededor del ano. El Novice Plug incluye 6 niveles de intensidad de vibraci\u00f3n y 15 patrones de vibraci\u00f3n para que cuando est\u00e9 listo, pueda experimentar con un placer anal mejorado.<\/li>\n<li><strong>100% seguro para el cuerpo<\/strong>: el tap\u00f3n para principiantes est\u00e1 hecho de silicona suave y sedosa de primera calidad y presenta una base acampanada. En b-Vibe, nos enorgullecemos de fabricar juguetes anales que son hipoalerg\u00e9nicos, sin ftalatos, sin l\u00e1tex y no porosos.<\/li>\n<li><strong>Anal para TODOS<\/strong> &#8211; Lo maravilloso del ano es que es un orificio de igualdad de oportunidades. Las vibraciones del Novice Plug provocan las innumerables terminaciones nerviosas er\u00f3ticas ubicadas en el trasero. \u00bfY adivina qu\u00e9? Todos los tenemos.<\/li>\n<li><strong>Reproducci\u00f3n anal con control remoto rizado<\/strong>: el Novice Plug viene con un control remoto inal\u00e1mbrico de un solo toque que funciona a una distancia de hasta 1 metro. \u00a1Experimente solo o \u00faselo con un compa\u00f1ero en p\u00fablico o en citas atrevidas! Las oportunidades son infinitas.<\/li>\n<li><strong>Bater\u00eda recargable USB<\/strong>: alimentada por una celda de litio CR2032, una carga de 2 horas proporciona una hora de juego anal. El indicador de nivel de bater\u00eda inteligente del Novice Plug parpadea cuando se requiere cargar.<\/li>\n<li><strong>A prueba de salpicaduras<\/strong>: el Novice Plug est\u00e1 dise\u00f1ado para ser resistente a salpicaduras y apto para la ducha, por lo que mantenerlo limpio es f\u00e1cil y sin complicaciones.<\/li>\n<li><strong>F\u00e1cil de viajar<\/strong>: el Novice Plug llega en un pr\u00e1ctico y discreto estuche de viaje y tiene un candado de viaje para ayudar a evitar embarazosos accidentes de vibraci\u00f3n.<\/li>\n<li><strong>Garant\u00eda de 1 a\u00f1o<\/strong>: nuestra garant\u00eda limitada protege el Novice Plug contra todos los defectos de materiales y mano de obra durante 1 a\u00f1o. Descansa registrando tu B-Vibe en nuestro sitio web.<\/li>\n<li><strong>Gu\u00eda gratuita de juego anal<\/strong>: creemos que tu juego anal debe ser 100% incre\u00edble. Es por eso que incluimos una copia peque\u00f1a de nuestra Gu\u00eda de Juego Anal con cada compra de B-Vibe Novice Plug.<\/li>\n<\/ul>\n<p>El Novice Plug es realmente el mejor juguete sexual para parejas o para cualquiera que quiera probar el juego anal en solitario. Se ha anunciado como el:<\/p>\n<p><em>El mejor juguete sexual para principiantes de puerta trasera por GQ&#39;s Best Stuff.<\/em><\/p>\n<p><em>Mejor juguete sexual para parejas de Maegan Drillinger y Jeremy Glass sobre Men&#39;s Health.<\/em><\/p>\n<p><em>El mejor juguete sexual para mujeres de Kristine Fellizar de Bustle.<\/em><\/p>\n<p>Caracter\u00edsticas:<\/p>\n<ul>\n<li>Dimensiones del producto: 10,1 x 5,3 x 2,5 cm<\/li>\n<li>Peso del producto: 49,1 gr<\/li>\n<li>Di\u00e1metro del producto: 2,5 cm<\/li>\n<li>Longitud insertable: 8,5 cm<\/li>\n<li>Tipos de velocidad: 6<\/li>\n<li>Se requieren bater\u00edas: 1<\/li>\n<li>Tipo de bater\u00edas: Lithium Ion<\/li>\n<li>Bater\u00edas incluidas: S\u00ed<\/li>\n<li>Recargable: S\u00ed<\/li>\n<li>Tiempo de recarga: 60 min<\/li>\n<li>Vida de la recarga de las bater\u00edas: 120 min<\/li>\n<li>A prueba de agua: S\u00ed<\/li>\n<li>Materiales: Silicona<\/li>\n<\/ul>\n","protected":false},"excerpt":{"rendered":"<p>NOVICE PLUG Si eres nuevo y abierto al juego anal, el Novice Plug es una excelente manera de comenzar. F\u00e1cil<\/p>\n","protected":false},"featured_media":71742,"comment_status":"open","ping_status":"open","template":"","meta":[],"product_cat":[338],"product_tag":[1695],"class_list":["post-71741","product","type-product","status-publish","has-post-thumbnail","hentry","product_cat-silicona-plugs","product_tag-b-vibe"],"bundled_by":[],"bundle_stock_status":"outofstock","bundle_stock_quantity":0,"bundle_virtual":false,"bundle_layout":"","bundle_add_to_cart_form_location":"","bundle_editable_in_cart":false,"bundle_sold_individually_context":"","bundle_item_grouping":"","bundle_min_size":"","bundle_max_size":"","bundled_items":[],"yoast_head":"<!-- This site is optimized with the Yoast SEO plugin v20.6 - https:\/\/yoast.com\/wordpress\/plugins\/seo\/ -->\n<title>NOVICE PLUG VIBRADOR CON MANDO - NEGRO - Tienda Er\u00f3tica<\/title>\n<meta name=\"robots\" content=\"noindex, follow, max-snippet:-1, max-image-preview:large, max-video-preview:-1\" \/>\n<meta property=\"og:locale\" content=\"es_ES\" \/>\n<meta property=\"og:type\" content=\"article\" \/>\n<meta property=\"og:title\" content=\"NOVICE PLUG VIBRADOR CON MANDO - NEGRO - Tienda Er\u00f3tica\" \/>\n<meta property=\"og:description\" content=\"NOVICE PLUG Si eres nuevo y abierto al juego anal, el Novice Plug es una excelente manera de comenzar. F\u00e1cil\" \/>\n<meta property=\"og:url\" content=\"https:\/\/demoweb.info\/sexshop001\/producto\/novice-plug-vibrador-con-mando-negro\/\" \/>\n<meta property=\"og:site_name\" content=\"Tienda Er\u00f3tica\" \/>\n<meta property=\"article:modified_time\" content=\"2022-01-22T19:49:41+00:00\" \/>\n<meta property=\"og:image\" content=\"https:\/\/demoweb.info\/sexshop001\/wp-content\/uploads\/2022\/01\/NOVICE-PLUG-VIBRADOR-CON-MANDO-NEGRO.jpg\" \/>\n\t<meta property=\"og:image:width\" content=\"550\" \/>\n\t<meta property=\"og:image:height\" content=\"550\" \/>\n\t<meta property=\"og:image:type\" content=\"image\/jpeg\" \/>\n<meta name=\"twitter:card\" content=\"summary_large_image\" \/>\n<meta name=\"twitter:label1\" content=\"Tiempo de lectura\" \/>\n\t<meta name=\"twitter:data1\" content=\"3 minutos\" \/>\n<script type=\"application\/ld+json\" class=\"yoast-schema-graph\">{\"@context\":\"https:\/\/schema.org\",\"@graph\":[{\"@type\":\"WebPage\",\"@id\":\"https:\/\/demoweb.info\/sexshop001\/producto\/novice-plug-vibrador-con-mando-negro\/\",\"url\":\"https:\/\/demoweb.info\/sexshop001\/producto\/novice-plug-vibrador-con-mando-negro\/\",\"name\":\"NOVICE PLUG VIBRADOR CON MANDO - NEGRO - Tienda Er\u00f3tica\",\"isPartOf\":{\"@id\":\"https:\/\/demoweb.info\/sexshop001\/#website\"},\"datePublished\":\"2022-01-22T19:49:20+00:00\",\"dateModified\":\"2022-01-22T19:49:41+00:00\",\"breadcrumb\":{\"@id\":\"https:\/\/demoweb.info\/sexshop001\/producto\/novice-plug-vibrador-con-mando-negro\/#breadcrumb\"},\"inLanguage\":\"es\",\"potentialAction\":[{\"@type\":\"ReadAction\",\"target\":[\"https:\/\/demoweb.info\/sexshop001\/producto\/novice-plug-vibrador-con-mando-negro\/\"]}]},{\"@type\":\"BreadcrumbList\",\"@id\":\"https:\/\/demoweb.info\/sexshop001\/producto\/novice-plug-vibrador-con-mando-negro\/#breadcrumb\",\"itemListElement\":[{\"@type\":\"ListItem\",\"position\":1,\"name\":\"Portada\",\"item\":\"https:\/\/demoweb.info\/sexshop001\/\"},{\"@type\":\"ListItem\",\"position\":2,\"name\":\"Tienda\",\"item\":\"https:\/\/demoweb.info\/sexshop001\/tienda\/\"},{\"@type\":\"ListItem\",\"position\":3,\"name\":\"NOVICE PLUG VIBRADOR CON MANDO &#8211; NEGRO\"}]},{\"@type\":\"WebSite\",\"@id\":\"https:\/\/demoweb.info\/sexshop001\/#website\",\"url\":\"https:\/\/demoweb.info\/sexshop001\/\",\"name\":\"Tienda Er\u00f3tica\",\"description\":\"DEMOWEB SL\",\"potentialAction\":[{\"@type\":\"SearchAction\",\"target\":{\"@type\":\"EntryPoint\",\"urlTemplate\":\"https:\/\/demoweb.info\/sexshop001\/?s={search_term_string}\"},\"query-input\":\"required name=search_term_string\"}],\"inLanguage\":\"es\"}]}<\/script>\n<!-- \/ Yoast SEO plugin. -->","yoast_head_json":{"title":"NOVICE PLUG VIBRADOR CON MANDO - NEGRO - Tienda Er\u00f3tica","robots":{"index":"noindex","follow":"follow","max-snippet":"max-snippet:-1","max-image-preview":"max-image-preview:large","max-video-preview":"max-video-preview:-1"},"og_locale":"es_ES","og_type":"article","og_title":"NOVICE PLUG VIBRADOR CON MANDO - NEGRO - Tienda Er\u00f3tica","og_description":"NOVICE PLUG Si eres nuevo y abierto al juego anal, el Novice Plug es una excelente manera de comenzar. F\u00e1cil","og_url":"https:\/\/demoweb.info\/sexshop001\/producto\/novice-plug-vibrador-con-mando-negro\/","og_site_name":"Tienda Er\u00f3tica","article_modified_time":"2022-01-22T19:49:41+00:00","og_image":[{"width":550,"height":550,"url":"https:\/\/demoweb.info\/sexshop001\/wp-content\/uploads\/2022\/01\/NOVICE-PLUG-VIBRADOR-CON-MANDO-NEGRO.jpg","type":"image\/jpeg"}],"twitter_card":"summary_large_image","twitter_misc":{"Tiempo de lectura":"3 minutos"},"schema":{"@context":"https:\/\/schema.org","@graph":[{"@type":"WebPage","@id":"https:\/\/demoweb.info\/sexshop001\/producto\/novice-plug-vibrador-con-mando-negro\/","url":"https:\/\/demoweb.info\/sexshop001\/producto\/novice-plug-vibrador-con-mando-negro\/","name":"NOVICE PLUG VIBRADOR CON MANDO - NEGRO - Tienda Er\u00f3tica","isPartOf":{"@id":"https:\/\/demoweb.info\/sexshop001\/#website"},"datePublished":"2022-01-22T19:49:20+00:00","dateModified":"2022-01-22T19:49:41+00:00","breadcrumb":{"@id":"https:\/\/demoweb.info\/sexshop001\/producto\/novice-plug-vibrador-con-mando-negro\/#breadcrumb"},"inLanguage":"es","potentialAction":[{"@type":"ReadAction","target":["https:\/\/demoweb.info\/sexshop001\/producto\/novice-plug-vibrador-con-mando-negro\/"]}]},{"@type":"BreadcrumbList","@id":"https:\/\/demoweb.info\/sexshop001\/producto\/novice-plug-vibrador-con-mando-negro\/#breadcrumb","itemListElement":[{"@type":"ListItem","position":1,"name":"Portada","item":"https:\/\/demoweb.info\/sexshop001\/"},{"@type":"ListItem","position":2,"name":"Tienda","item":"https:\/\/demoweb.info\/sexshop001\/tienda\/"},{"@type":"ListItem","position":3,"name":"NOVICE PLUG VIBRADOR CON MANDO &#8211; NEGRO"}]},{"@type":"WebSite","@id":"https:\/\/demoweb.info\/sexshop001\/#website","url":"https:\/\/demoweb.info\/sexshop001\/","name":"Tienda Er\u00f3tica","description":"DEMOWEB SL","potentialAction":[{"@type":"SearchAction","target":{"@type":"EntryPoint","urlTemplate":"https:\/\/demoweb.info\/sexshop001\/?s={search_term_string}"},"query-input":"required name=search_term_string"}],"inLanguage":"es"}]}},"_links":{"self":[{"href":"https:\/\/demoweb.info\/sexshop001\/wp-json\/wp\/v3\/product\/71741","targetHints":{"allow":["GET"]}}],"collection":[{"href":"https:\/\/demoweb.info\/sexshop001\/wp-json\/wp\/v3\/product"}],"about":[{"href":"https:\/\/demoweb.info\/sexshop001\/wp-json\/wp\/v2\/types\/product"}],"replies":[{"embeddable":true,"href":"https:\/\/demoweb.info\/sexshop001\/wp-json\/wp\/v2\/comments?post=71741"}],"wp:featuredmedia":[{"embeddable":true,"href":"https:\/\/demoweb.info\/sexshop001\/wp-json\/wp\/v2\/media\/71742"}],"wp:attachment":[{"href":"https:\/\/demoweb.info\/sexshop001\/wp-json\/wp\/v2\/media?parent=71741"}],"wp:term":[{"taxonomy":"product_cat","embeddable":true,"href":"https:\/\/demoweb.info\/sexshop001\/wp-json\/wp\/v2\/product_cat?post=71741"},{"taxonomy":"product_tag","embeddable":true,"href":"https:\/\/demoweb.info\/sexshop001\/wp-json\/wp\/v2\/product_tag?post=71741"}],"curies":[{"name":"wp","href":"https:\/\/api.w.org\/{rel}","templated":true}]}}