{"id":71736,"date":"2022-01-22T20:49:20","date_gmt":"2022-01-22T19:49:20","guid":{"rendered":"https:\/\/demoweb.info\/sexshop001\/producto\/trio-plug-vibrador-con-mando-morado\/"},"modified":"2022-01-22T20:49:38","modified_gmt":"2022-01-22T19:49:38","slug":"trio-plug-vibrador-con-mando-morado","status":"publish","type":"product","link":"https:\/\/demoweb.info\/sexshop001\/producto\/trio-plug-vibrador-con-mando-morado\/","title":{"rendered":"TRIO PLUG VIBRADOR CON MANDO &#8211; MORADO"},"content":{"rendered":"<p><strong>TRIO PLUG <\/strong><\/p>\n<p>El Trio Plug es el \u00fanico tap\u00f3n vibratorio premium del mercado que incluye tres potentes motores en un juguete anal de tama\u00f1o mediano.<\/p>\n<p>Si ya has pasado los dedos y quieres probar algo m\u00e1s grande, descubre por qu\u00e9 el Trio Plug es perfecto para ti:<\/p>\n<ul>\n<li><strong>3 Motores vibrantes: <\/strong>la vibraci\u00f3n es una caracter\u00edstica de los tapones que pueden aportar nuevas dimensiones al placer anal. Es por eso que hemos agregado no uno, no dos, sino TRES motores al Trio Plug.<\/li>\n<li><strong>8 niveles de velocidad y 9 patrones \u00fanicos<\/strong>: si alguna vez quisiste un tap\u00f3n vibrante que sigue dando, este es el lugar. Las m\u00faltiples combinaciones del Trio lo convierten en un juguete con el que nunca te aburrir\u00e1s.<\/li>\n<li><strong>Para todos los g\u00e9neros<\/strong>: la punta vibratoria estimula la pr\u00f3stata en los hombres y la esponja perineal y la zona er\u00f3gena de formix anterior (tambi\u00e9n conocida como A-Spot) en las mujeres.<\/li>\n<li><strong>Tecnolog\u00eda inal\u00e1mbrica One Touch<\/strong>: eficaz a una distancia de hasta 30 pies, el control remoto del Trio Plug es perfecto para las parejas que buscan agregar una nueva din\u00e1mica de potencia en el dormitorio.<\/li>\n<li><strong>Bater\u00eda recargable USB<\/strong>: alimentada por una celda de litio CR2032, una carga de 2 horas proporciona una hora de juego anal sensual. El indicador de nivel de bater\u00eda inteligente parpadea cuando se requiere cargar.<\/li>\n<li><strong>100% seguro para el cuerpo<\/strong>: todos los tapones b-Vibe son hipoalerg\u00e9nicos y est\u00e1n hechos de silicona suave y sedosa de primera calidad. El Trio Plug no contiene ftalatos, ni l\u00e1tex, y es completamente no poroso.<\/li>\n<li><strong>A prueba de salpicaduras<\/strong>: el Trio Plug est\u00e1 cuidadosamente dise\u00f1ado para ser a prueba de salpicaduras y apto para la ducha.<\/li>\n<li><strong><em>Your Travel Companion<\/em><\/strong>: toda la colecci\u00f3n de tapones vibrantes de B-Vibe viene con un discreto estuche de viaje. Con la opci\u00f3n de un bloqueo de viaje, pasar la TSA nunca ha sido tan f\u00e1cil.<\/li>\n<li><strong>Garant\u00eda de 1 a\u00f1o: <\/strong>nuestra garant\u00eda limitada protege el Trio Plug contra todos los defectos de materiales y mano de obra durante 1 a\u00f1o. Tranquil\u00edzate al registrar su B-Vibe en nuestro sitio web.<\/li>\n<\/ul>\n<p>Caracter\u00edsticas:<\/p>\n<ul>\n<li>Dimensiones del producto: 13,5 x 7 x 3 cm<\/li>\n<li>Peso del producto: 113,8 gr<\/li>\n<li>Di\u00e1metro del producto: 3,1 cm<\/li>\n<li>Longitud insertable: 11,3 cm<\/li>\n<li>Tipos de velocidad: 9<\/li>\n<li>Se requieren bater\u00edas: 1<\/li>\n<li>Tipo de bater\u00edas: Lithium Ion<\/li>\n<li>Bater\u00edas incluidas: S\u00ed<\/li>\n<li>Recargable: S\u00ed<\/li>\n<li>Tiempo de recarga: 60 min<\/li>\n<li>Vida de la recarga de las bater\u00edas: 120 min<\/li>\n<li>A prueba de agua: S\u00ed<\/li>\n<li>Materiales: Silicona<\/li>\n<\/ul>\n","protected":false},"excerpt":{"rendered":"<p>TRIO PLUG El Trio Plug es el \u00fanico tap\u00f3n vibratorio premium del mercado que incluye tres potentes motores en un<\/p>\n","protected":false},"featured_media":71737,"comment_status":"open","ping_status":"open","template":"","meta":[],"product_cat":[338],"product_tag":[1695],"class_list":["post-71736","product","type-product","status-publish","has-post-thumbnail","hentry","product_cat-silicona-plugs","product_tag-b-vibe"],"bundled_by":[],"bundle_stock_status":"outofstock","bundle_stock_quantity":0,"bundle_virtual":false,"bundle_layout":"","bundle_add_to_cart_form_location":"","bundle_editable_in_cart":false,"bundle_sold_individually_context":"","bundle_item_grouping":"","bundle_min_size":"","bundle_max_size":"","bundled_items":[],"yoast_head":"<!-- This site is optimized with the Yoast SEO plugin v20.6 - https:\/\/yoast.com\/wordpress\/plugins\/seo\/ -->\n<title>TRIO PLUG VIBRADOR CON MANDO - MORADO - Tienda Er\u00f3tica<\/title>\n<meta name=\"robots\" content=\"noindex, follow, max-snippet:-1, max-image-preview:large, max-video-preview:-1\" \/>\n<meta property=\"og:locale\" content=\"es_ES\" \/>\n<meta property=\"og:type\" content=\"article\" \/>\n<meta property=\"og:title\" content=\"TRIO PLUG VIBRADOR CON MANDO - MORADO - Tienda Er\u00f3tica\" \/>\n<meta property=\"og:description\" content=\"TRIO PLUG El Trio Plug es el \u00fanico tap\u00f3n vibratorio premium del mercado que incluye tres potentes motores en un\" \/>\n<meta property=\"og:url\" content=\"https:\/\/demoweb.info\/sexshop001\/producto\/trio-plug-vibrador-con-mando-morado\/\" \/>\n<meta property=\"og:site_name\" content=\"Tienda Er\u00f3tica\" \/>\n<meta property=\"article:modified_time\" content=\"2022-01-22T19:49:38+00:00\" \/>\n<meta property=\"og:image\" content=\"https:\/\/demoweb.info\/sexshop001\/wp-content\/uploads\/2022\/01\/TRIO-PLUG-VIBRADOR-CON-MANDO-MORADO.jpg\" \/>\n\t<meta property=\"og:image:width\" content=\"550\" \/>\n\t<meta property=\"og:image:height\" content=\"550\" \/>\n\t<meta property=\"og:image:type\" content=\"image\/jpeg\" \/>\n<meta name=\"twitter:card\" content=\"summary_large_image\" \/>\n<meta name=\"twitter:label1\" content=\"Tiempo de lectura\" \/>\n\t<meta name=\"twitter:data1\" content=\"2 minutos\" \/>\n<script type=\"application\/ld+json\" class=\"yoast-schema-graph\">{\"@context\":\"https:\/\/schema.org\",\"@graph\":[{\"@type\":\"WebPage\",\"@id\":\"https:\/\/demoweb.info\/sexshop001\/producto\/trio-plug-vibrador-con-mando-morado\/\",\"url\":\"https:\/\/demoweb.info\/sexshop001\/producto\/trio-plug-vibrador-con-mando-morado\/\",\"name\":\"TRIO PLUG VIBRADOR CON MANDO - MORADO - Tienda Er\u00f3tica\",\"isPartOf\":{\"@id\":\"https:\/\/demoweb.info\/sexshop001\/#website\"},\"datePublished\":\"2022-01-22T19:49:20+00:00\",\"dateModified\":\"2022-01-22T19:49:38+00:00\",\"breadcrumb\":{\"@id\":\"https:\/\/demoweb.info\/sexshop001\/producto\/trio-plug-vibrador-con-mando-morado\/#breadcrumb\"},\"inLanguage\":\"es\",\"potentialAction\":[{\"@type\":\"ReadAction\",\"target\":[\"https:\/\/demoweb.info\/sexshop001\/producto\/trio-plug-vibrador-con-mando-morado\/\"]}]},{\"@type\":\"BreadcrumbList\",\"@id\":\"https:\/\/demoweb.info\/sexshop001\/producto\/trio-plug-vibrador-con-mando-morado\/#breadcrumb\",\"itemListElement\":[{\"@type\":\"ListItem\",\"position\":1,\"name\":\"Portada\",\"item\":\"https:\/\/demoweb.info\/sexshop001\/\"},{\"@type\":\"ListItem\",\"position\":2,\"name\":\"Tienda\",\"item\":\"https:\/\/demoweb.info\/sexshop001\/tienda\/\"},{\"@type\":\"ListItem\",\"position\":3,\"name\":\"TRIO PLUG VIBRADOR CON MANDO &#8211; MORADO\"}]},{\"@type\":\"WebSite\",\"@id\":\"https:\/\/demoweb.info\/sexshop001\/#website\",\"url\":\"https:\/\/demoweb.info\/sexshop001\/\",\"name\":\"Tienda Er\u00f3tica\",\"description\":\"DEMOWEB SL\",\"potentialAction\":[{\"@type\":\"SearchAction\",\"target\":{\"@type\":\"EntryPoint\",\"urlTemplate\":\"https:\/\/demoweb.info\/sexshop001\/?s={search_term_string}\"},\"query-input\":\"required name=search_term_string\"}],\"inLanguage\":\"es\"}]}<\/script>\n<!-- \/ Yoast SEO plugin. -->","yoast_head_json":{"title":"TRIO PLUG VIBRADOR CON MANDO - MORADO - Tienda Er\u00f3tica","robots":{"index":"noindex","follow":"follow","max-snippet":"max-snippet:-1","max-image-preview":"max-image-preview:large","max-video-preview":"max-video-preview:-1"},"og_locale":"es_ES","og_type":"article","og_title":"TRIO PLUG VIBRADOR CON MANDO - MORADO - Tienda Er\u00f3tica","og_description":"TRIO PLUG El Trio Plug es el \u00fanico tap\u00f3n vibratorio premium del mercado que incluye tres potentes motores en un","og_url":"https:\/\/demoweb.info\/sexshop001\/producto\/trio-plug-vibrador-con-mando-morado\/","og_site_name":"Tienda Er\u00f3tica","article_modified_time":"2022-01-22T19:49:38+00:00","og_image":[{"width":550,"height":550,"url":"https:\/\/demoweb.info\/sexshop001\/wp-content\/uploads\/2022\/01\/TRIO-PLUG-VIBRADOR-CON-MANDO-MORADO.jpg","type":"image\/jpeg"}],"twitter_card":"summary_large_image","twitter_misc":{"Tiempo de lectura":"2 minutos"},"schema":{"@context":"https:\/\/schema.org","@graph":[{"@type":"WebPage","@id":"https:\/\/demoweb.info\/sexshop001\/producto\/trio-plug-vibrador-con-mando-morado\/","url":"https:\/\/demoweb.info\/sexshop001\/producto\/trio-plug-vibrador-con-mando-morado\/","name":"TRIO PLUG VIBRADOR CON MANDO - MORADO - Tienda Er\u00f3tica","isPartOf":{"@id":"https:\/\/demoweb.info\/sexshop001\/#website"},"datePublished":"2022-01-22T19:49:20+00:00","dateModified":"2022-01-22T19:49:38+00:00","breadcrumb":{"@id":"https:\/\/demoweb.info\/sexshop001\/producto\/trio-plug-vibrador-con-mando-morado\/#breadcrumb"},"inLanguage":"es","potentialAction":[{"@type":"ReadAction","target":["https:\/\/demoweb.info\/sexshop001\/producto\/trio-plug-vibrador-con-mando-morado\/"]}]},{"@type":"BreadcrumbList","@id":"https:\/\/demoweb.info\/sexshop001\/producto\/trio-plug-vibrador-con-mando-morado\/#breadcrumb","itemListElement":[{"@type":"ListItem","position":1,"name":"Portada","item":"https:\/\/demoweb.info\/sexshop001\/"},{"@type":"ListItem","position":2,"name":"Tienda","item":"https:\/\/demoweb.info\/sexshop001\/tienda\/"},{"@type":"ListItem","position":3,"name":"TRIO PLUG VIBRADOR CON MANDO &#8211; MORADO"}]},{"@type":"WebSite","@id":"https:\/\/demoweb.info\/sexshop001\/#website","url":"https:\/\/demoweb.info\/sexshop001\/","name":"Tienda Er\u00f3tica","description":"DEMOWEB SL","potentialAction":[{"@type":"SearchAction","target":{"@type":"EntryPoint","urlTemplate":"https:\/\/demoweb.info\/sexshop001\/?s={search_term_string}"},"query-input":"required name=search_term_string"}],"inLanguage":"es"}]}},"_links":{"self":[{"href":"https:\/\/demoweb.info\/sexshop001\/wp-json\/wp\/v3\/product\/71736","targetHints":{"allow":["GET"]}}],"collection":[{"href":"https:\/\/demoweb.info\/sexshop001\/wp-json\/wp\/v3\/product"}],"about":[{"href":"https:\/\/demoweb.info\/sexshop001\/wp-json\/wp\/v2\/types\/product"}],"replies":[{"embeddable":true,"href":"https:\/\/demoweb.info\/sexshop001\/wp-json\/wp\/v2\/comments?post=71736"}],"wp:featuredmedia":[{"embeddable":true,"href":"https:\/\/demoweb.info\/sexshop001\/wp-json\/wp\/v2\/media\/71737"}],"wp:attachment":[{"href":"https:\/\/demoweb.info\/sexshop001\/wp-json\/wp\/v2\/media?parent=71736"}],"wp:term":[{"taxonomy":"product_cat","embeddable":true,"href":"https:\/\/demoweb.info\/sexshop001\/wp-json\/wp\/v2\/product_cat?post=71736"},{"taxonomy":"product_tag","embeddable":true,"href":"https:\/\/demoweb.info\/sexshop001\/wp-json\/wp\/v2\/product_tag?post=71736"}],"curies":[{"name":"wp","href":"https:\/\/api.w.org\/{rel}","templated":true}]}}