{"id":71721,"date":"2022-01-22T20:49:20","date_gmt":"2022-01-22T19:49:20","guid":{"rendered":"https:\/\/demoweb.info\/sexshop001\/producto\/rimming-plug-2-vibrador-con-mando-negro\/"},"modified":"2022-01-22T20:49:27","modified_gmt":"2022-01-22T19:49:27","slug":"rimming-plug-2-vibrador-con-mando-negro","status":"publish","type":"product","link":"https:\/\/demoweb.info\/sexshop001\/producto\/rimming-plug-2-vibrador-con-mando-negro\/","title":{"rendered":"RIMMING PLUG 2 VIBRADOR CON MANDO &#8211; NEGRO"},"content":{"rendered":"<p><strong>RIMMING PLUG 2 <\/strong><\/p>\n<p>El Rimming Plug 2 es la versi\u00f3n m\u00e1s nueva de nuestro juguete sexual anal original y m\u00e1s vendido, el Rimming Plug.<\/p>\n<p>Los revolucionarios tapones vibrantes de B-Vibe han ganado fama internacional por estas caracter\u00edsticas galardonadas:<\/p>\n<ul>\n<li><strong>El primer tap\u00f3n de rimming del mundo<\/strong>: el \u00fanico tap\u00f3n de tope con cuentas giratorias en el cuello para imitar la sensaci\u00f3n de rimming (que te hace lamer el trasero, FYI) y ayudar a relajar los m\u00fasculos del esf\u00ednter.<\/li>\n<li><strong>7 formas de bordear<\/strong>: el Rimming Plug 2 ahora cuenta con 7 modos en las bolas giratorias para ayudar a girar y provocar las terminaciones nerviosas er\u00f3ticas m\u00e1s sensibles y peque\u00f1as.<\/li>\n<li><strong>Anal para TODOS:<\/strong> \u00bfSab\u00eda que el uso de vibraciones para estimular la pr\u00f3stata (si tiene un pene) o el punto A (si tiene una vagina) puede provocar orgasmos de cuerpo completo? Lo que nos lleva a esa segunda vibraci\u00f3n en la punta de este tap\u00f3n vibrante.<\/li>\n<li><strong>Potente vibrador<\/strong>: el motor adicional en la punta proporciona estimulaci\u00f3n indirecta a esas zonas er\u00f3genas para darle al ano el placer que nunca antes hab\u00eda experimentado.<\/li>\n<li><strong>100% seguro para el cuerpo<\/strong>: todos los tapones B-Vibe son hipoalerg\u00e9nicos y est\u00e1n hechos de silicona suave y sedosa de primera calidad. El Rimming Plug 2 es libre de ftalatos, l\u00e1tex y completamente no poroso.<\/li>\n<li><strong>Deje que un compa\u00f1ero tome el control<\/strong>: ya sea que est\u00e9 en el juego anal en solitario o con un compa\u00f1ero, el Rimming Plug 2 incluye un control remoto inal\u00e1mbrico de un toque que funciona hasta a un metro de distancia.<\/li>\n<li><strong>Bater\u00eda recargable USB: <\/strong>alimentada por una celda de litio CR2032, una carga de 2 horas proporciona una hora de juego anal alucinante. El indicador de nivel de bater\u00eda inteligente parpadea cuando se requiere cargar.<\/li>\n<li><strong>A prueba de salpicaduras:<\/strong> el Rimming Plug 2 est\u00e1 cuidadosamente dise\u00f1ado para ser a prueba de salpicaduras y apto para la ducha.<\/li>\n<li><strong>The Perfect Travel Buddy<\/strong> &#8211; \u00bfTe vas de vacaciones? El Rimming Plug 2 llega en un pr\u00e1ctico y discreto estuche de viaje. Para evitar cualquier accidente de vibraci\u00f3n embarazoso, simplemente active el bloqueo de viaje.<\/li>\n<li><strong>Garant\u00eda de 1 a\u00f1o: <\/strong>nuestra garant\u00eda limitada protege el Rimming Plug 2 contra todos los defectos de materiales y mano de obra durante 1 a\u00f1o. Tranquil\u00edzate al registrar su B-Vibe en nuestro sitio web.<\/li>\n<\/ul>\n<p><em>\u00bfDemasiado grande para tu cuerpo?<\/em> Bueno, \u00a1buenas noticias! Echa un vistazo a la versi\u00f3n m\u00e1s peque\u00f1a de este tap\u00f3n vibrante, el Rimming Plug Petite.<\/p>\n<p><em>\u00bfTodav\u00eda no est\u00e1 convencido? <\/em>El Rimming Plug 2 viene con una Gu\u00eda para el Juego Anal, por lo que si a\u00fan no ha experimentado las alegr\u00edas del placer anal, este es un excelente lugar para comenzar.<\/p>\n<p>Caracter\u00edsticas:<\/p>\n<ul>\n<li>Dimensiones del producto: 15 x 8 x 4 cm<\/li>\n<li>Peso del producto: 197,10 gr<\/li>\n<li>Di\u00e1metro del producto:  4 cm<\/li>\n<li>Longitud insertable: 12,8 cm<\/li>\n<li>Tipos de velocidad:  6<\/li>\n<li>Se requieren bater\u00edas: 1<\/li>\n<li>Tipo de bater\u00edas: Lithium Ion<\/li>\n<li>Bater\u00edas incluidas: S\u00ed<\/li>\n<li>Recargable: S\u00ed<\/li>\n<li>Tiempo de recarga: 60 min<\/li>\n<li>Vida de la recarga de las bater\u00edas: 120 min<\/li>\n<li>A prueba de agua:  S\u00ed<\/li>\n<li>Materiales: Silicona<\/li>\n<\/ul>\n","protected":false},"excerpt":{"rendered":"<p>RIMMING PLUG 2 El Rimming Plug 2 es la versi\u00f3n m\u00e1s nueva de nuestro juguete sexual anal original y m\u00e1s<\/p>\n","protected":false},"featured_media":71722,"comment_status":"open","ping_status":"open","template":"","meta":[],"product_cat":[338],"product_tag":[1695],"class_list":["post-71721","product","type-product","status-publish","has-post-thumbnail","hentry","product_cat-silicona-plugs","product_tag-b-vibe"],"bundled_by":[],"bundle_stock_status":"outofstock","bundle_stock_quantity":0,"bundle_virtual":false,"bundle_layout":"","bundle_add_to_cart_form_location":"","bundle_editable_in_cart":false,"bundle_sold_individually_context":"","bundle_item_grouping":"","bundle_min_size":"","bundle_max_size":"","bundled_items":[],"yoast_head":"<!-- This site is optimized with the Yoast SEO plugin v20.6 - https:\/\/yoast.com\/wordpress\/plugins\/seo\/ -->\n<title>RIMMING PLUG 2 VIBRADOR CON MANDO - NEGRO - Tienda Er\u00f3tica<\/title>\n<meta name=\"robots\" content=\"noindex, follow, max-snippet:-1, max-image-preview:large, max-video-preview:-1\" \/>\n<meta property=\"og:locale\" content=\"es_ES\" \/>\n<meta property=\"og:type\" content=\"article\" \/>\n<meta property=\"og:title\" content=\"RIMMING PLUG 2 VIBRADOR CON MANDO - NEGRO - Tienda Er\u00f3tica\" \/>\n<meta property=\"og:description\" content=\"RIMMING PLUG 2 El Rimming Plug 2 es la versi\u00f3n m\u00e1s nueva de nuestro juguete sexual anal original y m\u00e1s\" \/>\n<meta property=\"og:url\" content=\"https:\/\/demoweb.info\/sexshop001\/producto\/rimming-plug-2-vibrador-con-mando-negro\/\" \/>\n<meta property=\"og:site_name\" content=\"Tienda Er\u00f3tica\" \/>\n<meta property=\"article:modified_time\" content=\"2022-01-22T19:49:27+00:00\" \/>\n<meta property=\"og:image\" content=\"https:\/\/demoweb.info\/sexshop001\/wp-content\/uploads\/2022\/01\/RIMMING-PLUG-2-VIBRADOR-CON-MANDO-NEGRO.jpg\" \/>\n\t<meta property=\"og:image:width\" content=\"550\" \/>\n\t<meta property=\"og:image:height\" content=\"550\" \/>\n\t<meta property=\"og:image:type\" content=\"image\/jpeg\" \/>\n<meta name=\"twitter:card\" content=\"summary_large_image\" \/>\n<meta name=\"twitter:label1\" content=\"Tiempo de lectura\" \/>\n\t<meta name=\"twitter:data1\" content=\"3 minutos\" \/>\n<script type=\"application\/ld+json\" class=\"yoast-schema-graph\">{\"@context\":\"https:\/\/schema.org\",\"@graph\":[{\"@type\":\"WebPage\",\"@id\":\"https:\/\/demoweb.info\/sexshop001\/producto\/rimming-plug-2-vibrador-con-mando-negro\/\",\"url\":\"https:\/\/demoweb.info\/sexshop001\/producto\/rimming-plug-2-vibrador-con-mando-negro\/\",\"name\":\"RIMMING PLUG 2 VIBRADOR CON MANDO - NEGRO - Tienda Er\u00f3tica\",\"isPartOf\":{\"@id\":\"https:\/\/demoweb.info\/sexshop001\/#website\"},\"datePublished\":\"2022-01-22T19:49:20+00:00\",\"dateModified\":\"2022-01-22T19:49:27+00:00\",\"breadcrumb\":{\"@id\":\"https:\/\/demoweb.info\/sexshop001\/producto\/rimming-plug-2-vibrador-con-mando-negro\/#breadcrumb\"},\"inLanguage\":\"es\",\"potentialAction\":[{\"@type\":\"ReadAction\",\"target\":[\"https:\/\/demoweb.info\/sexshop001\/producto\/rimming-plug-2-vibrador-con-mando-negro\/\"]}]},{\"@type\":\"BreadcrumbList\",\"@id\":\"https:\/\/demoweb.info\/sexshop001\/producto\/rimming-plug-2-vibrador-con-mando-negro\/#breadcrumb\",\"itemListElement\":[{\"@type\":\"ListItem\",\"position\":1,\"name\":\"Portada\",\"item\":\"https:\/\/demoweb.info\/sexshop001\/\"},{\"@type\":\"ListItem\",\"position\":2,\"name\":\"Tienda\",\"item\":\"https:\/\/demoweb.info\/sexshop001\/tienda\/\"},{\"@type\":\"ListItem\",\"position\":3,\"name\":\"RIMMING PLUG 2 VIBRADOR CON MANDO &#8211; NEGRO\"}]},{\"@type\":\"WebSite\",\"@id\":\"https:\/\/demoweb.info\/sexshop001\/#website\",\"url\":\"https:\/\/demoweb.info\/sexshop001\/\",\"name\":\"Tienda Er\u00f3tica\",\"description\":\"DEMOWEB SL\",\"potentialAction\":[{\"@type\":\"SearchAction\",\"target\":{\"@type\":\"EntryPoint\",\"urlTemplate\":\"https:\/\/demoweb.info\/sexshop001\/?s={search_term_string}\"},\"query-input\":\"required name=search_term_string\"}],\"inLanguage\":\"es\"}]}<\/script>\n<!-- \/ Yoast SEO plugin. -->","yoast_head_json":{"title":"RIMMING PLUG 2 VIBRADOR CON MANDO - NEGRO - Tienda Er\u00f3tica","robots":{"index":"noindex","follow":"follow","max-snippet":"max-snippet:-1","max-image-preview":"max-image-preview:large","max-video-preview":"max-video-preview:-1"},"og_locale":"es_ES","og_type":"article","og_title":"RIMMING PLUG 2 VIBRADOR CON MANDO - NEGRO - Tienda Er\u00f3tica","og_description":"RIMMING PLUG 2 El Rimming Plug 2 es la versi\u00f3n m\u00e1s nueva de nuestro juguete sexual anal original y m\u00e1s","og_url":"https:\/\/demoweb.info\/sexshop001\/producto\/rimming-plug-2-vibrador-con-mando-negro\/","og_site_name":"Tienda Er\u00f3tica","article_modified_time":"2022-01-22T19:49:27+00:00","og_image":[{"width":550,"height":550,"url":"https:\/\/demoweb.info\/sexshop001\/wp-content\/uploads\/2022\/01\/RIMMING-PLUG-2-VIBRADOR-CON-MANDO-NEGRO.jpg","type":"image\/jpeg"}],"twitter_card":"summary_large_image","twitter_misc":{"Tiempo de lectura":"3 minutos"},"schema":{"@context":"https:\/\/schema.org","@graph":[{"@type":"WebPage","@id":"https:\/\/demoweb.info\/sexshop001\/producto\/rimming-plug-2-vibrador-con-mando-negro\/","url":"https:\/\/demoweb.info\/sexshop001\/producto\/rimming-plug-2-vibrador-con-mando-negro\/","name":"RIMMING PLUG 2 VIBRADOR CON MANDO - NEGRO - Tienda Er\u00f3tica","isPartOf":{"@id":"https:\/\/demoweb.info\/sexshop001\/#website"},"datePublished":"2022-01-22T19:49:20+00:00","dateModified":"2022-01-22T19:49:27+00:00","breadcrumb":{"@id":"https:\/\/demoweb.info\/sexshop001\/producto\/rimming-plug-2-vibrador-con-mando-negro\/#breadcrumb"},"inLanguage":"es","potentialAction":[{"@type":"ReadAction","target":["https:\/\/demoweb.info\/sexshop001\/producto\/rimming-plug-2-vibrador-con-mando-negro\/"]}]},{"@type":"BreadcrumbList","@id":"https:\/\/demoweb.info\/sexshop001\/producto\/rimming-plug-2-vibrador-con-mando-negro\/#breadcrumb","itemListElement":[{"@type":"ListItem","position":1,"name":"Portada","item":"https:\/\/demoweb.info\/sexshop001\/"},{"@type":"ListItem","position":2,"name":"Tienda","item":"https:\/\/demoweb.info\/sexshop001\/tienda\/"},{"@type":"ListItem","position":3,"name":"RIMMING PLUG 2 VIBRADOR CON MANDO &#8211; NEGRO"}]},{"@type":"WebSite","@id":"https:\/\/demoweb.info\/sexshop001\/#website","url":"https:\/\/demoweb.info\/sexshop001\/","name":"Tienda Er\u00f3tica","description":"DEMOWEB SL","potentialAction":[{"@type":"SearchAction","target":{"@type":"EntryPoint","urlTemplate":"https:\/\/demoweb.info\/sexshop001\/?s={search_term_string}"},"query-input":"required name=search_term_string"}],"inLanguage":"es"}]}},"_links":{"self":[{"href":"https:\/\/demoweb.info\/sexshop001\/wp-json\/wp\/v3\/product\/71721","targetHints":{"allow":["GET"]}}],"collection":[{"href":"https:\/\/demoweb.info\/sexshop001\/wp-json\/wp\/v3\/product"}],"about":[{"href":"https:\/\/demoweb.info\/sexshop001\/wp-json\/wp\/v2\/types\/product"}],"replies":[{"embeddable":true,"href":"https:\/\/demoweb.info\/sexshop001\/wp-json\/wp\/v2\/comments?post=71721"}],"wp:featuredmedia":[{"embeddable":true,"href":"https:\/\/demoweb.info\/sexshop001\/wp-json\/wp\/v2\/media\/71722"}],"wp:attachment":[{"href":"https:\/\/demoweb.info\/sexshop001\/wp-json\/wp\/v2\/media?parent=71721"}],"wp:term":[{"taxonomy":"product_cat","embeddable":true,"href":"https:\/\/demoweb.info\/sexshop001\/wp-json\/wp\/v2\/product_cat?post=71721"},{"taxonomy":"product_tag","embeddable":true,"href":"https:\/\/demoweb.info\/sexshop001\/wp-json\/wp\/v2\/product_tag?post=71721"}],"curies":[{"name":"wp","href":"https:\/\/api.w.org\/{rel}","templated":true}]}}