{"id":71716,"date":"2022-01-22T20:49:20","date_gmt":"2022-01-22T19:49:20","guid":{"rendered":"https:\/\/demoweb.info\/sexshop001\/producto\/pene-eyaculador-doble-densidad-ultraskyn-26cm\/"},"modified":"2022-01-22T20:49:23","modified_gmt":"2022-01-22T19:49:23","slug":"pene-eyaculador-doble-densidad-ultraskyn-26cm","status":"publish","type":"product","link":"https:\/\/demoweb.info\/sexshop001\/producto\/pene-eyaculador-doble-densidad-ultraskyn-26cm\/","title":{"rendered":"PENE EYACULADOR DOBLE DENSIDAD ULTRASKYN 26CM"},"content":{"rendered":"<p><strong>SQUIRTING CUMPLAY COCK DUAL DENSITY ULTRASKYN<\/strong><\/p>\n<p>\u00bfList@ para mojarte?<\/p>\n<p>El pene Squirting Cumplay Cock te permite reventar una carga en el comando en cualquier lugar que puedas imaginar.<\/p>\n<p>Ll\u00e9nalo con la botella incluida de Splooge Juice (un deslizamiento h\u00edbrido formulado para verse y sentirse como si fuera real), agua tibia, tu lubricante favorito o algo m\u00e1s personal&#8230; los \u00fanicos l\u00edmites son sus l\u00edmites.<\/p>\n<p>Hecho a mano en ULTRASKYN realista, este enorme monstruo de 26 cm se calienta a la temperatura corporal en uso, y el exterior suave y apretable cede a un n\u00facleo firme para la experiencia m\u00e1s realista posible.<\/p>\n<p>Squirting Cumplay Cock tambi\u00e9n es compatible con Vac-U-Lock e incluye una ventosa Vac-U-Lock para convertir cualquier superficie lisa y no porosa en su propio conjunto de Kink.com. Kink by Doc Johnson es una emocionante colaboraci\u00f3n con Kink.com para crear una colecci\u00f3n de art\u00edculos fetiche aut\u00e9nticos de alta calidad adecuados para practicantes a largo plazo y nuevos iniciados por igual.<\/p>\n<ul>\n<li>Medidas: 26,2 x 5,1 x 8,9 cm<\/li>\n<li>Di\u00e1metro: 5,3 cm<\/li>\n<li>Longitud insertable: 20,3 cm<\/li>\n<\/ul>\n","protected":false},"excerpt":{"rendered":"<p>SQUIRTING CUMPLAY COCK DUAL DENSITY ULTRASKYN \u00bfList@ para mojarte? El pene Squirting Cumplay Cock te permite reventar una carga en<\/p>\n","protected":false},"featured_media":71717,"comment_status":"open","ping_status":"open","template":"","meta":[],"product_cat":[1243],"product_tag":[460,1474],"class_list":["post-71716","product","type-product","status-publish","has-post-thumbnail","hentry","product_cat-eyaculadores","product_tag-doc-johnson","product_tag-kink"],"bundled_by":[],"bundle_stock_status":"instock","bundle_stock_quantity":4,"bundle_virtual":false,"bundle_layout":"","bundle_add_to_cart_form_location":"","bundle_editable_in_cart":false,"bundle_sold_individually_context":"","bundle_item_grouping":"","bundle_min_size":"","bundle_max_size":"","bundled_items":[],"yoast_head":"<!-- This site is optimized with the Yoast SEO plugin v20.6 - https:\/\/yoast.com\/wordpress\/plugins\/seo\/ -->\n<title>PENE EYACULADOR DOBLE DENSIDAD ULTRASKYN 26CM - Tienda Er\u00f3tica<\/title>\n<meta name=\"robots\" content=\"noindex, follow, max-snippet:-1, max-image-preview:large, max-video-preview:-1\" \/>\n<meta property=\"og:locale\" content=\"es_ES\" \/>\n<meta property=\"og:type\" content=\"article\" \/>\n<meta property=\"og:title\" content=\"PENE EYACULADOR DOBLE DENSIDAD ULTRASKYN 26CM - Tienda Er\u00f3tica\" \/>\n<meta property=\"og:description\" content=\"SQUIRTING CUMPLAY COCK DUAL DENSITY ULTRASKYN \u00bfList@ para mojarte? El pene Squirting Cumplay Cock te permite reventar una carga en\" \/>\n<meta property=\"og:url\" content=\"https:\/\/demoweb.info\/sexshop001\/producto\/pene-eyaculador-doble-densidad-ultraskyn-26cm\/\" \/>\n<meta property=\"og:site_name\" content=\"Tienda Er\u00f3tica\" \/>\n<meta property=\"article:modified_time\" content=\"2022-01-22T19:49:23+00:00\" \/>\n<meta property=\"og:image\" content=\"https:\/\/demoweb.info\/sexshop001\/wp-content\/uploads\/2022\/01\/PENE-EYACULADOR-DOBLE-DENSIDAD-ULTRASKYN-26CM.jpg\" \/>\n\t<meta property=\"og:image:width\" content=\"550\" \/>\n\t<meta property=\"og:image:height\" content=\"550\" \/>\n\t<meta property=\"og:image:type\" content=\"image\/jpeg\" \/>\n<meta name=\"twitter:card\" content=\"summary_large_image\" \/>\n<meta name=\"twitter:label1\" content=\"Tiempo de lectura\" \/>\n\t<meta name=\"twitter:data1\" content=\"1 minuto\" \/>\n<script type=\"application\/ld+json\" class=\"yoast-schema-graph\">{\"@context\":\"https:\/\/schema.org\",\"@graph\":[{\"@type\":\"WebPage\",\"@id\":\"https:\/\/demoweb.info\/sexshop001\/producto\/pene-eyaculador-doble-densidad-ultraskyn-26cm\/\",\"url\":\"https:\/\/demoweb.info\/sexshop001\/producto\/pene-eyaculador-doble-densidad-ultraskyn-26cm\/\",\"name\":\"PENE EYACULADOR DOBLE DENSIDAD ULTRASKYN 26CM - Tienda Er\u00f3tica\",\"isPartOf\":{\"@id\":\"https:\/\/demoweb.info\/sexshop001\/#website\"},\"datePublished\":\"2022-01-22T19:49:20+00:00\",\"dateModified\":\"2022-01-22T19:49:23+00:00\",\"breadcrumb\":{\"@id\":\"https:\/\/demoweb.info\/sexshop001\/producto\/pene-eyaculador-doble-densidad-ultraskyn-26cm\/#breadcrumb\"},\"inLanguage\":\"es\",\"potentialAction\":[{\"@type\":\"ReadAction\",\"target\":[\"https:\/\/demoweb.info\/sexshop001\/producto\/pene-eyaculador-doble-densidad-ultraskyn-26cm\/\"]}]},{\"@type\":\"BreadcrumbList\",\"@id\":\"https:\/\/demoweb.info\/sexshop001\/producto\/pene-eyaculador-doble-densidad-ultraskyn-26cm\/#breadcrumb\",\"itemListElement\":[{\"@type\":\"ListItem\",\"position\":1,\"name\":\"Portada\",\"item\":\"https:\/\/demoweb.info\/sexshop001\/\"},{\"@type\":\"ListItem\",\"position\":2,\"name\":\"Tienda\",\"item\":\"https:\/\/demoweb.info\/sexshop001\/tienda\/\"},{\"@type\":\"ListItem\",\"position\":3,\"name\":\"PENE EYACULADOR DOBLE DENSIDAD ULTRASKYN 26CM\"}]},{\"@type\":\"WebSite\",\"@id\":\"https:\/\/demoweb.info\/sexshop001\/#website\",\"url\":\"https:\/\/demoweb.info\/sexshop001\/\",\"name\":\"Tienda Er\u00f3tica\",\"description\":\"DEMOWEB SL\",\"potentialAction\":[{\"@type\":\"SearchAction\",\"target\":{\"@type\":\"EntryPoint\",\"urlTemplate\":\"https:\/\/demoweb.info\/sexshop001\/?s={search_term_string}\"},\"query-input\":\"required name=search_term_string\"}],\"inLanguage\":\"es\"}]}<\/script>\n<!-- \/ Yoast SEO plugin. -->","yoast_head_json":{"title":"PENE EYACULADOR DOBLE DENSIDAD ULTRASKYN 26CM - Tienda Er\u00f3tica","robots":{"index":"noindex","follow":"follow","max-snippet":"max-snippet:-1","max-image-preview":"max-image-preview:large","max-video-preview":"max-video-preview:-1"},"og_locale":"es_ES","og_type":"article","og_title":"PENE EYACULADOR DOBLE DENSIDAD ULTRASKYN 26CM - Tienda Er\u00f3tica","og_description":"SQUIRTING CUMPLAY COCK DUAL DENSITY ULTRASKYN \u00bfList@ para mojarte? El pene Squirting Cumplay Cock te permite reventar una carga en","og_url":"https:\/\/demoweb.info\/sexshop001\/producto\/pene-eyaculador-doble-densidad-ultraskyn-26cm\/","og_site_name":"Tienda Er\u00f3tica","article_modified_time":"2022-01-22T19:49:23+00:00","og_image":[{"width":550,"height":550,"url":"https:\/\/demoweb.info\/sexshop001\/wp-content\/uploads\/2022\/01\/PENE-EYACULADOR-DOBLE-DENSIDAD-ULTRASKYN-26CM.jpg","type":"image\/jpeg"}],"twitter_card":"summary_large_image","twitter_misc":{"Tiempo de lectura":"1 minuto"},"schema":{"@context":"https:\/\/schema.org","@graph":[{"@type":"WebPage","@id":"https:\/\/demoweb.info\/sexshop001\/producto\/pene-eyaculador-doble-densidad-ultraskyn-26cm\/","url":"https:\/\/demoweb.info\/sexshop001\/producto\/pene-eyaculador-doble-densidad-ultraskyn-26cm\/","name":"PENE EYACULADOR DOBLE DENSIDAD ULTRASKYN 26CM - Tienda Er\u00f3tica","isPartOf":{"@id":"https:\/\/demoweb.info\/sexshop001\/#website"},"datePublished":"2022-01-22T19:49:20+00:00","dateModified":"2022-01-22T19:49:23+00:00","breadcrumb":{"@id":"https:\/\/demoweb.info\/sexshop001\/producto\/pene-eyaculador-doble-densidad-ultraskyn-26cm\/#breadcrumb"},"inLanguage":"es","potentialAction":[{"@type":"ReadAction","target":["https:\/\/demoweb.info\/sexshop001\/producto\/pene-eyaculador-doble-densidad-ultraskyn-26cm\/"]}]},{"@type":"BreadcrumbList","@id":"https:\/\/demoweb.info\/sexshop001\/producto\/pene-eyaculador-doble-densidad-ultraskyn-26cm\/#breadcrumb","itemListElement":[{"@type":"ListItem","position":1,"name":"Portada","item":"https:\/\/demoweb.info\/sexshop001\/"},{"@type":"ListItem","position":2,"name":"Tienda","item":"https:\/\/demoweb.info\/sexshop001\/tienda\/"},{"@type":"ListItem","position":3,"name":"PENE EYACULADOR DOBLE DENSIDAD ULTRASKYN 26CM"}]},{"@type":"WebSite","@id":"https:\/\/demoweb.info\/sexshop001\/#website","url":"https:\/\/demoweb.info\/sexshop001\/","name":"Tienda Er\u00f3tica","description":"DEMOWEB SL","potentialAction":[{"@type":"SearchAction","target":{"@type":"EntryPoint","urlTemplate":"https:\/\/demoweb.info\/sexshop001\/?s={search_term_string}"},"query-input":"required name=search_term_string"}],"inLanguage":"es"}]}},"_links":{"self":[{"href":"https:\/\/demoweb.info\/sexshop001\/wp-json\/wp\/v3\/product\/71716","targetHints":{"allow":["GET"]}}],"collection":[{"href":"https:\/\/demoweb.info\/sexshop001\/wp-json\/wp\/v3\/product"}],"about":[{"href":"https:\/\/demoweb.info\/sexshop001\/wp-json\/wp\/v2\/types\/product"}],"replies":[{"embeddable":true,"href":"https:\/\/demoweb.info\/sexshop001\/wp-json\/wp\/v2\/comments?post=71716"}],"wp:featuredmedia":[{"embeddable":true,"href":"https:\/\/demoweb.info\/sexshop001\/wp-json\/wp\/v2\/media\/71717"}],"wp:attachment":[{"href":"https:\/\/demoweb.info\/sexshop001\/wp-json\/wp\/v2\/media?parent=71716"}],"wp:term":[{"taxonomy":"product_cat","embeddable":true,"href":"https:\/\/demoweb.info\/sexshop001\/wp-json\/wp\/v2\/product_cat?post=71716"},{"taxonomy":"product_tag","embeddable":true,"href":"https:\/\/demoweb.info\/sexshop001\/wp-json\/wp\/v2\/product_tag?post=71716"}],"curies":[{"name":"wp","href":"https:\/\/api.w.org\/{rel}","templated":true}]}}