{"id":71711,"date":"2022-01-22T20:49:20","date_gmt":"2022-01-22T19:49:20","guid":{"rendered":"https:\/\/demoweb.info\/sexshop001\/producto\/ariana-marie-masturbador-vagina-vainilla\/"},"modified":"2022-01-22T20:49:20","modified_gmt":"2022-01-22T19:49:20","slug":"ariana-marie-masturbador-vagina-vainilla","status":"publish","type":"product","link":"https:\/\/demoweb.info\/sexshop001\/producto\/ariana-marie-masturbador-vagina-vainilla\/","title":{"rendered":"ARIANA MARIE &#8211; MASTURBADOR VAGINA &#8211; VAINILLA"},"content":{"rendered":"<p><strong>ARIANA MARIE &#8211; ULTRASKYN STROKER &#8211; PUSSY <\/strong><\/p>\n<p>Esta belleza de ojos oscuros con apariencia de ni\u00f1a buena y deseos sucios se une a la l\u00ednea Main Squeeze con un stroker de estuche r\u00edgido de presi\u00f3n variable moldeado directamente de su cuerpo.<\/p>\n<p>Hecho a mano en ULTRASKYN realista, Ariana&#39;s Main Squeeze presenta un interior apretado y texturizado que se calienta al tacto y se siente como si fuera real. \u00a1Juega tu escena favorita de Ariana Marie y convi\u00e9rtete en su coprotagonista!<\/p>\n<p>Caracter\u00edsticas:<\/p>\n<ul>\n<li>Dimensiones del producto:  22,9 x 8,4 x 9,1 cm<\/li>\n<li>Peso del producto:   610 gr<\/li>\n<li>Di\u00e1metro del producto:  8,5 cm<\/li>\n<li>Longitud insertable: 22,1 cm<\/li>\n<li>Materiales: TPE\/ABS<\/li>\n<\/ul>\n","protected":false},"excerpt":{"rendered":"<p>ARIANA MARIE &#8211; ULTRASKYN STROKER &#8211; PUSSY Esta belleza de ojos oscuros con apariencia de ni\u00f1a buena y deseos sucios<\/p>\n","protected":false},"featured_media":71712,"comment_status":"open","ping_status":"open","template":"","meta":[],"product_cat":[541],"product_tag":[460,652],"class_list":["post-71711","product","type-product","status-publish","has-post-thumbnail","hentry","product_cat-vaginas","product_tag-doc-johnson","product_tag-main-squeeze"],"bundled_by":[],"bundle_stock_status":"instock","bundle_stock_quantity":4,"bundle_virtual":false,"bundle_layout":"","bundle_add_to_cart_form_location":"","bundle_editable_in_cart":false,"bundle_sold_individually_context":"","bundle_item_grouping":"","bundle_min_size":"","bundle_max_size":"","bundled_items":[],"yoast_head":"<!-- This site is optimized with the Yoast SEO plugin v20.6 - https:\/\/yoast.com\/wordpress\/plugins\/seo\/ -->\n<title>ARIANA MARIE - MASTURBADOR VAGINA - VAINILLA - Tienda Er\u00f3tica<\/title>\n<meta name=\"robots\" content=\"noindex, follow, max-snippet:-1, max-image-preview:large, max-video-preview:-1\" \/>\n<meta property=\"og:locale\" content=\"es_ES\" \/>\n<meta property=\"og:type\" content=\"article\" \/>\n<meta property=\"og:title\" content=\"ARIANA MARIE - MASTURBADOR VAGINA - VAINILLA - Tienda Er\u00f3tica\" \/>\n<meta property=\"og:description\" content=\"ARIANA MARIE &#8211; ULTRASKYN STROKER &#8211; PUSSY Esta belleza de ojos oscuros con apariencia de ni\u00f1a buena y deseos sucios\" \/>\n<meta property=\"og:url\" content=\"https:\/\/demoweb.info\/sexshop001\/producto\/ariana-marie-masturbador-vagina-vainilla\/\" \/>\n<meta property=\"og:site_name\" content=\"Tienda Er\u00f3tica\" \/>\n<meta property=\"og:image\" content=\"https:\/\/demoweb.info\/sexshop001\/wp-content\/uploads\/2022\/01\/ARIANA-MARIE-MASTURBADOR-VAGINA-VAINILLA.jpg\" \/>\n\t<meta property=\"og:image:width\" content=\"550\" \/>\n\t<meta property=\"og:image:height\" content=\"550\" \/>\n\t<meta property=\"og:image:type\" content=\"image\/jpeg\" \/>\n<meta name=\"twitter:card\" content=\"summary_large_image\" \/>\n<meta name=\"twitter:label1\" content=\"Tiempo de lectura\" \/>\n\t<meta name=\"twitter:data1\" content=\"1 minuto\" \/>\n<script type=\"application\/ld+json\" class=\"yoast-schema-graph\">{\"@context\":\"https:\/\/schema.org\",\"@graph\":[{\"@type\":\"WebPage\",\"@id\":\"https:\/\/demoweb.info\/sexshop001\/producto\/ariana-marie-masturbador-vagina-vainilla\/\",\"url\":\"https:\/\/demoweb.info\/sexshop001\/producto\/ariana-marie-masturbador-vagina-vainilla\/\",\"name\":\"ARIANA MARIE - MASTURBADOR VAGINA - VAINILLA - Tienda Er\u00f3tica\",\"isPartOf\":{\"@id\":\"https:\/\/demoweb.info\/sexshop001\/#website\"},\"datePublished\":\"2022-01-22T19:49:20+00:00\",\"dateModified\":\"2022-01-22T19:49:20+00:00\",\"breadcrumb\":{\"@id\":\"https:\/\/demoweb.info\/sexshop001\/producto\/ariana-marie-masturbador-vagina-vainilla\/#breadcrumb\"},\"inLanguage\":\"es\",\"potentialAction\":[{\"@type\":\"ReadAction\",\"target\":[\"https:\/\/demoweb.info\/sexshop001\/producto\/ariana-marie-masturbador-vagina-vainilla\/\"]}]},{\"@type\":\"BreadcrumbList\",\"@id\":\"https:\/\/demoweb.info\/sexshop001\/producto\/ariana-marie-masturbador-vagina-vainilla\/#breadcrumb\",\"itemListElement\":[{\"@type\":\"ListItem\",\"position\":1,\"name\":\"Portada\",\"item\":\"https:\/\/demoweb.info\/sexshop001\/\"},{\"@type\":\"ListItem\",\"position\":2,\"name\":\"Tienda\",\"item\":\"https:\/\/demoweb.info\/sexshop001\/tienda\/\"},{\"@type\":\"ListItem\",\"position\":3,\"name\":\"ARIANA MARIE &#8211; MASTURBADOR VAGINA &#8211; VAINILLA\"}]},{\"@type\":\"WebSite\",\"@id\":\"https:\/\/demoweb.info\/sexshop001\/#website\",\"url\":\"https:\/\/demoweb.info\/sexshop001\/\",\"name\":\"Tienda Er\u00f3tica\",\"description\":\"DEMOWEB SL\",\"potentialAction\":[{\"@type\":\"SearchAction\",\"target\":{\"@type\":\"EntryPoint\",\"urlTemplate\":\"https:\/\/demoweb.info\/sexshop001\/?s={search_term_string}\"},\"query-input\":\"required name=search_term_string\"}],\"inLanguage\":\"es\"}]}<\/script>\n<!-- \/ Yoast SEO plugin. -->","yoast_head_json":{"title":"ARIANA MARIE - MASTURBADOR VAGINA - VAINILLA - Tienda Er\u00f3tica","robots":{"index":"noindex","follow":"follow","max-snippet":"max-snippet:-1","max-image-preview":"max-image-preview:large","max-video-preview":"max-video-preview:-1"},"og_locale":"es_ES","og_type":"article","og_title":"ARIANA MARIE - MASTURBADOR VAGINA - VAINILLA - Tienda Er\u00f3tica","og_description":"ARIANA MARIE &#8211; ULTRASKYN STROKER &#8211; PUSSY Esta belleza de ojos oscuros con apariencia de ni\u00f1a buena y deseos sucios","og_url":"https:\/\/demoweb.info\/sexshop001\/producto\/ariana-marie-masturbador-vagina-vainilla\/","og_site_name":"Tienda Er\u00f3tica","og_image":[{"width":550,"height":550,"url":"https:\/\/demoweb.info\/sexshop001\/wp-content\/uploads\/2022\/01\/ARIANA-MARIE-MASTURBADOR-VAGINA-VAINILLA.jpg","type":"image\/jpeg"}],"twitter_card":"summary_large_image","twitter_misc":{"Tiempo de lectura":"1 minuto"},"schema":{"@context":"https:\/\/schema.org","@graph":[{"@type":"WebPage","@id":"https:\/\/demoweb.info\/sexshop001\/producto\/ariana-marie-masturbador-vagina-vainilla\/","url":"https:\/\/demoweb.info\/sexshop001\/producto\/ariana-marie-masturbador-vagina-vainilla\/","name":"ARIANA MARIE - MASTURBADOR VAGINA - VAINILLA - Tienda Er\u00f3tica","isPartOf":{"@id":"https:\/\/demoweb.info\/sexshop001\/#website"},"datePublished":"2022-01-22T19:49:20+00:00","dateModified":"2022-01-22T19:49:20+00:00","breadcrumb":{"@id":"https:\/\/demoweb.info\/sexshop001\/producto\/ariana-marie-masturbador-vagina-vainilla\/#breadcrumb"},"inLanguage":"es","potentialAction":[{"@type":"ReadAction","target":["https:\/\/demoweb.info\/sexshop001\/producto\/ariana-marie-masturbador-vagina-vainilla\/"]}]},{"@type":"BreadcrumbList","@id":"https:\/\/demoweb.info\/sexshop001\/producto\/ariana-marie-masturbador-vagina-vainilla\/#breadcrumb","itemListElement":[{"@type":"ListItem","position":1,"name":"Portada","item":"https:\/\/demoweb.info\/sexshop001\/"},{"@type":"ListItem","position":2,"name":"Tienda","item":"https:\/\/demoweb.info\/sexshop001\/tienda\/"},{"@type":"ListItem","position":3,"name":"ARIANA MARIE &#8211; MASTURBADOR VAGINA &#8211; VAINILLA"}]},{"@type":"WebSite","@id":"https:\/\/demoweb.info\/sexshop001\/#website","url":"https:\/\/demoweb.info\/sexshop001\/","name":"Tienda Er\u00f3tica","description":"DEMOWEB SL","potentialAction":[{"@type":"SearchAction","target":{"@type":"EntryPoint","urlTemplate":"https:\/\/demoweb.info\/sexshop001\/?s={search_term_string}"},"query-input":"required name=search_term_string"}],"inLanguage":"es"}]}},"_links":{"self":[{"href":"https:\/\/demoweb.info\/sexshop001\/wp-json\/wp\/v3\/product\/71711","targetHints":{"allow":["GET"]}}],"collection":[{"href":"https:\/\/demoweb.info\/sexshop001\/wp-json\/wp\/v3\/product"}],"about":[{"href":"https:\/\/demoweb.info\/sexshop001\/wp-json\/wp\/v2\/types\/product"}],"replies":[{"embeddable":true,"href":"https:\/\/demoweb.info\/sexshop001\/wp-json\/wp\/v2\/comments?post=71711"}],"wp:featuredmedia":[{"embeddable":true,"href":"https:\/\/demoweb.info\/sexshop001\/wp-json\/wp\/v2\/media\/71712"}],"wp:attachment":[{"href":"https:\/\/demoweb.info\/sexshop001\/wp-json\/wp\/v2\/media?parent=71711"}],"wp:term":[{"taxonomy":"product_cat","embeddable":true,"href":"https:\/\/demoweb.info\/sexshop001\/wp-json\/wp\/v2\/product_cat?post=71711"},{"taxonomy":"product_tag","embeddable":true,"href":"https:\/\/demoweb.info\/sexshop001\/wp-json\/wp\/v2\/product_tag?post=71711"}],"curies":[{"name":"wp","href":"https:\/\/api.w.org\/{rel}","templated":true}]}}