{"id":71706,"date":"2022-01-22T20:48:48","date_gmt":"2022-01-22T19:48:48","guid":{"rendered":"https:\/\/demoweb.info\/sexshop001\/producto\/kit-dual-density-ultraskyn-vibrador-para-principiantes-chocolate\/"},"modified":"2022-01-22T20:49:15","modified_gmt":"2022-01-22T19:49:15","slug":"kit-dual-density-ultraskyn-vibrador-para-principiantes-chocolate","status":"publish","type":"product","link":"https:\/\/demoweb.info\/sexshop001\/producto\/kit-dual-density-ultraskyn-vibrador-para-principiantes-chocolate\/","title":{"rendered":"KIT DUAL DENSITY ULTRASKYN VIBRADOR PARA PRINCIPIANTES &#8211; CHOCOLATE"},"content":{"rendered":"<p><strong>VIBRATING DUAL DENSITY STARTER SET <\/strong><\/p>\n<p>Su experiencia perfecta con el cintur\u00f3n est\u00e1 asegurada con la l\u00ednea de lujo de Doc Johnson de juegos completos Vac-U-Lock Deluxe. El juego ULTRASKYN de doble densidad Vac-U-Lock es una inversi\u00f3n s\u00f3lida para actualizar o comenzar su colecci\u00f3n de accesorios con correa, que ofrece m\u00faltiples opciones en una caja a trav\u00e9s de un arn\u00e9s completo con juntas t\u00f3ricas extra\u00edbles, un Vac-U vibrador recargable de 7 funciones, un enchufe con control remoto, tres accesorios ULTRASKYN y una botella de lubricante a base de agua Mood.<\/p>\n<p>Estos accesorios de doble densidad realistas, un Dong delgado de 18 cm, un Dong espiral de 15 cm y un Dong texturizado de 14 cm, se calientan a la temperatura corporal con el uso y cuentan con un exterior suave que da paso a un n\u00facleo interno firme, recreando la sensaci\u00f3n de un pene erecto real. Los accesorios se pueden usar con el arn\u00e9s, la ventosa giratoria de 360&ordm; incluida y cualquier otro accesorio o arn\u00e9s en la l\u00ednea.<\/p>\n<p>El juego de inicio de doble densidad Vac-U-Lock tambi\u00e9n incluye el limpiador de juguetes naturales Doc Johnson y el polvo de refresco ULTRASKYN para mantener de manera adecuada e higi\u00e9nica sus accesorios ULTRASKYN de doble densidad. Cada producto en el sistema patentado Vac-U-Lock est\u00e1 dise\u00f1ado para ayudarlo a crear cualquier correa o juguete que desee, y es tan simple como colocar el accesorio que elija.<\/p>\n<p>Caracter\u00edsticas:<\/p>\n<ul>\n<li>7 velocidades<\/li>\n<li>Recargable con USB<\/li>\n<li>Tiempo de carga: 90 min<\/li>\n<li>Duraci\u00f3n de la carga: 120 min<\/li>\n<li>Resistente al agua<\/li>\n<li>Material: TPE<\/li>\n<\/ul>\n","protected":false},"excerpt":{"rendered":"<p>VIBRATING DUAL DENSITY STARTER SET Su experiencia perfecta con el cintur\u00f3n est\u00e1 asegurada con la l\u00ednea de lujo de Doc<\/p>\n","protected":false},"featured_media":71707,"comment_status":"open","ping_status":"open","template":"","meta":[],"product_cat":[1488],"product_tag":[460,794],"class_list":["post-71706","product","type-product","status-publish","has-post-thumbnail","hentry","product_cat-kits-arneses","product_tag-doc-johnson","product_tag-vac-u-lock"],"bundled_by":[],"bundle_stock_status":"instock","bundle_stock_quantity":2,"bundle_virtual":false,"bundle_layout":"","bundle_add_to_cart_form_location":"","bundle_editable_in_cart":false,"bundle_sold_individually_context":"","bundle_item_grouping":"","bundle_min_size":"","bundle_max_size":"","bundled_items":[],"yoast_head":"<!-- This site is optimized with the Yoast SEO plugin v20.6 - https:\/\/yoast.com\/wordpress\/plugins\/seo\/ -->\n<title>KIT DUAL DENSITY ULTRASKYN VIBRADOR PARA PRINCIPIANTES - CHOCOLATE - Tienda Er\u00f3tica<\/title>\n<meta name=\"robots\" content=\"noindex, follow, max-snippet:-1, max-image-preview:large, max-video-preview:-1\" \/>\n<meta property=\"og:locale\" content=\"es_ES\" \/>\n<meta property=\"og:type\" content=\"article\" \/>\n<meta property=\"og:title\" content=\"KIT DUAL DENSITY ULTRASKYN VIBRADOR PARA PRINCIPIANTES - CHOCOLATE - Tienda Er\u00f3tica\" \/>\n<meta property=\"og:description\" content=\"VIBRATING DUAL DENSITY STARTER SET Su experiencia perfecta con el cintur\u00f3n est\u00e1 asegurada con la l\u00ednea de lujo de Doc\" \/>\n<meta property=\"og:url\" content=\"https:\/\/demoweb.info\/sexshop001\/producto\/kit-dual-density-ultraskyn-vibrador-para-principiantes-chocolate\/\" \/>\n<meta property=\"og:site_name\" content=\"Tienda Er\u00f3tica\" \/>\n<meta property=\"article:modified_time\" content=\"2022-01-22T19:49:15+00:00\" \/>\n<meta property=\"og:image\" content=\"https:\/\/demoweb.info\/sexshop001\/wp-content\/uploads\/2022\/01\/KIT-DUAL-DENSITY-ULTRASKYN-VIBRADOR-PARA-PRINCIPIANTES-CHOCOLATE.jpg\" \/>\n\t<meta property=\"og:image:width\" content=\"550\" \/>\n\t<meta property=\"og:image:height\" content=\"550\" \/>\n\t<meta property=\"og:image:type\" content=\"image\/jpeg\" \/>\n<meta name=\"twitter:card\" content=\"summary_large_image\" \/>\n<meta name=\"twitter:label1\" content=\"Tiempo de lectura\" \/>\n\t<meta name=\"twitter:data1\" content=\"1 minuto\" \/>\n<script type=\"application\/ld+json\" class=\"yoast-schema-graph\">{\"@context\":\"https:\/\/schema.org\",\"@graph\":[{\"@type\":\"WebPage\",\"@id\":\"https:\/\/demoweb.info\/sexshop001\/producto\/kit-dual-density-ultraskyn-vibrador-para-principiantes-chocolate\/\",\"url\":\"https:\/\/demoweb.info\/sexshop001\/producto\/kit-dual-density-ultraskyn-vibrador-para-principiantes-chocolate\/\",\"name\":\"KIT DUAL DENSITY ULTRASKYN VIBRADOR PARA PRINCIPIANTES - CHOCOLATE - Tienda Er\u00f3tica\",\"isPartOf\":{\"@id\":\"https:\/\/demoweb.info\/sexshop001\/#website\"},\"datePublished\":\"2022-01-22T19:48:48+00:00\",\"dateModified\":\"2022-01-22T19:49:15+00:00\",\"breadcrumb\":{\"@id\":\"https:\/\/demoweb.info\/sexshop001\/producto\/kit-dual-density-ultraskyn-vibrador-para-principiantes-chocolate\/#breadcrumb\"},\"inLanguage\":\"es\",\"potentialAction\":[{\"@type\":\"ReadAction\",\"target\":[\"https:\/\/demoweb.info\/sexshop001\/producto\/kit-dual-density-ultraskyn-vibrador-para-principiantes-chocolate\/\"]}]},{\"@type\":\"BreadcrumbList\",\"@id\":\"https:\/\/demoweb.info\/sexshop001\/producto\/kit-dual-density-ultraskyn-vibrador-para-principiantes-chocolate\/#breadcrumb\",\"itemListElement\":[{\"@type\":\"ListItem\",\"position\":1,\"name\":\"Portada\",\"item\":\"https:\/\/demoweb.info\/sexshop001\/\"},{\"@type\":\"ListItem\",\"position\":2,\"name\":\"Tienda\",\"item\":\"https:\/\/demoweb.info\/sexshop001\/tienda\/\"},{\"@type\":\"ListItem\",\"position\":3,\"name\":\"KIT DUAL DENSITY ULTRASKYN VIBRADOR PARA PRINCIPIANTES &#8211; CHOCOLATE\"}]},{\"@type\":\"WebSite\",\"@id\":\"https:\/\/demoweb.info\/sexshop001\/#website\",\"url\":\"https:\/\/demoweb.info\/sexshop001\/\",\"name\":\"Tienda Er\u00f3tica\",\"description\":\"DEMOWEB SL\",\"potentialAction\":[{\"@type\":\"SearchAction\",\"target\":{\"@type\":\"EntryPoint\",\"urlTemplate\":\"https:\/\/demoweb.info\/sexshop001\/?s={search_term_string}\"},\"query-input\":\"required name=search_term_string\"}],\"inLanguage\":\"es\"}]}<\/script>\n<!-- \/ Yoast SEO plugin. -->","yoast_head_json":{"title":"KIT DUAL DENSITY ULTRASKYN VIBRADOR PARA PRINCIPIANTES - CHOCOLATE - Tienda Er\u00f3tica","robots":{"index":"noindex","follow":"follow","max-snippet":"max-snippet:-1","max-image-preview":"max-image-preview:large","max-video-preview":"max-video-preview:-1"},"og_locale":"es_ES","og_type":"article","og_title":"KIT DUAL DENSITY ULTRASKYN VIBRADOR PARA PRINCIPIANTES - CHOCOLATE - Tienda Er\u00f3tica","og_description":"VIBRATING DUAL DENSITY STARTER SET Su experiencia perfecta con el cintur\u00f3n est\u00e1 asegurada con la l\u00ednea de lujo de Doc","og_url":"https:\/\/demoweb.info\/sexshop001\/producto\/kit-dual-density-ultraskyn-vibrador-para-principiantes-chocolate\/","og_site_name":"Tienda Er\u00f3tica","article_modified_time":"2022-01-22T19:49:15+00:00","og_image":[{"width":550,"height":550,"url":"https:\/\/demoweb.info\/sexshop001\/wp-content\/uploads\/2022\/01\/KIT-DUAL-DENSITY-ULTRASKYN-VIBRADOR-PARA-PRINCIPIANTES-CHOCOLATE.jpg","type":"image\/jpeg"}],"twitter_card":"summary_large_image","twitter_misc":{"Tiempo de lectura":"1 minuto"},"schema":{"@context":"https:\/\/schema.org","@graph":[{"@type":"WebPage","@id":"https:\/\/demoweb.info\/sexshop001\/producto\/kit-dual-density-ultraskyn-vibrador-para-principiantes-chocolate\/","url":"https:\/\/demoweb.info\/sexshop001\/producto\/kit-dual-density-ultraskyn-vibrador-para-principiantes-chocolate\/","name":"KIT DUAL DENSITY ULTRASKYN VIBRADOR PARA PRINCIPIANTES - CHOCOLATE - Tienda Er\u00f3tica","isPartOf":{"@id":"https:\/\/demoweb.info\/sexshop001\/#website"},"datePublished":"2022-01-22T19:48:48+00:00","dateModified":"2022-01-22T19:49:15+00:00","breadcrumb":{"@id":"https:\/\/demoweb.info\/sexshop001\/producto\/kit-dual-density-ultraskyn-vibrador-para-principiantes-chocolate\/#breadcrumb"},"inLanguage":"es","potentialAction":[{"@type":"ReadAction","target":["https:\/\/demoweb.info\/sexshop001\/producto\/kit-dual-density-ultraskyn-vibrador-para-principiantes-chocolate\/"]}]},{"@type":"BreadcrumbList","@id":"https:\/\/demoweb.info\/sexshop001\/producto\/kit-dual-density-ultraskyn-vibrador-para-principiantes-chocolate\/#breadcrumb","itemListElement":[{"@type":"ListItem","position":1,"name":"Portada","item":"https:\/\/demoweb.info\/sexshop001\/"},{"@type":"ListItem","position":2,"name":"Tienda","item":"https:\/\/demoweb.info\/sexshop001\/tienda\/"},{"@type":"ListItem","position":3,"name":"KIT DUAL DENSITY ULTRASKYN VIBRADOR PARA PRINCIPIANTES &#8211; CHOCOLATE"}]},{"@type":"WebSite","@id":"https:\/\/demoweb.info\/sexshop001\/#website","url":"https:\/\/demoweb.info\/sexshop001\/","name":"Tienda Er\u00f3tica","description":"DEMOWEB SL","potentialAction":[{"@type":"SearchAction","target":{"@type":"EntryPoint","urlTemplate":"https:\/\/demoweb.info\/sexshop001\/?s={search_term_string}"},"query-input":"required name=search_term_string"}],"inLanguage":"es"}]}},"_links":{"self":[{"href":"https:\/\/demoweb.info\/sexshop001\/wp-json\/wp\/v3\/product\/71706","targetHints":{"allow":["GET"]}}],"collection":[{"href":"https:\/\/demoweb.info\/sexshop001\/wp-json\/wp\/v3\/product"}],"about":[{"href":"https:\/\/demoweb.info\/sexshop001\/wp-json\/wp\/v2\/types\/product"}],"replies":[{"embeddable":true,"href":"https:\/\/demoweb.info\/sexshop001\/wp-json\/wp\/v2\/comments?post=71706"}],"wp:featuredmedia":[{"embeddable":true,"href":"https:\/\/demoweb.info\/sexshop001\/wp-json\/wp\/v2\/media\/71707"}],"wp:attachment":[{"href":"https:\/\/demoweb.info\/sexshop001\/wp-json\/wp\/v2\/media?parent=71706"}],"wp:term":[{"taxonomy":"product_cat","embeddable":true,"href":"https:\/\/demoweb.info\/sexshop001\/wp-json\/wp\/v2\/product_cat?post=71706"},{"taxonomy":"product_tag","embeddable":true,"href":"https:\/\/demoweb.info\/sexshop001\/wp-json\/wp\/v2\/product_tag?post=71706"}],"curies":[{"name":"wp","href":"https:\/\/api.w.org\/{rel}","templated":true}]}}