{"id":71630,"date":"2022-01-22T20:48:16","date_gmt":"2022-01-22T19:48:16","guid":{"rendered":"https:\/\/demoweb.info\/sexshop001\/producto\/wand-pearl-negro\/"},"modified":"2022-01-22T20:48:16","modified_gmt":"2022-01-22T19:48:16","slug":"wand-pearl-negro","status":"publish","type":"product","link":"https:\/\/demoweb.info\/sexshop001\/producto\/wand-pearl-negro\/","title":{"rendered":"WAND &#8211; PEARL &#8211; NEGRO"},"content":{"rendered":"<p><strong>WAND &#8211; PEARL <\/strong><\/p>\n<p>La Varita Vibradora DISCRETION es tan silenciosa como un secreto a menos de 50 dB mientras que entrega un fuerte golpe org\u00e1smico cuando lo necesitas.<\/p>\n<p>Tiene un motor de nueva generaci\u00f3n F1 tiene 10 modos diferentes para escoger que llega hasta unas impresionantes 8500 rpm en la cabeza punzante para que tengas una estimulaci\u00f3n extra del cl\u00edtoris.<\/p>\n<p>Tiene un hermoso bot\u00f3n en forma de diamante que se encuentra en el fondo del juguete, a\u00f1adi\u00e9ndole un toque extra de elegancia encaja como un guante en una discreta caja con una salida USB, d\u00e1ndole 60 minutos de un gran placer con una sola carga. Cable incluido.<\/p>\n<p>Caracter\u00edsticas:<\/p>\n<ul>\n<li>Dimensiones del producto: 20 x 4,2 x 4,2 cm<\/li>\n<li>Peso del producto: 185,00 gramos<\/li>\n<li>Di\u00e1metro del producto: 4,2 cm<\/li>\n<li>Cantidad de motores: 1<\/li>\n<li>Rotaciones:  8500 RPM<\/li>\n<li>Tipos de velocidad: 10<\/li>\n<li>Nivel de ruido: 50 dB<\/li>\n<li>Recargable:  S\u00ed<\/li>\n<li>Tiempo de recarga: 120 min<\/li>\n<li>Vida de la recarga de las bater\u00edas: 60 min<\/li>\n<li>A prueba de agua: S\u00ed<\/li>\n<li>Materiales: Medical Grade Silicone, ABS<\/li>\n<\/ul>\n","protected":false},"excerpt":{"rendered":"<p>WAND &#8211; PEARL La Varita Vibradora DISCRETION es tan silenciosa como un secreto a menos de 50 dB mientras que<\/p>\n","protected":false},"featured_media":71631,"comment_status":"open","ping_status":"open","template":"","meta":[],"product_cat":[315],"product_tag":[1694,302],"class_list":["post-71630","product","type-product","status-publish","has-post-thumbnail","hentry","product_cat-silicona-vibradores-juguetes-xxx","product_tag-discretion","product_tag-shots"],"bundled_by":[],"bundle_stock_status":"instock","bundle_stock_quantity":3,"bundle_virtual":false,"bundle_layout":"","bundle_add_to_cart_form_location":"","bundle_editable_in_cart":false,"bundle_sold_individually_context":"","bundle_item_grouping":"","bundle_min_size":"","bundle_max_size":"","bundled_items":[],"yoast_head":"<!-- This site is optimized with the Yoast SEO plugin v20.6 - https:\/\/yoast.com\/wordpress\/plugins\/seo\/ -->\n<title>WAND - PEARL - NEGRO - Tienda Er\u00f3tica<\/title>\n<meta name=\"robots\" content=\"noindex, follow, max-snippet:-1, max-image-preview:large, max-video-preview:-1\" \/>\n<meta property=\"og:locale\" content=\"es_ES\" \/>\n<meta property=\"og:type\" content=\"article\" \/>\n<meta property=\"og:title\" content=\"WAND - PEARL - NEGRO - Tienda Er\u00f3tica\" \/>\n<meta property=\"og:description\" content=\"WAND &#8211; PEARL La Varita Vibradora DISCRETION es tan silenciosa como un secreto a menos de 50 dB mientras que\" \/>\n<meta property=\"og:url\" content=\"https:\/\/demoweb.info\/sexshop001\/producto\/wand-pearl-negro\/\" \/>\n<meta property=\"og:site_name\" content=\"Tienda Er\u00f3tica\" \/>\n<meta property=\"og:image\" content=\"https:\/\/demoweb.info\/sexshop001\/wp-content\/uploads\/2022\/01\/WAND-PEARL-NEGRO.jpg\" \/>\n\t<meta property=\"og:image:width\" content=\"550\" \/>\n\t<meta property=\"og:image:height\" content=\"550\" \/>\n\t<meta property=\"og:image:type\" content=\"image\/jpeg\" \/>\n<meta name=\"twitter:card\" content=\"summary_large_image\" \/>\n<meta name=\"twitter:label1\" content=\"Tiempo de lectura\" \/>\n\t<meta name=\"twitter:data1\" content=\"1 minuto\" \/>\n<script type=\"application\/ld+json\" class=\"yoast-schema-graph\">{\"@context\":\"https:\/\/schema.org\",\"@graph\":[{\"@type\":\"WebPage\",\"@id\":\"https:\/\/demoweb.info\/sexshop001\/producto\/wand-pearl-negro\/\",\"url\":\"https:\/\/demoweb.info\/sexshop001\/producto\/wand-pearl-negro\/\",\"name\":\"WAND - PEARL - NEGRO - Tienda Er\u00f3tica\",\"isPartOf\":{\"@id\":\"https:\/\/demoweb.info\/sexshop001\/#website\"},\"datePublished\":\"2022-01-22T19:48:16+00:00\",\"dateModified\":\"2022-01-22T19:48:16+00:00\",\"breadcrumb\":{\"@id\":\"https:\/\/demoweb.info\/sexshop001\/producto\/wand-pearl-negro\/#breadcrumb\"},\"inLanguage\":\"es\",\"potentialAction\":[{\"@type\":\"ReadAction\",\"target\":[\"https:\/\/demoweb.info\/sexshop001\/producto\/wand-pearl-negro\/\"]}]},{\"@type\":\"BreadcrumbList\",\"@id\":\"https:\/\/demoweb.info\/sexshop001\/producto\/wand-pearl-negro\/#breadcrumb\",\"itemListElement\":[{\"@type\":\"ListItem\",\"position\":1,\"name\":\"Portada\",\"item\":\"https:\/\/demoweb.info\/sexshop001\/\"},{\"@type\":\"ListItem\",\"position\":2,\"name\":\"Tienda\",\"item\":\"https:\/\/demoweb.info\/sexshop001\/tienda\/\"},{\"@type\":\"ListItem\",\"position\":3,\"name\":\"WAND &#8211; PEARL &#8211; NEGRO\"}]},{\"@type\":\"WebSite\",\"@id\":\"https:\/\/demoweb.info\/sexshop001\/#website\",\"url\":\"https:\/\/demoweb.info\/sexshop001\/\",\"name\":\"Tienda Er\u00f3tica\",\"description\":\"DEMOWEB SL\",\"potentialAction\":[{\"@type\":\"SearchAction\",\"target\":{\"@type\":\"EntryPoint\",\"urlTemplate\":\"https:\/\/demoweb.info\/sexshop001\/?s={search_term_string}\"},\"query-input\":\"required name=search_term_string\"}],\"inLanguage\":\"es\"}]}<\/script>\n<!-- \/ Yoast SEO plugin. -->","yoast_head_json":{"title":"WAND - PEARL - NEGRO - Tienda Er\u00f3tica","robots":{"index":"noindex","follow":"follow","max-snippet":"max-snippet:-1","max-image-preview":"max-image-preview:large","max-video-preview":"max-video-preview:-1"},"og_locale":"es_ES","og_type":"article","og_title":"WAND - PEARL - NEGRO - Tienda Er\u00f3tica","og_description":"WAND &#8211; PEARL La Varita Vibradora DISCRETION es tan silenciosa como un secreto a menos de 50 dB mientras que","og_url":"https:\/\/demoweb.info\/sexshop001\/producto\/wand-pearl-negro\/","og_site_name":"Tienda Er\u00f3tica","og_image":[{"width":550,"height":550,"url":"https:\/\/demoweb.info\/sexshop001\/wp-content\/uploads\/2022\/01\/WAND-PEARL-NEGRO.jpg","type":"image\/jpeg"}],"twitter_card":"summary_large_image","twitter_misc":{"Tiempo de lectura":"1 minuto"},"schema":{"@context":"https:\/\/schema.org","@graph":[{"@type":"WebPage","@id":"https:\/\/demoweb.info\/sexshop001\/producto\/wand-pearl-negro\/","url":"https:\/\/demoweb.info\/sexshop001\/producto\/wand-pearl-negro\/","name":"WAND - PEARL - NEGRO - Tienda Er\u00f3tica","isPartOf":{"@id":"https:\/\/demoweb.info\/sexshop001\/#website"},"datePublished":"2022-01-22T19:48:16+00:00","dateModified":"2022-01-22T19:48:16+00:00","breadcrumb":{"@id":"https:\/\/demoweb.info\/sexshop001\/producto\/wand-pearl-negro\/#breadcrumb"},"inLanguage":"es","potentialAction":[{"@type":"ReadAction","target":["https:\/\/demoweb.info\/sexshop001\/producto\/wand-pearl-negro\/"]}]},{"@type":"BreadcrumbList","@id":"https:\/\/demoweb.info\/sexshop001\/producto\/wand-pearl-negro\/#breadcrumb","itemListElement":[{"@type":"ListItem","position":1,"name":"Portada","item":"https:\/\/demoweb.info\/sexshop001\/"},{"@type":"ListItem","position":2,"name":"Tienda","item":"https:\/\/demoweb.info\/sexshop001\/tienda\/"},{"@type":"ListItem","position":3,"name":"WAND &#8211; PEARL &#8211; NEGRO"}]},{"@type":"WebSite","@id":"https:\/\/demoweb.info\/sexshop001\/#website","url":"https:\/\/demoweb.info\/sexshop001\/","name":"Tienda Er\u00f3tica","description":"DEMOWEB SL","potentialAction":[{"@type":"SearchAction","target":{"@type":"EntryPoint","urlTemplate":"https:\/\/demoweb.info\/sexshop001\/?s={search_term_string}"},"query-input":"required name=search_term_string"}],"inLanguage":"es"}]}},"_links":{"self":[{"href":"https:\/\/demoweb.info\/sexshop001\/wp-json\/wp\/v3\/product\/71630","targetHints":{"allow":["GET"]}}],"collection":[{"href":"https:\/\/demoweb.info\/sexshop001\/wp-json\/wp\/v3\/product"}],"about":[{"href":"https:\/\/demoweb.info\/sexshop001\/wp-json\/wp\/v2\/types\/product"}],"replies":[{"embeddable":true,"href":"https:\/\/demoweb.info\/sexshop001\/wp-json\/wp\/v2\/comments?post=71630"}],"wp:featuredmedia":[{"embeddable":true,"href":"https:\/\/demoweb.info\/sexshop001\/wp-json\/wp\/v2\/media\/71631"}],"wp:attachment":[{"href":"https:\/\/demoweb.info\/sexshop001\/wp-json\/wp\/v2\/media?parent=71630"}],"wp:term":[{"taxonomy":"product_cat","embeddable":true,"href":"https:\/\/demoweb.info\/sexshop001\/wp-json\/wp\/v2\/product_cat?post=71630"},{"taxonomy":"product_tag","embeddable":true,"href":"https:\/\/demoweb.info\/sexshop001\/wp-json\/wp\/v2\/product_tag?post=71630"}],"curies":[{"name":"wp","href":"https:\/\/api.w.org\/{rel}","templated":true}]}}