{"id":71625,"date":"2022-01-22T20:47:43","date_gmt":"2022-01-22T19:47:43","guid":{"rendered":"https:\/\/demoweb.info\/sexshop001\/producto\/penis-extender-alargamiento-de-pene-blanco\/"},"modified":"2022-01-22T20:48:11","modified_gmt":"2022-01-22T19:48:11","slug":"penis-extender-alargamiento-de-pene-blanco","status":"publish","type":"product","link":"https:\/\/demoweb.info\/sexshop001\/producto\/penis-extender-alargamiento-de-pene-blanco\/","title":{"rendered":"PENIS EXTENDER ALARGAMIENTO DE PENE BLANCO"},"content":{"rendered":"<p><strong>PENIS EXTENDER WHITE<\/strong><\/p>\n<p>\u00a1El tama\u00f1o s\u00ed importa! \u00bfObtenga resultados permanentes con este extensor para el pene bombeado!<\/p>\n<p>Este extensor para el pene aumenta tanto la longitud como el grosor al usar la tracci\u00f3n de sus resortes de soporte hechos de acero para ayudar al cuerpo con su habilidad de cambiar y desarrollar bajo una influencia f\u00edsica. Si algunos de ellos penetran en un estiramiento constante, las c\u00e9lulas comenzar\u00e1n a dividirse y multiplicarse, adem\u00e1s de aumentar la masa del tejido.<\/p>\n<p>Tiene un c\u00f3modo dise\u00f1o que se ajusta a todas las medidas y su nueva generaci\u00f3n de tecnolog\u00edas de carga deslizante hace que el extensor bombeado para el pene sea m\u00e1s sencillo y f\u00e1cil de usar que cualquier otro extensor que haya existido. \u00a1Ideal para hombres que desean aumentar la longitud y el grosor del pene! S\u00f3lo debe ser usado por mayores de 18 a\u00f1os.<\/p>\n<p>El extensor bombeado para el pene puede ser usado hasta por nueve horas al d\u00eda, pero se recomienda tener descansos cada dos horas, especialmente cuando se usa el producto por primera vez.<\/p>\n<ul>\n<li>Dimensiones del producto 21 x 5,9 x 6,7 cm<\/li>\n<li>Peso del producto 125,00 gram<\/li>\n<li>Di\u00e1metro del producto 5,8 cm<\/li>\n<li>Di\u00e1metro interno 3,5 cm<\/li>\n<li>A prueba de salpicaduras S\u00ed<\/li>\n<li>Libre de ftalato S\u00ed<\/li>\n<li>Materiales ABS, Silicone<\/li>\n<\/ul>\n","protected":false},"excerpt":{"rendered":"<p>PENIS EXTENDER WHITE \u00a1El tama\u00f1o s\u00ed importa! \u00bfObtenga resultados permanentes con este extensor para el pene bombeado! Este extensor para<\/p>\n","protected":false},"featured_media":71626,"comment_status":"open","ping_status":"open","template":"","meta":[],"product_cat":[985],"product_tag":[768,302],"class_list":["post-71625","product","type-product","status-publish","has-post-thumbnail","hentry","product_cat-extensores","product_tag-pumped","product_tag-shots"],"bundled_by":[],"bundle_stock_status":"instock","bundle_stock_quantity":15,"bundle_virtual":false,"bundle_layout":"","bundle_add_to_cart_form_location":"","bundle_editable_in_cart":false,"bundle_sold_individually_context":"","bundle_item_grouping":"","bundle_min_size":"","bundle_max_size":"","bundled_items":[],"yoast_head":"<!-- This site is optimized with the Yoast SEO plugin v20.6 - https:\/\/yoast.com\/wordpress\/plugins\/seo\/ -->\n<title>PENIS EXTENDER ALARGAMIENTO DE PENE BLANCO - Tienda Er\u00f3tica<\/title>\n<meta name=\"robots\" content=\"noindex, follow, max-snippet:-1, max-image-preview:large, max-video-preview:-1\" \/>\n<meta property=\"og:locale\" content=\"es_ES\" \/>\n<meta property=\"og:type\" content=\"article\" \/>\n<meta property=\"og:title\" content=\"PENIS EXTENDER ALARGAMIENTO DE PENE BLANCO - Tienda Er\u00f3tica\" \/>\n<meta property=\"og:description\" content=\"PENIS EXTENDER WHITE \u00a1El tama\u00f1o s\u00ed importa! \u00bfObtenga resultados permanentes con este extensor para el pene bombeado! Este extensor para\" \/>\n<meta property=\"og:url\" content=\"https:\/\/demoweb.info\/sexshop001\/producto\/penis-extender-alargamiento-de-pene-blanco\/\" \/>\n<meta property=\"og:site_name\" content=\"Tienda Er\u00f3tica\" \/>\n<meta property=\"article:modified_time\" content=\"2022-01-22T19:48:11+00:00\" \/>\n<meta property=\"og:image\" content=\"https:\/\/demoweb.info\/sexshop001\/wp-content\/uploads\/2022\/01\/PENIS-EXTENDER-ALARGAMIENTO-DE-PENE-BLANCO.jpg\" \/>\n\t<meta property=\"og:image:width\" content=\"550\" \/>\n\t<meta property=\"og:image:height\" content=\"550\" \/>\n\t<meta property=\"og:image:type\" content=\"image\/jpeg\" \/>\n<meta name=\"twitter:card\" content=\"summary_large_image\" \/>\n<meta name=\"twitter:label1\" content=\"Tiempo de lectura\" \/>\n\t<meta name=\"twitter:data1\" content=\"1 minuto\" \/>\n<script type=\"application\/ld+json\" class=\"yoast-schema-graph\">{\"@context\":\"https:\/\/schema.org\",\"@graph\":[{\"@type\":\"WebPage\",\"@id\":\"https:\/\/demoweb.info\/sexshop001\/producto\/penis-extender-alargamiento-de-pene-blanco\/\",\"url\":\"https:\/\/demoweb.info\/sexshop001\/producto\/penis-extender-alargamiento-de-pene-blanco\/\",\"name\":\"PENIS EXTENDER ALARGAMIENTO DE PENE BLANCO - Tienda Er\u00f3tica\",\"isPartOf\":{\"@id\":\"https:\/\/demoweb.info\/sexshop001\/#website\"},\"datePublished\":\"2022-01-22T19:47:43+00:00\",\"dateModified\":\"2022-01-22T19:48:11+00:00\",\"breadcrumb\":{\"@id\":\"https:\/\/demoweb.info\/sexshop001\/producto\/penis-extender-alargamiento-de-pene-blanco\/#breadcrumb\"},\"inLanguage\":\"es\",\"potentialAction\":[{\"@type\":\"ReadAction\",\"target\":[\"https:\/\/demoweb.info\/sexshop001\/producto\/penis-extender-alargamiento-de-pene-blanco\/\"]}]},{\"@type\":\"BreadcrumbList\",\"@id\":\"https:\/\/demoweb.info\/sexshop001\/producto\/penis-extender-alargamiento-de-pene-blanco\/#breadcrumb\",\"itemListElement\":[{\"@type\":\"ListItem\",\"position\":1,\"name\":\"Portada\",\"item\":\"https:\/\/demoweb.info\/sexshop001\/\"},{\"@type\":\"ListItem\",\"position\":2,\"name\":\"Tienda\",\"item\":\"https:\/\/demoweb.info\/sexshop001\/tienda\/\"},{\"@type\":\"ListItem\",\"position\":3,\"name\":\"PENIS EXTENDER ALARGAMIENTO DE PENE BLANCO\"}]},{\"@type\":\"WebSite\",\"@id\":\"https:\/\/demoweb.info\/sexshop001\/#website\",\"url\":\"https:\/\/demoweb.info\/sexshop001\/\",\"name\":\"Tienda Er\u00f3tica\",\"description\":\"DEMOWEB SL\",\"potentialAction\":[{\"@type\":\"SearchAction\",\"target\":{\"@type\":\"EntryPoint\",\"urlTemplate\":\"https:\/\/demoweb.info\/sexshop001\/?s={search_term_string}\"},\"query-input\":\"required name=search_term_string\"}],\"inLanguage\":\"es\"}]}<\/script>\n<!-- \/ Yoast SEO plugin. -->","yoast_head_json":{"title":"PENIS EXTENDER ALARGAMIENTO DE PENE BLANCO - Tienda Er\u00f3tica","robots":{"index":"noindex","follow":"follow","max-snippet":"max-snippet:-1","max-image-preview":"max-image-preview:large","max-video-preview":"max-video-preview:-1"},"og_locale":"es_ES","og_type":"article","og_title":"PENIS EXTENDER ALARGAMIENTO DE PENE BLANCO - Tienda Er\u00f3tica","og_description":"PENIS EXTENDER WHITE \u00a1El tama\u00f1o s\u00ed importa! \u00bfObtenga resultados permanentes con este extensor para el pene bombeado! Este extensor para","og_url":"https:\/\/demoweb.info\/sexshop001\/producto\/penis-extender-alargamiento-de-pene-blanco\/","og_site_name":"Tienda Er\u00f3tica","article_modified_time":"2022-01-22T19:48:11+00:00","og_image":[{"width":550,"height":550,"url":"https:\/\/demoweb.info\/sexshop001\/wp-content\/uploads\/2022\/01\/PENIS-EXTENDER-ALARGAMIENTO-DE-PENE-BLANCO.jpg","type":"image\/jpeg"}],"twitter_card":"summary_large_image","twitter_misc":{"Tiempo de lectura":"1 minuto"},"schema":{"@context":"https:\/\/schema.org","@graph":[{"@type":"WebPage","@id":"https:\/\/demoweb.info\/sexshop001\/producto\/penis-extender-alargamiento-de-pene-blanco\/","url":"https:\/\/demoweb.info\/sexshop001\/producto\/penis-extender-alargamiento-de-pene-blanco\/","name":"PENIS EXTENDER ALARGAMIENTO DE PENE BLANCO - Tienda Er\u00f3tica","isPartOf":{"@id":"https:\/\/demoweb.info\/sexshop001\/#website"},"datePublished":"2022-01-22T19:47:43+00:00","dateModified":"2022-01-22T19:48:11+00:00","breadcrumb":{"@id":"https:\/\/demoweb.info\/sexshop001\/producto\/penis-extender-alargamiento-de-pene-blanco\/#breadcrumb"},"inLanguage":"es","potentialAction":[{"@type":"ReadAction","target":["https:\/\/demoweb.info\/sexshop001\/producto\/penis-extender-alargamiento-de-pene-blanco\/"]}]},{"@type":"BreadcrumbList","@id":"https:\/\/demoweb.info\/sexshop001\/producto\/penis-extender-alargamiento-de-pene-blanco\/#breadcrumb","itemListElement":[{"@type":"ListItem","position":1,"name":"Portada","item":"https:\/\/demoweb.info\/sexshop001\/"},{"@type":"ListItem","position":2,"name":"Tienda","item":"https:\/\/demoweb.info\/sexshop001\/tienda\/"},{"@type":"ListItem","position":3,"name":"PENIS EXTENDER ALARGAMIENTO DE PENE BLANCO"}]},{"@type":"WebSite","@id":"https:\/\/demoweb.info\/sexshop001\/#website","url":"https:\/\/demoweb.info\/sexshop001\/","name":"Tienda Er\u00f3tica","description":"DEMOWEB SL","potentialAction":[{"@type":"SearchAction","target":{"@type":"EntryPoint","urlTemplate":"https:\/\/demoweb.info\/sexshop001\/?s={search_term_string}"},"query-input":"required name=search_term_string"}],"inLanguage":"es"}]}},"_links":{"self":[{"href":"https:\/\/demoweb.info\/sexshop001\/wp-json\/wp\/v3\/product\/71625","targetHints":{"allow":["GET"]}}],"collection":[{"href":"https:\/\/demoweb.info\/sexshop001\/wp-json\/wp\/v3\/product"}],"about":[{"href":"https:\/\/demoweb.info\/sexshop001\/wp-json\/wp\/v2\/types\/product"}],"replies":[{"embeddable":true,"href":"https:\/\/demoweb.info\/sexshop001\/wp-json\/wp\/v2\/comments?post=71625"}],"wp:featuredmedia":[{"embeddable":true,"href":"https:\/\/demoweb.info\/sexshop001\/wp-json\/wp\/v2\/media\/71626"}],"wp:attachment":[{"href":"https:\/\/demoweb.info\/sexshop001\/wp-json\/wp\/v2\/media?parent=71625"}],"wp:term":[{"taxonomy":"product_cat","embeddable":true,"href":"https:\/\/demoweb.info\/sexshop001\/wp-json\/wp\/v2\/product_cat?post=71625"},{"taxonomy":"product_tag","embeddable":true,"href":"https:\/\/demoweb.info\/sexshop001\/wp-json\/wp\/v2\/product_tag?post=71625"}],"curies":[{"name":"wp","href":"https:\/\/api.w.org\/{rel}","templated":true}]}}