{"id":71603,"date":"2022-01-22T20:47:43","date_gmt":"2022-01-22T19:47:43","guid":{"rendered":"https:\/\/demoweb.info\/sexshop001\/producto\/succionador-de-vagina-rosa-2\/"},"modified":"2022-01-22T20:47:54","modified_gmt":"2022-01-22T19:47:54","slug":"succionador-de-vagina-rosa-2","status":"publish","type":"product","link":"https:\/\/demoweb.info\/sexshop001\/producto\/succionador-de-vagina-rosa-2\/","title":{"rendered":"SUCCIONADOR DE VAGINA &#8211; ROSA"},"content":{"rendered":"<p><strong>PUSSY PUMP <\/strong><\/p>\n<p>Usa esta bomba para incrementar el flujo sangu\u00edneo sobre tus zonas m\u00e1s sensibles. Simplemente ajusta el cilindro para que puedas obtener un sello justo alrededor de tu \u00e1rea vaginal. Se requerir\u00e1 un alto nivel de presi\u00f3n para que ob-tengas un buen sello. Tambi\u00e9n recomendamos un lubricante a base de agua para ayudarte a crear ese sello necesario para obtener un bombeo exitoso.<\/p>\n<p>Cilindro f\u00e1cil de ubicar sobre la zona er\u00f3gena deseada y aprieta la bomba para llevar la sangre hacia el \u00e1rea. Sentir\u00e1s succi\u00f3n a medida que tu cl\u00edtoris aumente temporalmente en tama\u00f1o y sensibilidad. Puedes liberar la presi\u00f3n en el cilindro presionando la v\u00e1lvula de liberaci\u00f3n f\u00e1cil en la bombilla. Tambi\u00e9n puede separar el cilindro de acr\u00edlico de grado industrial de la bomba con un sencillo sistema de clip, dejando su cl\u00edtoris aspirado en el cilindro. El juego viene con 1 copa para la vagina, 1 manguera y 1 bomba manual. Compatibles con todo tipo de lubricantes.<\/p>\n<p>Caracter\u00edsticas:<\/p>\n<ul>\n<li>Di\u00e1metro: 8 cm<\/li>\n<li>Di\u00e1metro interno: 6,1 cm<\/li>\n<li>Longitud insertable: 4,5 cm<\/li>\n<li>Longitud entre la manguera y la copa: 26 cm<\/li>\n<\/ul>\n","protected":false},"excerpt":{"rendered":"<p>PUSSY PUMP Usa esta bomba para incrementar el flujo sangu\u00edneo sobre tus zonas m\u00e1s sensibles. Simplemente ajusta el cilindro para<\/p>\n","protected":false},"featured_media":71604,"comment_status":"open","ping_status":"open","template":"","meta":[],"product_cat":[405],"product_tag":[768,302],"class_list":["post-71603","product","type-product","status-publish","has-post-thumbnail","hentry","product_cat-succionadores","product_tag-pumped","product_tag-shots"],"bundled_by":[],"bundle_stock_status":"instock","bundle_stock_quantity":4,"bundle_virtual":false,"bundle_layout":"","bundle_add_to_cart_form_location":"","bundle_editable_in_cart":false,"bundle_sold_individually_context":"","bundle_item_grouping":"","bundle_min_size":"","bundle_max_size":"","bundled_items":[],"yoast_head":"<!-- This site is optimized with the Yoast SEO plugin v20.6 - https:\/\/yoast.com\/wordpress\/plugins\/seo\/ -->\n<title>SUCCIONADOR DE VAGINA - ROSA - Tienda Er\u00f3tica<\/title>\n<meta name=\"robots\" content=\"noindex, follow, max-snippet:-1, max-image-preview:large, max-video-preview:-1\" \/>\n<meta property=\"og:locale\" content=\"es_ES\" \/>\n<meta property=\"og:type\" content=\"article\" \/>\n<meta property=\"og:title\" content=\"SUCCIONADOR DE VAGINA - ROSA - Tienda Er\u00f3tica\" \/>\n<meta property=\"og:description\" content=\"PUSSY PUMP Usa esta bomba para incrementar el flujo sangu\u00edneo sobre tus zonas m\u00e1s sensibles. Simplemente ajusta el cilindro para\" \/>\n<meta property=\"og:url\" content=\"https:\/\/demoweb.info\/sexshop001\/producto\/succionador-de-vagina-rosa-2\/\" \/>\n<meta property=\"og:site_name\" content=\"Tienda Er\u00f3tica\" \/>\n<meta property=\"article:modified_time\" content=\"2022-01-22T19:47:54+00:00\" \/>\n<meta property=\"og:image\" content=\"https:\/\/demoweb.info\/sexshop001\/wp-content\/uploads\/2022\/01\/SUCCIONADOR-DE-VAGINA-ROSA-4.jpg\" \/>\n\t<meta property=\"og:image:width\" content=\"550\" \/>\n\t<meta property=\"og:image:height\" content=\"550\" \/>\n\t<meta property=\"og:image:type\" content=\"image\/jpeg\" \/>\n<meta name=\"twitter:card\" content=\"summary_large_image\" \/>\n<meta name=\"twitter:label1\" content=\"Tiempo de lectura\" \/>\n\t<meta name=\"twitter:data1\" content=\"1 minuto\" \/>\n<script type=\"application\/ld+json\" class=\"yoast-schema-graph\">{\"@context\":\"https:\/\/schema.org\",\"@graph\":[{\"@type\":\"WebPage\",\"@id\":\"https:\/\/demoweb.info\/sexshop001\/producto\/succionador-de-vagina-rosa-2\/\",\"url\":\"https:\/\/demoweb.info\/sexshop001\/producto\/succionador-de-vagina-rosa-2\/\",\"name\":\"SUCCIONADOR DE VAGINA - ROSA - Tienda Er\u00f3tica\",\"isPartOf\":{\"@id\":\"https:\/\/demoweb.info\/sexshop001\/#website\"},\"datePublished\":\"2022-01-22T19:47:43+00:00\",\"dateModified\":\"2022-01-22T19:47:54+00:00\",\"breadcrumb\":{\"@id\":\"https:\/\/demoweb.info\/sexshop001\/producto\/succionador-de-vagina-rosa-2\/#breadcrumb\"},\"inLanguage\":\"es\",\"potentialAction\":[{\"@type\":\"ReadAction\",\"target\":[\"https:\/\/demoweb.info\/sexshop001\/producto\/succionador-de-vagina-rosa-2\/\"]}]},{\"@type\":\"BreadcrumbList\",\"@id\":\"https:\/\/demoweb.info\/sexshop001\/producto\/succionador-de-vagina-rosa-2\/#breadcrumb\",\"itemListElement\":[{\"@type\":\"ListItem\",\"position\":1,\"name\":\"Portada\",\"item\":\"https:\/\/demoweb.info\/sexshop001\/\"},{\"@type\":\"ListItem\",\"position\":2,\"name\":\"Tienda\",\"item\":\"https:\/\/demoweb.info\/sexshop001\/tienda\/\"},{\"@type\":\"ListItem\",\"position\":3,\"name\":\"SUCCIONADOR DE VAGINA &#8211; ROSA\"}]},{\"@type\":\"WebSite\",\"@id\":\"https:\/\/demoweb.info\/sexshop001\/#website\",\"url\":\"https:\/\/demoweb.info\/sexshop001\/\",\"name\":\"Tienda Er\u00f3tica\",\"description\":\"DEMOWEB SL\",\"potentialAction\":[{\"@type\":\"SearchAction\",\"target\":{\"@type\":\"EntryPoint\",\"urlTemplate\":\"https:\/\/demoweb.info\/sexshop001\/?s={search_term_string}\"},\"query-input\":\"required name=search_term_string\"}],\"inLanguage\":\"es\"}]}<\/script>\n<!-- \/ Yoast SEO plugin. -->","yoast_head_json":{"title":"SUCCIONADOR DE VAGINA - ROSA - Tienda Er\u00f3tica","robots":{"index":"noindex","follow":"follow","max-snippet":"max-snippet:-1","max-image-preview":"max-image-preview:large","max-video-preview":"max-video-preview:-1"},"og_locale":"es_ES","og_type":"article","og_title":"SUCCIONADOR DE VAGINA - ROSA - Tienda Er\u00f3tica","og_description":"PUSSY PUMP Usa esta bomba para incrementar el flujo sangu\u00edneo sobre tus zonas m\u00e1s sensibles. Simplemente ajusta el cilindro para","og_url":"https:\/\/demoweb.info\/sexshop001\/producto\/succionador-de-vagina-rosa-2\/","og_site_name":"Tienda Er\u00f3tica","article_modified_time":"2022-01-22T19:47:54+00:00","og_image":[{"width":550,"height":550,"url":"https:\/\/demoweb.info\/sexshop001\/wp-content\/uploads\/2022\/01\/SUCCIONADOR-DE-VAGINA-ROSA-4.jpg","type":"image\/jpeg"}],"twitter_card":"summary_large_image","twitter_misc":{"Tiempo de lectura":"1 minuto"},"schema":{"@context":"https:\/\/schema.org","@graph":[{"@type":"WebPage","@id":"https:\/\/demoweb.info\/sexshop001\/producto\/succionador-de-vagina-rosa-2\/","url":"https:\/\/demoweb.info\/sexshop001\/producto\/succionador-de-vagina-rosa-2\/","name":"SUCCIONADOR DE VAGINA - ROSA - Tienda Er\u00f3tica","isPartOf":{"@id":"https:\/\/demoweb.info\/sexshop001\/#website"},"datePublished":"2022-01-22T19:47:43+00:00","dateModified":"2022-01-22T19:47:54+00:00","breadcrumb":{"@id":"https:\/\/demoweb.info\/sexshop001\/producto\/succionador-de-vagina-rosa-2\/#breadcrumb"},"inLanguage":"es","potentialAction":[{"@type":"ReadAction","target":["https:\/\/demoweb.info\/sexshop001\/producto\/succionador-de-vagina-rosa-2\/"]}]},{"@type":"BreadcrumbList","@id":"https:\/\/demoweb.info\/sexshop001\/producto\/succionador-de-vagina-rosa-2\/#breadcrumb","itemListElement":[{"@type":"ListItem","position":1,"name":"Portada","item":"https:\/\/demoweb.info\/sexshop001\/"},{"@type":"ListItem","position":2,"name":"Tienda","item":"https:\/\/demoweb.info\/sexshop001\/tienda\/"},{"@type":"ListItem","position":3,"name":"SUCCIONADOR DE VAGINA &#8211; ROSA"}]},{"@type":"WebSite","@id":"https:\/\/demoweb.info\/sexshop001\/#website","url":"https:\/\/demoweb.info\/sexshop001\/","name":"Tienda Er\u00f3tica","description":"DEMOWEB SL","potentialAction":[{"@type":"SearchAction","target":{"@type":"EntryPoint","urlTemplate":"https:\/\/demoweb.info\/sexshop001\/?s={search_term_string}"},"query-input":"required name=search_term_string"}],"inLanguage":"es"}]}},"_links":{"self":[{"href":"https:\/\/demoweb.info\/sexshop001\/wp-json\/wp\/v3\/product\/71603","targetHints":{"allow":["GET"]}}],"collection":[{"href":"https:\/\/demoweb.info\/sexshop001\/wp-json\/wp\/v3\/product"}],"about":[{"href":"https:\/\/demoweb.info\/sexshop001\/wp-json\/wp\/v2\/types\/product"}],"replies":[{"embeddable":true,"href":"https:\/\/demoweb.info\/sexshop001\/wp-json\/wp\/v2\/comments?post=71603"}],"wp:featuredmedia":[{"embeddable":true,"href":"https:\/\/demoweb.info\/sexshop001\/wp-json\/wp\/v2\/media\/71604"}],"wp:attachment":[{"href":"https:\/\/demoweb.info\/sexshop001\/wp-json\/wp\/v2\/media?parent=71603"}],"wp:term":[{"taxonomy":"product_cat","embeddable":true,"href":"https:\/\/demoweb.info\/sexshop001\/wp-json\/wp\/v2\/product_cat?post=71603"},{"taxonomy":"product_tag","embeddable":true,"href":"https:\/\/demoweb.info\/sexshop001\/wp-json\/wp\/v2\/product_tag?post=71603"}],"curies":[{"name":"wp","href":"https:\/\/api.w.org\/{rel}","templated":true}]}}