{"id":71598,"date":"2022-01-22T20:47:43","date_gmt":"2022-01-22T19:47:43","guid":{"rendered":"https:\/\/demoweb.info\/sexshop001\/producto\/kit-de-succion-para-pechos-y-clitoris-grande-rosa\/"},"modified":"2022-01-22T20:47:50","modified_gmt":"2022-01-22T19:47:50","slug":"kit-de-succion-para-pechos-y-clitoris-grande-rosa","status":"publish","type":"product","link":"https:\/\/demoweb.info\/sexshop001\/producto\/kit-de-succion-para-pechos-y-clitoris-grande-rosa\/","title":{"rendered":"KIT DE SUCCI\u00d3N PARA PECHOS Y CL\u00cdTORIS GRANDE &#8211; ROSA"},"content":{"rendered":"<p><strong>CLITORAL &#038; NIPPLE PUMP SET LARGE <\/strong><\/p>\n<p>Siente la estimulaci\u00f3n de la succi\u00f3n con estas bombas para los pezones y el cl\u00edtoris. Usa esta bomba para incrementar la sensaci\u00f3n de tu cl\u00edtoris, o hasta de los pezones, aumentando as\u00ed el placer.<\/p>\n<p>Cilindro f\u00e1cil de colocar sobre la zona er\u00f3gena deseada y aprieta la bomba para llevar la sangre hacia el \u00e1rea. Sentir\u00e1s succi\u00f3n a medida que tu cl\u00edtoris aumente temporalmente en tama\u00f1o y sensibilidad. Puedes liberar la presi\u00f3n en el cilindro presionando la v\u00e1lvula de liberaci\u00f3n f\u00e1cil en la bombilla.<\/p>\n<p>Tambi\u00e9n puede separar el cilindro de acr\u00edlico de grado industrial de la bomba con un sencillo sistema de clip, dejando su cl\u00edtoris aspirado en el cilindro. Saborea las sensaciones \u00fanicas y totalmente nuevas con este sencillo sistema de bombeo. Compatibles con todo tipo de lubricantes. \u00dasala por no m\u00e1s de 20 a 30 minutos en ambos senos. El juego viene con 3 copas, una manguera con dos extremos y una bomba manual.<\/p>\n<ul>\n<li>Copa para pezones &#8211; Longitud: 7,8cm | Di\u00e1metro: 3,9cm | Di\u00e1metro interior: 2,5cm | Longitud insertable: 5 cm<\/li>\n<li>Copa para el cl\u00edtoris &#8211; Longitud: 7,8cm | Di\u00e1metro: 4,5cm | Di\u00e1metro interior: 3cm | Longitud insertable: 5 cm<\/li>\n<li>Manguera &#8211; Longitud del conector a la copa: 26,5cm | Longitud del conector a la empu\u00f1adura: 19,5cm.<\/li>\n<\/ul>\n","protected":false},"excerpt":{"rendered":"<p>CLITORAL &#038; NIPPLE PUMP SET LARGE Siente la estimulaci\u00f3n de la succi\u00f3n con estas bombas para los pezones y el<\/p>\n","protected":false},"featured_media":71599,"comment_status":"open","ping_status":"open","template":"","meta":[],"product_cat":[405],"product_tag":[768,302],"class_list":["post-71598","product","type-product","status-publish","has-post-thumbnail","hentry","product_cat-succionadores","product_tag-pumped","product_tag-shots"],"bundled_by":[],"bundle_stock_status":"outofstock","bundle_stock_quantity":0,"bundle_virtual":false,"bundle_layout":"","bundle_add_to_cart_form_location":"","bundle_editable_in_cart":false,"bundle_sold_individually_context":"","bundle_item_grouping":"","bundle_min_size":"","bundle_max_size":"","bundled_items":[],"yoast_head":"<!-- This site is optimized with the Yoast SEO plugin v20.6 - https:\/\/yoast.com\/wordpress\/plugins\/seo\/ -->\n<title>KIT DE SUCCI\u00d3N PARA PECHOS Y CL\u00cdTORIS GRANDE - ROSA - Tienda Er\u00f3tica<\/title>\n<meta name=\"robots\" content=\"noindex, follow, max-snippet:-1, max-image-preview:large, max-video-preview:-1\" \/>\n<meta property=\"og:locale\" content=\"es_ES\" \/>\n<meta property=\"og:type\" content=\"article\" \/>\n<meta property=\"og:title\" content=\"KIT DE SUCCI\u00d3N PARA PECHOS Y CL\u00cdTORIS GRANDE - ROSA - Tienda Er\u00f3tica\" \/>\n<meta property=\"og:description\" content=\"CLITORAL &#038; NIPPLE PUMP SET LARGE Siente la estimulaci\u00f3n de la succi\u00f3n con estas bombas para los pezones y el\" \/>\n<meta property=\"og:url\" content=\"https:\/\/demoweb.info\/sexshop001\/producto\/kit-de-succion-para-pechos-y-clitoris-grande-rosa\/\" \/>\n<meta property=\"og:site_name\" content=\"Tienda Er\u00f3tica\" \/>\n<meta property=\"article:modified_time\" content=\"2022-01-22T19:47:50+00:00\" \/>\n<meta property=\"og:image\" content=\"https:\/\/demoweb.info\/sexshop001\/wp-content\/uploads\/2022\/01\/KIT-DE-SUCCION-PARA-PECHOS-Y-CLITORIS-GRANDE-ROSA.jpg\" \/>\n\t<meta property=\"og:image:width\" content=\"550\" \/>\n\t<meta property=\"og:image:height\" content=\"550\" \/>\n\t<meta property=\"og:image:type\" content=\"image\/jpeg\" \/>\n<meta name=\"twitter:card\" content=\"summary_large_image\" \/>\n<meta name=\"twitter:label1\" content=\"Tiempo de lectura\" \/>\n\t<meta name=\"twitter:data1\" content=\"1 minuto\" \/>\n<script type=\"application\/ld+json\" class=\"yoast-schema-graph\">{\"@context\":\"https:\/\/schema.org\",\"@graph\":[{\"@type\":\"WebPage\",\"@id\":\"https:\/\/demoweb.info\/sexshop001\/producto\/kit-de-succion-para-pechos-y-clitoris-grande-rosa\/\",\"url\":\"https:\/\/demoweb.info\/sexshop001\/producto\/kit-de-succion-para-pechos-y-clitoris-grande-rosa\/\",\"name\":\"KIT DE SUCCI\u00d3N PARA PECHOS Y CL\u00cdTORIS GRANDE - ROSA - Tienda Er\u00f3tica\",\"isPartOf\":{\"@id\":\"https:\/\/demoweb.info\/sexshop001\/#website\"},\"datePublished\":\"2022-01-22T19:47:43+00:00\",\"dateModified\":\"2022-01-22T19:47:50+00:00\",\"breadcrumb\":{\"@id\":\"https:\/\/demoweb.info\/sexshop001\/producto\/kit-de-succion-para-pechos-y-clitoris-grande-rosa\/#breadcrumb\"},\"inLanguage\":\"es\",\"potentialAction\":[{\"@type\":\"ReadAction\",\"target\":[\"https:\/\/demoweb.info\/sexshop001\/producto\/kit-de-succion-para-pechos-y-clitoris-grande-rosa\/\"]}]},{\"@type\":\"BreadcrumbList\",\"@id\":\"https:\/\/demoweb.info\/sexshop001\/producto\/kit-de-succion-para-pechos-y-clitoris-grande-rosa\/#breadcrumb\",\"itemListElement\":[{\"@type\":\"ListItem\",\"position\":1,\"name\":\"Portada\",\"item\":\"https:\/\/demoweb.info\/sexshop001\/\"},{\"@type\":\"ListItem\",\"position\":2,\"name\":\"Tienda\",\"item\":\"https:\/\/demoweb.info\/sexshop001\/tienda\/\"},{\"@type\":\"ListItem\",\"position\":3,\"name\":\"KIT DE SUCCI\u00d3N PARA PECHOS Y CL\u00cdTORIS GRANDE &#8211; ROSA\"}]},{\"@type\":\"WebSite\",\"@id\":\"https:\/\/demoweb.info\/sexshop001\/#website\",\"url\":\"https:\/\/demoweb.info\/sexshop001\/\",\"name\":\"Tienda Er\u00f3tica\",\"description\":\"DEMOWEB SL\",\"potentialAction\":[{\"@type\":\"SearchAction\",\"target\":{\"@type\":\"EntryPoint\",\"urlTemplate\":\"https:\/\/demoweb.info\/sexshop001\/?s={search_term_string}\"},\"query-input\":\"required name=search_term_string\"}],\"inLanguage\":\"es\"}]}<\/script>\n<!-- \/ Yoast SEO plugin. -->","yoast_head_json":{"title":"KIT DE SUCCI\u00d3N PARA PECHOS Y CL\u00cdTORIS GRANDE - ROSA - Tienda Er\u00f3tica","robots":{"index":"noindex","follow":"follow","max-snippet":"max-snippet:-1","max-image-preview":"max-image-preview:large","max-video-preview":"max-video-preview:-1"},"og_locale":"es_ES","og_type":"article","og_title":"KIT DE SUCCI\u00d3N PARA PECHOS Y CL\u00cdTORIS GRANDE - ROSA - Tienda Er\u00f3tica","og_description":"CLITORAL &#038; NIPPLE PUMP SET LARGE Siente la estimulaci\u00f3n de la succi\u00f3n con estas bombas para los pezones y el","og_url":"https:\/\/demoweb.info\/sexshop001\/producto\/kit-de-succion-para-pechos-y-clitoris-grande-rosa\/","og_site_name":"Tienda Er\u00f3tica","article_modified_time":"2022-01-22T19:47:50+00:00","og_image":[{"width":550,"height":550,"url":"https:\/\/demoweb.info\/sexshop001\/wp-content\/uploads\/2022\/01\/KIT-DE-SUCCION-PARA-PECHOS-Y-CLITORIS-GRANDE-ROSA.jpg","type":"image\/jpeg"}],"twitter_card":"summary_large_image","twitter_misc":{"Tiempo de lectura":"1 minuto"},"schema":{"@context":"https:\/\/schema.org","@graph":[{"@type":"WebPage","@id":"https:\/\/demoweb.info\/sexshop001\/producto\/kit-de-succion-para-pechos-y-clitoris-grande-rosa\/","url":"https:\/\/demoweb.info\/sexshop001\/producto\/kit-de-succion-para-pechos-y-clitoris-grande-rosa\/","name":"KIT DE SUCCI\u00d3N PARA PECHOS Y CL\u00cdTORIS GRANDE - ROSA - Tienda Er\u00f3tica","isPartOf":{"@id":"https:\/\/demoweb.info\/sexshop001\/#website"},"datePublished":"2022-01-22T19:47:43+00:00","dateModified":"2022-01-22T19:47:50+00:00","breadcrumb":{"@id":"https:\/\/demoweb.info\/sexshop001\/producto\/kit-de-succion-para-pechos-y-clitoris-grande-rosa\/#breadcrumb"},"inLanguage":"es","potentialAction":[{"@type":"ReadAction","target":["https:\/\/demoweb.info\/sexshop001\/producto\/kit-de-succion-para-pechos-y-clitoris-grande-rosa\/"]}]},{"@type":"BreadcrumbList","@id":"https:\/\/demoweb.info\/sexshop001\/producto\/kit-de-succion-para-pechos-y-clitoris-grande-rosa\/#breadcrumb","itemListElement":[{"@type":"ListItem","position":1,"name":"Portada","item":"https:\/\/demoweb.info\/sexshop001\/"},{"@type":"ListItem","position":2,"name":"Tienda","item":"https:\/\/demoweb.info\/sexshop001\/tienda\/"},{"@type":"ListItem","position":3,"name":"KIT DE SUCCI\u00d3N PARA PECHOS Y CL\u00cdTORIS GRANDE &#8211; ROSA"}]},{"@type":"WebSite","@id":"https:\/\/demoweb.info\/sexshop001\/#website","url":"https:\/\/demoweb.info\/sexshop001\/","name":"Tienda Er\u00f3tica","description":"DEMOWEB SL","potentialAction":[{"@type":"SearchAction","target":{"@type":"EntryPoint","urlTemplate":"https:\/\/demoweb.info\/sexshop001\/?s={search_term_string}"},"query-input":"required name=search_term_string"}],"inLanguage":"es"}]}},"_links":{"self":[{"href":"https:\/\/demoweb.info\/sexshop001\/wp-json\/wp\/v3\/product\/71598","targetHints":{"allow":["GET"]}}],"collection":[{"href":"https:\/\/demoweb.info\/sexshop001\/wp-json\/wp\/v3\/product"}],"about":[{"href":"https:\/\/demoweb.info\/sexshop001\/wp-json\/wp\/v2\/types\/product"}],"replies":[{"embeddable":true,"href":"https:\/\/demoweb.info\/sexshop001\/wp-json\/wp\/v2\/comments?post=71598"}],"wp:featuredmedia":[{"embeddable":true,"href":"https:\/\/demoweb.info\/sexshop001\/wp-json\/wp\/v2\/media\/71599"}],"wp:attachment":[{"href":"https:\/\/demoweb.info\/sexshop001\/wp-json\/wp\/v2\/media?parent=71598"}],"wp:term":[{"taxonomy":"product_cat","embeddable":true,"href":"https:\/\/demoweb.info\/sexshop001\/wp-json\/wp\/v2\/product_cat?post=71598"},{"taxonomy":"product_tag","embeddable":true,"href":"https:\/\/demoweb.info\/sexshop001\/wp-json\/wp\/v2\/product_tag?post=71598"}],"curies":[{"name":"wp","href":"https:\/\/api.w.org\/{rel}","templated":true}]}}