{"id":71558,"date":"2022-01-22T20:47:10","date_gmt":"2022-01-22T19:47:10","guid":{"rendered":"https:\/\/demoweb.info\/sexshop001\/producto\/azotador-luxury-negro\/"},"modified":"2022-01-22T20:47:20","modified_gmt":"2022-01-22T19:47:20","slug":"azotador-luxury-negro","status":"publish","type":"product","link":"https:\/\/demoweb.info\/sexshop001\/producto\/azotador-luxury-negro\/","title":{"rendered":"AZOTADOR LUXURY NEGRO"},"content":{"rendered":"<p><strong>LUXURY PADDLE BLACK<\/strong><\/p>\n<p>Cuando quieras ser estricto, pero estar muy a la moda a la vez, \u00a1esta paleta deber\u00eda ser la que elijas! En cualquier juego de sadomasoquismo sofisticado, la paleta OUCH! se destacar\u00e1 por su dise\u00f1o estampado de diamantes.<\/p>\n<p>Este maestro de la correcci\u00f3n elaborado de vinilo y semicuero mide 31,5 cm (12,2\u201d) de altura y 6 cm ( 2,4\u201d) de anchura, con 0,5 cm (0,2\u201d) de anchura flexible extra, para \u201c\u201dconvencerlo\u201d\u201d si fuese necesario.<\/p>\n<ul>\n<li>Dimensiones del producto    31,5 x 6 x 0,5 cm<\/li>\n<li>Peso del producto    92,00 gram<\/li>\n<li>Libre de ftalato    S\u00ed<\/li>\n<li>Materiales    Vinyl, Faux-leather\n\t <\/li>\n<\/ul>\n","protected":false},"excerpt":{"rendered":"<p>LUXURY PADDLE BLACK Cuando quieras ser estricto, pero estar muy a la moda a la vez, \u00a1esta paleta deber\u00eda ser<\/p>\n","protected":false},"featured_media":71559,"comment_status":"open","ping_status":"open","template":"","meta":[],"product_cat":[336],"product_tag":[307,302],"class_list":["post-71558","product","type-product","status-publish","has-post-thumbnail","hentry","product_cat-latigos","product_tag-ouch","product_tag-shots"],"bundled_by":[],"bundle_stock_status":"instock","bundle_stock_quantity":2,"bundle_virtual":false,"bundle_layout":"","bundle_add_to_cart_form_location":"","bundle_editable_in_cart":false,"bundle_sold_individually_context":"","bundle_item_grouping":"","bundle_min_size":"","bundle_max_size":"","bundled_items":[],"yoast_head":"<!-- This site is optimized with the Yoast SEO plugin v20.6 - https:\/\/yoast.com\/wordpress\/plugins\/seo\/ -->\n<title>AZOTADOR LUXURY NEGRO - Tienda Er\u00f3tica<\/title>\n<meta name=\"robots\" content=\"noindex, follow, max-snippet:-1, max-image-preview:large, max-video-preview:-1\" \/>\n<meta property=\"og:locale\" content=\"es_ES\" \/>\n<meta property=\"og:type\" content=\"article\" \/>\n<meta property=\"og:title\" content=\"AZOTADOR LUXURY NEGRO - Tienda Er\u00f3tica\" \/>\n<meta property=\"og:description\" content=\"LUXURY PADDLE BLACK Cuando quieras ser estricto, pero estar muy a la moda a la vez, \u00a1esta paleta deber\u00eda ser\" \/>\n<meta property=\"og:url\" content=\"https:\/\/demoweb.info\/sexshop001\/producto\/azotador-luxury-negro\/\" \/>\n<meta property=\"og:site_name\" content=\"Tienda Er\u00f3tica\" \/>\n<meta property=\"article:modified_time\" content=\"2022-01-22T19:47:20+00:00\" \/>\n<meta property=\"og:image\" content=\"https:\/\/demoweb.info\/sexshop001\/wp-content\/uploads\/2022\/01\/AZOTADOR-LUXURY-NEGRO.jpg\" \/>\n\t<meta property=\"og:image:width\" content=\"550\" \/>\n\t<meta property=\"og:image:height\" content=\"550\" \/>\n\t<meta property=\"og:image:type\" content=\"image\/jpeg\" \/>\n<meta name=\"twitter:card\" content=\"summary_large_image\" \/>\n<script type=\"application\/ld+json\" class=\"yoast-schema-graph\">{\"@context\":\"https:\/\/schema.org\",\"@graph\":[{\"@type\":\"WebPage\",\"@id\":\"https:\/\/demoweb.info\/sexshop001\/producto\/azotador-luxury-negro\/\",\"url\":\"https:\/\/demoweb.info\/sexshop001\/producto\/azotador-luxury-negro\/\",\"name\":\"AZOTADOR LUXURY NEGRO - Tienda Er\u00f3tica\",\"isPartOf\":{\"@id\":\"https:\/\/demoweb.info\/sexshop001\/#website\"},\"datePublished\":\"2022-01-22T19:47:10+00:00\",\"dateModified\":\"2022-01-22T19:47:20+00:00\",\"breadcrumb\":{\"@id\":\"https:\/\/demoweb.info\/sexshop001\/producto\/azotador-luxury-negro\/#breadcrumb\"},\"inLanguage\":\"es\",\"potentialAction\":[{\"@type\":\"ReadAction\",\"target\":[\"https:\/\/demoweb.info\/sexshop001\/producto\/azotador-luxury-negro\/\"]}]},{\"@type\":\"BreadcrumbList\",\"@id\":\"https:\/\/demoweb.info\/sexshop001\/producto\/azotador-luxury-negro\/#breadcrumb\",\"itemListElement\":[{\"@type\":\"ListItem\",\"position\":1,\"name\":\"Portada\",\"item\":\"https:\/\/demoweb.info\/sexshop001\/\"},{\"@type\":\"ListItem\",\"position\":2,\"name\":\"Tienda\",\"item\":\"https:\/\/demoweb.info\/sexshop001\/tienda\/\"},{\"@type\":\"ListItem\",\"position\":3,\"name\":\"AZOTADOR LUXURY NEGRO\"}]},{\"@type\":\"WebSite\",\"@id\":\"https:\/\/demoweb.info\/sexshop001\/#website\",\"url\":\"https:\/\/demoweb.info\/sexshop001\/\",\"name\":\"Tienda Er\u00f3tica\",\"description\":\"DEMOWEB SL\",\"potentialAction\":[{\"@type\":\"SearchAction\",\"target\":{\"@type\":\"EntryPoint\",\"urlTemplate\":\"https:\/\/demoweb.info\/sexshop001\/?s={search_term_string}\"},\"query-input\":\"required name=search_term_string\"}],\"inLanguage\":\"es\"}]}<\/script>\n<!-- \/ Yoast SEO plugin. -->","yoast_head_json":{"title":"AZOTADOR LUXURY NEGRO - Tienda Er\u00f3tica","robots":{"index":"noindex","follow":"follow","max-snippet":"max-snippet:-1","max-image-preview":"max-image-preview:large","max-video-preview":"max-video-preview:-1"},"og_locale":"es_ES","og_type":"article","og_title":"AZOTADOR LUXURY NEGRO - Tienda Er\u00f3tica","og_description":"LUXURY PADDLE BLACK Cuando quieras ser estricto, pero estar muy a la moda a la vez, \u00a1esta paleta deber\u00eda ser","og_url":"https:\/\/demoweb.info\/sexshop001\/producto\/azotador-luxury-negro\/","og_site_name":"Tienda Er\u00f3tica","article_modified_time":"2022-01-22T19:47:20+00:00","og_image":[{"width":550,"height":550,"url":"https:\/\/demoweb.info\/sexshop001\/wp-content\/uploads\/2022\/01\/AZOTADOR-LUXURY-NEGRO.jpg","type":"image\/jpeg"}],"twitter_card":"summary_large_image","schema":{"@context":"https:\/\/schema.org","@graph":[{"@type":"WebPage","@id":"https:\/\/demoweb.info\/sexshop001\/producto\/azotador-luxury-negro\/","url":"https:\/\/demoweb.info\/sexshop001\/producto\/azotador-luxury-negro\/","name":"AZOTADOR LUXURY NEGRO - Tienda Er\u00f3tica","isPartOf":{"@id":"https:\/\/demoweb.info\/sexshop001\/#website"},"datePublished":"2022-01-22T19:47:10+00:00","dateModified":"2022-01-22T19:47:20+00:00","breadcrumb":{"@id":"https:\/\/demoweb.info\/sexshop001\/producto\/azotador-luxury-negro\/#breadcrumb"},"inLanguage":"es","potentialAction":[{"@type":"ReadAction","target":["https:\/\/demoweb.info\/sexshop001\/producto\/azotador-luxury-negro\/"]}]},{"@type":"BreadcrumbList","@id":"https:\/\/demoweb.info\/sexshop001\/producto\/azotador-luxury-negro\/#breadcrumb","itemListElement":[{"@type":"ListItem","position":1,"name":"Portada","item":"https:\/\/demoweb.info\/sexshop001\/"},{"@type":"ListItem","position":2,"name":"Tienda","item":"https:\/\/demoweb.info\/sexshop001\/tienda\/"},{"@type":"ListItem","position":3,"name":"AZOTADOR LUXURY NEGRO"}]},{"@type":"WebSite","@id":"https:\/\/demoweb.info\/sexshop001\/#website","url":"https:\/\/demoweb.info\/sexshop001\/","name":"Tienda Er\u00f3tica","description":"DEMOWEB SL","potentialAction":[{"@type":"SearchAction","target":{"@type":"EntryPoint","urlTemplate":"https:\/\/demoweb.info\/sexshop001\/?s={search_term_string}"},"query-input":"required name=search_term_string"}],"inLanguage":"es"}]}},"_links":{"self":[{"href":"https:\/\/demoweb.info\/sexshop001\/wp-json\/wp\/v3\/product\/71558","targetHints":{"allow":["GET"]}}],"collection":[{"href":"https:\/\/demoweb.info\/sexshop001\/wp-json\/wp\/v3\/product"}],"about":[{"href":"https:\/\/demoweb.info\/sexshop001\/wp-json\/wp\/v2\/types\/product"}],"replies":[{"embeddable":true,"href":"https:\/\/demoweb.info\/sexshop001\/wp-json\/wp\/v2\/comments?post=71558"}],"wp:featuredmedia":[{"embeddable":true,"href":"https:\/\/demoweb.info\/sexshop001\/wp-json\/wp\/v2\/media\/71559"}],"wp:attachment":[{"href":"https:\/\/demoweb.info\/sexshop001\/wp-json\/wp\/v2\/media?parent=71558"}],"wp:term":[{"taxonomy":"product_cat","embeddable":true,"href":"https:\/\/demoweb.info\/sexshop001\/wp-json\/wp\/v2\/product_cat?post=71558"},{"taxonomy":"product_tag","embeddable":true,"href":"https:\/\/demoweb.info\/sexshop001\/wp-json\/wp\/v2\/product_tag?post=71558"}],"curies":[{"name":"wp","href":"https:\/\/api.w.org\/{rel}","templated":true}]}}