{"id":71553,"date":"2022-01-22T20:47:10","date_gmt":"2022-01-22T19:47:10","guid":{"rendered":"https:\/\/demoweb.info\/sexshop001\/producto\/latigo-luxury-negro\/"},"modified":"2022-01-22T20:47:16","modified_gmt":"2022-01-22T19:47:16","slug":"latigo-luxury-negro","status":"publish","type":"product","link":"https:\/\/demoweb.info\/sexshop001\/producto\/latigo-luxury-negro\/","title":{"rendered":"L\u00c1TIGO LUXURY &#8211; NEGRO"},"content":{"rendered":"<p><strong>LUXURY WHIP<\/strong><\/p>\n<p>Cuando est\u00e9s jugando con el impacto, como golpear y azotar, tu juguete es el l\u00e1tigo OUCH!, el cual es una excelente opci\u00f3n.<\/p>\n<p>Esta belleza negra va en serio y est\u00e1 elaborado con semicuero de alta calidad. El l\u00e1tigo OUCH! mide en total 38,5 cm tiene una fuerte asa de 14,5 cm y un gran manojo de flageladores de cuero que miden 24 cm.<\/p>\n<p>Para que tenga un mejor agarre, \u00a1este l\u00e1tigo viene con un asa, por supuesto! \u00a1Extiende tu colecci\u00f3n sadomasoquista con este hermoso l\u00e1tigo y prep\u00e1rate para el estruendo!<\/p>\n","protected":false},"excerpt":{"rendered":"<p>LUXURY WHIP Cuando est\u00e9s jugando con el impacto, como golpear y azotar, tu juguete es el l\u00e1tigo OUCH!, el cual<\/p>\n","protected":false},"featured_media":71554,"comment_status":"open","ping_status":"open","template":"","meta":[],"product_cat":[336],"product_tag":[307,302],"class_list":["post-71553","product","type-product","status-publish","has-post-thumbnail","hentry","product_cat-latigos","product_tag-ouch","product_tag-shots"],"bundled_by":[],"bundle_stock_status":"outofstock","bundle_stock_quantity":0,"bundle_virtual":false,"bundle_layout":"","bundle_add_to_cart_form_location":"","bundle_editable_in_cart":false,"bundle_sold_individually_context":"","bundle_item_grouping":"","bundle_min_size":"","bundle_max_size":"","bundled_items":[],"yoast_head":"<!-- This site is optimized with the Yoast SEO plugin v20.6 - https:\/\/yoast.com\/wordpress\/plugins\/seo\/ -->\n<title>L\u00c1TIGO LUXURY - NEGRO - Tienda Er\u00f3tica<\/title>\n<meta name=\"robots\" content=\"noindex, follow, max-snippet:-1, max-image-preview:large, max-video-preview:-1\" \/>\n<meta property=\"og:locale\" content=\"es_ES\" \/>\n<meta property=\"og:type\" content=\"article\" \/>\n<meta property=\"og:title\" content=\"L\u00c1TIGO LUXURY - NEGRO - Tienda Er\u00f3tica\" \/>\n<meta property=\"og:description\" content=\"LUXURY WHIP Cuando est\u00e9s jugando con el impacto, como golpear y azotar, tu juguete es el l\u00e1tigo OUCH!, el cual\" \/>\n<meta property=\"og:url\" content=\"https:\/\/demoweb.info\/sexshop001\/producto\/latigo-luxury-negro\/\" \/>\n<meta property=\"og:site_name\" content=\"Tienda Er\u00f3tica\" \/>\n<meta property=\"article:modified_time\" content=\"2022-01-22T19:47:16+00:00\" \/>\n<meta property=\"og:image\" content=\"https:\/\/demoweb.info\/sexshop001\/wp-content\/uploads\/2022\/01\/LATIGO-LUXURY-NEGRO.jpg\" \/>\n\t<meta property=\"og:image:width\" content=\"550\" \/>\n\t<meta property=\"og:image:height\" content=\"550\" \/>\n\t<meta property=\"og:image:type\" content=\"image\/jpeg\" \/>\n<meta name=\"twitter:card\" content=\"summary_large_image\" \/>\n<script type=\"application\/ld+json\" class=\"yoast-schema-graph\">{\"@context\":\"https:\/\/schema.org\",\"@graph\":[{\"@type\":\"WebPage\",\"@id\":\"https:\/\/demoweb.info\/sexshop001\/producto\/latigo-luxury-negro\/\",\"url\":\"https:\/\/demoweb.info\/sexshop001\/producto\/latigo-luxury-negro\/\",\"name\":\"L\u00c1TIGO LUXURY - NEGRO - Tienda Er\u00f3tica\",\"isPartOf\":{\"@id\":\"https:\/\/demoweb.info\/sexshop001\/#website\"},\"datePublished\":\"2022-01-22T19:47:10+00:00\",\"dateModified\":\"2022-01-22T19:47:16+00:00\",\"breadcrumb\":{\"@id\":\"https:\/\/demoweb.info\/sexshop001\/producto\/latigo-luxury-negro\/#breadcrumb\"},\"inLanguage\":\"es\",\"potentialAction\":[{\"@type\":\"ReadAction\",\"target\":[\"https:\/\/demoweb.info\/sexshop001\/producto\/latigo-luxury-negro\/\"]}]},{\"@type\":\"BreadcrumbList\",\"@id\":\"https:\/\/demoweb.info\/sexshop001\/producto\/latigo-luxury-negro\/#breadcrumb\",\"itemListElement\":[{\"@type\":\"ListItem\",\"position\":1,\"name\":\"Portada\",\"item\":\"https:\/\/demoweb.info\/sexshop001\/\"},{\"@type\":\"ListItem\",\"position\":2,\"name\":\"Tienda\",\"item\":\"https:\/\/demoweb.info\/sexshop001\/tienda\/\"},{\"@type\":\"ListItem\",\"position\":3,\"name\":\"L\u00c1TIGO LUXURY &#8211; NEGRO\"}]},{\"@type\":\"WebSite\",\"@id\":\"https:\/\/demoweb.info\/sexshop001\/#website\",\"url\":\"https:\/\/demoweb.info\/sexshop001\/\",\"name\":\"Tienda Er\u00f3tica\",\"description\":\"DEMOWEB SL\",\"potentialAction\":[{\"@type\":\"SearchAction\",\"target\":{\"@type\":\"EntryPoint\",\"urlTemplate\":\"https:\/\/demoweb.info\/sexshop001\/?s={search_term_string}\"},\"query-input\":\"required name=search_term_string\"}],\"inLanguage\":\"es\"}]}<\/script>\n<!-- \/ Yoast SEO plugin. -->","yoast_head_json":{"title":"L\u00c1TIGO LUXURY - NEGRO - Tienda Er\u00f3tica","robots":{"index":"noindex","follow":"follow","max-snippet":"max-snippet:-1","max-image-preview":"max-image-preview:large","max-video-preview":"max-video-preview:-1"},"og_locale":"es_ES","og_type":"article","og_title":"L\u00c1TIGO LUXURY - NEGRO - Tienda Er\u00f3tica","og_description":"LUXURY WHIP Cuando est\u00e9s jugando con el impacto, como golpear y azotar, tu juguete es el l\u00e1tigo OUCH!, el cual","og_url":"https:\/\/demoweb.info\/sexshop001\/producto\/latigo-luxury-negro\/","og_site_name":"Tienda Er\u00f3tica","article_modified_time":"2022-01-22T19:47:16+00:00","og_image":[{"width":550,"height":550,"url":"https:\/\/demoweb.info\/sexshop001\/wp-content\/uploads\/2022\/01\/LATIGO-LUXURY-NEGRO.jpg","type":"image\/jpeg"}],"twitter_card":"summary_large_image","schema":{"@context":"https:\/\/schema.org","@graph":[{"@type":"WebPage","@id":"https:\/\/demoweb.info\/sexshop001\/producto\/latigo-luxury-negro\/","url":"https:\/\/demoweb.info\/sexshop001\/producto\/latigo-luxury-negro\/","name":"L\u00c1TIGO LUXURY - NEGRO - Tienda Er\u00f3tica","isPartOf":{"@id":"https:\/\/demoweb.info\/sexshop001\/#website"},"datePublished":"2022-01-22T19:47:10+00:00","dateModified":"2022-01-22T19:47:16+00:00","breadcrumb":{"@id":"https:\/\/demoweb.info\/sexshop001\/producto\/latigo-luxury-negro\/#breadcrumb"},"inLanguage":"es","potentialAction":[{"@type":"ReadAction","target":["https:\/\/demoweb.info\/sexshop001\/producto\/latigo-luxury-negro\/"]}]},{"@type":"BreadcrumbList","@id":"https:\/\/demoweb.info\/sexshop001\/producto\/latigo-luxury-negro\/#breadcrumb","itemListElement":[{"@type":"ListItem","position":1,"name":"Portada","item":"https:\/\/demoweb.info\/sexshop001\/"},{"@type":"ListItem","position":2,"name":"Tienda","item":"https:\/\/demoweb.info\/sexshop001\/tienda\/"},{"@type":"ListItem","position":3,"name":"L\u00c1TIGO LUXURY &#8211; NEGRO"}]},{"@type":"WebSite","@id":"https:\/\/demoweb.info\/sexshop001\/#website","url":"https:\/\/demoweb.info\/sexshop001\/","name":"Tienda Er\u00f3tica","description":"DEMOWEB SL","potentialAction":[{"@type":"SearchAction","target":{"@type":"EntryPoint","urlTemplate":"https:\/\/demoweb.info\/sexshop001\/?s={search_term_string}"},"query-input":"required name=search_term_string"}],"inLanguage":"es"}]}},"_links":{"self":[{"href":"https:\/\/demoweb.info\/sexshop001\/wp-json\/wp\/v3\/product\/71553","targetHints":{"allow":["GET"]}}],"collection":[{"href":"https:\/\/demoweb.info\/sexshop001\/wp-json\/wp\/v3\/product"}],"about":[{"href":"https:\/\/demoweb.info\/sexshop001\/wp-json\/wp\/v2\/types\/product"}],"replies":[{"embeddable":true,"href":"https:\/\/demoweb.info\/sexshop001\/wp-json\/wp\/v2\/comments?post=71553"}],"wp:featuredmedia":[{"embeddable":true,"href":"https:\/\/demoweb.info\/sexshop001\/wp-json\/wp\/v2\/media\/71554"}],"wp:attachment":[{"href":"https:\/\/demoweb.info\/sexshop001\/wp-json\/wp\/v2\/media?parent=71553"}],"wp:term":[{"taxonomy":"product_cat","embeddable":true,"href":"https:\/\/demoweb.info\/sexshop001\/wp-json\/wp\/v2\/product_cat?post=71553"},{"taxonomy":"product_tag","embeddable":true,"href":"https:\/\/demoweb.info\/sexshop001\/wp-json\/wp\/v2\/product_tag?post=71553"}],"curies":[{"name":"wp","href":"https:\/\/api.w.org\/{rel}","templated":true}]}}