{"id":71541,"date":"2022-01-22T20:46:36","date_gmt":"2022-01-22T19:46:36","guid":{"rendered":"https:\/\/demoweb.info\/sexshop001\/producto\/ouch-esposas-de-cuero-para-pies-y-manos-negro-2\/"},"modified":"2022-01-22T20:47:05","modified_gmt":"2022-01-22T19:47:05","slug":"ouch-esposas-de-cuero-para-pies-y-manos-negro-2","status":"publish","type":"product","link":"https:\/\/demoweb.info\/sexshop001\/producto\/ouch-esposas-de-cuero-para-pies-y-manos-negro-2\/","title":{"rendered":"OUCH ESPOSAS DE CUERO PARA PIES Y MANOS NEGRO"},"content":{"rendered":"<p><strong>OUCH LEATHER HAND AND LEG CUFFS BLACK<\/strong><\/p>\n<p>\u00bfBuscas unas esposas que puedan con todo y que resistan a los juegos m\u00e1s traviesos? No busques m\u00e1s.<\/p>\n<p>Lo que buscas son las esposas de <strong>Ouch!<\/strong>. Estas esposas tienen correas de cuero de calidad y cuentan con unas elegantes costuras a lo largo de las correas. Son c\u00f3modas, pero incre\u00edblemente seguras. Las correas tienen seis orificios para ajustar la longitud, adem\u00e1s de correas de ajuste de metal y conectores de anillo en D para conectarlas. Usa este juguete solo o en combinaci\u00f3n con otros productos <strong>Ouch!<\/strong>.<\/p>\n<p>Con su estampado de diamantes a la moda, \u00a1estas esposas y cruz de neopreno y semicuero realmen &#8211; te se destaca entre otros! Esta atadura de manos y pies consiste en 2 esposas para los tobillos, 2 esposas para las manos, y una \u201ccruz\u201d con cuatro aros.<\/p>\n<p>Las esposas para los tobillos son de 39 cm (15,4\u201d) de longitud y 5,5 cm (2,2\u201d) de anchura con 7 agujeros para adaptarlas a todas las tallas. Las esposas son de 36 cm (14,2\u201d) de longitud y 5 cm (1,97\u201d) de anchura con 6 agujeros para adaptarlas a todas las tallas. La \u201ccruz\u201d de atadura de manos y pies tiene 4 longitudes de 27,2 cm (10,7\u201d)<\/p>\n<ul>\n<li>Dimensiones del producto 50 x 40 x 5 cm<\/li>\n<li>Peso del producto 519,00 gramos<\/li>\n<li>Libre de ftalato S\u00ed<\/li>\n<li>Las esposas Presupuesto son ajustables con 6 agujeros de 21-31 cm.<\/li>\n<li>Los tobillos son ajustables con 9 agujeros que miden 47-57 cm<\/li>\n<li>Materiales Vinilo, piel sint\u00e9tica, neopreno\n\t <\/li>\n<\/ul>\n","protected":false},"excerpt":{"rendered":"<p>OUCH LEATHER HAND AND LEG CUFFS BLACK \u00bfBuscas unas esposas que puedan con todo y que resistan a los juegos<\/p>\n","protected":false},"featured_media":71542,"comment_status":"open","ping_status":"open","template":"","meta":[],"product_cat":[507],"product_tag":[307,302],"class_list":["post-71541","product","type-product","status-publish","has-post-thumbnail","hentry","product_cat-basicas","product_tag-ouch","product_tag-shots"],"bundled_by":[],"bundle_stock_status":"instock","bundle_stock_quantity":1,"bundle_virtual":false,"bundle_layout":"","bundle_add_to_cart_form_location":"","bundle_editable_in_cart":false,"bundle_sold_individually_context":"","bundle_item_grouping":"","bundle_min_size":"","bundle_max_size":"","bundled_items":[],"yoast_head":"<!-- This site is optimized with the Yoast SEO plugin v20.6 - https:\/\/yoast.com\/wordpress\/plugins\/seo\/ -->\n<title>OUCH ESPOSAS DE CUERO PARA PIES Y MANOS NEGRO - Tienda Er\u00f3tica<\/title>\n<meta name=\"robots\" content=\"noindex, follow, max-snippet:-1, max-image-preview:large, max-video-preview:-1\" \/>\n<meta property=\"og:locale\" content=\"es_ES\" \/>\n<meta property=\"og:type\" content=\"article\" \/>\n<meta property=\"og:title\" content=\"OUCH ESPOSAS DE CUERO PARA PIES Y MANOS NEGRO - Tienda Er\u00f3tica\" \/>\n<meta property=\"og:description\" content=\"OUCH LEATHER HAND AND LEG CUFFS BLACK \u00bfBuscas unas esposas que puedan con todo y que resistan a los juegos\" \/>\n<meta property=\"og:url\" content=\"https:\/\/demoweb.info\/sexshop001\/producto\/ouch-esposas-de-cuero-para-pies-y-manos-negro-2\/\" \/>\n<meta property=\"og:site_name\" content=\"Tienda Er\u00f3tica\" \/>\n<meta property=\"article:modified_time\" content=\"2022-01-22T19:47:05+00:00\" \/>\n<meta property=\"og:image\" content=\"https:\/\/demoweb.info\/sexshop001\/wp-content\/uploads\/2022\/01\/OUCH-ESPOSAS-DE-CUERO-PARA-PIES-Y-MANOS-NEGRO-3.jpg\" \/>\n\t<meta property=\"og:image:width\" content=\"550\" \/>\n\t<meta property=\"og:image:height\" content=\"550\" \/>\n\t<meta property=\"og:image:type\" content=\"image\/jpeg\" \/>\n<meta name=\"twitter:card\" content=\"summary_large_image\" \/>\n<meta name=\"twitter:label1\" content=\"Tiempo de lectura\" \/>\n\t<meta name=\"twitter:data1\" content=\"1 minuto\" \/>\n<script type=\"application\/ld+json\" class=\"yoast-schema-graph\">{\"@context\":\"https:\/\/schema.org\",\"@graph\":[{\"@type\":\"WebPage\",\"@id\":\"https:\/\/demoweb.info\/sexshop001\/producto\/ouch-esposas-de-cuero-para-pies-y-manos-negro-2\/\",\"url\":\"https:\/\/demoweb.info\/sexshop001\/producto\/ouch-esposas-de-cuero-para-pies-y-manos-negro-2\/\",\"name\":\"OUCH ESPOSAS DE CUERO PARA PIES Y MANOS NEGRO - Tienda Er\u00f3tica\",\"isPartOf\":{\"@id\":\"https:\/\/demoweb.info\/sexshop001\/#website\"},\"datePublished\":\"2022-01-22T19:46:36+00:00\",\"dateModified\":\"2022-01-22T19:47:05+00:00\",\"breadcrumb\":{\"@id\":\"https:\/\/demoweb.info\/sexshop001\/producto\/ouch-esposas-de-cuero-para-pies-y-manos-negro-2\/#breadcrumb\"},\"inLanguage\":\"es\",\"potentialAction\":[{\"@type\":\"ReadAction\",\"target\":[\"https:\/\/demoweb.info\/sexshop001\/producto\/ouch-esposas-de-cuero-para-pies-y-manos-negro-2\/\"]}]},{\"@type\":\"BreadcrumbList\",\"@id\":\"https:\/\/demoweb.info\/sexshop001\/producto\/ouch-esposas-de-cuero-para-pies-y-manos-negro-2\/#breadcrumb\",\"itemListElement\":[{\"@type\":\"ListItem\",\"position\":1,\"name\":\"Portada\",\"item\":\"https:\/\/demoweb.info\/sexshop001\/\"},{\"@type\":\"ListItem\",\"position\":2,\"name\":\"Tienda\",\"item\":\"https:\/\/demoweb.info\/sexshop001\/tienda\/\"},{\"@type\":\"ListItem\",\"position\":3,\"name\":\"OUCH ESPOSAS DE CUERO PARA PIES Y MANOS NEGRO\"}]},{\"@type\":\"WebSite\",\"@id\":\"https:\/\/demoweb.info\/sexshop001\/#website\",\"url\":\"https:\/\/demoweb.info\/sexshop001\/\",\"name\":\"Tienda Er\u00f3tica\",\"description\":\"DEMOWEB SL\",\"potentialAction\":[{\"@type\":\"SearchAction\",\"target\":{\"@type\":\"EntryPoint\",\"urlTemplate\":\"https:\/\/demoweb.info\/sexshop001\/?s={search_term_string}\"},\"query-input\":\"required name=search_term_string\"}],\"inLanguage\":\"es\"}]}<\/script>\n<!-- \/ Yoast SEO plugin. -->","yoast_head_json":{"title":"OUCH ESPOSAS DE CUERO PARA PIES Y MANOS NEGRO - Tienda Er\u00f3tica","robots":{"index":"noindex","follow":"follow","max-snippet":"max-snippet:-1","max-image-preview":"max-image-preview:large","max-video-preview":"max-video-preview:-1"},"og_locale":"es_ES","og_type":"article","og_title":"OUCH ESPOSAS DE CUERO PARA PIES Y MANOS NEGRO - Tienda Er\u00f3tica","og_description":"OUCH LEATHER HAND AND LEG CUFFS BLACK \u00bfBuscas unas esposas que puedan con todo y que resistan a los juegos","og_url":"https:\/\/demoweb.info\/sexshop001\/producto\/ouch-esposas-de-cuero-para-pies-y-manos-negro-2\/","og_site_name":"Tienda Er\u00f3tica","article_modified_time":"2022-01-22T19:47:05+00:00","og_image":[{"width":550,"height":550,"url":"https:\/\/demoweb.info\/sexshop001\/wp-content\/uploads\/2022\/01\/OUCH-ESPOSAS-DE-CUERO-PARA-PIES-Y-MANOS-NEGRO-3.jpg","type":"image\/jpeg"}],"twitter_card":"summary_large_image","twitter_misc":{"Tiempo de lectura":"1 minuto"},"schema":{"@context":"https:\/\/schema.org","@graph":[{"@type":"WebPage","@id":"https:\/\/demoweb.info\/sexshop001\/producto\/ouch-esposas-de-cuero-para-pies-y-manos-negro-2\/","url":"https:\/\/demoweb.info\/sexshop001\/producto\/ouch-esposas-de-cuero-para-pies-y-manos-negro-2\/","name":"OUCH ESPOSAS DE CUERO PARA PIES Y MANOS NEGRO - Tienda Er\u00f3tica","isPartOf":{"@id":"https:\/\/demoweb.info\/sexshop001\/#website"},"datePublished":"2022-01-22T19:46:36+00:00","dateModified":"2022-01-22T19:47:05+00:00","breadcrumb":{"@id":"https:\/\/demoweb.info\/sexshop001\/producto\/ouch-esposas-de-cuero-para-pies-y-manos-negro-2\/#breadcrumb"},"inLanguage":"es","potentialAction":[{"@type":"ReadAction","target":["https:\/\/demoweb.info\/sexshop001\/producto\/ouch-esposas-de-cuero-para-pies-y-manos-negro-2\/"]}]},{"@type":"BreadcrumbList","@id":"https:\/\/demoweb.info\/sexshop001\/producto\/ouch-esposas-de-cuero-para-pies-y-manos-negro-2\/#breadcrumb","itemListElement":[{"@type":"ListItem","position":1,"name":"Portada","item":"https:\/\/demoweb.info\/sexshop001\/"},{"@type":"ListItem","position":2,"name":"Tienda","item":"https:\/\/demoweb.info\/sexshop001\/tienda\/"},{"@type":"ListItem","position":3,"name":"OUCH ESPOSAS DE CUERO PARA PIES Y MANOS NEGRO"}]},{"@type":"WebSite","@id":"https:\/\/demoweb.info\/sexshop001\/#website","url":"https:\/\/demoweb.info\/sexshop001\/","name":"Tienda Er\u00f3tica","description":"DEMOWEB SL","potentialAction":[{"@type":"SearchAction","target":{"@type":"EntryPoint","urlTemplate":"https:\/\/demoweb.info\/sexshop001\/?s={search_term_string}"},"query-input":"required name=search_term_string"}],"inLanguage":"es"}]}},"_links":{"self":[{"href":"https:\/\/demoweb.info\/sexshop001\/wp-json\/wp\/v3\/product\/71541","targetHints":{"allow":["GET"]}}],"collection":[{"href":"https:\/\/demoweb.info\/sexshop001\/wp-json\/wp\/v3\/product"}],"about":[{"href":"https:\/\/demoweb.info\/sexshop001\/wp-json\/wp\/v2\/types\/product"}],"replies":[{"embeddable":true,"href":"https:\/\/demoweb.info\/sexshop001\/wp-json\/wp\/v2\/comments?post=71541"}],"wp:featuredmedia":[{"embeddable":true,"href":"https:\/\/demoweb.info\/sexshop001\/wp-json\/wp\/v2\/media\/71542"}],"wp:attachment":[{"href":"https:\/\/demoweb.info\/sexshop001\/wp-json\/wp\/v2\/media?parent=71541"}],"wp:term":[{"taxonomy":"product_cat","embeddable":true,"href":"https:\/\/demoweb.info\/sexshop001\/wp-json\/wp\/v2\/product_cat?post=71541"},{"taxonomy":"product_tag","embeddable":true,"href":"https:\/\/demoweb.info\/sexshop001\/wp-json\/wp\/v2\/product_tag?post=71541"}],"curies":[{"name":"wp","href":"https:\/\/api.w.org\/{rel}","templated":true}]}}