{"id":71525,"date":"2022-01-22T20:46:36","date_gmt":"2022-01-22T19:46:36","guid":{"rendered":"https:\/\/demoweb.info\/sexshop001\/producto\/jaula-masculina-con-plug-9cm-transparente\/"},"modified":"2022-01-22T20:46:51","modified_gmt":"2022-01-22T19:46:51","slug":"jaula-masculina-con-plug-9cm-transparente","status":"publish","type":"product","link":"https:\/\/demoweb.info\/sexshop001\/producto\/jaula-masculina-con-plug-9cm-transparente\/","title":{"rendered":"JAULA MASCULINA CON PLUG 9CM &#8211; TRANSPARENTE"},"content":{"rendered":"<p><strong>CAGE WITH PLUG<\/strong><\/p>\n<p>JAULA MASCULINA CON TAP\u00d3N PARA EL TRASERO \u00a1LLEVA TU JUEGO SADOMASOQUISTA AL SIGUIENTE NIVEL! CONTROLAR O SER CONTROLADO, \u00a1HE AH\u00cd LA CUESTI\u00d3N!<\/p>\n<p>Las jaulas est\u00e1n elaboradas de policarbonato de alto grado, muy ligeras, material duradero e hipoalerg\u00e9nico. La jaula tiene tres piezas que encajan perfectamente las unas con las otras. Los dos pines gu\u00eda conectan las piezas superiores y el pin ovalado y afilado conectan los aros a la jaula.<\/p>\n<p>\u00a1Una serie de aros de diferentes tama\u00f1os y a distintas distancias te permiten crear el tama\u00f1o perfecto! Los aros tienen un encaje c\u00f3modo y son absolutamente seguros. Como caracter\u00edstica de extra estimulaci\u00f3n, esta JAULA MASCULINA tiene un tap\u00f3n para el trasero que se le puede poner o quitar. La parte r\u00edgida que conecta el aro y el tap\u00f3n te dar\u00e1 una estimulaci\u00f3n extra mientras te mueves. La cerradura met\u00e1lica o la cerradura envolvente cierran la jaula f\u00e1cilmente.<\/p>\n<p>\u00a1La atadura envolvente incluida no har\u00e1 saltar la alarma de detectores de metal en las fiestas, festivales y hasta en aeropuertos! Como la higiene es muy importante mientras usa la jaula, la serie superior posee una variedad de aperturas de ventilaci\u00f3n y para orinar.<\/p>\n<p>\u00a1Esta jaula hace que sea imposible obtener una erecci\u00f3n, pero una vez que te liberas el mundo ser\u00e1 tuyo! \u00a1La Jaula Masculina le da a quien tiene la llave el poder \u00f3ptimo sobre tu gratificaci\u00f3n sexual!<\/p>\n<p>Caracter\u00edsticas:<\/p>\n<ul>\n<li>Dimensiones del producto: 14 x 7,7 x 9,6 cm<\/li>\n<li>Peso del producto: 143 gr<\/li>\n<li>Di\u00e1metro del producto:  4,3 cm<\/li>\n<li>Di\u00e1metro interno: 3,5 cm<\/li>\n<li>Longitud insertable:  9,0 cm<\/li>\n<li>Libre de ftalato_  S\u00ed<\/li>\n<li>4 anillos diferentes: 4,5cm &#8211; 5cm &#8211; 5,5cm &#8211; 6cm<\/li>\n<li>Longitud insertable del plug: 6,5 cm<\/li>\n<li>Di\u00e1metro del plug: 2,5 cm<\/li>\n<li>Material: Policarbonato<\/li>\n<\/ul>\n","protected":false},"excerpt":{"rendered":"<p>CAGE WITH PLUG JAULA MASCULINA CON TAP\u00d3N PARA EL TRASERO \u00a1LLEVA TU JUEGO SADOMASOQUISTA AL SIGUIENTE NIVEL! CONTROLAR O SER<\/p>\n","protected":false},"featured_media":71526,"comment_status":"open","ping_status":"open","template":"","meta":[],"product_cat":[305],"product_tag":[306,302],"class_list":["post-71525","product","type-product","status-publish","has-post-thumbnail","hentry","product_cat-castidad","product_tag-mancage","product_tag-shots"],"bundled_by":[],"bundle_stock_status":"instock","bundle_stock_quantity":1,"bundle_virtual":false,"bundle_layout":"","bundle_add_to_cart_form_location":"","bundle_editable_in_cart":false,"bundle_sold_individually_context":"","bundle_item_grouping":"","bundle_min_size":"","bundle_max_size":"","bundled_items":[],"yoast_head":"<!-- This site is optimized with the Yoast SEO plugin v20.6 - https:\/\/yoast.com\/wordpress\/plugins\/seo\/ -->\n<title>JAULA MASCULINA CON PLUG 9CM - TRANSPARENTE - Tienda Er\u00f3tica<\/title>\n<meta name=\"robots\" content=\"noindex, follow, max-snippet:-1, max-image-preview:large, max-video-preview:-1\" \/>\n<meta property=\"og:locale\" content=\"es_ES\" \/>\n<meta property=\"og:type\" content=\"article\" \/>\n<meta property=\"og:title\" content=\"JAULA MASCULINA CON PLUG 9CM - TRANSPARENTE - Tienda Er\u00f3tica\" \/>\n<meta property=\"og:description\" content=\"CAGE WITH PLUG JAULA MASCULINA CON TAP\u00d3N PARA EL TRASERO \u00a1LLEVA TU JUEGO SADOMASOQUISTA AL SIGUIENTE NIVEL! CONTROLAR O SER\" \/>\n<meta property=\"og:url\" content=\"https:\/\/demoweb.info\/sexshop001\/producto\/jaula-masculina-con-plug-9cm-transparente\/\" \/>\n<meta property=\"og:site_name\" content=\"Tienda Er\u00f3tica\" \/>\n<meta property=\"article:modified_time\" content=\"2022-01-22T19:46:51+00:00\" \/>\n<meta property=\"og:image\" content=\"https:\/\/demoweb.info\/sexshop001\/wp-content\/uploads\/2022\/01\/JAULA-MASCULINA-CON-PLUG-9CM-TRANSPARENTE.jpg\" \/>\n\t<meta property=\"og:image:width\" content=\"550\" \/>\n\t<meta property=\"og:image:height\" content=\"550\" \/>\n\t<meta property=\"og:image:type\" content=\"image\/jpeg\" \/>\n<meta name=\"twitter:card\" content=\"summary_large_image\" \/>\n<meta name=\"twitter:label1\" content=\"Tiempo de lectura\" \/>\n\t<meta name=\"twitter:data1\" content=\"1 minuto\" \/>\n<script type=\"application\/ld+json\" class=\"yoast-schema-graph\">{\"@context\":\"https:\/\/schema.org\",\"@graph\":[{\"@type\":\"WebPage\",\"@id\":\"https:\/\/demoweb.info\/sexshop001\/producto\/jaula-masculina-con-plug-9cm-transparente\/\",\"url\":\"https:\/\/demoweb.info\/sexshop001\/producto\/jaula-masculina-con-plug-9cm-transparente\/\",\"name\":\"JAULA MASCULINA CON PLUG 9CM - TRANSPARENTE - Tienda Er\u00f3tica\",\"isPartOf\":{\"@id\":\"https:\/\/demoweb.info\/sexshop001\/#website\"},\"datePublished\":\"2022-01-22T19:46:36+00:00\",\"dateModified\":\"2022-01-22T19:46:51+00:00\",\"breadcrumb\":{\"@id\":\"https:\/\/demoweb.info\/sexshop001\/producto\/jaula-masculina-con-plug-9cm-transparente\/#breadcrumb\"},\"inLanguage\":\"es\",\"potentialAction\":[{\"@type\":\"ReadAction\",\"target\":[\"https:\/\/demoweb.info\/sexshop001\/producto\/jaula-masculina-con-plug-9cm-transparente\/\"]}]},{\"@type\":\"BreadcrumbList\",\"@id\":\"https:\/\/demoweb.info\/sexshop001\/producto\/jaula-masculina-con-plug-9cm-transparente\/#breadcrumb\",\"itemListElement\":[{\"@type\":\"ListItem\",\"position\":1,\"name\":\"Portada\",\"item\":\"https:\/\/demoweb.info\/sexshop001\/\"},{\"@type\":\"ListItem\",\"position\":2,\"name\":\"Tienda\",\"item\":\"https:\/\/demoweb.info\/sexshop001\/tienda\/\"},{\"@type\":\"ListItem\",\"position\":3,\"name\":\"JAULA MASCULINA CON PLUG 9CM &#8211; TRANSPARENTE\"}]},{\"@type\":\"WebSite\",\"@id\":\"https:\/\/demoweb.info\/sexshop001\/#website\",\"url\":\"https:\/\/demoweb.info\/sexshop001\/\",\"name\":\"Tienda Er\u00f3tica\",\"description\":\"DEMOWEB SL\",\"potentialAction\":[{\"@type\":\"SearchAction\",\"target\":{\"@type\":\"EntryPoint\",\"urlTemplate\":\"https:\/\/demoweb.info\/sexshop001\/?s={search_term_string}\"},\"query-input\":\"required name=search_term_string\"}],\"inLanguage\":\"es\"}]}<\/script>\n<!-- \/ Yoast SEO plugin. -->","yoast_head_json":{"title":"JAULA MASCULINA CON PLUG 9CM - TRANSPARENTE - Tienda Er\u00f3tica","robots":{"index":"noindex","follow":"follow","max-snippet":"max-snippet:-1","max-image-preview":"max-image-preview:large","max-video-preview":"max-video-preview:-1"},"og_locale":"es_ES","og_type":"article","og_title":"JAULA MASCULINA CON PLUG 9CM - TRANSPARENTE - Tienda Er\u00f3tica","og_description":"CAGE WITH PLUG JAULA MASCULINA CON TAP\u00d3N PARA EL TRASERO \u00a1LLEVA TU JUEGO SADOMASOQUISTA AL SIGUIENTE NIVEL! CONTROLAR O SER","og_url":"https:\/\/demoweb.info\/sexshop001\/producto\/jaula-masculina-con-plug-9cm-transparente\/","og_site_name":"Tienda Er\u00f3tica","article_modified_time":"2022-01-22T19:46:51+00:00","og_image":[{"width":550,"height":550,"url":"https:\/\/demoweb.info\/sexshop001\/wp-content\/uploads\/2022\/01\/JAULA-MASCULINA-CON-PLUG-9CM-TRANSPARENTE.jpg","type":"image\/jpeg"}],"twitter_card":"summary_large_image","twitter_misc":{"Tiempo de lectura":"1 minuto"},"schema":{"@context":"https:\/\/schema.org","@graph":[{"@type":"WebPage","@id":"https:\/\/demoweb.info\/sexshop001\/producto\/jaula-masculina-con-plug-9cm-transparente\/","url":"https:\/\/demoweb.info\/sexshop001\/producto\/jaula-masculina-con-plug-9cm-transparente\/","name":"JAULA MASCULINA CON PLUG 9CM - TRANSPARENTE - Tienda Er\u00f3tica","isPartOf":{"@id":"https:\/\/demoweb.info\/sexshop001\/#website"},"datePublished":"2022-01-22T19:46:36+00:00","dateModified":"2022-01-22T19:46:51+00:00","breadcrumb":{"@id":"https:\/\/demoweb.info\/sexshop001\/producto\/jaula-masculina-con-plug-9cm-transparente\/#breadcrumb"},"inLanguage":"es","potentialAction":[{"@type":"ReadAction","target":["https:\/\/demoweb.info\/sexshop001\/producto\/jaula-masculina-con-plug-9cm-transparente\/"]}]},{"@type":"BreadcrumbList","@id":"https:\/\/demoweb.info\/sexshop001\/producto\/jaula-masculina-con-plug-9cm-transparente\/#breadcrumb","itemListElement":[{"@type":"ListItem","position":1,"name":"Portada","item":"https:\/\/demoweb.info\/sexshop001\/"},{"@type":"ListItem","position":2,"name":"Tienda","item":"https:\/\/demoweb.info\/sexshop001\/tienda\/"},{"@type":"ListItem","position":3,"name":"JAULA MASCULINA CON PLUG 9CM &#8211; TRANSPARENTE"}]},{"@type":"WebSite","@id":"https:\/\/demoweb.info\/sexshop001\/#website","url":"https:\/\/demoweb.info\/sexshop001\/","name":"Tienda Er\u00f3tica","description":"DEMOWEB SL","potentialAction":[{"@type":"SearchAction","target":{"@type":"EntryPoint","urlTemplate":"https:\/\/demoweb.info\/sexshop001\/?s={search_term_string}"},"query-input":"required name=search_term_string"}],"inLanguage":"es"}]}},"_links":{"self":[{"href":"https:\/\/demoweb.info\/sexshop001\/wp-json\/wp\/v3\/product\/71525","targetHints":{"allow":["GET"]}}],"collection":[{"href":"https:\/\/demoweb.info\/sexshop001\/wp-json\/wp\/v3\/product"}],"about":[{"href":"https:\/\/demoweb.info\/sexshop001\/wp-json\/wp\/v2\/types\/product"}],"replies":[{"embeddable":true,"href":"https:\/\/demoweb.info\/sexshop001\/wp-json\/wp\/v2\/comments?post=71525"}],"wp:featuredmedia":[{"embeddable":true,"href":"https:\/\/demoweb.info\/sexshop001\/wp-json\/wp\/v2\/media\/71526"}],"wp:attachment":[{"href":"https:\/\/demoweb.info\/sexshop001\/wp-json\/wp\/v2\/media?parent=71525"}],"wp:term":[{"taxonomy":"product_cat","embeddable":true,"href":"https:\/\/demoweb.info\/sexshop001\/wp-json\/wp\/v2\/product_cat?post=71525"},{"taxonomy":"product_tag","embeddable":true,"href":"https:\/\/demoweb.info\/sexshop001\/wp-json\/wp\/v2\/product_tag?post=71525"}],"curies":[{"name":"wp","href":"https:\/\/api.w.org\/{rel}","templated":true}]}}