{"id":7150,"date":"2022-01-22T07:30:05","date_gmt":"2022-01-22T06:30:05","guid":{"rendered":"https:\/\/demoweb.info\/sexshop001\/producto\/magnum-opus-supreme-thruster-2-morado\/"},"modified":"2022-01-22T07:30:15","modified_gmt":"2022-01-22T06:30:15","slug":"magnum-opus-supreme-thruster-2-morado","status":"publish","type":"product","link":"https:\/\/demoweb.info\/sexshop001\/producto\/magnum-opus-supreme-thruster-2-morado\/","title":{"rendered":"MAGNUM OPUS SUPREME THRUSTER 2 &#8211; MORADO"},"content":{"rendered":"<p><strong>MAGNUM OPUS SUPREME THRUSTER 2 <\/strong><\/p>\n<p>El Magnum Opus Supreme es el vibrador de empuje de \u00faltima generaci\u00f3n de TOYJOY Designer Edition. Este dise\u00f1o premium de primera clase presenta una incre\u00edble longitud de extensi\u00f3n de 31 cent\u00edmetros en total.<\/p>\n<p>Garantizando que llegar\u00e1 a tus puntos calientes con su suave silicona, silueta de estilo arm\u00f3nica. El estilo viene en un moderno color p\u00farpura, uno de los colores de juguetes m\u00e1s populares.<\/p>\n<p>Con m\u00faltiples modos de vibraci\u00f3n, pulsaci\u00f3n y acci\u00f3n de empuje, hay una configuraci\u00f3n perfecta para cada preferencia. Los controles intuitivos facilitan la operaci\u00f3n y le permiten cambiar r\u00e1pidamente entre configuraciones o intensidades durante la reproducci\u00f3n.<\/p>\n<p>Otra ventaja es que el Magnum Opus Supreme Thruster 2 viene en un lujoso empaque de recuerdo que se puede usar como una elegante caja de almacenamiento entre usos.<\/p>\n<p>Caracter\u00edsticas:<\/p>\n<ul>\n<li>Modos de vibraci\u00f3n: 4<\/li>\n<li>Velocidades: 3<\/li>\n<li>Impermeable<\/li>\n<li>Material: Silicona y pl\u00e1stico ABS<\/li>\n<li>Medidas: 31 x 3,7 cm<\/li>\n<li>Recargable con USB<\/li>\n<\/ul>\n","protected":false},"excerpt":{"rendered":"<p>MAGNUM OPUS SUPREME THRUSTER 2 El Magnum Opus Supreme es el vibrador de empuje de \u00faltima generaci\u00f3n de TOYJOY Designer<\/p>\n","protected":false},"featured_media":7151,"comment_status":"open","ping_status":"open","template":"","meta":[],"product_cat":[249],"product_tag":[250,247],"class_list":["post-7150","product","type-product","status-publish","has-post-thumbnail","hentry","product_cat-silicona","product_tag-designer-edition","product_tag-toyjoy"],"bundled_by":[],"bundle_stock_status":"instock","bundle_stock_quantity":2,"bundle_virtual":false,"bundle_layout":"","bundle_add_to_cart_form_location":"","bundle_editable_in_cart":false,"bundle_sold_individually_context":"","bundle_item_grouping":"","bundle_min_size":"","bundle_max_size":"","bundled_items":[],"yoast_head":"<!-- This site is optimized with the Yoast SEO plugin v20.6 - https:\/\/yoast.com\/wordpress\/plugins\/seo\/ -->\n<title>MAGNUM OPUS SUPREME THRUSTER 2 - MORADO - Tienda Er\u00f3tica<\/title>\n<meta name=\"robots\" content=\"noindex, follow, max-snippet:-1, max-image-preview:large, max-video-preview:-1\" \/>\n<meta property=\"og:locale\" content=\"es_ES\" \/>\n<meta property=\"og:type\" content=\"article\" \/>\n<meta property=\"og:title\" content=\"MAGNUM OPUS SUPREME THRUSTER 2 - MORADO - Tienda Er\u00f3tica\" \/>\n<meta property=\"og:description\" content=\"MAGNUM OPUS SUPREME THRUSTER 2 El Magnum Opus Supreme es el vibrador de empuje de \u00faltima generaci\u00f3n de TOYJOY Designer\" \/>\n<meta property=\"og:url\" content=\"https:\/\/demoweb.info\/sexshop001\/producto\/magnum-opus-supreme-thruster-2-morado\/\" \/>\n<meta property=\"og:site_name\" content=\"Tienda Er\u00f3tica\" \/>\n<meta property=\"article:modified_time\" content=\"2022-01-22T06:30:15+00:00\" \/>\n<meta property=\"og:image\" content=\"https:\/\/demoweb.info\/sexshop001\/wp-content\/uploads\/2022\/01\/MAGNUM-OPUS-SUPREME-THRUSTER-2-MORADO.jpg\" \/>\n\t<meta property=\"og:image:width\" content=\"550\" \/>\n\t<meta property=\"og:image:height\" content=\"550\" \/>\n\t<meta property=\"og:image:type\" content=\"image\/jpeg\" \/>\n<meta name=\"twitter:card\" content=\"summary_large_image\" \/>\n<meta name=\"twitter:label1\" content=\"Tiempo de lectura\" \/>\n\t<meta name=\"twitter:data1\" content=\"1 minuto\" \/>\n<script type=\"application\/ld+json\" class=\"yoast-schema-graph\">{\"@context\":\"https:\/\/schema.org\",\"@graph\":[{\"@type\":\"WebPage\",\"@id\":\"https:\/\/demoweb.info\/sexshop001\/producto\/magnum-opus-supreme-thruster-2-morado\/\",\"url\":\"https:\/\/demoweb.info\/sexshop001\/producto\/magnum-opus-supreme-thruster-2-morado\/\",\"name\":\"MAGNUM OPUS SUPREME THRUSTER 2 - MORADO - Tienda Er\u00f3tica\",\"isPartOf\":{\"@id\":\"https:\/\/demoweb.info\/sexshop001\/#website\"},\"datePublished\":\"2022-01-22T06:30:05+00:00\",\"dateModified\":\"2022-01-22T06:30:15+00:00\",\"breadcrumb\":{\"@id\":\"https:\/\/demoweb.info\/sexshop001\/producto\/magnum-opus-supreme-thruster-2-morado\/#breadcrumb\"},\"inLanguage\":\"es\",\"potentialAction\":[{\"@type\":\"ReadAction\",\"target\":[\"https:\/\/demoweb.info\/sexshop001\/producto\/magnum-opus-supreme-thruster-2-morado\/\"]}]},{\"@type\":\"BreadcrumbList\",\"@id\":\"https:\/\/demoweb.info\/sexshop001\/producto\/magnum-opus-supreme-thruster-2-morado\/#breadcrumb\",\"itemListElement\":[{\"@type\":\"ListItem\",\"position\":1,\"name\":\"Portada\",\"item\":\"https:\/\/demoweb.info\/sexshop001\/\"},{\"@type\":\"ListItem\",\"position\":2,\"name\":\"Tienda\",\"item\":\"https:\/\/demoweb.info\/sexshop001\/tienda\/\"},{\"@type\":\"ListItem\",\"position\":3,\"name\":\"MAGNUM OPUS SUPREME THRUSTER 2 &#8211; MORADO\"}]},{\"@type\":\"WebSite\",\"@id\":\"https:\/\/demoweb.info\/sexshop001\/#website\",\"url\":\"https:\/\/demoweb.info\/sexshop001\/\",\"name\":\"Tienda Er\u00f3tica\",\"description\":\"DEMOWEB SL\",\"potentialAction\":[{\"@type\":\"SearchAction\",\"target\":{\"@type\":\"EntryPoint\",\"urlTemplate\":\"https:\/\/demoweb.info\/sexshop001\/?s={search_term_string}\"},\"query-input\":\"required name=search_term_string\"}],\"inLanguage\":\"es\"}]}<\/script>\n<!-- \/ Yoast SEO plugin. -->","yoast_head_json":{"title":"MAGNUM OPUS SUPREME THRUSTER 2 - MORADO - Tienda Er\u00f3tica","robots":{"index":"noindex","follow":"follow","max-snippet":"max-snippet:-1","max-image-preview":"max-image-preview:large","max-video-preview":"max-video-preview:-1"},"og_locale":"es_ES","og_type":"article","og_title":"MAGNUM OPUS SUPREME THRUSTER 2 - MORADO - Tienda Er\u00f3tica","og_description":"MAGNUM OPUS SUPREME THRUSTER 2 El Magnum Opus Supreme es el vibrador de empuje de \u00faltima generaci\u00f3n de TOYJOY Designer","og_url":"https:\/\/demoweb.info\/sexshop001\/producto\/magnum-opus-supreme-thruster-2-morado\/","og_site_name":"Tienda Er\u00f3tica","article_modified_time":"2022-01-22T06:30:15+00:00","og_image":[{"width":550,"height":550,"url":"https:\/\/demoweb.info\/sexshop001\/wp-content\/uploads\/2022\/01\/MAGNUM-OPUS-SUPREME-THRUSTER-2-MORADO.jpg","type":"image\/jpeg"}],"twitter_card":"summary_large_image","twitter_misc":{"Tiempo de lectura":"1 minuto"},"schema":{"@context":"https:\/\/schema.org","@graph":[{"@type":"WebPage","@id":"https:\/\/demoweb.info\/sexshop001\/producto\/magnum-opus-supreme-thruster-2-morado\/","url":"https:\/\/demoweb.info\/sexshop001\/producto\/magnum-opus-supreme-thruster-2-morado\/","name":"MAGNUM OPUS SUPREME THRUSTER 2 - MORADO - Tienda Er\u00f3tica","isPartOf":{"@id":"https:\/\/demoweb.info\/sexshop001\/#website"},"datePublished":"2022-01-22T06:30:05+00:00","dateModified":"2022-01-22T06:30:15+00:00","breadcrumb":{"@id":"https:\/\/demoweb.info\/sexshop001\/producto\/magnum-opus-supreme-thruster-2-morado\/#breadcrumb"},"inLanguage":"es","potentialAction":[{"@type":"ReadAction","target":["https:\/\/demoweb.info\/sexshop001\/producto\/magnum-opus-supreme-thruster-2-morado\/"]}]},{"@type":"BreadcrumbList","@id":"https:\/\/demoweb.info\/sexshop001\/producto\/magnum-opus-supreme-thruster-2-morado\/#breadcrumb","itemListElement":[{"@type":"ListItem","position":1,"name":"Portada","item":"https:\/\/demoweb.info\/sexshop001\/"},{"@type":"ListItem","position":2,"name":"Tienda","item":"https:\/\/demoweb.info\/sexshop001\/tienda\/"},{"@type":"ListItem","position":3,"name":"MAGNUM OPUS SUPREME THRUSTER 2 &#8211; MORADO"}]},{"@type":"WebSite","@id":"https:\/\/demoweb.info\/sexshop001\/#website","url":"https:\/\/demoweb.info\/sexshop001\/","name":"Tienda Er\u00f3tica","description":"DEMOWEB SL","potentialAction":[{"@type":"SearchAction","target":{"@type":"EntryPoint","urlTemplate":"https:\/\/demoweb.info\/sexshop001\/?s={search_term_string}"},"query-input":"required name=search_term_string"}],"inLanguage":"es"}]}},"_links":{"self":[{"href":"https:\/\/demoweb.info\/sexshop001\/wp-json\/wp\/v3\/product\/7150","targetHints":{"allow":["GET"]}}],"collection":[{"href":"https:\/\/demoweb.info\/sexshop001\/wp-json\/wp\/v3\/product"}],"about":[{"href":"https:\/\/demoweb.info\/sexshop001\/wp-json\/wp\/v2\/types\/product"}],"replies":[{"embeddable":true,"href":"https:\/\/demoweb.info\/sexshop001\/wp-json\/wp\/v2\/comments?post=7150"}],"wp:featuredmedia":[{"embeddable":true,"href":"https:\/\/demoweb.info\/sexshop001\/wp-json\/wp\/v2\/media\/7151"}],"wp:attachment":[{"href":"https:\/\/demoweb.info\/sexshop001\/wp-json\/wp\/v2\/media?parent=7150"}],"wp:term":[{"taxonomy":"product_cat","embeddable":true,"href":"https:\/\/demoweb.info\/sexshop001\/wp-json\/wp\/v2\/product_cat?post=7150"},{"taxonomy":"product_tag","embeddable":true,"href":"https:\/\/demoweb.info\/sexshop001\/wp-json\/wp\/v2\/product_tag?post=7150"}],"curies":[{"name":"wp","href":"https:\/\/api.w.org\/{rel}","templated":true}]}}