{"id":71485,"date":"2022-01-22T20:46:03","date_gmt":"2022-01-22T19:46:03","guid":{"rendered":"https:\/\/demoweb.info\/sexshop001\/producto\/vibrador-rampante-conejito-con-rotacion-rosa\/"},"modified":"2022-01-22T20:46:20","modified_gmt":"2022-01-22T19:46:20","slug":"vibrador-rampante-conejito-con-rotacion-rosa","status":"publish","type":"product","link":"https:\/\/demoweb.info\/sexshop001\/producto\/vibrador-rampante-conejito-con-rotacion-rosa\/","title":{"rendered":"VIBRADOR RAMPANTE CONEJITO CON ROTACI\u00d3N &#8211; ROSA"},"content":{"rendered":"<p><strong>ROTATING RABBIT VIBRATOR <\/strong><\/p>\n<p>Combina lo mejor de ambos mundos, este Rotating Rabbit Vibrator y estimulador del punto G te da todo lo que quieres cuando tienes ganas de m\u00e1s.<\/p>\n<p>Con una tecnolog\u00eda de doble motor ultrapotente, esta herramienta de capacidad superior alcanza una velocidad de hasta 15.000 RPM, es silenciosa a menos de 50dB y combina 3 modos diferentes de rotaci\u00f3n y vibraci\u00f3n. La cabeza ergon\u00f3micamente dise\u00f1ada gira para darte una estimulaci\u00f3n adicional del punto G, mientras que las orejas del conejo se encargan de las sensaciones del cl\u00edtoris org\u00e1smico.<\/p>\n<p>Hecho de silicona de alta calidad y ABS, este conejo juguet\u00f3n mide 22,2 cm de altura con 3,6 cm de di\u00e1metro y una longitud insertable de 11,5 cm. Es resistente al agua.<\/p>\n","protected":false},"excerpt":{"rendered":"<p>ROTATING RABBIT VIBRATOR Combina lo mejor de ambos mundos, este Rotating Rabbit Vibrator y estimulador del punto G te da<\/p>\n","protected":false},"featured_media":71486,"comment_status":"open","ping_status":"open","template":"","meta":[],"product_cat":[434],"product_tag":[1081,302],"class_list":["post-71485","product","type-product","status-publish","has-post-thumbnail","hentry","product_cat-doble-estimulacion-vibradores-juguetes-xxx","product_tag-gc","product_tag-shots"],"bundled_by":[],"bundle_stock_status":"outofstock","bundle_stock_quantity":0,"bundle_virtual":false,"bundle_layout":"","bundle_add_to_cart_form_location":"","bundle_editable_in_cart":false,"bundle_sold_individually_context":"","bundle_item_grouping":"","bundle_min_size":"","bundle_max_size":"","bundled_items":[],"yoast_head":"<!-- This site is optimized with the Yoast SEO plugin v20.6 - https:\/\/yoast.com\/wordpress\/plugins\/seo\/ -->\n<title>VIBRADOR RAMPANTE CONEJITO CON ROTACI\u00d3N - ROSA - Tienda Er\u00f3tica<\/title>\n<meta name=\"robots\" content=\"noindex, follow, max-snippet:-1, max-image-preview:large, max-video-preview:-1\" \/>\n<meta property=\"og:locale\" content=\"es_ES\" \/>\n<meta property=\"og:type\" content=\"article\" \/>\n<meta property=\"og:title\" content=\"VIBRADOR RAMPANTE CONEJITO CON ROTACI\u00d3N - ROSA - Tienda Er\u00f3tica\" \/>\n<meta property=\"og:description\" content=\"ROTATING RABBIT VIBRATOR Combina lo mejor de ambos mundos, este Rotating Rabbit Vibrator y estimulador del punto G te da\" \/>\n<meta property=\"og:url\" content=\"https:\/\/demoweb.info\/sexshop001\/producto\/vibrador-rampante-conejito-con-rotacion-rosa\/\" \/>\n<meta property=\"og:site_name\" content=\"Tienda Er\u00f3tica\" \/>\n<meta property=\"article:modified_time\" content=\"2022-01-22T19:46:20+00:00\" \/>\n<meta property=\"og:image\" content=\"https:\/\/demoweb.info\/sexshop001\/wp-content\/uploads\/2022\/01\/VIBRADOR-RAMPANTE-CONEJITO-CON-ROTACION-ROSA.jpg\" \/>\n\t<meta property=\"og:image:width\" content=\"550\" \/>\n\t<meta property=\"og:image:height\" content=\"550\" \/>\n\t<meta property=\"og:image:type\" content=\"image\/jpeg\" \/>\n<meta name=\"twitter:card\" content=\"summary_large_image\" \/>\n<meta name=\"twitter:label1\" content=\"Tiempo de lectura\" \/>\n\t<meta name=\"twitter:data1\" content=\"1 minuto\" \/>\n<script type=\"application\/ld+json\" class=\"yoast-schema-graph\">{\"@context\":\"https:\/\/schema.org\",\"@graph\":[{\"@type\":\"WebPage\",\"@id\":\"https:\/\/demoweb.info\/sexshop001\/producto\/vibrador-rampante-conejito-con-rotacion-rosa\/\",\"url\":\"https:\/\/demoweb.info\/sexshop001\/producto\/vibrador-rampante-conejito-con-rotacion-rosa\/\",\"name\":\"VIBRADOR RAMPANTE CONEJITO CON ROTACI\u00d3N - ROSA - Tienda Er\u00f3tica\",\"isPartOf\":{\"@id\":\"https:\/\/demoweb.info\/sexshop001\/#website\"},\"datePublished\":\"2022-01-22T19:46:03+00:00\",\"dateModified\":\"2022-01-22T19:46:20+00:00\",\"breadcrumb\":{\"@id\":\"https:\/\/demoweb.info\/sexshop001\/producto\/vibrador-rampante-conejito-con-rotacion-rosa\/#breadcrumb\"},\"inLanguage\":\"es\",\"potentialAction\":[{\"@type\":\"ReadAction\",\"target\":[\"https:\/\/demoweb.info\/sexshop001\/producto\/vibrador-rampante-conejito-con-rotacion-rosa\/\"]}]},{\"@type\":\"BreadcrumbList\",\"@id\":\"https:\/\/demoweb.info\/sexshop001\/producto\/vibrador-rampante-conejito-con-rotacion-rosa\/#breadcrumb\",\"itemListElement\":[{\"@type\":\"ListItem\",\"position\":1,\"name\":\"Portada\",\"item\":\"https:\/\/demoweb.info\/sexshop001\/\"},{\"@type\":\"ListItem\",\"position\":2,\"name\":\"Tienda\",\"item\":\"https:\/\/demoweb.info\/sexshop001\/tienda\/\"},{\"@type\":\"ListItem\",\"position\":3,\"name\":\"VIBRADOR RAMPANTE CONEJITO CON ROTACI\u00d3N &#8211; ROSA\"}]},{\"@type\":\"WebSite\",\"@id\":\"https:\/\/demoweb.info\/sexshop001\/#website\",\"url\":\"https:\/\/demoweb.info\/sexshop001\/\",\"name\":\"Tienda Er\u00f3tica\",\"description\":\"DEMOWEB SL\",\"potentialAction\":[{\"@type\":\"SearchAction\",\"target\":{\"@type\":\"EntryPoint\",\"urlTemplate\":\"https:\/\/demoweb.info\/sexshop001\/?s={search_term_string}\"},\"query-input\":\"required name=search_term_string\"}],\"inLanguage\":\"es\"}]}<\/script>\n<!-- \/ Yoast SEO plugin. -->","yoast_head_json":{"title":"VIBRADOR RAMPANTE CONEJITO CON ROTACI\u00d3N - ROSA - Tienda Er\u00f3tica","robots":{"index":"noindex","follow":"follow","max-snippet":"max-snippet:-1","max-image-preview":"max-image-preview:large","max-video-preview":"max-video-preview:-1"},"og_locale":"es_ES","og_type":"article","og_title":"VIBRADOR RAMPANTE CONEJITO CON ROTACI\u00d3N - ROSA - Tienda Er\u00f3tica","og_description":"ROTATING RABBIT VIBRATOR Combina lo mejor de ambos mundos, este Rotating Rabbit Vibrator y estimulador del punto G te da","og_url":"https:\/\/demoweb.info\/sexshop001\/producto\/vibrador-rampante-conejito-con-rotacion-rosa\/","og_site_name":"Tienda Er\u00f3tica","article_modified_time":"2022-01-22T19:46:20+00:00","og_image":[{"width":550,"height":550,"url":"https:\/\/demoweb.info\/sexshop001\/wp-content\/uploads\/2022\/01\/VIBRADOR-RAMPANTE-CONEJITO-CON-ROTACION-ROSA.jpg","type":"image\/jpeg"}],"twitter_card":"summary_large_image","twitter_misc":{"Tiempo de lectura":"1 minuto"},"schema":{"@context":"https:\/\/schema.org","@graph":[{"@type":"WebPage","@id":"https:\/\/demoweb.info\/sexshop001\/producto\/vibrador-rampante-conejito-con-rotacion-rosa\/","url":"https:\/\/demoweb.info\/sexshop001\/producto\/vibrador-rampante-conejito-con-rotacion-rosa\/","name":"VIBRADOR RAMPANTE CONEJITO CON ROTACI\u00d3N - ROSA - Tienda Er\u00f3tica","isPartOf":{"@id":"https:\/\/demoweb.info\/sexshop001\/#website"},"datePublished":"2022-01-22T19:46:03+00:00","dateModified":"2022-01-22T19:46:20+00:00","breadcrumb":{"@id":"https:\/\/demoweb.info\/sexshop001\/producto\/vibrador-rampante-conejito-con-rotacion-rosa\/#breadcrumb"},"inLanguage":"es","potentialAction":[{"@type":"ReadAction","target":["https:\/\/demoweb.info\/sexshop001\/producto\/vibrador-rampante-conejito-con-rotacion-rosa\/"]}]},{"@type":"BreadcrumbList","@id":"https:\/\/demoweb.info\/sexshop001\/producto\/vibrador-rampante-conejito-con-rotacion-rosa\/#breadcrumb","itemListElement":[{"@type":"ListItem","position":1,"name":"Portada","item":"https:\/\/demoweb.info\/sexshop001\/"},{"@type":"ListItem","position":2,"name":"Tienda","item":"https:\/\/demoweb.info\/sexshop001\/tienda\/"},{"@type":"ListItem","position":3,"name":"VIBRADOR RAMPANTE CONEJITO CON ROTACI\u00d3N &#8211; ROSA"}]},{"@type":"WebSite","@id":"https:\/\/demoweb.info\/sexshop001\/#website","url":"https:\/\/demoweb.info\/sexshop001\/","name":"Tienda Er\u00f3tica","description":"DEMOWEB SL","potentialAction":[{"@type":"SearchAction","target":{"@type":"EntryPoint","urlTemplate":"https:\/\/demoweb.info\/sexshop001\/?s={search_term_string}"},"query-input":"required name=search_term_string"}],"inLanguage":"es"}]}},"_links":{"self":[{"href":"https:\/\/demoweb.info\/sexshop001\/wp-json\/wp\/v3\/product\/71485","targetHints":{"allow":["GET"]}}],"collection":[{"href":"https:\/\/demoweb.info\/sexshop001\/wp-json\/wp\/v3\/product"}],"about":[{"href":"https:\/\/demoweb.info\/sexshop001\/wp-json\/wp\/v2\/types\/product"}],"replies":[{"embeddable":true,"href":"https:\/\/demoweb.info\/sexshop001\/wp-json\/wp\/v2\/comments?post=71485"}],"wp:featuredmedia":[{"embeddable":true,"href":"https:\/\/demoweb.info\/sexshop001\/wp-json\/wp\/v2\/media\/71486"}],"wp:attachment":[{"href":"https:\/\/demoweb.info\/sexshop001\/wp-json\/wp\/v2\/media?parent=71485"}],"wp:term":[{"taxonomy":"product_cat","embeddable":true,"href":"https:\/\/demoweb.info\/sexshop001\/wp-json\/wp\/v2\/product_cat?post=71485"},{"taxonomy":"product_tag","embeddable":true,"href":"https:\/\/demoweb.info\/sexshop001\/wp-json\/wp\/v2\/product_tag?post=71485"}],"curies":[{"name":"wp","href":"https:\/\/api.w.org\/{rel}","templated":true}]}}