{"id":71373,"date":"2022-01-22T20:44:27","date_gmt":"2022-01-22T19:44:27","guid":{"rendered":"https:\/\/demoweb.info\/sexshop001\/producto\/sono-no-78-estimulador-anal-recargable-negro\/"},"modified":"2022-01-22T20:44:53","modified_gmt":"2022-01-22T19:44:53","slug":"sono-no-78-estimulador-anal-recargable-negro","status":"publish","type":"product","link":"https:\/\/demoweb.info\/sexshop001\/producto\/sono-no-78-estimulador-anal-recargable-negro\/","title":{"rendered":"SONO NO. 78 &#8211; ESTIMULADOR ANAL RECARGABLE &#8211; NEGRO"},"content":{"rendered":"<p><strong>SONO NO. 78 &#8211; RECHARGEABLE ANAL STIMULATOR<\/strong><\/p>\n<p>Si lo que est\u00e1s buscando una estimulaci\u00f3n anal intensa, este estimulante juguete bulboso es para ti. Dise\u00f1ado anat\u00f3micamente para adaptarse a tu cuerpo y hacerte los mejores masajes. Pon los tres bulbos a funcionar y deja que las vibraciones hagan el resto.<\/p>\n<p>Tiene 10 velocidades de vibraci\u00f3n y llega hasta 6800 rpm mientras que produce un ruido por de menos de 50 dB, \u00a1hay una velocidad ideal para cada quien! Como bono adicional, \u00a1este SONO vibrador anal recargable viene con control remoto que llevar\u00e1 tu placer anal de manos libres a nuevas alturas!<\/p>\n<p>Caracter\u00edsticas:<\/p>\n<ul>\n<li>Dimensiones del producto: 12 x 8,7 x 3,1 cm<\/li>\n<li>Peso del producto:   118,00 gr<\/li>\n<li>Di\u00e1metro del producto: 3,1 cm<\/li>\n<li>Longitud insertable:  8,0 cm<\/li>\n<li>Cantidad de motores: 1<\/li>\n<li>Rotaciones: 6800 RPM<\/li>\n<li>Tipos de velocidad:  10<\/li>\n<li>Nivel de ruido: 50 dB<\/li>\n<li>Recargable: S\u00ed<\/li>\n<li>Tiempo de recarga:  60 min<\/li>\n<li>Vida de la recarga de las bater\u00edas:  90 min<\/li>\n<li>A prueba de agua:  S\u00ed<\/li>\n<li>A prueba de salpicaduras:  S\u00ed<\/li>\n<li>Libre de ftalato:  S\u00ed<\/li>\n<li>Materiales: ABS, Silicona<\/li>\n<\/ul>\n","protected":false},"excerpt":{"rendered":"<p>SONO NO. 78 &#8211; RECHARGEABLE ANAL STIMULATOR Si lo que est\u00e1s buscando una estimulaci\u00f3n anal intensa, este estimulante juguete bulboso<\/p>\n","protected":false},"featured_media":71374,"comment_status":"open","ping_status":"open","template":"","meta":[],"product_cat":[338],"product_tag":[302,312],"class_list":["post-71373","product","type-product","status-publish","has-post-thumbnail","hentry","product_cat-silicona-plugs","product_tag-shots","product_tag-sono"],"bundled_by":[],"bundle_stock_status":"instock","bundle_stock_quantity":2,"bundle_virtual":false,"bundle_layout":"","bundle_add_to_cart_form_location":"","bundle_editable_in_cart":false,"bundle_sold_individually_context":"","bundle_item_grouping":"","bundle_min_size":"","bundle_max_size":"","bundled_items":[],"yoast_head":"<!-- This site is optimized with the Yoast SEO plugin v20.6 - https:\/\/yoast.com\/wordpress\/plugins\/seo\/ -->\n<title>SONO NO. 78 - ESTIMULADOR ANAL RECARGABLE - NEGRO - Tienda Er\u00f3tica<\/title>\n<meta name=\"robots\" content=\"noindex, follow, max-snippet:-1, max-image-preview:large, max-video-preview:-1\" \/>\n<meta property=\"og:locale\" content=\"es_ES\" \/>\n<meta property=\"og:type\" content=\"article\" \/>\n<meta property=\"og:title\" content=\"SONO NO. 78 - ESTIMULADOR ANAL RECARGABLE - NEGRO - Tienda Er\u00f3tica\" \/>\n<meta property=\"og:description\" content=\"SONO NO. 78 &#8211; RECHARGEABLE ANAL STIMULATOR Si lo que est\u00e1s buscando una estimulaci\u00f3n anal intensa, este estimulante juguete bulboso\" \/>\n<meta property=\"og:url\" content=\"https:\/\/demoweb.info\/sexshop001\/producto\/sono-no-78-estimulador-anal-recargable-negro\/\" \/>\n<meta property=\"og:site_name\" content=\"Tienda Er\u00f3tica\" \/>\n<meta property=\"article:modified_time\" content=\"2022-01-22T19:44:53+00:00\" \/>\n<meta property=\"og:image\" content=\"https:\/\/demoweb.info\/sexshop001\/wp-content\/uploads\/2022\/01\/SONO-NO.-78-ESTIMULADOR-ANAL-RECARGABLE-NEGRO.jpg\" \/>\n\t<meta property=\"og:image:width\" content=\"550\" \/>\n\t<meta property=\"og:image:height\" content=\"550\" \/>\n\t<meta property=\"og:image:type\" content=\"image\/jpeg\" \/>\n<meta name=\"twitter:card\" content=\"summary_large_image\" \/>\n<meta name=\"twitter:label1\" content=\"Tiempo de lectura\" \/>\n\t<meta name=\"twitter:data1\" content=\"1 minuto\" \/>\n<script type=\"application\/ld+json\" class=\"yoast-schema-graph\">{\"@context\":\"https:\/\/schema.org\",\"@graph\":[{\"@type\":\"WebPage\",\"@id\":\"https:\/\/demoweb.info\/sexshop001\/producto\/sono-no-78-estimulador-anal-recargable-negro\/\",\"url\":\"https:\/\/demoweb.info\/sexshop001\/producto\/sono-no-78-estimulador-anal-recargable-negro\/\",\"name\":\"SONO NO. 78 - ESTIMULADOR ANAL RECARGABLE - NEGRO - Tienda Er\u00f3tica\",\"isPartOf\":{\"@id\":\"https:\/\/demoweb.info\/sexshop001\/#website\"},\"datePublished\":\"2022-01-22T19:44:27+00:00\",\"dateModified\":\"2022-01-22T19:44:53+00:00\",\"breadcrumb\":{\"@id\":\"https:\/\/demoweb.info\/sexshop001\/producto\/sono-no-78-estimulador-anal-recargable-negro\/#breadcrumb\"},\"inLanguage\":\"es\",\"potentialAction\":[{\"@type\":\"ReadAction\",\"target\":[\"https:\/\/demoweb.info\/sexshop001\/producto\/sono-no-78-estimulador-anal-recargable-negro\/\"]}]},{\"@type\":\"BreadcrumbList\",\"@id\":\"https:\/\/demoweb.info\/sexshop001\/producto\/sono-no-78-estimulador-anal-recargable-negro\/#breadcrumb\",\"itemListElement\":[{\"@type\":\"ListItem\",\"position\":1,\"name\":\"Portada\",\"item\":\"https:\/\/demoweb.info\/sexshop001\/\"},{\"@type\":\"ListItem\",\"position\":2,\"name\":\"Tienda\",\"item\":\"https:\/\/demoweb.info\/sexshop001\/tienda\/\"},{\"@type\":\"ListItem\",\"position\":3,\"name\":\"SONO NO. 78 &#8211; ESTIMULADOR ANAL RECARGABLE &#8211; NEGRO\"}]},{\"@type\":\"WebSite\",\"@id\":\"https:\/\/demoweb.info\/sexshop001\/#website\",\"url\":\"https:\/\/demoweb.info\/sexshop001\/\",\"name\":\"Tienda Er\u00f3tica\",\"description\":\"DEMOWEB SL\",\"potentialAction\":[{\"@type\":\"SearchAction\",\"target\":{\"@type\":\"EntryPoint\",\"urlTemplate\":\"https:\/\/demoweb.info\/sexshop001\/?s={search_term_string}\"},\"query-input\":\"required name=search_term_string\"}],\"inLanguage\":\"es\"}]}<\/script>\n<!-- \/ Yoast SEO plugin. -->","yoast_head_json":{"title":"SONO NO. 78 - ESTIMULADOR ANAL RECARGABLE - NEGRO - Tienda Er\u00f3tica","robots":{"index":"noindex","follow":"follow","max-snippet":"max-snippet:-1","max-image-preview":"max-image-preview:large","max-video-preview":"max-video-preview:-1"},"og_locale":"es_ES","og_type":"article","og_title":"SONO NO. 78 - ESTIMULADOR ANAL RECARGABLE - NEGRO - Tienda Er\u00f3tica","og_description":"SONO NO. 78 &#8211; RECHARGEABLE ANAL STIMULATOR Si lo que est\u00e1s buscando una estimulaci\u00f3n anal intensa, este estimulante juguete bulboso","og_url":"https:\/\/demoweb.info\/sexshop001\/producto\/sono-no-78-estimulador-anal-recargable-negro\/","og_site_name":"Tienda Er\u00f3tica","article_modified_time":"2022-01-22T19:44:53+00:00","og_image":[{"width":550,"height":550,"url":"https:\/\/demoweb.info\/sexshop001\/wp-content\/uploads\/2022\/01\/SONO-NO.-78-ESTIMULADOR-ANAL-RECARGABLE-NEGRO.jpg","type":"image\/jpeg"}],"twitter_card":"summary_large_image","twitter_misc":{"Tiempo de lectura":"1 minuto"},"schema":{"@context":"https:\/\/schema.org","@graph":[{"@type":"WebPage","@id":"https:\/\/demoweb.info\/sexshop001\/producto\/sono-no-78-estimulador-anal-recargable-negro\/","url":"https:\/\/demoweb.info\/sexshop001\/producto\/sono-no-78-estimulador-anal-recargable-negro\/","name":"SONO NO. 78 - ESTIMULADOR ANAL RECARGABLE - NEGRO - Tienda Er\u00f3tica","isPartOf":{"@id":"https:\/\/demoweb.info\/sexshop001\/#website"},"datePublished":"2022-01-22T19:44:27+00:00","dateModified":"2022-01-22T19:44:53+00:00","breadcrumb":{"@id":"https:\/\/demoweb.info\/sexshop001\/producto\/sono-no-78-estimulador-anal-recargable-negro\/#breadcrumb"},"inLanguage":"es","potentialAction":[{"@type":"ReadAction","target":["https:\/\/demoweb.info\/sexshop001\/producto\/sono-no-78-estimulador-anal-recargable-negro\/"]}]},{"@type":"BreadcrumbList","@id":"https:\/\/demoweb.info\/sexshop001\/producto\/sono-no-78-estimulador-anal-recargable-negro\/#breadcrumb","itemListElement":[{"@type":"ListItem","position":1,"name":"Portada","item":"https:\/\/demoweb.info\/sexshop001\/"},{"@type":"ListItem","position":2,"name":"Tienda","item":"https:\/\/demoweb.info\/sexshop001\/tienda\/"},{"@type":"ListItem","position":3,"name":"SONO NO. 78 &#8211; ESTIMULADOR ANAL RECARGABLE &#8211; NEGRO"}]},{"@type":"WebSite","@id":"https:\/\/demoweb.info\/sexshop001\/#website","url":"https:\/\/demoweb.info\/sexshop001\/","name":"Tienda Er\u00f3tica","description":"DEMOWEB SL","potentialAction":[{"@type":"SearchAction","target":{"@type":"EntryPoint","urlTemplate":"https:\/\/demoweb.info\/sexshop001\/?s={search_term_string}"},"query-input":"required name=search_term_string"}],"inLanguage":"es"}]}},"_links":{"self":[{"href":"https:\/\/demoweb.info\/sexshop001\/wp-json\/wp\/v3\/product\/71373","targetHints":{"allow":["GET"]}}],"collection":[{"href":"https:\/\/demoweb.info\/sexshop001\/wp-json\/wp\/v3\/product"}],"about":[{"href":"https:\/\/demoweb.info\/sexshop001\/wp-json\/wp\/v2\/types\/product"}],"replies":[{"embeddable":true,"href":"https:\/\/demoweb.info\/sexshop001\/wp-json\/wp\/v2\/comments?post=71373"}],"wp:featuredmedia":[{"embeddable":true,"href":"https:\/\/demoweb.info\/sexshop001\/wp-json\/wp\/v2\/media\/71374"}],"wp:attachment":[{"href":"https:\/\/demoweb.info\/sexshop001\/wp-json\/wp\/v2\/media?parent=71373"}],"wp:term":[{"taxonomy":"product_cat","embeddable":true,"href":"https:\/\/demoweb.info\/sexshop001\/wp-json\/wp\/v2\/product_cat?post=71373"},{"taxonomy":"product_tag","embeddable":true,"href":"https:\/\/demoweb.info\/sexshop001\/wp-json\/wp\/v2\/product_tag?post=71373"}],"curies":[{"name":"wp","href":"https:\/\/api.w.org\/{rel}","templated":true}]}}