{"id":7136,"date":"2022-01-22T07:30:05","date_gmt":"2022-01-22T06:30:05","guid":{"rendered":"https:\/\/demoweb.info\/sexshop001\/producto\/thrill-vibrador-punto-g-de-silicona-rosa\/"},"modified":"2022-01-22T07:30:10","modified_gmt":"2022-01-22T06:30:10","slug":"thrill-vibrador-punto-g-de-silicona-rosa","status":"publish","type":"product","link":"https:\/\/demoweb.info\/sexshop001\/producto\/thrill-vibrador-punto-g-de-silicona-rosa\/","title":{"rendered":"THRILL VIBRADOR PUNTO G DE SILICONA &#8211; ROSA"},"content":{"rendered":"<p><strong>THRILL SOFT SILICONE G-SPOT <\/strong><\/p>\n<p>Deleite sus sentidos con el sensual Soft G Silicone G-Spot de SILK. Este proveedor de placer curioso sorprender\u00e1 sus zonas er\u00f3genas con su silueta ergon\u00f3mica, vibraciones potentes y tacto de silicona l\u00edquida que se siente tan suave como la seda.<\/p>\n<p>El punto G hipoalerg\u00e9nico de silicona suave presenta 4 velocidades de vibraci\u00f3n tentadoras y 6 modos de pulsaci\u00f3n intensa. Viene con controles intuitivos y f\u00e1ciles de usar y es recargable por USB para la m\u00e1xima comodidad.<\/p>\n<p>\u00a1Esta forma curva del dise\u00f1o tambi\u00e9n permite el m\u00e1ximo placer del punto G, creando infinitas olas de satisfacci\u00f3n sedosa y sensacional!<\/p>\n<p>Medidas: 19 x 3 cm<\/p>\n","protected":false},"excerpt":{"rendered":"<p>THRILL SOFT SILICONE G-SPOT Deleite sus sentidos con el sensual Soft G Silicone G-Spot de SILK. Este proveedor de placer<\/p>\n","protected":false},"featured_media":7137,"comment_status":"open","ping_status":"open","template":"","meta":[],"product_cat":[249],"product_tag":[248,247],"class_list":["post-7136","product","type-product","status-publish","has-post-thumbnail","hentry","product_cat-silicona","product_tag-silk","product_tag-toyjoy"],"bundled_by":[],"bundle_stock_status":"instock","bundle_stock_quantity":1,"bundle_virtual":false,"bundle_layout":"","bundle_add_to_cart_form_location":"","bundle_editable_in_cart":false,"bundle_sold_individually_context":"","bundle_item_grouping":"","bundle_min_size":"","bundle_max_size":"","bundled_items":[],"yoast_head":"<!-- This site is optimized with the Yoast SEO plugin v20.6 - https:\/\/yoast.com\/wordpress\/plugins\/seo\/ -->\n<title>THRILL VIBRADOR PUNTO G DE SILICONA - ROSA - Tienda Er\u00f3tica<\/title>\n<meta name=\"robots\" content=\"noindex, follow, max-snippet:-1, max-image-preview:large, max-video-preview:-1\" \/>\n<meta property=\"og:locale\" content=\"es_ES\" \/>\n<meta property=\"og:type\" content=\"article\" \/>\n<meta property=\"og:title\" content=\"THRILL VIBRADOR PUNTO G DE SILICONA - ROSA - Tienda Er\u00f3tica\" \/>\n<meta property=\"og:description\" content=\"THRILL SOFT SILICONE G-SPOT Deleite sus sentidos con el sensual Soft G Silicone G-Spot de SILK. Este proveedor de placer\" \/>\n<meta property=\"og:url\" content=\"https:\/\/demoweb.info\/sexshop001\/producto\/thrill-vibrador-punto-g-de-silicona-rosa\/\" \/>\n<meta property=\"og:site_name\" content=\"Tienda Er\u00f3tica\" \/>\n<meta property=\"article:modified_time\" content=\"2022-01-22T06:30:10+00:00\" \/>\n<meta property=\"og:image\" content=\"https:\/\/demoweb.info\/sexshop001\/wp-content\/uploads\/2022\/01\/THRILL-VIBRADOR-PUNTO-G-DE-SILICONA-ROSA.jpg\" \/>\n\t<meta property=\"og:image:width\" content=\"550\" \/>\n\t<meta property=\"og:image:height\" content=\"550\" \/>\n\t<meta property=\"og:image:type\" content=\"image\/jpeg\" \/>\n<meta name=\"twitter:card\" content=\"summary_large_image\" \/>\n<meta name=\"twitter:label1\" content=\"Tiempo de lectura\" \/>\n\t<meta name=\"twitter:data1\" content=\"1 minuto\" \/>\n<script type=\"application\/ld+json\" class=\"yoast-schema-graph\">{\"@context\":\"https:\/\/schema.org\",\"@graph\":[{\"@type\":\"WebPage\",\"@id\":\"https:\/\/demoweb.info\/sexshop001\/producto\/thrill-vibrador-punto-g-de-silicona-rosa\/\",\"url\":\"https:\/\/demoweb.info\/sexshop001\/producto\/thrill-vibrador-punto-g-de-silicona-rosa\/\",\"name\":\"THRILL VIBRADOR PUNTO G DE SILICONA - ROSA - Tienda Er\u00f3tica\",\"isPartOf\":{\"@id\":\"https:\/\/demoweb.info\/sexshop001\/#website\"},\"datePublished\":\"2022-01-22T06:30:05+00:00\",\"dateModified\":\"2022-01-22T06:30:10+00:00\",\"breadcrumb\":{\"@id\":\"https:\/\/demoweb.info\/sexshop001\/producto\/thrill-vibrador-punto-g-de-silicona-rosa\/#breadcrumb\"},\"inLanguage\":\"es\",\"potentialAction\":[{\"@type\":\"ReadAction\",\"target\":[\"https:\/\/demoweb.info\/sexshop001\/producto\/thrill-vibrador-punto-g-de-silicona-rosa\/\"]}]},{\"@type\":\"BreadcrumbList\",\"@id\":\"https:\/\/demoweb.info\/sexshop001\/producto\/thrill-vibrador-punto-g-de-silicona-rosa\/#breadcrumb\",\"itemListElement\":[{\"@type\":\"ListItem\",\"position\":1,\"name\":\"Portada\",\"item\":\"https:\/\/demoweb.info\/sexshop001\/\"},{\"@type\":\"ListItem\",\"position\":2,\"name\":\"Tienda\",\"item\":\"https:\/\/demoweb.info\/sexshop001\/tienda\/\"},{\"@type\":\"ListItem\",\"position\":3,\"name\":\"THRILL VIBRADOR PUNTO G DE SILICONA &#8211; ROSA\"}]},{\"@type\":\"WebSite\",\"@id\":\"https:\/\/demoweb.info\/sexshop001\/#website\",\"url\":\"https:\/\/demoweb.info\/sexshop001\/\",\"name\":\"Tienda Er\u00f3tica\",\"description\":\"DEMOWEB SL\",\"potentialAction\":[{\"@type\":\"SearchAction\",\"target\":{\"@type\":\"EntryPoint\",\"urlTemplate\":\"https:\/\/demoweb.info\/sexshop001\/?s={search_term_string}\"},\"query-input\":\"required name=search_term_string\"}],\"inLanguage\":\"es\"}]}<\/script>\n<!-- \/ Yoast SEO plugin. -->","yoast_head_json":{"title":"THRILL VIBRADOR PUNTO G DE SILICONA - ROSA - Tienda Er\u00f3tica","robots":{"index":"noindex","follow":"follow","max-snippet":"max-snippet:-1","max-image-preview":"max-image-preview:large","max-video-preview":"max-video-preview:-1"},"og_locale":"es_ES","og_type":"article","og_title":"THRILL VIBRADOR PUNTO G DE SILICONA - ROSA - Tienda Er\u00f3tica","og_description":"THRILL SOFT SILICONE G-SPOT Deleite sus sentidos con el sensual Soft G Silicone G-Spot de SILK. Este proveedor de placer","og_url":"https:\/\/demoweb.info\/sexshop001\/producto\/thrill-vibrador-punto-g-de-silicona-rosa\/","og_site_name":"Tienda Er\u00f3tica","article_modified_time":"2022-01-22T06:30:10+00:00","og_image":[{"width":550,"height":550,"url":"https:\/\/demoweb.info\/sexshop001\/wp-content\/uploads\/2022\/01\/THRILL-VIBRADOR-PUNTO-G-DE-SILICONA-ROSA.jpg","type":"image\/jpeg"}],"twitter_card":"summary_large_image","twitter_misc":{"Tiempo de lectura":"1 minuto"},"schema":{"@context":"https:\/\/schema.org","@graph":[{"@type":"WebPage","@id":"https:\/\/demoweb.info\/sexshop001\/producto\/thrill-vibrador-punto-g-de-silicona-rosa\/","url":"https:\/\/demoweb.info\/sexshop001\/producto\/thrill-vibrador-punto-g-de-silicona-rosa\/","name":"THRILL VIBRADOR PUNTO G DE SILICONA - ROSA - Tienda Er\u00f3tica","isPartOf":{"@id":"https:\/\/demoweb.info\/sexshop001\/#website"},"datePublished":"2022-01-22T06:30:05+00:00","dateModified":"2022-01-22T06:30:10+00:00","breadcrumb":{"@id":"https:\/\/demoweb.info\/sexshop001\/producto\/thrill-vibrador-punto-g-de-silicona-rosa\/#breadcrumb"},"inLanguage":"es","potentialAction":[{"@type":"ReadAction","target":["https:\/\/demoweb.info\/sexshop001\/producto\/thrill-vibrador-punto-g-de-silicona-rosa\/"]}]},{"@type":"BreadcrumbList","@id":"https:\/\/demoweb.info\/sexshop001\/producto\/thrill-vibrador-punto-g-de-silicona-rosa\/#breadcrumb","itemListElement":[{"@type":"ListItem","position":1,"name":"Portada","item":"https:\/\/demoweb.info\/sexshop001\/"},{"@type":"ListItem","position":2,"name":"Tienda","item":"https:\/\/demoweb.info\/sexshop001\/tienda\/"},{"@type":"ListItem","position":3,"name":"THRILL VIBRADOR PUNTO G DE SILICONA &#8211; ROSA"}]},{"@type":"WebSite","@id":"https:\/\/demoweb.info\/sexshop001\/#website","url":"https:\/\/demoweb.info\/sexshop001\/","name":"Tienda Er\u00f3tica","description":"DEMOWEB SL","potentialAction":[{"@type":"SearchAction","target":{"@type":"EntryPoint","urlTemplate":"https:\/\/demoweb.info\/sexshop001\/?s={search_term_string}"},"query-input":"required name=search_term_string"}],"inLanguage":"es"}]}},"_links":{"self":[{"href":"https:\/\/demoweb.info\/sexshop001\/wp-json\/wp\/v3\/product\/7136","targetHints":{"allow":["GET"]}}],"collection":[{"href":"https:\/\/demoweb.info\/sexshop001\/wp-json\/wp\/v3\/product"}],"about":[{"href":"https:\/\/demoweb.info\/sexshop001\/wp-json\/wp\/v2\/types\/product"}],"replies":[{"embeddable":true,"href":"https:\/\/demoweb.info\/sexshop001\/wp-json\/wp\/v2\/comments?post=7136"}],"wp:featuredmedia":[{"embeddable":true,"href":"https:\/\/demoweb.info\/sexshop001\/wp-json\/wp\/v2\/media\/7137"}],"wp:attachment":[{"href":"https:\/\/demoweb.info\/sexshop001\/wp-json\/wp\/v2\/media?parent=7136"}],"wp:term":[{"taxonomy":"product_cat","embeddable":true,"href":"https:\/\/demoweb.info\/sexshop001\/wp-json\/wp\/v2\/product_cat?post=7136"},{"taxonomy":"product_tag","embeddable":true,"href":"https:\/\/demoweb.info\/sexshop001\/wp-json\/wp\/v2\/product_tag?post=7136"}],"curies":[{"name":"wp","href":"https:\/\/api.w.org\/{rel}","templated":true}]}}