{"id":71309,"date":"2022-01-22T20:43:55","date_gmt":"2022-01-22T19:43:55","guid":{"rendered":"https:\/\/demoweb.info\/sexshop001\/producto\/bomba-cyber-pump-automatica-y-recargable-transparente\/"},"modified":"2022-01-22T20:44:03","modified_gmt":"2022-01-22T19:44:03","slug":"bomba-cyber-pump-automatica-y-recargable-transparente","status":"publish","type":"product","link":"https:\/\/demoweb.info\/sexshop001\/producto\/bomba-cyber-pump-automatica-y-recargable-transparente\/","title":{"rendered":"BOMBA CYBER PUMP AUTOM\u00c1TICA Y RECARGABLE &#8211; TRANSPARENTE"},"content":{"rendered":"<p><strong>RECHARGEABLE AUTOMATIC CYBER PUMP WITH SLEEVE <\/strong><\/p>\n<p>Con una selecci\u00f3n de 3 diferentes velocidades de succi\u00f3n, esta <em>pump<\/em> siempre cumple. Con el toque de un bot\u00f3n, esta RECHARGEABLE AUTOMATIC CYBER PUMP crear\u00e1 una succi\u00f3n s\u00faper potente, aportando una erecci\u00f3n r\u00e1pida y poderosa.<\/p>\n<p>La manga de masturbation s\u00faper suave magnifica la vista de tu pene, d\u00e1ndote una estimulaci\u00f3n visual sin igual. \u00a1La <em>pump<\/em> siempre crea un sello apretado para darte una succi\u00f3n c\u00f3moda pero muy efectiva!<\/p>\n<p>La alta tecnolog\u00eda de pump es realmente f\u00e1cil de desarmar y limpiar. Tiene 31 cm de altura y una anchura de longitud insertable de 20 cm y llega a unos incre\u00edbles 3700 RPM con un muy bajo nivel de ruido, de 55dB. La circunferencia es de 6,1 cm. La bater\u00eda recargable incorporada necesita 120 minutos para cargarse por completo, \u00a1d\u00e1ndote 120 minutos de juego divertido! Esta <em>pump<\/em> NO es a prueba de agua.<\/p>\n<p>Caracter\u00edsticas:<\/p>\n<ul>\n<li>Dimensiones del producto: 31 x 7 x 7 cm<\/li>\n<li>Peso del producto: 675 gr<\/li>\n<li>Di\u00e1metro del producto: 7 cm<\/li>\n<li>Di\u00e1metro interno: 6,1 cm<\/li>\n<li>Longitud insertable: 20 cm<\/li>\n<li>Rotaciones: 3700 RPM<\/li>\n<li>Tipos de velocidad: 3<\/li>\n<li>Nivel de ruido: 55 dB<\/li>\n<li>Recargable con USB<\/li>\n<li>Libre de ftalato: S\u00ed<\/li>\n<li>Funda de masturbaci\u00f3n: Di\u00e1metro 5.2 cm &#8211; Longitud 16 cm<\/li>\n<li>Materiales: ABS, PS, TPE<\/li>\n<\/ul>\n","protected":false},"excerpt":{"rendered":"<p>RECHARGEABLE AUTOMATIC CYBER PUMP WITH SLEEVE Con una selecci\u00f3n de 3 diferentes velocidades de succi\u00f3n, esta pump siempre cumple. Con<\/p>\n","protected":false},"featured_media":71310,"comment_status":"open","ping_status":"open","template":"","meta":[],"product_cat":[479],"product_tag":[768,302],"class_list":["post-71309","product","type-product","status-publish","has-post-thumbnail","hentry","product_cat-automaticos","product_tag-pumped","product_tag-shots"],"bundled_by":[],"bundle_stock_status":"instock","bundle_stock_quantity":13,"bundle_virtual":false,"bundle_layout":"","bundle_add_to_cart_form_location":"","bundle_editable_in_cart":false,"bundle_sold_individually_context":"","bundle_item_grouping":"","bundle_min_size":"","bundle_max_size":"","bundled_items":[],"yoast_head":"<!-- This site is optimized with the Yoast SEO plugin v20.6 - https:\/\/yoast.com\/wordpress\/plugins\/seo\/ -->\n<title>BOMBA CYBER PUMP AUTOM\u00c1TICA Y RECARGABLE - TRANSPARENTE - Tienda Er\u00f3tica<\/title>\n<meta name=\"robots\" content=\"noindex, follow, max-snippet:-1, max-image-preview:large, max-video-preview:-1\" \/>\n<meta property=\"og:locale\" content=\"es_ES\" \/>\n<meta property=\"og:type\" content=\"article\" \/>\n<meta property=\"og:title\" content=\"BOMBA CYBER PUMP AUTOM\u00c1TICA Y RECARGABLE - TRANSPARENTE - Tienda Er\u00f3tica\" \/>\n<meta property=\"og:description\" content=\"RECHARGEABLE AUTOMATIC CYBER PUMP WITH SLEEVE Con una selecci\u00f3n de 3 diferentes velocidades de succi\u00f3n, esta pump siempre cumple. Con\" \/>\n<meta property=\"og:url\" content=\"https:\/\/demoweb.info\/sexshop001\/producto\/bomba-cyber-pump-automatica-y-recargable-transparente\/\" \/>\n<meta property=\"og:site_name\" content=\"Tienda Er\u00f3tica\" \/>\n<meta property=\"article:modified_time\" content=\"2022-01-22T19:44:03+00:00\" \/>\n<meta property=\"og:image\" content=\"https:\/\/demoweb.info\/sexshop001\/wp-content\/uploads\/2022\/01\/BOMBA-CYBER-PUMP-AUTOMATICA-Y-RECARGABLE-TRANSPARENTE.jpg\" \/>\n\t<meta property=\"og:image:width\" content=\"550\" \/>\n\t<meta property=\"og:image:height\" content=\"550\" \/>\n\t<meta property=\"og:image:type\" content=\"image\/jpeg\" \/>\n<meta name=\"twitter:card\" content=\"summary_large_image\" \/>\n<meta name=\"twitter:label1\" content=\"Tiempo de lectura\" \/>\n\t<meta name=\"twitter:data1\" content=\"1 minuto\" \/>\n<script type=\"application\/ld+json\" class=\"yoast-schema-graph\">{\"@context\":\"https:\/\/schema.org\",\"@graph\":[{\"@type\":\"WebPage\",\"@id\":\"https:\/\/demoweb.info\/sexshop001\/producto\/bomba-cyber-pump-automatica-y-recargable-transparente\/\",\"url\":\"https:\/\/demoweb.info\/sexshop001\/producto\/bomba-cyber-pump-automatica-y-recargable-transparente\/\",\"name\":\"BOMBA CYBER PUMP AUTOM\u00c1TICA Y RECARGABLE - TRANSPARENTE - Tienda Er\u00f3tica\",\"isPartOf\":{\"@id\":\"https:\/\/demoweb.info\/sexshop001\/#website\"},\"datePublished\":\"2022-01-22T19:43:55+00:00\",\"dateModified\":\"2022-01-22T19:44:03+00:00\",\"breadcrumb\":{\"@id\":\"https:\/\/demoweb.info\/sexshop001\/producto\/bomba-cyber-pump-automatica-y-recargable-transparente\/#breadcrumb\"},\"inLanguage\":\"es\",\"potentialAction\":[{\"@type\":\"ReadAction\",\"target\":[\"https:\/\/demoweb.info\/sexshop001\/producto\/bomba-cyber-pump-automatica-y-recargable-transparente\/\"]}]},{\"@type\":\"BreadcrumbList\",\"@id\":\"https:\/\/demoweb.info\/sexshop001\/producto\/bomba-cyber-pump-automatica-y-recargable-transparente\/#breadcrumb\",\"itemListElement\":[{\"@type\":\"ListItem\",\"position\":1,\"name\":\"Portada\",\"item\":\"https:\/\/demoweb.info\/sexshop001\/\"},{\"@type\":\"ListItem\",\"position\":2,\"name\":\"Tienda\",\"item\":\"https:\/\/demoweb.info\/sexshop001\/tienda\/\"},{\"@type\":\"ListItem\",\"position\":3,\"name\":\"BOMBA CYBER PUMP AUTOM\u00c1TICA Y RECARGABLE &#8211; TRANSPARENTE\"}]},{\"@type\":\"WebSite\",\"@id\":\"https:\/\/demoweb.info\/sexshop001\/#website\",\"url\":\"https:\/\/demoweb.info\/sexshop001\/\",\"name\":\"Tienda Er\u00f3tica\",\"description\":\"DEMOWEB SL\",\"potentialAction\":[{\"@type\":\"SearchAction\",\"target\":{\"@type\":\"EntryPoint\",\"urlTemplate\":\"https:\/\/demoweb.info\/sexshop001\/?s={search_term_string}\"},\"query-input\":\"required name=search_term_string\"}],\"inLanguage\":\"es\"}]}<\/script>\n<!-- \/ Yoast SEO plugin. -->","yoast_head_json":{"title":"BOMBA CYBER PUMP AUTOM\u00c1TICA Y RECARGABLE - TRANSPARENTE - Tienda Er\u00f3tica","robots":{"index":"noindex","follow":"follow","max-snippet":"max-snippet:-1","max-image-preview":"max-image-preview:large","max-video-preview":"max-video-preview:-1"},"og_locale":"es_ES","og_type":"article","og_title":"BOMBA CYBER PUMP AUTOM\u00c1TICA Y RECARGABLE - TRANSPARENTE - Tienda Er\u00f3tica","og_description":"RECHARGEABLE AUTOMATIC CYBER PUMP WITH SLEEVE Con una selecci\u00f3n de 3 diferentes velocidades de succi\u00f3n, esta pump siempre cumple. Con","og_url":"https:\/\/demoweb.info\/sexshop001\/producto\/bomba-cyber-pump-automatica-y-recargable-transparente\/","og_site_name":"Tienda Er\u00f3tica","article_modified_time":"2022-01-22T19:44:03+00:00","og_image":[{"width":550,"height":550,"url":"https:\/\/demoweb.info\/sexshop001\/wp-content\/uploads\/2022\/01\/BOMBA-CYBER-PUMP-AUTOMATICA-Y-RECARGABLE-TRANSPARENTE.jpg","type":"image\/jpeg"}],"twitter_card":"summary_large_image","twitter_misc":{"Tiempo de lectura":"1 minuto"},"schema":{"@context":"https:\/\/schema.org","@graph":[{"@type":"WebPage","@id":"https:\/\/demoweb.info\/sexshop001\/producto\/bomba-cyber-pump-automatica-y-recargable-transparente\/","url":"https:\/\/demoweb.info\/sexshop001\/producto\/bomba-cyber-pump-automatica-y-recargable-transparente\/","name":"BOMBA CYBER PUMP AUTOM\u00c1TICA Y RECARGABLE - TRANSPARENTE - Tienda Er\u00f3tica","isPartOf":{"@id":"https:\/\/demoweb.info\/sexshop001\/#website"},"datePublished":"2022-01-22T19:43:55+00:00","dateModified":"2022-01-22T19:44:03+00:00","breadcrumb":{"@id":"https:\/\/demoweb.info\/sexshop001\/producto\/bomba-cyber-pump-automatica-y-recargable-transparente\/#breadcrumb"},"inLanguage":"es","potentialAction":[{"@type":"ReadAction","target":["https:\/\/demoweb.info\/sexshop001\/producto\/bomba-cyber-pump-automatica-y-recargable-transparente\/"]}]},{"@type":"BreadcrumbList","@id":"https:\/\/demoweb.info\/sexshop001\/producto\/bomba-cyber-pump-automatica-y-recargable-transparente\/#breadcrumb","itemListElement":[{"@type":"ListItem","position":1,"name":"Portada","item":"https:\/\/demoweb.info\/sexshop001\/"},{"@type":"ListItem","position":2,"name":"Tienda","item":"https:\/\/demoweb.info\/sexshop001\/tienda\/"},{"@type":"ListItem","position":3,"name":"BOMBA CYBER PUMP AUTOM\u00c1TICA Y RECARGABLE &#8211; TRANSPARENTE"}]},{"@type":"WebSite","@id":"https:\/\/demoweb.info\/sexshop001\/#website","url":"https:\/\/demoweb.info\/sexshop001\/","name":"Tienda Er\u00f3tica","description":"DEMOWEB SL","potentialAction":[{"@type":"SearchAction","target":{"@type":"EntryPoint","urlTemplate":"https:\/\/demoweb.info\/sexshop001\/?s={search_term_string}"},"query-input":"required name=search_term_string"}],"inLanguage":"es"}]}},"_links":{"self":[{"href":"https:\/\/demoweb.info\/sexshop001\/wp-json\/wp\/v3\/product\/71309","targetHints":{"allow":["GET"]}}],"collection":[{"href":"https:\/\/demoweb.info\/sexshop001\/wp-json\/wp\/v3\/product"}],"about":[{"href":"https:\/\/demoweb.info\/sexshop001\/wp-json\/wp\/v2\/types\/product"}],"replies":[{"embeddable":true,"href":"https:\/\/demoweb.info\/sexshop001\/wp-json\/wp\/v2\/comments?post=71309"}],"wp:featuredmedia":[{"embeddable":true,"href":"https:\/\/demoweb.info\/sexshop001\/wp-json\/wp\/v2\/media\/71310"}],"wp:attachment":[{"href":"https:\/\/demoweb.info\/sexshop001\/wp-json\/wp\/v2\/media?parent=71309"}],"wp:term":[{"taxonomy":"product_cat","embeddable":true,"href":"https:\/\/demoweb.info\/sexshop001\/wp-json\/wp\/v2\/product_cat?post=71309"},{"taxonomy":"product_tag","embeddable":true,"href":"https:\/\/demoweb.info\/sexshop001\/wp-json\/wp\/v2\/product_tag?post=71309"}],"curies":[{"name":"wp","href":"https:\/\/api.w.org\/{rel}","templated":true}]}}