{"id":71255,"date":"2022-01-22T20:43:01","date_gmt":"2022-01-22T19:43:01","guid":{"rendered":"https:\/\/demoweb.info\/sexshop001\/producto\/pleasure-kit-3-morado\/"},"modified":"2022-01-22T20:43:21","modified_gmt":"2022-01-22T19:43:21","slug":"pleasure-kit-3-morado","status":"publish","type":"product","link":"https:\/\/demoweb.info\/sexshop001\/producto\/pleasure-kit-3-morado\/","title":{"rendered":"PLEASURE KIT #3 &#8211; MORADO"},"content":{"rendered":"<p><strong>PLEASURE KIT #3 <\/strong><\/p>\n<p>Esta caja tiene una varita para el cl\u00edtoris tiene un \u00e1ngulo suave y una base puntiaguda. Un lado est\u00e1 cubierto con algunas \u00e1reas sobresalientes para darte estimulaci\u00f3n extra.<\/p>\n<p>La base presenta un motor dual con 10 velocidades que pueden llegar a tener vibraciones que te hagan encoger los dedos de los pies a 15 000 rpm, todo a menos de 60 dB de nivel de ruido.<\/p>\n<p>Esta caja trae 2 cabezales intercambiables: un Vibrador Wand y un Vibrador con Cuentas. Solo haz clic para poner el aditamento en la base, \u00a1dale vuelta y juega!<\/p>\n<p>El cabezal del vibrador Wand te dar\u00e1 la emoci\u00f3n de tu vida, \u00a1especialmente con estos modos de velocidad y poderosas revoluciones!<\/p>\n<p>El del Vibrador con Cuentas abre todo un mundo de posibilidades. Con 4 bolas diferentes, que aumentan en di\u00e1metro, \u00a1el mundo org\u00e1smico est\u00e1 al alcance de tus manos!<\/p>\n<p>\u00dasalo vaginal o analmente, \u00a1es tu decisi\u00f3n!<\/p>\n<p>Tanto la base como los aditamentos est\u00e1n elaborados don sedosa silicona de grado m\u00e9dico y ABS.<\/p>\n<p>Caracter\u00edsticas:<\/p>\n<ul>\n<li>Tipos de velocidad: 10<\/li>\n<li>Nivel de ruido:  60 dB<\/li>\n<li>Recargable   <\/li>\n<li>Tiempo de recarga: 120 min<\/li>\n<li>Vida de la recarga de las bater\u00edas: 60 min<\/li>\n<li>A prueba de agua  <\/li>\n<li>Libre de ftalato    <\/li>\n<li>Material: Silicona y ABS<\/li>\n<\/ul>\n<p><strong>Varita estimuladora:<\/strong><\/p>\n<ul>\n<li>Motor: 1x motor nueva generaci\u00f3n<\/li>\n<li>Rotaciones por minuto: 15.160 RPM<\/li>\n<li>Tama\u00f1o: Longitud:8cm | Di\u00e1metro: 4,1cm<\/li>\n<li>Peso: 65 gr<\/li>\n<\/ul>\n<p><strong>Cabezal vibrador Wand:<\/strong><\/p>\n<ul>\n<li>Motor: 1x motor nueva generaci\u00f3n<\/li>\n<li>Rotaciones por minuto: 15.160 RPM<\/li>\n<li>Tama\u00f1o: Longitud:12,5cm | Di\u00e1metro: 4,2cm<\/li>\n<li>Peso: 100 gr<\/li>\n<\/ul>\n<p><strong>Cabezal vibrador Cuentas:<\/strong><\/p>\n<ul>\n<li>Motor: 1x motor nueva generaci\u00f3n<\/li>\n<li>Rotaciones por minuto: 9.000 RPM<\/li>\n<li>Tama\u00f1o: Longitud: 13,5cm | Di\u00e1metro: 3,6cm<\/li>\n<li>Peso: 95 gr<\/li>\n<\/ul>\n","protected":false},"excerpt":{"rendered":"<p>PLEASURE KIT #3 Esta caja tiene una varita para el cl\u00edtoris tiene un \u00e1ngulo suave y una base puntiaguda. Un<\/p>\n","protected":false},"featured_media":71256,"comment_status":"open","ping_status":"open","template":"","meta":[],"product_cat":[478],"product_tag":[302,642],"class_list":["post-71255","product","type-product","status-publish","has-post-thumbnail","hentry","product_cat-kits-vibradores-juguetes-xxx","product_tag-shots","product_tag-switch"],"bundled_by":[],"bundle_stock_status":"instock","bundle_stock_quantity":1,"bundle_virtual":false,"bundle_layout":"","bundle_add_to_cart_form_location":"","bundle_editable_in_cart":false,"bundle_sold_individually_context":"","bundle_item_grouping":"","bundle_min_size":"","bundle_max_size":"","bundled_items":[],"yoast_head":"<!-- This site is optimized with the Yoast SEO plugin v20.6 - https:\/\/yoast.com\/wordpress\/plugins\/seo\/ -->\n<title>PLEASURE KIT #3 - MORADO - Tienda Er\u00f3tica<\/title>\n<meta name=\"robots\" content=\"noindex, follow, max-snippet:-1, max-image-preview:large, max-video-preview:-1\" \/>\n<meta property=\"og:locale\" content=\"es_ES\" \/>\n<meta property=\"og:type\" content=\"article\" \/>\n<meta property=\"og:title\" content=\"PLEASURE KIT #3 - MORADO - Tienda Er\u00f3tica\" \/>\n<meta property=\"og:description\" content=\"PLEASURE KIT #3 Esta caja tiene una varita para el cl\u00edtoris tiene un \u00e1ngulo suave y una base puntiaguda. Un\" \/>\n<meta property=\"og:url\" content=\"https:\/\/demoweb.info\/sexshop001\/producto\/pleasure-kit-3-morado\/\" \/>\n<meta property=\"og:site_name\" content=\"Tienda Er\u00f3tica\" \/>\n<meta property=\"article:modified_time\" content=\"2022-01-22T19:43:21+00:00\" \/>\n<meta property=\"og:image\" content=\"https:\/\/demoweb.info\/sexshop001\/wp-content\/uploads\/2022\/01\/PLEASURE-KIT-3-MORADO.jpg\" \/>\n\t<meta property=\"og:image:width\" content=\"550\" \/>\n\t<meta property=\"og:image:height\" content=\"550\" \/>\n\t<meta property=\"og:image:type\" content=\"image\/jpeg\" \/>\n<meta name=\"twitter:card\" content=\"summary_large_image\" \/>\n<meta name=\"twitter:label1\" content=\"Tiempo de lectura\" \/>\n\t<meta name=\"twitter:data1\" content=\"1 minuto\" \/>\n<script type=\"application\/ld+json\" class=\"yoast-schema-graph\">{\"@context\":\"https:\/\/schema.org\",\"@graph\":[{\"@type\":\"WebPage\",\"@id\":\"https:\/\/demoweb.info\/sexshop001\/producto\/pleasure-kit-3-morado\/\",\"url\":\"https:\/\/demoweb.info\/sexshop001\/producto\/pleasure-kit-3-morado\/\",\"name\":\"PLEASURE KIT #3 - MORADO - Tienda Er\u00f3tica\",\"isPartOf\":{\"@id\":\"https:\/\/demoweb.info\/sexshop001\/#website\"},\"datePublished\":\"2022-01-22T19:43:01+00:00\",\"dateModified\":\"2022-01-22T19:43:21+00:00\",\"breadcrumb\":{\"@id\":\"https:\/\/demoweb.info\/sexshop001\/producto\/pleasure-kit-3-morado\/#breadcrumb\"},\"inLanguage\":\"es\",\"potentialAction\":[{\"@type\":\"ReadAction\",\"target\":[\"https:\/\/demoweb.info\/sexshop001\/producto\/pleasure-kit-3-morado\/\"]}]},{\"@type\":\"BreadcrumbList\",\"@id\":\"https:\/\/demoweb.info\/sexshop001\/producto\/pleasure-kit-3-morado\/#breadcrumb\",\"itemListElement\":[{\"@type\":\"ListItem\",\"position\":1,\"name\":\"Portada\",\"item\":\"https:\/\/demoweb.info\/sexshop001\/\"},{\"@type\":\"ListItem\",\"position\":2,\"name\":\"Tienda\",\"item\":\"https:\/\/demoweb.info\/sexshop001\/tienda\/\"},{\"@type\":\"ListItem\",\"position\":3,\"name\":\"PLEASURE KIT #3 &#8211; MORADO\"}]},{\"@type\":\"WebSite\",\"@id\":\"https:\/\/demoweb.info\/sexshop001\/#website\",\"url\":\"https:\/\/demoweb.info\/sexshop001\/\",\"name\":\"Tienda Er\u00f3tica\",\"description\":\"DEMOWEB SL\",\"potentialAction\":[{\"@type\":\"SearchAction\",\"target\":{\"@type\":\"EntryPoint\",\"urlTemplate\":\"https:\/\/demoweb.info\/sexshop001\/?s={search_term_string}\"},\"query-input\":\"required name=search_term_string\"}],\"inLanguage\":\"es\"}]}<\/script>\n<!-- \/ Yoast SEO plugin. -->","yoast_head_json":{"title":"PLEASURE KIT #3 - MORADO - Tienda Er\u00f3tica","robots":{"index":"noindex","follow":"follow","max-snippet":"max-snippet:-1","max-image-preview":"max-image-preview:large","max-video-preview":"max-video-preview:-1"},"og_locale":"es_ES","og_type":"article","og_title":"PLEASURE KIT #3 - MORADO - Tienda Er\u00f3tica","og_description":"PLEASURE KIT #3 Esta caja tiene una varita para el cl\u00edtoris tiene un \u00e1ngulo suave y una base puntiaguda. Un","og_url":"https:\/\/demoweb.info\/sexshop001\/producto\/pleasure-kit-3-morado\/","og_site_name":"Tienda Er\u00f3tica","article_modified_time":"2022-01-22T19:43:21+00:00","og_image":[{"width":550,"height":550,"url":"https:\/\/demoweb.info\/sexshop001\/wp-content\/uploads\/2022\/01\/PLEASURE-KIT-3-MORADO.jpg","type":"image\/jpeg"}],"twitter_card":"summary_large_image","twitter_misc":{"Tiempo de lectura":"1 minuto"},"schema":{"@context":"https:\/\/schema.org","@graph":[{"@type":"WebPage","@id":"https:\/\/demoweb.info\/sexshop001\/producto\/pleasure-kit-3-morado\/","url":"https:\/\/demoweb.info\/sexshop001\/producto\/pleasure-kit-3-morado\/","name":"PLEASURE KIT #3 - MORADO - Tienda Er\u00f3tica","isPartOf":{"@id":"https:\/\/demoweb.info\/sexshop001\/#website"},"datePublished":"2022-01-22T19:43:01+00:00","dateModified":"2022-01-22T19:43:21+00:00","breadcrumb":{"@id":"https:\/\/demoweb.info\/sexshop001\/producto\/pleasure-kit-3-morado\/#breadcrumb"},"inLanguage":"es","potentialAction":[{"@type":"ReadAction","target":["https:\/\/demoweb.info\/sexshop001\/producto\/pleasure-kit-3-morado\/"]}]},{"@type":"BreadcrumbList","@id":"https:\/\/demoweb.info\/sexshop001\/producto\/pleasure-kit-3-morado\/#breadcrumb","itemListElement":[{"@type":"ListItem","position":1,"name":"Portada","item":"https:\/\/demoweb.info\/sexshop001\/"},{"@type":"ListItem","position":2,"name":"Tienda","item":"https:\/\/demoweb.info\/sexshop001\/tienda\/"},{"@type":"ListItem","position":3,"name":"PLEASURE KIT #3 &#8211; MORADO"}]},{"@type":"WebSite","@id":"https:\/\/demoweb.info\/sexshop001\/#website","url":"https:\/\/demoweb.info\/sexshop001\/","name":"Tienda Er\u00f3tica","description":"DEMOWEB SL","potentialAction":[{"@type":"SearchAction","target":{"@type":"EntryPoint","urlTemplate":"https:\/\/demoweb.info\/sexshop001\/?s={search_term_string}"},"query-input":"required name=search_term_string"}],"inLanguage":"es"}]}},"_links":{"self":[{"href":"https:\/\/demoweb.info\/sexshop001\/wp-json\/wp\/v3\/product\/71255","targetHints":{"allow":["GET"]}}],"collection":[{"href":"https:\/\/demoweb.info\/sexshop001\/wp-json\/wp\/v3\/product"}],"about":[{"href":"https:\/\/demoweb.info\/sexshop001\/wp-json\/wp\/v2\/types\/product"}],"replies":[{"embeddable":true,"href":"https:\/\/demoweb.info\/sexshop001\/wp-json\/wp\/v2\/comments?post=71255"}],"wp:featuredmedia":[{"embeddable":true,"href":"https:\/\/demoweb.info\/sexshop001\/wp-json\/wp\/v2\/media\/71256"}],"wp:attachment":[{"href":"https:\/\/demoweb.info\/sexshop001\/wp-json\/wp\/v2\/media?parent=71255"}],"wp:term":[{"taxonomy":"product_cat","embeddable":true,"href":"https:\/\/demoweb.info\/sexshop001\/wp-json\/wp\/v2\/product_cat?post=71255"},{"taxonomy":"product_tag","embeddable":true,"href":"https:\/\/demoweb.info\/sexshop001\/wp-json\/wp\/v2\/product_tag?post=71255"}],"curies":[{"name":"wp","href":"https:\/\/api.w.org\/{rel}","templated":true}]}}